{"id":23006,"date":"2025-06-09T13:23:07","date_gmt":"2025-06-09T11:23:07","guid":{"rendered":"https:\/\/www.quickdna.com\/products\/dna-prenatal-test\/"},"modified":"2026-02-19T19:01:53","modified_gmt":"2026-02-19T18:01:53","slug":"dna-prenatal-test","status":"publish","type":"product","link":"https:\/\/www.quickdna.com\/sk\/products\/dna-prenatal-test\/","title":{"rendered":"Prenat\u00e1lny DNA test otcovstva"},"content":{"rendered":"<p><strong><img decoding=\"async\" style=\"margin-right: 12px;\" src=\"https:\/\/www.quickdna.com\/wp-content\/uploads\/2026\/02\/Check.svg\" alt=\"\" width=\"18\" height=\"15\" \/>Ur\u010denie otcovstva pred naroden\u00edm pomocou pokro\u010dilej prenat\u00e1lnej anal\u00fdzy DNA.<\/strong> N\u00e1\u0161 prenat\u00e1lny test otcovstva DNA v\u00e1m umo\u017en\u00ed ur\u010di\u0165 biologick\u00e9 otcovstvo po\u010das tehotenstva pomocou najmodernej\u0161ej genetickej technol\u00f3gie. Pomocou vysoko citliv\u00fdch analytick\u00fdch techn\u00edk test porovn\u00e1va DNA plodu pr\u00edtomn\u00fa v krvi matky s DNA \u00fadajn\u00e9ho otca, \u010d\u00edm poskytuje jasn\u00e9 a spo\u013eahliv\u00e9 odpovede e\u0161te pred naroden\u00edm die\u0165a\u0165a. Toto v\u010dasn\u00e9 objasnenie m\u00f4\u017ee by\u0165 nevyhnutn\u00e9 pre emocion\u00e1lnu, osobn\u00fa alebo pr\u00e1vnu pr\u00edpravu.<\/p>\n<p><strong><img decoding=\"async\" style=\"margin-right: 12px;\" src=\"https:\/\/www.quickdna.com\/wp-content\/uploads\/2026\/02\/Check.svg\" alt=\"\" width=\"18\" height=\"15\" \/>\u0160tandardn\u00e1 alebo diskr\u00e9tna mo\u017enos\u0165 odberu vzorky \u00fadajn\u00e9ho otca.<\/strong> Pon\u00fakame flexibiln\u00e9 rie\u0161enia, ktor\u00e9 sa prisp\u00f4sobia va\u0161im \u0161pecifick\u00fdm podmienkam. Pri \u0161tandardnej mo\u017enosti \u00fadajn\u00fd otec poskytuje jednoduch\u00e9 v\u00fdtery z tv\u00e1re jemn\u00fdm tren\u00edm steriln\u00fdch tamp\u00f3nov vo vn\u00fatri \u00fast a ich vr\u00e1ten\u00edm do laborat\u00f3ria. Pre v\u00e4\u010d\u0161iu diskr\u00e9tnos\u0165 umo\u017e\u0148uje diskr\u00e9tna mo\u017enos\u0165 predlo\u017ei\u0165 alternat\u00edvne osobn\u00e9 predmety patriace \u00fadajn\u00e9mu otcovi, ako s\u00fa nechty, vlasy s korienkami, zubn\u00e9 kefky, \u017euva\u010dky, cigaretov\u00e9 ohorky alebo pou\u017eit\u00e9 vatov\u00e9 ty\u010dinky. T\u00fdm sa zabezpe\u010d\u00ed s\u00fakromie a prisp\u00f4sobivos\u0165 pri zachovan\u00ed analytickej presnosti.<\/p>\n<p><strong><img decoding=\"async\" style=\"margin-right: 12px;\" src=\"https:\/\/www.quickdna.com\/wp-content\/uploads\/2026\/02\/Check.svg\" alt=\"\" width=\"18\" height=\"15\" \/>Jednoduch\u00fd a bezpe\u010dn\u00fd odber vzoriek matiek prostredn\u00edctvom odberu krvi.<\/strong> Matka poskytne vzorku krvi, ktor\u00e1 obsahuje cirkuluj\u00facu DNA plodu prirodzene pr\u00edtomn\u00fa po\u010das tehotenstva. Tento neinvaz\u00edvny pr\u00edstup zabra\u0148uje ak\u00e9muko\u013evek riziku pre plod a vykon\u00e1va sa prostredn\u00edctvom \u0161tandardn\u00e9ho odberu krvi. Vzorka sa potom odo\u0161le do n\u00e1\u0161ho laborat\u00f3ria na presn\u00e9 genetick\u00e9 porovnanie s profilom DNA \u00fadajn\u00e9ho otca.<\/p>\n<p><strong><img decoding=\"async\" style=\"margin-right: 12px;\" src=\"https:\/\/www.quickdna.com\/wp-content\/uploads\/2026\/02\/Check.svg\" alt=\"\" width=\"18\" height=\"15\" \/>Spo\u013eahnite sa na laborat\u00f3rium s certifik\u00e1tom ISO 17025, ktor\u00e9 zaru\u010duje maxim\u00e1lnu vedeck\u00fa spo\u013eahlivos\u0165.<\/strong> V\u0161etky anal\u00fdzy sa vykon\u00e1vaj\u00fa v laborat\u00f3riu certifikovanom pod\u013ea normy ISO 17025, \u010d\u00edm sa zabezpe\u010duje pr\u00edsne dodr\u017eiavanie medzin\u00e1rodne uzn\u00e1van\u00fdch noriem sp\u00f4sobilosti na testovanie a kontroly kvality. T\u00e1to certifik\u00e1cia zaru\u010duje overen\u00e9 postupy, kalibrovan\u00e9 pr\u00edstroje a odborn\u00fdch technikov, \u010do poskytuje najvy\u0161\u0161iu \u00farove\u0148 presnosti a d\u00f4very vo va\u0161e v\u00fdsledky.<\/p>\n<p><strong><img decoding=\"async\" style=\"margin-right: 12px;\" src=\"https:\/\/www.quickdna.com\/wp-content\/uploads\/2026\/02\/Check.svg\" alt=\"\" width=\"18\" height=\"15\" \/>V\u00fdsledky dostanete do 72 hod\u00edn od prijatia vzorky v laborat\u00f3riu.<\/strong> Ch\u00e1peme, \u017ee v prenat\u00e1lnych situ\u00e1ci\u00e1ch je \u010das rozhoduj\u00faci. Ke\u010f laborat\u00f3rium dostane vzorku krvi matky a vzorky DNA \u00fadajn\u00e9ho otca, v\u00fdsledky sa doru\u010dia do 72 hod\u00edn. N\u00e1\u0161 zefekt\u00edvnen\u00fd pracovn\u00fd postup v laborat\u00f3riu zabezpe\u010duje r\u00fdchle spracovanie bez toho, aby bola ohrozen\u00e1 vedeck\u00e1 pr\u00edsnos\u0165.<\/p>\n<p><strong><img decoding=\"async\" style=\"margin-right: 12px;\" src=\"https:\/\/www.quickdna.com\/wp-content\/uploads\/2026\/02\/Check.svg\" alt=\"\" width=\"18\" height=\"15\" \/>Vyu\u017eite naj\u00fa\u010dinnej\u0161iu dostupn\u00fa met\u00f3du prenat\u00e1lneho testovania otcovstva.<\/strong> Na\u0161a pokro\u010dil\u00e1 technol\u00f3gia izoluje a analyzuje DNA plodu s mimoriadnou presnos\u0165ou. Porovnanie viacer\u00fdch genetick\u00fdch markerov poskytuje ve\u013emi presved\u010div\u00e9 v\u00fdsledky. Pri potvrden\u00ed otcovstva je pravdepodobnos\u0165 zvy\u010dajne vy\u0161\u0161ia ako 99,9%, zatia\u013e \u010do vyl\u00fa\u010denia s\u00fa definit\u00edvne, ak \u00fadajn\u00fd otec nie je biologicky pr\u00edbuzn\u00fd. T\u00e1to \u00farove\u0148 \u00fa\u010dinnosti zara\u010fuje n\u00e1\u0161 test medzi najspo\u013eahlivej\u0161ie dostupn\u00e9 prenat\u00e1lne rie\u0161enia.<\/p>\n<p><strong><img decoding=\"async\" style=\"margin-right: 12px;\" src=\"https:\/\/www.quickdna.com\/wp-content\/uploads\/2026\/02\/Check.svg\" alt=\"\" width=\"18\" height=\"15\" \/>Pr\u00edstup k prvotriednym laborat\u00f3rnym testom za najv\u00fdhodnej\u0161iu cenu.<\/strong> Sna\u017e\u00edme sa pon\u00faka\u0165 najlacnej\u0161\u00ed vysokokvalitn\u00fd prenat\u00e1lny DNA test otcovstva na trhu. V\u010faka optimalizovan\u00fdm laborat\u00f3rnym procesom a efekt\u00edvnej logistike zni\u017eujeme n\u00e1klady pri zachovan\u00ed v\u00fdnimo\u010dn\u00fdch \u0161tandardov. V\u010faka tomu dostanete presn\u00e9 a certifikovan\u00e9 testy za najlep\u0161iu mo\u017en\u00fa cenu.<\/p>\n<p><strong><img decoding=\"async\" style=\"margin-right: 12px;\" src=\"https:\/\/www.quickdna.com\/wp-content\/uploads\/2026\/02\/Check.svg\" alt=\"\" width=\"18\" height=\"15\" \/>Vyu\u017eite 24-hodinov\u00e9 doru\u010denie a za\u010dnite proces bezodkladne.<\/strong> Testovaciu s\u00fapravu v\u00e1m v\u017edy doru\u010d\u00edme do 24 hod\u00edn, \u010do v\u00e1m umo\u017en\u00ed r\u00fdchlo za\u010da\u0165 so zberom vzoriek. R\u00fdchle doru\u010denie zaru\u010duje, \u017ee odber krvi matky aj odovzdanie vzorky \u00fadajn\u00e9ho otca m\u00f4\u017ee prebehn\u00fa\u0165 \u010do najsk\u00f4r.<\/p>\n<p><strong><img decoding=\"async\" style=\"margin-right: 12px;\" src=\"https:\/\/www.quickdna.com\/wp-content\/uploads\/2026\/02\/Check.svg\" alt=\"\" width=\"18\" height=\"15\" \/>\u00dapln\u00e1 diskr\u00e9tnos\u0165 a diskr\u00e9tne rie\u0161enie v\u00e1\u0161ho pr\u00edpadu.<\/strong> Ku ka\u017ed\u00e9mu pr\u00edpadu prenat\u00e1lneho otcovstva pristupujeme s pr\u00edsnou d\u00f4vernos\u0165ou. Va\u0161e s\u00fakromie re\u0161pektujeme v ka\u017edej f\u00e1ze, od neutr\u00e1lneho balenia a bezpe\u010dnej dokument\u00e1cie a\u017e po chr\u00e1nen\u00e9 doru\u010denie v\u00fdsledkov. Mo\u017enos\u0165 diskr\u00e9tneho odberu vzoriek pre \u00fadajn\u00e9ho otca v pr\u00edpade potreby e\u0161te viac zvy\u0161uje d\u00f4vernos\u0165.<\/p>\n<p><strong><img decoding=\"async\" style=\"margin-right: 12px;\" src=\"https:\/\/www.quickdna.com\/wp-content\/uploads\/2026\/02\/Check.svg\" alt=\"\" width=\"18\" height=\"15\" \/>Nakupujte s istotou v\u010faka na\u0161ej z\u00e1ruke vr\u00e1tenia pe\u0148az\u00ed.<\/strong> Plne si stoj\u00edme za spo\u013eahlivos\u0165ou a profesionalitou n\u00e1\u0161ho prenat\u00e1lneho testu otcovstva DNA. Ak nebudete s na\u0161imi slu\u017ebami spokojn\u00ed, pon\u00fakame z\u00e1ruku vr\u00e1tenia pe\u0148az\u00ed. Tento z\u00e1v\u00e4zok zaru\u010duje, \u017ee va\u0161e rozhodnutie pokra\u010dova\u0165 v teste je \u00faplne bez rizika a podporen\u00e9 na\u0161ou snahou o spokojnos\u0165 z\u00e1kazn\u00edkov.<\/p>\n<h2><strong>Pokyny<\/strong><\/h2>\n<ul>\n<li>Pri zad\u00e1van\u00ed objedn\u00e1vky vyberte preferovan\u00fa mo\u017enos\u0165 pre \u00fadajn\u00e9ho otca: \u0161tandardn\u00fd test v\u00fdterom z tv\u00e1re alebo diskr\u00e9tne predlo\u017eenie vzorky.<\/li>\n<li>Po prijat\u00ed s\u00fapravy s 24-hodinovou dod\u00e1vkou si pred odberom vzoriek pozorne pre\u010d\u00edtajte v\u0161etky prilo\u017een\u00e9 pokyny.<\/li>\n<li>V pr\u00edpade matky zabezpe\u010dte odber vzorky krvi pod\u013ea poskytnut\u00fdch pokynov. Vzorka krvi mus\u00ed by\u0165 spr\u00e1vne ozna\u010den\u00e1 a mus\u00ed sa s \u0148ou spr\u00e1vne manipulova\u0165, aby sa zabezpe\u010dila presn\u00e1 anal\u00fdza DNA plodu.<\/li>\n<li>Zabezpe\u010dte, aby sa vzorka krvi matky odobrala pod\u013ea hygienick\u00fdch a odborn\u00fdch postupov a aby bola zabalen\u00e1 pod\u013ea pokynov na bezpe\u010dn\u00fa prepravu do laborat\u00f3ria.<\/li>\n<li>Na \u0161tandardn\u00fd test \u00fadajn\u00e9ho otca pou\u017eite dodan\u00e9 steriln\u00e9 tamp\u00f3ny a ka\u017ed\u00fd tamp\u00f3n 30 a\u017e 60 sek\u00fand pevne trite do vn\u00fatra tv\u00e1re. Najmenej jednu hodinu pred odberom nejedzte, nepite ani nefaj\u010dite.<\/li>\n<li>Pred vlo\u017een\u00edm do ur\u010den\u00fdch ob\u00e1lok nechajte tamp\u00f3ny na l\u00edca \u00faplne vyschn\u00fa\u0165, aby sa zabr\u00e1nilo ich znehodnoteniu.<\/li>\n<li>V pr\u00edpade diskr\u00e9tnej mo\u017enosti (len otec) zbierajte vhodn\u00e9 osobn\u00e9 predmety, ako s\u00fa nechty, vlasy s vidite\u013en\u00fdmi korienkami, pou\u017eit\u00e1 zubn\u00e1 kefka, \u017euva\u010dky, cigaretov\u00e9 ohorky alebo pou\u017eit\u00e9 vatov\u00e9 ty\u010dinky. So vzorkami manipulujte opatrne, aby ste zabr\u00e1nili kontamin\u00e1cii, a ka\u017ed\u00fd predmet vlo\u017ete do samostatnej \u010distej n\u00e1doby.<\/li>\n<li>Presne vypl\u0148te v\u0161etky po\u017eadovan\u00e9 identifika\u010dn\u00e9 formul\u00e1re a uistite sa, \u017ee \u00fadaje o matke a \u00fadajnom otcovi sa zhoduj\u00fa s predlo\u017een\u00fdmi vzorkami.<\/li>\n<li>Vzorku krvi matky a vzorky DNA \u00fadajn\u00e9ho otca bezpe\u010dne zaba\u013ete pomocou dodan\u00fdch materi\u00e1lov a pod\u013ea pokynov ich odo\u0161lite do laborat\u00f3ria.<\/li>\n<li>Ke\u010f laborat\u00f3rium dostane v\u0161etky po\u017eadovan\u00e9 vzorky, ihne\u010f sa za\u010dne anal\u00fdza. V\u00fdsledky sa poskytn\u00fa do 72 hod\u00edn od prijatia v laborat\u00f3riu a bezpe\u010dne sa doru\u010dia e-mailom.<\/li>\n<\/ul>","protected":false},"excerpt":{"rendered":"<p>Determine paternity before birth with advanced prenatal DNA analysis. Our DNA prenatal paternity test allows you to establish biological fatherhood during pregnancy with cutting-edge genetic technology. Using highly sensitive analysis techniques, the test compares fetal DNA present in the mother\u2019s blood with the alleged father\u2019s DNA, providing clear and reliable answers before the child is [&hellip;]<\/p>\n","protected":false},"featured_media":23015,"comment_status":"open","ping_status":"closed","template":"","meta":{"_uag_custom_page_level_css":"","site-sidebar-layout":"default","site-content-layout":"","ast-site-content-layout":"default","site-content-style":"default","site-sidebar-style":"default","ast-global-header-display":"","ast-banner-title-visibility":"","ast-main-header-display":"","ast-hfb-above-header-display":"","ast-hfb-below-header-display":"","ast-hfb-mobile-header-display":"","site-post-title":"","ast-breadcrumbs-content":"","ast-featured-img":"","footer-sml-layout":"","ast-disable-related-posts":"","theme-transparent-header-meta":"default","adv-header-id-meta":"","stick-header-meta":"","header-above-stick-meta":"","header-main-stick-meta":"","header-below-stick-meta":"","astra-migrate-meta-layouts":"set","ast-page-background-enabled":"default","ast-page-background-meta":{"desktop":{"background-color":"var(--ast-global-color-4)","background-image":"","background-repeat":"repeat","background-position":"center center","background-size":"auto","background-attachment":"scroll","background-type":"","background-media":"","overlay-type":"","overlay-color":"","overlay-opacity":"","overlay-gradient":""},"tablet":{"background-color":"","background-image":"","background-repeat":"repeat","background-position":"center center","background-size":"auto","background-attachment":"scroll","background-type":"","background-media":"","overlay-type":"","overlay-color":"","overlay-opacity":"","overlay-gradient":""},"mobile":{"background-color":"","background-image":"","background-repeat":"repeat","background-position":"center center","background-size":"auto","background-attachment":"scroll","background-type":"","background-media":"","overlay-type":"","overlay-color":"","overlay-opacity":"","overlay-gradient":""}},"ast-content-background-meta":{"desktop":{"background-color":"var(--ast-global-color-5)","background-image":"","background-repeat":"repeat","background-position":"center center","background-size":"auto","background-attachment":"scroll","background-type":"","background-media":"","overlay-type":"","overlay-color":"","overlay-opacity":"","overlay-gradient":""},"tablet":{"background-color":"var(--ast-global-color-5)","background-image":"","background-repeat":"repeat","background-position":"center center","background-size":"auto","background-attachment":"scroll","background-type":"","background-media":"","overlay-type":"","overlay-color":"","overlay-opacity":"","overlay-gradient":""},"mobile":{"background-color":"var(--ast-global-color-5)","background-image":"","background-repeat":"repeat","background-position":"center center","background-size":"auto","background-attachment":"scroll","background-type":"","background-media":"","overlay-type":"","overlay-color":"","overlay-opacity":"","overlay-gradient":""}}},"product_brand":[],"product_cat":[15],"product_tag":[],"class_list":{"0":"post-23006","1":"product","2":"type-product","3":"status-publish","4":"has-post-thumbnail","6":"product_cat-shop","7":"desktop-align-left","8":"tablet-align-left","9":"mobile-align-left","11":"first","12":"instock","13":"taxable","14":"shipping-taxable","15":"purchasable","16":"product-type-variable","17":"has-default-attributes"},"spectra_custom_meta":{"_visibility":["visible"],"_shopify_product_id":["7904181256424"],"_s2w_shopify_domain":["quickdna.myshopify.com"],"_shopify_variant_id":["44228462936296"],"_manage_stock":["no"],"total_sales":["199"],"_tax_status":["taxable"],"_tax_class":[""],"_backorders":["no"],"_sold_individually":["no"],"_virtual":["no"],"_downloadable":["no"],"_download_limit":["-1"],"_download_expiry":["-1"],"_stock":[null],"_stock_status":["instock"],"_wc_average_rating":["4.91"],"_wc_review_count":["93"],"_product_attributes":["a:1:{s:13:\"discreet-test\";a:6:{s:4:\"name\";s:13:\"Discreet test\";s:5:\"value\";s:8:\"No | Yes\";s:8:\"position\";i:1;s:10:\"is_visible\";i:0;s:12:\"is_variation\";i:1;s:11:\"is_taxonomy\";i:0;}}"],"_product_version":["10.5.2"],"_thumbnail_id":["23015"],"_edit_last":["1"],"_wp_page_template":["default"],"_edit_lock":["1771523977:1"],"merchant-center-availability":["yes"],"merchant-center-category":["505293"],"site-sidebar-layout":["default"],"ast-site-content-layout":["default"],"site-content-style":["default"],"site-sidebar-style":["default"],"theme-transparent-header-meta":["default"],"_wc_rating_count":["a:3:{i:3;i:1;i:4;i:6;i:5;i:86;}"],"_default_attributes":["a:1:{s:13:\"discreet-test\";s:2:\"No\";}"],"_price":["299.90","359.90"],"merchant-center-id":["PRE"],"astra-migrate-meta-layouts":["set"],"_uag_css_file_name":["uag-css-23006.css"],"_elementor_page_assets":["a:0:{}"]},"uagb_featured_image_src":{"full":["https:\/\/www.quickdna.com\/wp-content\/uploads\/2025\/06\/Sans_titre__50_-removebg-preview.png",500,500,false],"thumbnail":["https:\/\/www.quickdna.com\/wp-content\/uploads\/2025\/06\/Sans_titre__50_-removebg-preview-150x150.png",150,150,true],"medium":["https:\/\/www.quickdna.com\/wp-content\/uploads\/2025\/06\/Sans_titre__50_-removebg-preview-300x300.png",300,300,true],"medium_large":["https:\/\/www.quickdna.com\/wp-content\/uploads\/2025\/06\/Sans_titre__50_-removebg-preview.png",500,500,false],"large":["https:\/\/www.quickdna.com\/wp-content\/uploads\/2025\/06\/Sans_titre__50_-removebg-preview.png",500,500,false],"1536x1536":["https:\/\/www.quickdna.com\/wp-content\/uploads\/2025\/06\/Sans_titre__50_-removebg-preview.png",500,500,false],"2048x2048":["https:\/\/www.quickdna.com\/wp-content\/uploads\/2025\/06\/Sans_titre__50_-removebg-preview.png",500,500,false],"trp-custom-language-flag":["https:\/\/www.quickdna.com\/wp-content\/uploads\/2025\/06\/Sans_titre__50_-removebg-preview-12x12.png",12,12,true],"woocommerce_thumbnail":["https:\/\/www.quickdna.com\/wp-content\/uploads\/2025\/06\/Sans_titre__50_-removebg-preview-300x300.png",300,300,true],"woocommerce_single":["https:\/\/www.quickdna.com\/wp-content\/uploads\/2025\/06\/Sans_titre__50_-removebg-preview.png",500,500,false],"woocommerce_gallery_thumbnail":["https:\/\/www.quickdna.com\/wp-content\/uploads\/2025\/06\/Sans_titre__50_-removebg-preview-100x100.png",100,100,true]},"uagb_author_info":{"display_name":"admin","author_link":"https:\/\/www.quickdna.com\/sk\/author\/"},"uagb_comment_info":93,"uagb_excerpt":"Determine paternity before birth with advanced prenatal DNA analysis. Our DNA prenatal paternity test allows you to establish biological fatherhood during pregnancy with cutting-edge genetic technology. Using highly sensitive analysis techniques, the test compares fetal DNA present in the mother\u2019s blood with the alleged father\u2019s DNA, providing clear and reliable answers before the child is&hellip;","_links":{"self":[{"href":"https:\/\/www.quickdna.com\/sk\/wp-json\/wp\/v2\/product\/23006","targetHints":{"allow":["GET"]}}],"collection":[{"href":"https:\/\/www.quickdna.com\/sk\/wp-json\/wp\/v2\/product"}],"about":[{"href":"https:\/\/www.quickdna.com\/sk\/wp-json\/wp\/v2\/types\/product"}],"replies":[{"embeddable":true,"href":"https:\/\/www.quickdna.com\/sk\/wp-json\/wp\/v2\/comments?post=23006"}],"version-history":[{"count":9,"href":"https:\/\/www.quickdna.com\/sk\/wp-json\/wp\/v2\/product\/23006\/revisions"}],"predecessor-version":[{"id":30174,"href":"https:\/\/www.quickdna.com\/sk\/wp-json\/wp\/v2\/product\/23006\/revisions\/30174"}],"wp:featuredmedia":[{"embeddable":true,"href":"https:\/\/www.quickdna.com\/sk\/wp-json\/wp\/v2\/media\/23015"}],"wp:attachment":[{"href":"https:\/\/www.quickdna.com\/sk\/wp-json\/wp\/v2\/media?parent=23006"}],"wp:term":[{"taxonomy":"product_brand","embeddable":true,"href":"https:\/\/www.quickdna.com\/sk\/wp-json\/wp\/v2\/product_brand?post=23006"},{"taxonomy":"product_cat","embeddable":true,"href":"https:\/\/www.quickdna.com\/sk\/wp-json\/wp\/v2\/product_cat?post=23006"},{"taxonomy":"product_tag","embeddable":true,"href":"https:\/\/www.quickdna.com\/sk\/wp-json\/wp\/v2\/product_tag?post=23006"}],"curies":[{"name":"wp","href":"https:\/\/api.w.org\/{rel}","templated":true}]}}