{"id":22992,"date":"2025-06-09T13:23:04","date_gmt":"2025-06-09T11:23:04","guid":{"rendered":"https:\/\/www.quickdna.com\/products\/animal-breed-animal-test\/"},"modified":"2026-02-19T19:18:18","modified_gmt":"2026-02-19T18:18:18","slug":"animal-breed-animal-test","status":"publish","type":"product","link":"https:\/\/www.quickdna.com\/sk\/products\/animal-breed-animal-test\/","title":{"rendered":"DNA test plemena zviera\u0165a"},"content":{"rendered":"<p data-start=\"2\" data-end=\"444\"><strong data-start=\"2\" data-end=\"84\"><img decoding=\"async\" style=\"margin-right: 12px;\" src=\"https:\/\/www.quickdna.com\/wp-content\/uploads\/2026\/02\/Check.svg\" alt=\"\" width=\"18\" height=\"15\" \/>Identifikujte skuto\u010dn\u00e9 zlo\u017eenie plemena v\u00e1\u0161ho zviera\u0165a s pokro\u010dilou genetickou presnos\u0165ou.<\/strong> N\u00e1\u0161 test DNA na ur\u010denie plemena zvierat poskytuje h\u013abkov\u00fa genetick\u00fa anal\u00fdzu na ur\u010denie plemena v\u00e1\u0161ho psa, ma\u010dky, kravy, ko\u0148a, vt\u00e1ka alebo kur\u010da\u0165a. Pomocou markerov DNA s vysok\u00fdm rozl\u00ed\u0161en\u00edm a rozsiahlych referen\u010dn\u00fdch datab\u00e1z plemien presne ur\u010d\u00edme \u010distokrvn\u00fd p\u00f4vod alebo zmie\u0161an\u00fd p\u00f4vod plemena, \u010d\u00edm z\u00edskate jasn\u00e9 a vedecky overen\u00e9 v\u00fdsledky, ktor\u00fdm m\u00f4\u017eete d\u00f4verova\u0165.<\/p>\n<p data-start=\"448\" data-end=\"861\"><strong data-start=\"448\" data-end=\"538\"><img decoding=\"async\" style=\"margin-right: 12px;\" src=\"https:\/\/www.quickdna.com\/wp-content\/uploads\/2026\/02\/Check.svg\" alt=\"\" width=\"18\" height=\"15\" \/>Vhodn\u00e9 pre viacero druhov zvierat vr\u00e1tane psov, ma\u010diek, kr\u00e1v, kon\u00ed, vt\u00e1kov a kur\u010diat.<\/strong> Tento univerz\u00e1lny test DNA je \u0161peci\u00e1lne navrhnut\u00fd tak, aby pokryl \u0161irok\u00fa \u0161k\u00e1lu dom\u00e1cich a hospod\u00e1rskych zvierat. \u010ci u\u017e ste majite\u013eom dom\u00e1ceho mazn\u00e1\u010dika, ktor\u00e9ho zauj\u00edma dedi\u010dstvo v\u00e1\u0161ho spolo\u010dn\u00edka, alebo chovate\u013eom, ktor\u00fd chce potvrdi\u0165 p\u00f4vod, n\u00e1\u0161 test poskytuje spo\u013eahliv\u00fa identifik\u00e1ciu plemena u v\u0161etk\u00fdch druhov s rovnak\u00fdmi pr\u00edsnymi laborat\u00f3rnymi normami.<\/p>\n<p data-start=\"1373\" data-end=\"1767\"><strong data-start=\"1373\" data-end=\"1448\"><img decoding=\"async\" style=\"margin-right: 12px;\" src=\"https:\/\/www.quickdna.com\/wp-content\/uploads\/2026\/02\/Check.svg\" alt=\"\" width=\"18\" height=\"15\" \/>Spracovan\u00e9 v laborat\u00f3riu s certifik\u00e1tom ISO 17025 pre zaru\u010den\u00fa presnos\u0165.<\/strong> V\u0161etky anal\u00fdzy sa vykon\u00e1vaj\u00fa v laborat\u00f3riu certifikovanom pod\u013ea normy ISO 17025, \u010do zaru\u010duje pr\u00edsne riadenie kvality, validovan\u00e9 testovacie met\u00f3dy, kalibrovan\u00e9 vybavenie a vysokokvalifikovan\u00fdch genetick\u00fdch odborn\u00edkov. T\u00e1to medzin\u00e1rodne uzn\u00e1van\u00e1 certifik\u00e1cia zaru\u010duje presnos\u0165, konzistenciu a spo\u013eahliv\u00e9 v\u00fdsledky pre ka\u017ed\u00e9 testovan\u00e9 zviera.<\/p>\n<p data-start=\"1771\" data-end=\"2076\"><strong data-start=\"1771\" data-end=\"1833\"><img decoding=\"async\" style=\"margin-right: 12px;\" src=\"https:\/\/www.quickdna.com\/wp-content\/uploads\/2026\/02\/Check.svg\" alt=\"\" width=\"18\" height=\"15\" \/>Z\u00edskajte r\u00fdchle v\u00fdsledky do 72 hod\u00edn od pr\u00edchodu vzorky.<\/strong> Po prijat\u00ed vzoriek DNA v\u00e1\u0161ho zviera\u0165a do laborat\u00f3ria sa okam\u017eite za\u010dne anal\u00fdza. V\u00fdsledky s\u00fa doru\u010den\u00e9 do 72 hod\u00edn od prijatia do laborat\u00f3ria, \u010do v\u00e1m umo\u017en\u00ed r\u00fdchlo z\u00edska\u0165 definit\u00edvne inform\u00e1cie o plemene bez dlh\u00e9ho \u010dakania.<\/p>\n<p data-start=\"2080\" data-end=\"2448\"><strong data-start=\"2080\" data-end=\"2158\"><img decoding=\"async\" style=\"margin-right: 12px;\" src=\"https:\/\/www.quickdna.com\/wp-content\/uploads\/2026\/02\/Check.svg\" alt=\"\" width=\"18\" height=\"15\" \/>Vyu\u017eite naj\u00fa\u010dinnej\u0161iu dostupn\u00fa technol\u00f3giu identifik\u00e1cie plemena.<\/strong> Na\u0161e pokro\u010dil\u00e9 genetick\u00e9 profilovanie analyzuje mno\u017estvo markerov \u0161pecifick\u00fdch pre plemeno a poskytuje ve\u013emi presn\u00fa identifik\u00e1ciu. \u010ci u\u017e ide o potvrdenie registrovan\u00e9ho plemena, overenie kr\u00ed\u017eenia alebo odhalenie neo\u010dak\u00e1van\u00e9ho p\u00f4vodu, n\u00e1\u0161 test poskytuje najefekt\u00edvnej\u0161\u00ed a najpodrobnej\u0161\u00ed mo\u017en\u00fd rozpis plemena.<\/p>\n<p data-start=\"2452\" data-end=\"2802\"><strong data-start=\"2452\" data-end=\"2518\"><img decoding=\"async\" style=\"margin-right: 12px;\" src=\"https:\/\/www.quickdna.com\/wp-content\/uploads\/2026\/02\/Check.svg\" alt=\"\" width=\"18\" height=\"15\" \/>Najlacnej\u0161\u00ed profesion\u00e1lny test DNA pre plemen\u00e1 zvierat na trhu.<\/strong> Sna\u017e\u00edme sa pon\u00faka\u0165 vysokokvalitn\u00e9 genetick\u00e9 testy za najv\u00fdhodnej\u0161iu cenu. Prostredn\u00edctvom optimalizovan\u00fdch laborat\u00f3rnych procesov a priamej distrib\u00facie poskytujeme profesion\u00e1lne anal\u00fdzy za najni\u017e\u0161iu cenu, \u010d\u00edm zabezpe\u010dujeme v\u00fdnimo\u010dn\u00fa hodnotu pre chovate\u013eov, farm\u00e1rov aj majite\u013eov dom\u00e1cich zvierat.<\/p>\n<p data-start=\"2806\" data-end=\"3057\"><strong data-start=\"2806\" data-end=\"2858\"><img decoding=\"async\" style=\"margin-right: 12px;\" src=\"https:\/\/www.quickdna.com\/wp-content\/uploads\/2026\/02\/Check.svg\" alt=\"\" width=\"18\" height=\"15\" \/>24-hodinov\u00e9 dodanie na okam\u017eit\u00e9 za\u010datie testovania.<\/strong> S\u00fapravu na testovanie DNA v\u00e1m v\u017edy doru\u010d\u00edme do 24 hod\u00edn, aby ste mohli okam\u017eite za\u010da\u0165 s odberom vzoriek. R\u00fdchle doru\u010denie v\u00e1m zaru\u010d\u00ed, \u017ee m\u00f4\u017eete r\u00fdchlo odobra\u0165 a vr\u00e1ti\u0165 vzorky na r\u00fdchlu anal\u00fdzu.<\/p>\n<p data-start=\"3061\" data-end=\"3462\"><strong data-start=\"3061\" data-end=\"3125\"><img decoding=\"async\" style=\"margin-right: 12px;\" src=\"https:\/\/www.quickdna.com\/wp-content\/uploads\/2026\/02\/Check.svg\" alt=\"\" width=\"18\" height=\"15\" \/>Zlep\u0161enie rozhodnut\u00ed o chove a strat\u00e9gi\u00ed riadenia zvierat.<\/strong> Znalos\u0165 presn\u00e9ho zlo\u017eenia plemena v\u00e1\u0161ho zviera\u0165a podporuje zodpovedn\u00e9 chovate\u013esk\u00e9 programy, pom\u00e1ha predpoveda\u0165 vlastnosti spr\u00e1vania a m\u00f4\u017ee poskytn\u00fa\u0165 inform\u00e1cie o fyzick\u00fdch vlastnostiach. V pr\u00edpade hospod\u00e1rskych zvierat, ako s\u00fa kravy, kone, kur\u010dat\u00e1 a vt\u00e1ky, m\u00f4\u017ee overenie plemena podpori\u0165 aj riadenie st\u00e1da, pl\u00e1novanie v\u00fdkonnosti a presnos\u0165 dokument\u00e1cie.<\/p>\n<p data-start=\"3466\" data-end=\"3776\"><strong data-start=\"3466\" data-end=\"3519\"><img decoding=\"async\" style=\"margin-right: 12px;\" src=\"https:\/\/www.quickdna.com\/wp-content\/uploads\/2026\/02\/Check.svg\" alt=\"\" width=\"18\" height=\"15\" \/>Bezrizikov\u00fd n\u00e1kup s na\u0161ou z\u00e1rukou vr\u00e1tenia pe\u0148az\u00ed.<\/strong> Stoj\u00edme si za spo\u013eahlivos\u0165ou a profesionalitou n\u00e1\u0161ho testu DNA pre plemen\u00e1 zvierat. Ak nebudete s na\u0161imi slu\u017ebami spokojn\u00ed, pon\u00fakame z\u00e1ruku vr\u00e1tenia pe\u0148az\u00ed. V\u00e1\u0161 n\u00e1kup je plne chr\u00e1nen\u00fd, \u010do v\u00e1m d\u00e1va \u00fapln\u00fa istotu pri v\u00fdbere n\u00e1\u0161ho testovacieho rie\u0161enia.<\/p>\n<h2 data-section-id=\"1izj3ny\" data-start=\"3778\" data-end=\"3793\">Pokyny<\/h2>\n<ul data-start=\"3795\" data-end=\"5258\" data-is-only-node=\"\" data-is-last-node=\"\">\n<li data-section-id=\"1tba8gz\" data-start=\"3795\" data-end=\"3888\">\n<p data-start=\"3797\" data-end=\"3888\">Pri zad\u00e1van\u00ed objedn\u00e1vky vyberte druh zviera\u0165a: pes, ma\u010dka, krava, k\u00f4\u0148, vt\u00e1k alebo kura.<\/p>\n<\/li>\n<li data-section-id=\"o49p4x\" data-start=\"3890\" data-end=\"4009\">\n<p data-start=\"3892\" data-end=\"4009\">Po prijat\u00ed s\u00fapravy s 24-hodinovou dod\u00e1vkou si pred odberom vzoriek pozorne pre\u010d\u00edtajte v\u0161etky prilo\u017een\u00e9 pokyny.<\/p>\n<\/li>\n<li data-section-id=\"1suktjl\" data-start=\"4011\" data-end=\"4247\">\n<p data-start=\"4013\" data-end=\"4247\">Pomocou dodan\u00fdch steriln\u00fdch tamp\u00f3nov jemne trite vn\u00fatro tlamy zviera\u0165a 30 a\u017e 60 sek\u00fand, aby ste z\u00edskali dostato\u010dn\u00e9 mno\u017estvo DNA.<\/p>\n<\/li>\n<li data-section-id=\"1mvxq8m\" data-start=\"4249\" data-end=\"4337\">\n<p data-start=\"4251\" data-end=\"4337\">Pred vlo\u017een\u00edm do ur\u010den\u00fdch ob\u00e1lok nechajte tamp\u00f3ny \u00faplne vyschn\u00fa\u0165.<\/p>\n<\/li>\n<li data-section-id=\"wrop09\" data-start=\"4339\" data-end=\"4600\">\n<p data-start=\"4341\" data-end=\"4600\">Na diskr\u00e9tny odber vzoriek zbierajte vhodn\u00fd materi\u00e1l, ako s\u00fa vlasy s vidite\u013en\u00fdmi korienkami, perie s neporu\u0161en\u00fdmi folikulmi, odrezky nechtov alebo predmety obsahuj\u00face DNA, ktor\u00e9 pou\u017e\u00edva v\u00fdlu\u010dne zviera. Uistite sa, \u017ee vzorky s\u00fa \u010dist\u00e9 a nekontaminovan\u00e9 in\u00fdmi zvieratami.<\/p>\n<\/li>\n<li data-section-id=\"ru4eo6\" data-start=\"4602\" data-end=\"4702\">\n<p data-start=\"4604\" data-end=\"4702\">Ka\u017ed\u00fa vzorku vlo\u017ete do samostatnej \u010distej n\u00e1doby alebo ob\u00e1lky, ako je uveden\u00e9 v n\u00e1vode na pou\u017eitie s\u00fapravy.<\/p>\n<\/li>\n<li data-section-id=\"1yomlap\" data-start=\"4704\" data-end=\"4838\">\n<p data-start=\"4706\" data-end=\"4838\">Presne vypl\u0148te identifika\u010dn\u00fd formul\u00e1r a uve\u010fte druh zviera\u0165a, jeho meno, vek a v\u0161etky relevantn\u00e9 inform\u00e1cie o plemene, ak s\u00fa zn\u00e1me.<\/p>\n<\/li>\n<li data-section-id=\"tq9c5p\" data-start=\"4840\" data-end=\"4973\">\n<p data-start=\"4842\" data-end=\"4973\">Bezpe\u010dne zaba\u013ete v\u0161etky vzorky pomocou dodan\u00fdch materi\u00e1lov a vr\u00e1\u0165te ich do laborat\u00f3ria pod\u013ea pokynov na prepravu.<\/p>\n<\/li>\n<li data-section-id=\"1az2ol7\" data-start=\"4975\" data-end=\"5059\">\n<p data-start=\"4977\" data-end=\"5059\">Ke\u010f laborat\u00f3rium dostane vzorky, okam\u017eite sa za\u010dne genetick\u00e1 anal\u00fdza.<\/p>\n<\/li>\n<li data-section-id=\"1akddh7\" data-start=\"5061\" data-end=\"5258\" data-is-last-node=\"\">\n<p data-start=\"5063\" data-end=\"5258\" data-is-last-node=\"\">V\u00fdsledky bud\u00fa doru\u010den\u00e9 do 72 hod\u00edn od prijatia vzorky v laborat\u00f3riu prostredn\u00edctvom vami zvolen\u00e9ho zabezpe\u010den\u00e9ho sp\u00f4sobu komunik\u00e1cie a poskytn\u00fa podrobn\u00fd rozpis zlo\u017eenia v\u00e1\u0161ho zviera\u0165a.<\/p>\n<\/li>\n<\/ul>","protected":false},"excerpt":{"rendered":"<p>Identify your animal\u2019s true breed composition with advanced genetic precision. Our animal breed DNA test provides an in-depth genetic analysis to determine the breed composition of your dog, cat, cow, horse, bird, or chicken. Using high-resolution DNA markers and comprehensive breed reference databases, we accurately identify purebred lineage or mixed breed ancestry, giving you clear [&hellip;]<\/p>\n","protected":false},"featured_media":23010,"comment_status":"open","ping_status":"closed","template":"","meta":{"_uag_custom_page_level_css":"","site-sidebar-layout":"default","site-content-layout":"","ast-site-content-layout":"default","site-content-style":"default","site-sidebar-style":"default","ast-global-header-display":"","ast-banner-title-visibility":"","ast-main-header-display":"","ast-hfb-above-header-display":"","ast-hfb-below-header-display":"","ast-hfb-mobile-header-display":"","site-post-title":"","ast-breadcrumbs-content":"","ast-featured-img":"","footer-sml-layout":"","ast-disable-related-posts":"","theme-transparent-header-meta":"default","adv-header-id-meta":"","stick-header-meta":"","header-above-stick-meta":"","header-main-stick-meta":"","header-below-stick-meta":"","astra-migrate-meta-layouts":"set","ast-page-background-enabled":"default","ast-page-background-meta":{"desktop":{"background-color":"var(--ast-global-color-4)","background-image":"","background-repeat":"repeat","background-position":"center center","background-size":"auto","background-attachment":"scroll","background-type":"","background-media":"","overlay-type":"","overlay-color":"","overlay-opacity":"","overlay-gradient":""},"tablet":{"background-color":"","background-image":"","background-repeat":"repeat","background-position":"center center","background-size":"auto","background-attachment":"scroll","background-type":"","background-media":"","overlay-type":"","overlay-color":"","overlay-opacity":"","overlay-gradient":""},"mobile":{"background-color":"","background-image":"","background-repeat":"repeat","background-position":"center center","background-size":"auto","background-attachment":"scroll","background-type":"","background-media":"","overlay-type":"","overlay-color":"","overlay-opacity":"","overlay-gradient":""}},"ast-content-background-meta":{"desktop":{"background-color":"var(--ast-global-color-5)","background-image":"","background-repeat":"repeat","background-position":"center center","background-size":"auto","background-attachment":"scroll","background-type":"","background-media":"","overlay-type":"","overlay-color":"","overlay-opacity":"","overlay-gradient":""},"tablet":{"background-color":"var(--ast-global-color-5)","background-image":"","background-repeat":"repeat","background-position":"center center","background-size":"auto","background-attachment":"scroll","background-type":"","background-media":"","overlay-type":"","overlay-color":"","overlay-opacity":"","overlay-gradient":""},"mobile":{"background-color":"var(--ast-global-color-5)","background-image":"","background-repeat":"repeat","background-position":"center center","background-size":"auto","background-attachment":"scroll","background-type":"","background-media":"","overlay-type":"","overlay-color":"","overlay-opacity":"","overlay-gradient":""}}},"product_brand":[],"product_cat":[15],"product_tag":[],"class_list":{"0":"post-22992","1":"product","2":"type-product","3":"status-publish","4":"has-post-thumbnail","6":"product_cat-shop","7":"desktop-align-left","8":"tablet-align-left","9":"mobile-align-left","11":"first","12":"instock","13":"taxable","14":"shipping-taxable","15":"purchasable","16":"product-type-variable"},"spectra_custom_meta":{"_visibility":["visible"],"_shopify_product_id":["7437956514024"],"_s2w_shopify_domain":["quickdna.myshopify.com"],"_shopify_variant_id":["42550065889512"],"_manage_stock":["no"],"total_sales":["205"],"_tax_status":["taxable"],"_tax_class":[""],"_backorders":["no"],"_sold_individually":["no"],"_virtual":["no"],"_downloadable":["no"],"_download_limit":["-1"],"_download_expiry":["-1"],"_stock":[null],"_stock_status":["instock"],"_wc_average_rating":["4.88"],"_wc_review_count":["113"],"_product_attributes":["a:1:{s:12:\"animal-specy\";a:6:{s:4:\"name\";s:12:\"Animal specy\";s:5:\"value\";s:40:\"Dog | Cat | Cow | Horse | Bird | Chicken\";s:8:\"position\";i:1;s:10:\"is_visible\";i:0;s:12:\"is_variation\";i:1;s:11:\"is_taxonomy\";i:0;}}"],"_product_version":["10.5.2"],"_thumbnail_id":["23010"],"_edit_last":["1"],"_wp_page_template":["default"],"_edit_lock":["1771524999:1"],"merchant-center-availability":["yes"],"merchant-center-category":["505293"],"merchant-center-id":["ANI"],"site-sidebar-layout":["default"],"ast-site-content-layout":["default"],"site-content-style":["default"],"site-sidebar-style":["default"],"theme-transparent-header-meta":["default"],"_wc_rating_count":["a:3:{i:3;i:2;i:4;i:10;i:5;i:101;}"],"_price":["99.90"],"astra-migrate-meta-layouts":["set"],"_uag_css_file_name":["uag-css-22992.css"],"_elementor_page_assets":["a:0:{}"],"_uag_page_assets":["a:9:{s:3:\"css\";s:6873:\".wp-block-uagb-image{display:flex}.wp-block-uagb-image__figure{position:relative;display:flex;flex-direction:column;max-width:100%;height:auto;margin:0}.wp-block-uagb-image__figure img{height:auto;display:flex;max-width:100%;transition:box-shadow .2s ease}.wp-block-uagb-image__figure>a{display:inline-block}.wp-block-uagb-image__figure figcaption{text-align:center;margin-top:.5em;margin-bottom:1em}.wp-block-uagb-image .components-placeholder.block-editor-media-placeholder .components-placeholder__instructions{align-self:center}.wp-block-uagb-image--align-left{text-align:left}.wp-block-uagb-image--align-right{text-align:right}.wp-block-uagb-image--align-center{text-align:center}.wp-block-uagb-image--align-full .wp-block-uagb-image__figure{margin-left:calc(50% - 50vw);margin-right:calc(50% - 50vw);max-width:100vw;width:100vw;height:auto}.wp-block-uagb-image--align-full .wp-block-uagb-image__figure img{height:auto;width:100% !important}.wp-block-uagb-image--align-wide .wp-block-uagb-image__figure img{height:auto;width:100%}.wp-block-uagb-image--layout-overlay__color-wrapper{position:absolute;left:0;top:0;right:0;bottom:0;opacity:.2;background:rgba(0,0,0,.5);transition:opacity .35s ease-in-out}.wp-block-uagb-image--layout-overlay-link{position:absolute;left:0;right:0;bottom:0;top:0}.wp-block-uagb-image--layout-overlay .wp-block-uagb-image__figure:hover .wp-block-uagb-image--layout-overlay__color-wrapper{opacity:1}.wp-block-uagb-image--layout-overlay__inner{position:absolute;left:15px;right:15px;bottom:15px;top:15px;display:flex;align-items:center;justify-content:center;flex-direction:column;border-color:#fff;transition:.35s ease-in-out}.wp-block-uagb-image--layout-overlay__inner.top-left,.wp-block-uagb-image--layout-overlay__inner.top-center,.wp-block-uagb-image--layout-overlay__inner.top-right{justify-content:flex-start}.wp-block-uagb-image--layout-overlay__inner.bottom-left,.wp-block-uagb-image--layout-overlay__inner.bottom-center,.wp-block-uagb-image--layout-overlay__inner.bottom-right{justify-content:flex-end}.wp-block-uagb-image--layout-overlay__inner.top-left,.wp-block-uagb-image--layout-overlay__inner.center-left,.wp-block-uagb-image--layout-overlay__inner.bottom-left{align-items:flex-start}.wp-block-uagb-image--layout-overlay__inner.top-right,.wp-block-uagb-image--layout-overlay__inner.center-right,.wp-block-uagb-image--layout-overlay__inner.bottom-right{align-items:flex-end}.wp-block-uagb-image--layout-overlay__inner .uagb-image-heading{color:#fff;transition:transform .35s,opacity .35s ease-in-out;transform:translate3d(0, 24px, 0);margin:0;line-height:1em}.wp-block-uagb-image--layout-overlay__inner .uagb-image-separator{width:30%;border-top-width:2px;border-top-color:#fff;border-top-style:solid;margin-bottom:10px;opacity:0;transition:transform .4s,opacity .4s ease-in-out;transform:translate3d(0, 30px, 0)}.wp-block-uagb-image--layout-overlay__inner .uagb-image-caption{opacity:0;overflow:visible;color:#fff;transition:transform .45s,opacity .45s ease-in-out;transform:translate3d(0, 35px, 0)}.wp-block-uagb-image--layout-overlay__inner:hover .uagb-image-heading,.wp-block-uagb-image--layout-overlay__inner:hover .uagb-image-separator,.wp-block-uagb-image--layout-overlay__inner:hover .uagb-image-caption{opacity:1;transform:translate3d(0, 0, 0)}.wp-block-uagb-image--effect-zoomin .wp-block-uagb-image__figure img,.wp-block-uagb-image--effect-zoomin .wp-block-uagb-image__figure .wp-block-uagb-image--layout-overlay__color-wrapper{transform:scale(1);transition:transform .35s ease-in-out}.wp-block-uagb-image--effect-zoomin .wp-block-uagb-image__figure:hover img,.wp-block-uagb-image--effect-zoomin .wp-block-uagb-image__figure:hover .wp-block-uagb-image--layout-overlay__color-wrapper{transform:scale(1.05)}.wp-block-uagb-image--effect-slide .wp-block-uagb-image__figure img,.wp-block-uagb-image--effect-slide .wp-block-uagb-image__figure .wp-block-uagb-image--layout-overlay__color-wrapper{width:calc(100% + 40px) !important;max-width:none !important;transform:translate3d(-40px, 0, 0);transition:transform .35s ease-in-out}.wp-block-uagb-image--effect-slide .wp-block-uagb-image__figure:hover img,.wp-block-uagb-image--effect-slide .wp-block-uagb-image__figure:hover .wp-block-uagb-image--layout-overlay__color-wrapper{transform:translate3d(0, 0, 0)}.wp-block-uagb-image--effect-grayscale img{filter:grayscale(0%);transition:.35s ease-in-out}.wp-block-uagb-image--effect-grayscale:hover img{filter:grayscale(100%)}.wp-block-uagb-image--effect-blur img{filter:blur(0);transition:.35s ease-in-out}.wp-block-uagb-image--effect-blur:hover img{filter:blur(3px)}.uagb-block-e6f939b3.wp-block-uagb-image--layout-default figure img{box-shadow: 0px 0px 0 #00000070;}.uagb-block-e6f939b3.wp-block-uagb-image .wp-block-uagb-image__figure figcaption{font-style: normal;align-self: center;}.uagb-block-e6f939b3.wp-block-uagb-image--layout-overlay figure img{box-shadow: 0px 0px 0 #00000070;}.uagb-block-e6f939b3.wp-block-uagb-image--layout-overlay .wp-block-uagb-image--layout-overlay__color-wrapper{opacity: 0.2;}.uagb-block-e6f939b3.wp-block-uagb-image--layout-overlay .wp-block-uagb-image--layout-overlay__inner{left: 15px;right: 15px;top: 15px;bottom: 15px;}.uagb-block-e6f939b3.wp-block-uagb-image--layout-overlay .wp-block-uagb-image--layout-overlay__inner .uagb-image-heading{font-style: normal;color: #fff;opacity: 1;}.uagb-block-e6f939b3.wp-block-uagb-image--layout-overlay .wp-block-uagb-image--layout-overlay__inner .uagb-image-heading a{color: #fff;}.uagb-block-e6f939b3.wp-block-uagb-image--layout-overlay .wp-block-uagb-image--layout-overlay__inner .uagb-image-caption{opacity: 0;}.uagb-block-e6f939b3.wp-block-uagb-image--layout-overlay .wp-block-uagb-image__figure:hover .wp-block-uagb-image--layout-overlay__color-wrapper{opacity: 1;}.uagb-block-e6f939b3.wp-block-uagb-image .wp-block-uagb-image--layout-overlay__inner .uagb-image-separator{width: 30%;border-top-width: 2px;border-top-color: #fff;opacity: 0;}.uagb-block-e6f939b3.wp-block-uagb-image .wp-block-uagb-image__figure img{width: px;height: auto;}.uagb-block-e6f939b3.wp-block-uagb-image .wp-block-uagb-image__figure:hover .wp-block-uagb-image--layout-overlay__inner .uagb-image-caption{opacity: 1;}.uagb-block-e6f939b3.wp-block-uagb-image .wp-block-uagb-image__figure:hover .wp-block-uagb-image--layout-overlay__inner .uagb-image-separator{opacity: 1;}.uagb-block-e6f939b3.wp-block-uagb-image--layout-default figure:hover img{box-shadow: 0px 0px 0 #00000070;}.uagb-block-e6f939b3.wp-block-uagb-image--layout-overlay figure:hover img{box-shadow: 0px 0px 0 #00000070;}@media only screen and (max-width: 976px) {.uagb-block-e6f939b3.wp-block-uagb-image .wp-block-uagb-image__figure img{width: px;height: auto;}}@media only screen and (max-width: 767px) {.uagb-block-e6f939b3.wp-block-uagb-image .wp-block-uagb-image__figure img{width: px;height: auto;}}\";s:2:\"js\";s:0:\"\";s:18:\"current_block_list\";a:13:{i:0;s:11:\"core\/search\";i:1;s:10:\"core\/group\";i:2;s:12:\"core\/heading\";i:3;s:17:\"core\/latest-posts\";i:4;s:20:\"core\/latest-comments\";i:5;s:13:\"core\/archives\";i:6;s:15:\"core\/categories\";i:7;s:14:\"core\/paragraph\";i:8;s:10:\"uagb\/image\";i:9;s:11:\"core\/spacer\";i:10;s:30:\"woocommerce\/product-categories\";i:11;s:10:\"core\/image\";i:12;s:14:\"core\/shortcode\";}s:8:\"uag_flag\";b:1;s:11:\"uag_version\";s:10:\"1777465868\";s:6:\"gfonts\";a:0:{}s:10:\"gfonts_url\";s:0:\"\";s:12:\"gfonts_files\";a:0:{}s:14:\"uag_faq_layout\";b:0;}"]},"uagb_featured_image_src":{"full":["https:\/\/www.quickdna.com\/wp-content\/uploads\/2025\/06\/box_png_6.png",1000,1000,false],"thumbnail":["https:\/\/www.quickdna.com\/wp-content\/uploads\/2025\/06\/box_png_6-150x150.png",150,150,true],"medium":["https:\/\/www.quickdna.com\/wp-content\/uploads\/2025\/06\/box_png_6-300x300.png",300,300,true],"medium_large":["https:\/\/www.quickdna.com\/wp-content\/uploads\/2025\/06\/box_png_6-768x768.png",768,768,true],"large":["https:\/\/www.quickdna.com\/wp-content\/uploads\/2025\/06\/box_png_6.png",1000,1000,false],"1536x1536":["https:\/\/www.quickdna.com\/wp-content\/uploads\/2025\/06\/box_png_6.png",1000,1000,false],"2048x2048":["https:\/\/www.quickdna.com\/wp-content\/uploads\/2025\/06\/box_png_6.png",1000,1000,false],"trp-custom-language-flag":["https:\/\/www.quickdna.com\/wp-content\/uploads\/2025\/06\/box_png_6-12x12.png",12,12,true],"woocommerce_thumbnail":["https:\/\/www.quickdna.com\/wp-content\/uploads\/2025\/06\/box_png_6-300x300.png",300,300,true],"woocommerce_single":["https:\/\/www.quickdna.com\/wp-content\/uploads\/2025\/06\/box_png_6-600x600.png",600,600,true],"woocommerce_gallery_thumbnail":["https:\/\/www.quickdna.com\/wp-content\/uploads\/2025\/06\/box_png_6-100x100.png",100,100,true]},"uagb_author_info":{"display_name":"admin","author_link":"https:\/\/www.quickdna.com\/sk\/author\/"},"uagb_comment_info":113,"uagb_excerpt":"Identify your animal\u2019s true breed composition with advanced genetic precision. Our animal breed DNA test provides an in-depth genetic analysis to determine the breed composition of your dog, cat, cow, horse, bird, or chicken. Using high-resolution DNA markers and comprehensive breed reference databases, we accurately identify purebred lineage or mixed breed ancestry, giving you clear&hellip;","_links":{"self":[{"href":"https:\/\/www.quickdna.com\/sk\/wp-json\/wp\/v2\/product\/22992","targetHints":{"allow":["GET"]}}],"collection":[{"href":"https:\/\/www.quickdna.com\/sk\/wp-json\/wp\/v2\/product"}],"about":[{"href":"https:\/\/www.quickdna.com\/sk\/wp-json\/wp\/v2\/types\/product"}],"replies":[{"embeddable":true,"href":"https:\/\/www.quickdna.com\/sk\/wp-json\/wp\/v2\/comments?post=22992"}],"version-history":[{"count":4,"href":"https:\/\/www.quickdna.com\/sk\/wp-json\/wp\/v2\/product\/22992\/revisions"}],"predecessor-version":[{"id":30178,"href":"https:\/\/www.quickdna.com\/sk\/wp-json\/wp\/v2\/product\/22992\/revisions\/30178"}],"wp:featuredmedia":[{"embeddable":true,"href":"https:\/\/www.quickdna.com\/sk\/wp-json\/wp\/v2\/media\/23010"}],"wp:attachment":[{"href":"https:\/\/www.quickdna.com\/sk\/wp-json\/wp\/v2\/media?parent=22992"}],"wp:term":[{"taxonomy":"product_brand","embeddable":true,"href":"https:\/\/www.quickdna.com\/sk\/wp-json\/wp\/v2\/product_brand?post=22992"},{"taxonomy":"product_cat","embeddable":true,"href":"https:\/\/www.quickdna.com\/sk\/wp-json\/wp\/v2\/product_cat?post=22992"},{"taxonomy":"product_tag","embeddable":true,"href":"https:\/\/www.quickdna.com\/sk\/wp-json\/wp\/v2\/product_tag?post=22992"}],"curies":[{"name":"wp","href":"https:\/\/api.w.org\/{rel}","templated":true}]}}