{"id":23003,"date":"2025-06-09T13:23:06","date_gmt":"2025-06-09T11:23:06","guid":{"rendered":"https:\/\/www.quickdna.com\/products\/dna-parentage-test\/"},"modified":"2026-02-19T18:44:25","modified_gmt":"2026-02-19T17:44:25","slug":"dna-parentage-test","status":"publish","type":"product","link":"https:\/\/www.quickdna.com\/si\/products\/dna-parentage-test\/","title":{"rendered":"DNK test o\u010detovstva"},"content":{"rendered":"<p><strong><img decoding=\"async\" style=\"margin-right: 12px;\" src=\"https:\/\/www.quickdna.com\/wp-content\/uploads\/2026\/02\/Check.svg\" alt=\"\" width=\"18\" height=\"15\" \/>Pridobite jasne in zanesljive odgovore o biolo\u0161kem star\u0161evstvu z laboratorijsko natan\u010dnostjo.<\/strong> Na\u0161 test DNK za ugotavljanje o\u010detovstva zagotavlja znanstveno potrjene rezultate, ki z izjemno natan\u010dnostjo dolo\u010dajo biolo\u0161ko sorodstvo, kar vam zagotavlja jasnost in mir v ob\u010dutljivih situacijah. Z uporabo napredne genetske analize primerjamo posebne ozna\u010devalce DNK med domnevnim o\u010detom in otrokom ter tako z izjemno visoko verjetnostjo ugotovimo star\u0161evstvo, kar zagotavlja zanesljive zaklju\u010dke, ki jim lahko zaupate.<\/p>\n<p><strong><img decoding=\"async\" style=\"margin-right: 12px;\" src=\"https:\/\/www.quickdna.com\/wp-content\/uploads\/2026\/02\/Check.svg\" alt=\"\" width=\"18\" height=\"15\" \/>Izbirate lahko med standardnim ali diskretnim testom, ki ustreza va\u0161im razmeram.<\/strong> Zavedamo se, da je vsak primer edinstven, zato ponujamo dve prilagodljivi mo\u017enosti testiranja. Standardni test vklju\u010duje sterilne ustne brise, ki jih ne\u017eno vtremo v notranjost lica in po\u0161ljemo nazaj v na\u0161 laboratorij. V primerih, ki zahtevajo ve\u010djo diskretnost, lahko izberete diskretno mo\u017enost in po\u0161ljete alternativne vzorce, kot so nohti, lasje s koreninami, zobne \u0161\u010detke, \u017eve\u010dilni gumi, cigaretni ogorki ali uporabljene vatirane pal\u010dke. Ta prilagodljivost vam zagotavlja, da lahko nadaljujete na na\u010din, ki se vam zdi udoben in primeren.<\/p>\n<p><strong><img decoding=\"async\" style=\"margin-right: 12px;\" src=\"https:\/\/www.quickdna.com\/wp-content\/uploads\/2026\/02\/Check.svg\" alt=\"\" width=\"18\" height=\"15\" \/>Za najve\u010djo natan\u010dnost se zanesite na laboratorij s certifikatom ISO 17025.<\/strong> Vse analize potekajo v laboratoriju, certificiranem po standardih ISO 17025, kar zagotavlja strog nadzor kakovosti, potrjene preskusne metode, umerjeno opremo in visoko usposobljeno tehni\u010dno osebje. Ta mednarodno priznani certifikat zagotavlja, da je va\u0161 test DNK za ugotavljanje o\u010detovstva opravljen v skladu s strogimi znanstvenimi in tehni\u010dnimi standardi ter zagotavlja rezultate, ki izpolnjujejo najvi\u0161je ravni zanesljivosti.<\/p>\n<p><strong><img decoding=\"async\" style=\"margin-right: 12px;\" src=\"https:\/\/www.quickdna.com\/wp-content\/uploads\/2026\/02\/Check.svg\" alt=\"\" width=\"18\" height=\"15\" \/>Hitre rezultate prejmite v 72 urah po tem, ko laboratorij prejme va\u0161e vzorce.<\/strong> Vemo, da je \u010dakanje na odgovore lahko stresno, zato dajemo prednost hitrosti, ne da bi pri tem ogrozili natan\u010dnost. Ko vzorci prispejo v na\u0161 laboratorij, so rezultati na voljo v 72 urah. Ta hiter \u010das vam omogo\u010da hiter napredek z jasnostjo in samozavestjo.<\/p>\n<p><strong><img decoding=\"async\" style=\"margin-right: 12px;\" src=\"https:\/\/www.quickdna.com\/wp-content\/uploads\/2026\/02\/Check.svg\" alt=\"\" width=\"18\" height=\"15\" \/>Izkoristite naju\u010dinkovitej\u0161i postopek testiranja DNK, ki je na voljo.<\/strong> Na\u0161e napredne tehnike genetskega profiliranja analizirajo ve\u010d ozna\u010devalcev DNK in zagotavljajo zelo prepri\u010dljive rezultate. Ko je o\u010detovstvo potrjeno, verjetnost o\u010detovstva obi\u010dajno presega 99,9%, medtem ko so izklju\u010ditve dokon\u010dne, kadar domnevni o\u010de ni biolo\u0161ko povezan. Zaradi te stopnje u\u010dinkovitosti je na\u0161 test DNK za ugotavljanje o\u010detovstva ena najzanesljivej\u0161ih re\u0161itev, ki so na voljo.<\/p>\n<p><strong><img decoding=\"async\" style=\"margin-right: 12px;\" src=\"https:\/\/www.quickdna.com\/wp-content\/uploads\/2026\/02\/Check.svg\" alt=\"\" width=\"18\" height=\"15\" \/>Izkoristite najcenej\u0161i profesionalni test o\u010detovstva DNK na trgu.<\/strong> Zavezani smo, da vam nudimo visokokakovostno laboratorijsko testiranje po najugodnej\u0161i ceni. Z optimizacijo logisti\u010dnih in laboratorijskih procesov zmanj\u0161ujemo splo\u0161ne stro\u0161ke in prihranke neposredno prena\u0161amo na vas. S tem vam zagotavljamo, da dobite genetske analize na profesionalni ravni po najni\u017eji mo\u017eni ceni, ne da bi pri tem \u017ertvovali kakovost ali zanesljivost.<\/p>\n<p><strong><img decoding=\"async\" style=\"margin-right: 12px;\" src=\"https:\/\/www.quickdna.com\/wp-content\/uploads\/2026\/02\/Check.svg\" alt=\"\" width=\"18\" height=\"15\" \/>Naro\u010dite \u0161e danes in prejmite svoj komplet s 24-urno dostavo.<\/strong> Vedno vam nudimo dostavo v 24 urah, zato lahko postopek testiranja za\u010dnete takoj. Ne glede na to, ali ste izbrali standardni komplet za bris ali nameravate predlo\u017eiti diskretne vzorce, bo va\u0161e naro\u010dilo prispelo hitro in vam omogo\u010dilo takoj\u0161nje ukrepanje.<\/p>\n<p><strong><img decoding=\"async\" style=\"margin-right: 12px;\" src=\"https:\/\/www.quickdna.com\/wp-content\/uploads\/2026\/02\/Check.svg\" alt=\"\" width=\"18\" height=\"15\" \/>V celotnem postopku u\u017eivajte popolno zaupnost in zasebnost.<\/strong> Vse primere obravnavamo strogo zaupno. Od diskretnega pakiranja do varnega laboratorijskega ravnanja in za\u0161\u010ditene dostave rezultatov - va\u0161i osebni podatki in rezultati testov so za\u0161\u010diteni na vsakem koraku. Na\u0161a mo\u017enost diskretnega testiranja \u0161e pove\u010da zasebnost, saj omogo\u010da predlo\u017eitev neinvazivnih ali vsakdanjih osebnih predmetov.<\/p>\n<p><strong><img decoding=\"async\" style=\"margin-right: 12px;\" src=\"https:\/\/www.quickdna.com\/wp-content\/uploads\/2026\/02\/Check.svg\" alt=\"\" width=\"18\" height=\"15\" \/>Enostaven, neinvaziven postopek vzor\u010denja.<\/strong> Standardna metoda z brisom lica je nebole\u010da in enostavna za doma\u010do uporabo. Za zbiranje zadostne koli\u010dine genetskega materiala je treba le nekaj sekund ne\u017eno drgniti notranjo stran lica. Tudi diskretne vzorce je enostavno zbrati po na\u0161ih jasnih smernicah, zato je celoten postopek dostopen in enostaven.<\/p>\n<p><strong><img decoding=\"async\" style=\"margin-right: 12px;\" src=\"https:\/\/www.quickdna.com\/wp-content\/uploads\/2026\/02\/Check.svg\" alt=\"\" width=\"18\" height=\"15\" \/>Nakup brez tveganja z na\u0161im jamstvom za vra\u010dilo denarja.<\/strong> Stojimo za kakovostjo in zanesljivostjo na\u0161ega testa o\u010detovstva DNK. \u010ce z na\u0161o storitvijo niste zadovoljni, vam ponujamo jamstvo za vra\u010dilo denarja. Va\u0161e zaupanje nam je pomembno, zato se zavezujemo, da bomo zagotovili va\u0161e popolno zadovoljstvo od naro\u010dila do rezultata.<\/p>\n<h2><strong>Navodila<\/strong><\/h2>\n<ul>\n<li>Ob naro\u010dilu izberite \u017eeleno mo\u017enost testa: standardni test z brisi z li\u010dnic ali diskretni test z alternativnimi biolo\u0161kimi vzorci.<\/li>\n<li>Po prejemu kompleta s 24-urno dostavo pred zbiranjem vzorcev natan\u010dno preberite prilo\u017eena navodila.<\/li>\n<li>Za standardni test uporabite prilo\u017eene sterilne tampone in jih vsaj 30 do 60 sekund mo\u010dno drgnite po notranji strani lica, da zagotovite zadostno zbiranje DNK. Vsaj eno uro pred odvzemom vzorca ne jejte, ne pijte in ne kadite.<\/li>\n<li>Pustite, da se tamponi su\u0161ijo na zraku toliko \u010dasa, kot je priporo\u010deno v navodilih za uporabo kompleta, preden jih polo\u017eite v za to namenjene ovojnice.<\/li>\n<li>Za diskretni test zberite ustrezne predmete, kot so nohti, lasje z vidnimi koreninami, uporabljena zobna \u0161\u010detka, \u017eve\u010dilni gumi, cigaretni ogorki ali vatirane pal\u010dke. Poskrbite, da boste z vzorci ravnali previdno in jih dali v \u010diste, lo\u010dene posode, da se izognete kontaminaciji.<\/li>\n<li>Predlo\u017eite samo vzorce, ki jih je uporabljal izklju\u010dno posameznik, ki se testira. Navzkri\u017ena kontaminacija z DNK drugih oseb lahko vpliva na analizo.<\/li>\n<li>Izpolnite identifikacijski obrazec, ki je prilo\u017een kompletu, in navedite to\u010dne podatke za vsakega udele\u017eenca.<\/li>\n<li>Vse vzorce in dokumentacijo vlo\u017eite v prilo\u017eeno embala\u017eo za vra\u010dilo in jih po navodilih po\u0161ljite nazaj v laboratorij.<\/li>\n<li>Ko laboratorij prejme vzorce, se analiza za\u010dne takoj. Rezultati so na voljo v 72 urah po prejemu v laboratoriju.<\/li>\n<li>Rezultati bodo varno dostavljeni po e-po\u0161ti. \u010ce imate med postopkom kakr\u0161na koli vpra\u0161anja, se obrnite na na\u0161o ekipo za podporo strankam, ki vam bo svetovala in pomagala.<\/li>\n<\/ul>","protected":false},"excerpt":{"rendered":"<p>Get clear and reliable answers about biological parentage with laboratory precision. Our DNA paternity test provides scientifically validated results that determine biological relationships with exceptional accuracy, giving you clarity and peace of mind in sensitive situations. Using advanced genetic analysis, we compare specific DNA markers between the alleged father and child to establish parentage with [&hellip;]<\/p>\n","protected":false},"featured_media":23013,"comment_status":"open","ping_status":"closed","template":"","meta":{"_uag_custom_page_level_css":"","site-sidebar-layout":"default","site-content-layout":"","ast-site-content-layout":"default","site-content-style":"default","site-sidebar-style":"default","ast-global-header-display":"","ast-banner-title-visibility":"","ast-main-header-display":"","ast-hfb-above-header-display":"","ast-hfb-below-header-display":"","ast-hfb-mobile-header-display":"","site-post-title":"","ast-breadcrumbs-content":"","ast-featured-img":"","footer-sml-layout":"","ast-disable-related-posts":"","theme-transparent-header-meta":"default","adv-header-id-meta":"","stick-header-meta":"","header-above-stick-meta":"","header-main-stick-meta":"","header-below-stick-meta":"","astra-migrate-meta-layouts":"set","ast-page-background-enabled":"default","ast-page-background-meta":{"desktop":{"background-color":"var(--ast-global-color-4)","background-image":"","background-repeat":"repeat","background-position":"center center","background-size":"auto","background-attachment":"scroll","background-type":"","background-media":"","overlay-type":"","overlay-color":"","overlay-opacity":"","overlay-gradient":""},"tablet":{"background-color":"","background-image":"","background-repeat":"repeat","background-position":"center center","background-size":"auto","background-attachment":"scroll","background-type":"","background-media":"","overlay-type":"","overlay-color":"","overlay-opacity":"","overlay-gradient":""},"mobile":{"background-color":"","background-image":"","background-repeat":"repeat","background-position":"center center","background-size":"auto","background-attachment":"scroll","background-type":"","background-media":"","overlay-type":"","overlay-color":"","overlay-opacity":"","overlay-gradient":""}},"ast-content-background-meta":{"desktop":{"background-color":"var(--ast-global-color-5)","background-image":"","background-repeat":"repeat","background-position":"center center","background-size":"auto","background-attachment":"scroll","background-type":"","background-media":"","overlay-type":"","overlay-color":"","overlay-opacity":"","overlay-gradient":""},"tablet":{"background-color":"var(--ast-global-color-5)","background-image":"","background-repeat":"repeat","background-position":"center center","background-size":"auto","background-attachment":"scroll","background-type":"","background-media":"","overlay-type":"","overlay-color":"","overlay-opacity":"","overlay-gradient":""},"mobile":{"background-color":"var(--ast-global-color-5)","background-image":"","background-repeat":"repeat","background-position":"center center","background-size":"auto","background-attachment":"scroll","background-type":"","background-media":"","overlay-type":"","overlay-color":"","overlay-opacity":"","overlay-gradient":""}}},"product_brand":[],"product_cat":[15],"product_tag":[],"class_list":{"0":"post-23003","1":"product","2":"type-product","3":"status-publish","4":"has-post-thumbnail","6":"product_cat-shop","7":"desktop-align-left","8":"tablet-align-left","9":"mobile-align-left","11":"first","12":"instock","13":"taxable","14":"shipping-taxable","15":"purchasable","16":"product-type-variable","17":"has-default-attributes"},"spectra_custom_meta":{"_visibility":["visible"],"_shopify_product_id":["7437934264552"],"_s2w_shopify_domain":["quickdna.myshopify.com"],"_shopify_variant_id":["42550069493992"],"_manage_stock":["no"],"total_sales":["1441"],"_tax_status":["taxable"],"_tax_class":[""],"_backorders":["no"],"_sold_individually":["no"],"_virtual":["no"],"_downloadable":["no"],"_download_limit":["-1"],"_download_expiry":["-1"],"_stock":[null],"_stock_status":["instock"],"_wc_average_rating":["4.73"],"_wc_review_count":["145"],"_product_attributes":["a:1:{s:13:\"discreet-test\";a:6:{s:4:\"name\";s:13:\"Discreet test\";s:5:\"value\";s:8:\"No | Yes\";s:8:\"position\";i:1;s:10:\"is_visible\";i:0;s:12:\"is_variation\";i:1;s:11:\"is_taxonomy\";i:0;}}"],"_product_version":["10.5.2"],"_thumbnail_id":["23013"],"_edit_last":["1"],"_wp_page_template":["default"],"_edit_lock":["1771525303:1"],"merchant-center-availability":["yes"],"merchant-center-category":["505293"],"merchant-center-id":["PAR"],"site-sidebar-layout":["default"],"ast-site-content-layout":["default"],"site-content-style":["default"],"site-sidebar-style":["default"],"theme-transparent-header-meta":["default"],"_wc_rating_count":["a:3:{i:3;i:8;i:4;i:23;i:5;i:114;}"],"_default_attributes":["a:1:{s:13:\"discreet-test\";s:2:\"No\";}"],"_price":["99.90","169.90"],"astra-migrate-meta-layouts":["set"],"_uag_css_file_name":["uag-css-23003.css"],"_elementor_page_assets":["a:0:{}"],"_uag_page_assets":["a:9:{s:3:\"css\";s:7133:\".uag-blocks-common-selector{z-index:var(--z-index-desktop) !important}@media(max-width: 976px){.uag-blocks-common-selector{z-index:var(--z-index-tablet) !important}}@media(max-width: 767px){.uag-blocks-common-selector{z-index:var(--z-index-mobile) !important}}.wp-block-uagb-image{display:flex}.wp-block-uagb-image__figure{position:relative;display:flex;flex-direction:column;max-width:100%;height:auto;margin:0}.wp-block-uagb-image__figure img{height:auto;display:flex;max-width:100%;transition:box-shadow .2s ease}.wp-block-uagb-image__figure>a{display:inline-block}.wp-block-uagb-image__figure figcaption{text-align:center;margin-top:.5em;margin-bottom:1em}.wp-block-uagb-image .components-placeholder.block-editor-media-placeholder .components-placeholder__instructions{align-self:center}.wp-block-uagb-image--align-left{text-align:left}.wp-block-uagb-image--align-right{text-align:right}.wp-block-uagb-image--align-center{text-align:center}.wp-block-uagb-image--align-full .wp-block-uagb-image__figure{margin-left:calc(50% - 50vw);margin-right:calc(50% - 50vw);max-width:100vw;width:100vw;height:auto}.wp-block-uagb-image--align-full .wp-block-uagb-image__figure img{height:auto;width:100% !important}.wp-block-uagb-image--align-wide .wp-block-uagb-image__figure img{height:auto;width:100%}.wp-block-uagb-image--layout-overlay__color-wrapper{position:absolute;left:0;top:0;right:0;bottom:0;opacity:.2;background:rgba(0,0,0,.5);transition:opacity .35s ease-in-out}.wp-block-uagb-image--layout-overlay-link{position:absolute;left:0;right:0;bottom:0;top:0}.wp-block-uagb-image--layout-overlay .wp-block-uagb-image__figure:hover .wp-block-uagb-image--layout-overlay__color-wrapper{opacity:1}.wp-block-uagb-image--layout-overlay__inner{position:absolute;left:15px;right:15px;bottom:15px;top:15px;display:flex;align-items:center;justify-content:center;flex-direction:column;border-color:#fff;transition:.35s ease-in-out}.wp-block-uagb-image--layout-overlay__inner.top-left,.wp-block-uagb-image--layout-overlay__inner.top-center,.wp-block-uagb-image--layout-overlay__inner.top-right{justify-content:flex-start}.wp-block-uagb-image--layout-overlay__inner.bottom-left,.wp-block-uagb-image--layout-overlay__inner.bottom-center,.wp-block-uagb-image--layout-overlay__inner.bottom-right{justify-content:flex-end}.wp-block-uagb-image--layout-overlay__inner.top-left,.wp-block-uagb-image--layout-overlay__inner.center-left,.wp-block-uagb-image--layout-overlay__inner.bottom-left{align-items:flex-start}.wp-block-uagb-image--layout-overlay__inner.top-right,.wp-block-uagb-image--layout-overlay__inner.center-right,.wp-block-uagb-image--layout-overlay__inner.bottom-right{align-items:flex-end}.wp-block-uagb-image--layout-overlay__inner .uagb-image-heading{color:#fff;transition:transform .35s,opacity .35s ease-in-out;transform:translate3d(0, 24px, 0);margin:0;line-height:1em}.wp-block-uagb-image--layout-overlay__inner .uagb-image-separator{width:30%;border-top-width:2px;border-top-color:#fff;border-top-style:solid;margin-bottom:10px;opacity:0;transition:transform .4s,opacity .4s ease-in-out;transform:translate3d(0, 30px, 0)}.wp-block-uagb-image--layout-overlay__inner .uagb-image-caption{opacity:0;overflow:visible;color:#fff;transition:transform .45s,opacity .45s ease-in-out;transform:translate3d(0, 35px, 0)}.wp-block-uagb-image--layout-overlay__inner:hover .uagb-image-heading,.wp-block-uagb-image--layout-overlay__inner:hover .uagb-image-separator,.wp-block-uagb-image--layout-overlay__inner:hover .uagb-image-caption{opacity:1;transform:translate3d(0, 0, 0)}.wp-block-uagb-image--effect-zoomin .wp-block-uagb-image__figure img,.wp-block-uagb-image--effect-zoomin .wp-block-uagb-image__figure .wp-block-uagb-image--layout-overlay__color-wrapper{transform:scale(1);transition:transform .35s ease-in-out}.wp-block-uagb-image--effect-zoomin .wp-block-uagb-image__figure:hover img,.wp-block-uagb-image--effect-zoomin .wp-block-uagb-image__figure:hover .wp-block-uagb-image--layout-overlay__color-wrapper{transform:scale(1.05)}.wp-block-uagb-image--effect-slide .wp-block-uagb-image__figure img,.wp-block-uagb-image--effect-slide .wp-block-uagb-image__figure .wp-block-uagb-image--layout-overlay__color-wrapper{width:calc(100% + 40px) !important;max-width:none !important;transform:translate3d(-40px, 0, 0);transition:transform .35s ease-in-out}.wp-block-uagb-image--effect-slide .wp-block-uagb-image__figure:hover img,.wp-block-uagb-image--effect-slide .wp-block-uagb-image__figure:hover .wp-block-uagb-image--layout-overlay__color-wrapper{transform:translate3d(0, 0, 0)}.wp-block-uagb-image--effect-grayscale img{filter:grayscale(0%);transition:.35s ease-in-out}.wp-block-uagb-image--effect-grayscale:hover img{filter:grayscale(100%)}.wp-block-uagb-image--effect-blur img{filter:blur(0);transition:.35s ease-in-out}.wp-block-uagb-image--effect-blur:hover img{filter:blur(3px)}.uagb-block-e6f939b3.wp-block-uagb-image--layout-default figure img{box-shadow: 0px 0px 0 #00000070;}.uagb-block-e6f939b3.wp-block-uagb-image .wp-block-uagb-image__figure figcaption{font-style: normal;align-self: center;}.uagb-block-e6f939b3.wp-block-uagb-image--layout-overlay figure img{box-shadow: 0px 0px 0 #00000070;}.uagb-block-e6f939b3.wp-block-uagb-image--layout-overlay .wp-block-uagb-image--layout-overlay__color-wrapper{opacity: 0.2;}.uagb-block-e6f939b3.wp-block-uagb-image--layout-overlay .wp-block-uagb-image--layout-overlay__inner{left: 15px;right: 15px;top: 15px;bottom: 15px;}.uagb-block-e6f939b3.wp-block-uagb-image--layout-overlay .wp-block-uagb-image--layout-overlay__inner .uagb-image-heading{font-style: normal;color: #fff;opacity: 1;}.uagb-block-e6f939b3.wp-block-uagb-image--layout-overlay .wp-block-uagb-image--layout-overlay__inner .uagb-image-heading a{color: #fff;}.uagb-block-e6f939b3.wp-block-uagb-image--layout-overlay .wp-block-uagb-image--layout-overlay__inner .uagb-image-caption{opacity: 0;}.uagb-block-e6f939b3.wp-block-uagb-image--layout-overlay .wp-block-uagb-image__figure:hover .wp-block-uagb-image--layout-overlay__color-wrapper{opacity: 1;}.uagb-block-e6f939b3.wp-block-uagb-image .wp-block-uagb-image--layout-overlay__inner .uagb-image-separator{width: 30%;border-top-width: 2px;border-top-color: #fff;opacity: 0;}.uagb-block-e6f939b3.wp-block-uagb-image .wp-block-uagb-image__figure img{width: px;height: auto;}.uagb-block-e6f939b3.wp-block-uagb-image .wp-block-uagb-image__figure:hover .wp-block-uagb-image--layout-overlay__inner .uagb-image-caption{opacity: 1;}.uagb-block-e6f939b3.wp-block-uagb-image .wp-block-uagb-image__figure:hover .wp-block-uagb-image--layout-overlay__inner .uagb-image-separator{opacity: 1;}.uagb-block-e6f939b3.wp-block-uagb-image--layout-default figure:hover img{box-shadow: 0px 0px 0 #00000070;}.uagb-block-e6f939b3.wp-block-uagb-image--layout-overlay figure:hover img{box-shadow: 0px 0px 0 #00000070;}@media only screen and (max-width: 976px) {.uagb-block-e6f939b3.wp-block-uagb-image .wp-block-uagb-image__figure img{width: px;height: auto;}}@media only screen and (max-width: 767px) {.uagb-block-e6f939b3.wp-block-uagb-image .wp-block-uagb-image__figure img{width: px;height: auto;}}\";s:2:\"js\";s:0:\"\";s:18:\"current_block_list\";a:13:{i:0;s:11:\"core\/search\";i:1;s:10:\"core\/group\";i:2;s:12:\"core\/heading\";i:3;s:17:\"core\/latest-posts\";i:4;s:20:\"core\/latest-comments\";i:5;s:13:\"core\/archives\";i:6;s:15:\"core\/categories\";i:7;s:14:\"core\/paragraph\";i:8;s:10:\"uagb\/image\";i:9;s:11:\"core\/spacer\";i:10;s:30:\"woocommerce\/product-categories\";i:11;s:10:\"core\/image\";i:12;s:14:\"core\/shortcode\";}s:8:\"uag_flag\";b:1;s:11:\"uag_version\";s:10:\"1777394548\";s:6:\"gfonts\";a:0:{}s:10:\"gfonts_url\";s:0:\"\";s:12:\"gfonts_files\";a:0:{}s:14:\"uag_faq_layout\";b:0;}"]},"uagb_featured_image_src":{"full":["https:\/\/www.quickdna.com\/wp-content\/uploads\/2025\/06\/box_png_5.png",1000,1000,false],"thumbnail":["https:\/\/www.quickdna.com\/wp-content\/uploads\/2025\/06\/box_png_5-150x150.png",150,150,true],"medium":["https:\/\/www.quickdna.com\/wp-content\/uploads\/2025\/06\/box_png_5-300x300.png",300,300,true],"medium_large":["https:\/\/www.quickdna.com\/wp-content\/uploads\/2025\/06\/box_png_5-768x768.png",768,768,true],"large":["https:\/\/www.quickdna.com\/wp-content\/uploads\/2025\/06\/box_png_5.png",1000,1000,false],"1536x1536":["https:\/\/www.quickdna.com\/wp-content\/uploads\/2025\/06\/box_png_5.png",1000,1000,false],"2048x2048":["https:\/\/www.quickdna.com\/wp-content\/uploads\/2025\/06\/box_png_5.png",1000,1000,false],"trp-custom-language-flag":["https:\/\/www.quickdna.com\/wp-content\/uploads\/2025\/06\/box_png_5-12x12.png",12,12,true],"woocommerce_thumbnail":["https:\/\/www.quickdna.com\/wp-content\/uploads\/2025\/06\/box_png_5-300x300.png",300,300,true],"woocommerce_single":["https:\/\/www.quickdna.com\/wp-content\/uploads\/2025\/06\/box_png_5-600x600.png",600,600,true],"woocommerce_gallery_thumbnail":["https:\/\/www.quickdna.com\/wp-content\/uploads\/2025\/06\/box_png_5-100x100.png",100,100,true]},"uagb_author_info":{"display_name":"admin","author_link":"https:\/\/www.quickdna.com\/si\/author\/"},"uagb_comment_info":145,"uagb_excerpt":"Get clear and reliable answers about biological parentage with laboratory precision. Our DNA paternity test provides scientifically validated results that determine biological relationships with exceptional accuracy, giving you clarity and peace of mind in sensitive situations. Using advanced genetic analysis, we compare specific DNA markers between the alleged father and child to establish parentage with&hellip;","_links":{"self":[{"href":"https:\/\/www.quickdna.com\/si\/wp-json\/wp\/v2\/product\/23003","targetHints":{"allow":["GET"]}}],"collection":[{"href":"https:\/\/www.quickdna.com\/si\/wp-json\/wp\/v2\/product"}],"about":[{"href":"https:\/\/www.quickdna.com\/si\/wp-json\/wp\/v2\/types\/product"}],"replies":[{"embeddable":true,"href":"https:\/\/www.quickdna.com\/si\/wp-json\/wp\/v2\/comments?post=23003"}],"version-history":[{"count":7,"href":"https:\/\/www.quickdna.com\/si\/wp-json\/wp\/v2\/product\/23003\/revisions"}],"predecessor-version":[{"id":30167,"href":"https:\/\/www.quickdna.com\/si\/wp-json\/wp\/v2\/product\/23003\/revisions\/30167"}],"wp:featuredmedia":[{"embeddable":true,"href":"https:\/\/www.quickdna.com\/si\/wp-json\/wp\/v2\/media\/23013"}],"wp:attachment":[{"href":"https:\/\/www.quickdna.com\/si\/wp-json\/wp\/v2\/media?parent=23003"}],"wp:term":[{"taxonomy":"product_brand","embeddable":true,"href":"https:\/\/www.quickdna.com\/si\/wp-json\/wp\/v2\/product_brand?post=23003"},{"taxonomy":"product_cat","embeddable":true,"href":"https:\/\/www.quickdna.com\/si\/wp-json\/wp\/v2\/product_cat?post=23003"},{"taxonomy":"product_tag","embeddable":true,"href":"https:\/\/www.quickdna.com\/si\/wp-json\/wp\/v2\/product_tag?post=23003"}],"curies":[{"name":"wp","href":"https:\/\/api.w.org\/{rel}","templated":true}]}}