{"id":22999,"date":"2025-06-09T13:23:05","date_gmt":"2025-06-09T11:23:05","guid":{"rendered":"https:\/\/www.quickdna.com\/products\/dna-genetic-test\/"},"modified":"2026-02-19T19:13:08","modified_gmt":"2026-02-19T18:13:08","slug":"dna-genetic-test","status":"publish","type":"product","link":"https:\/\/www.quickdna.com\/si\/products\/dna-genetic-test\/","title":{"rendered":"DNK test porekla"},"content":{"rendered":"<p><strong><img decoding=\"async\" style=\"margin-right: 12px;\" src=\"https:\/\/www.quickdna.com\/wp-content\/uploads\/2026\/02\/Check.svg\" alt=\"\" width=\"18\" height=\"15\" \/>Odkrijte svoje pravo poreklo z napredno globalno analizo DNK.<\/strong> Na\u0161 test DNK za prednike razkriva zgodbo, zapisano v va\u0161ih genih, in vam omogo\u010da, da razi\u0161\u010dete svoje etni\u010dno poreklo v vseh dr\u017eavah in regijah sveta. Z uporabo visoko lo\u010dljivih genetskih ozna\u010devalcev va\u0161 profil DNK primerjamo z obse\u017enimi mednarodnimi referen\u010dnimi podatkovnimi zbirkami in tako zagotovimo podrobno raz\u010dlenitev va\u0161ega izvora, ki ponuja vpogled v globoke geografske korenine in migracijsko zgodovino va\u0161e dru\u017eine.<\/p>\n<p><strong><img decoding=\"async\" style=\"margin-right: 12px;\" src=\"https:\/\/www.quickdna.com\/wp-content\/uploads\/2026\/02\/Check.svg\" alt=\"\" width=\"18\" height=\"15\" \/>Spoznajte svojo farmakolo\u0161ko zdru\u017eljivost za prilagojeno zdravljenje.<\/strong> Na\u0161 test DNK prednikov vklju\u010duje farmakogenetsko analizo, ki preu\u010duje, kako lahko va\u0161i geni vplivajo na va\u0161 odziv na dolo\u010dena zdravila. Te informacije lahko pomagajo ugotoviti morebitno ob\u010dutljivost ali razlike v presnovi zdravil, kar prispeva k varnej\u0161im in bolj prilagojenim zdravstvenim odlo\u010ditvam.<\/p>\n<p><strong><img decoding=\"async\" style=\"margin-right: 12px;\" src=\"https:\/\/www.quickdna.com\/wp-content\/uploads\/2026\/02\/Check.svg\" alt=\"\" width=\"18\" height=\"15\" \/>Optimizirajte svoj \u017eivljenjski slog z vpogledom v genetiko prehrane in vadbe.<\/strong> Test analizira, kako va\u0161a genetska zasnova vpliva na prehrano, telesno dejavnost in presnovo. Prejeli boste informacije o tem, kako se va\u0161e telo odziva na dolo\u010dena hranila, intenzivnost vadbe, vzdr\u017eljivostni trening in okrevanje, kar vam bo omogo\u010dilo, da prilagodite svoj na\u010drt prehrane in telesne pripravljenosti glede na svoj genetski profil.<\/p>\n<p><strong><img decoding=\"async\" style=\"margin-right: 12px;\" src=\"https:\/\/www.quickdna.com\/wp-content\/uploads\/2026\/02\/Check.svg\" alt=\"\" width=\"18\" height=\"15\" \/>Pridobite dragocene zdravstvene informacije z odkrivanjem genetskega tveganja za bolezni.<\/strong> Poleg izvora test omogo\u010da tudi analizo genetskih nagnjenj k boleznim, ki so na podlagi va\u0161ega profila DNK najbolj verjetne. Z ugotavljanjem specifi\u010dnih genetskih razli\u010dic, povezanih z dolo\u010denimi boleznimi, pridobite proaktivno znanje, ki lahko podpira informirane razprave o zdravstveni oskrbi in preventivne strategije.<\/p>\n<p><strong><img decoding=\"async\" style=\"margin-right: 12px;\" src=\"https:\/\/www.quickdna.com\/wp-content\/uploads\/2026\/02\/Check.svg\" alt=\"\" width=\"18\" height=\"15\" \/>Poi\u0161\u010dite sorodnike po vsem svetu, ki si delijo va\u0161o DNK.<\/strong> V na\u0161i obse\u017eni zbirki podatkov lahko odkrijete genetska ujemanja z drugimi posamezniki, ki si z vami delijo segmente DNK. Ta funkcija vam pomaga prepoznati potencialne sorodnike na razli\u010dnih celinah, ponovno vzpostaviti stike z raz\u0161irjenimi dru\u017einskimi vejami in si ustvariti jasnej\u0161o sliko o svoji globalni dru\u017einski mre\u017ei.<\/p>\n<p><strong><img decoding=\"async\" style=\"margin-right: 12px;\" src=\"https:\/\/www.quickdna.com\/wp-content\/uploads\/2026\/02\/Check.svg\" alt=\"\" width=\"18\" height=\"15\" \/>Izberite standardno ali diskretno mo\u017enost vzor\u010denja, ki ustreza va\u0161im potrebam.<\/strong> Izberete lahko standardni test, ki vklju\u010duje sterilne ustne tampone, ki jih ne\u017eno vtremo v lice in vrnemo v laboratorij, ali pa se odlo\u010dite za diskretni test, \u010de vam je ljub\u0161e drugo vzor\u010denje. Pri diskretnem testu lahko predlo\u017eite nohte, lase s koreninami, zobne \u0161\u010detke, \u017eve\u010dilni gumi, cigaretne ogorke ali uporabljene vatirane pal\u010dke. Ta prilagodljivost zagotavlja udobje, zasebnost in priro\u010dnost, hkrati pa ohranja zanesljivo laboratorijsko analizo.<\/p>\n<p><strong><img decoding=\"async\" style=\"margin-right: 12px;\" src=\"https:\/\/www.quickdna.com\/wp-content\/uploads\/2026\/02\/Check.svg\" alt=\"\" width=\"18\" height=\"15\" \/>Rezultati so obdelani v laboratoriju s certifikatom ISO 17025.<\/strong> Vsi vzorci DNK se analizirajo v laboratoriju, certificiranem po standardih ISO 17025, kar zagotavlja strog nadzor kakovosti, potrjene znanstvene metode in visoko usposobljene strokovnjake. Ta mednarodno priznani certifikat zagotavlja natan\u010dnost, zanesljivost in upo\u0161tevanje najvi\u0161jih tehni\u010dnih standardov v celotnem postopku testiranja.<\/p>\n<p><strong><img decoding=\"async\" style=\"margin-right: 12px;\" src=\"https:\/\/www.quickdna.com\/wp-content\/uploads\/2026\/02\/Check.svg\" alt=\"\" width=\"18\" height=\"15\" \/>Hitro prejmite rezultate v 72 urah po prejemu iz laboratorija.<\/strong> Ko va\u0161i vzorci prispejo v na\u0161 laboratorij, se takoj za\u010dne analiza. Rezultati so na voljo v 72 urah po prejemu vzorca, kar vam omogo\u010da hiter dostop do podrobnih poro\u010dil o va\u0161ih prednikih, zdravstvenih predispozicijah in genetskih lastnostih brez nepotrebnega \u010dakanja.<\/p>\n<p><strong><img decoding=\"async\" style=\"margin-right: 12px;\" src=\"https:\/\/www.quickdna.com\/wp-content\/uploads\/2026\/02\/Check.svg\" alt=\"\" width=\"18\" height=\"15\" \/>Izkoristite naju\u010dinkovitej\u0161i in cenovno najugodnej\u0161i test DNK prednikov, ki je na voljo.<\/strong> Najsodobnej\u0161o tehnologijo zdru\u017eujemo z optimiziranim delovanjem, da bi zagotovili naju\u010dinkovitej\u0161o analizo po najcenej\u0161i ceni na trgu. Na\u0161e iz\u010drpno poro\u010danje, globalne primerjave podatkovnih zbirk in napredni genetski vpogledi zagotavljajo izjemno vrednost, ne da bi pri tem ogrozili znanstveno strogost.<\/p>\n<p><strong><img decoding=\"async\" style=\"margin-right: 12px;\" src=\"https:\/\/www.quickdna.com\/wp-content\/uploads\/2026\/02\/Check.svg\" alt=\"\" width=\"18\" height=\"15\" \/>Zaradi dostave v 24 urah in jamstva za vra\u010dilo denarja lahko naro\u010dite z zaupanjem.<\/strong> Vedno vam nudimo 24-urno dostavo kompleta za testiranje, tako da lahko za\u010dnete takoj. Poleg tega zagotavljamo popolno jamstvo za vra\u010dilo denarja, \u010de niste zadovoljni z na\u0161o storitvijo. Va\u0161a nalo\u017eba je popolnoma brez tveganja, va\u0161e zadovoljstvo pa ostaja na\u0161a prednostna naloga.<\/p>\n<h2><strong>Navodila<\/strong><\/h2>\n<ul>\n<li>Pri oddaji naro\u010dila izberite \u017eeleno mo\u017enost vzor\u010denja: standardni test z brisom li\u010dnic ali diskretna predlo\u017eitev vzorca.<\/li>\n<li>Po prejemu kompleta s 24-urno dostavo natan\u010dno preberite vsa navodila, preden za\u010dnete zbirati vzorce DNK.<\/li>\n<li>Za standardni test uporabite prilo\u017eene sterilne tampone in jih 30 do 60 sekund na tampon mo\u010dno drgnite v notranjost lica. Vsaj eno uro pred odvzemom ne jejte, ne pijte in ne kadite.<\/li>\n<li>Preden tampone polo\u017eite v za to namenjene ovojnice, jih pustite, da se popolnoma posu\u0161ijo na zraku, da se prepre\u010di razgradnja zaradi vlage.<\/li>\n<li>Za diskretni test zberite ustrezne predmete, kot so nohti, lasje z vidnimi koreninami, uporabljena zobna \u0161\u010detka, \u017eve\u010dilni gumi, cigaretni ogorki ali vatirane pal\u010dke. Prepri\u010dajte se, da vsak vzorec pripada izklju\u010dno testirani osebi in da z njim ravnate previdno, da se izognete kontaminaciji.<\/li>\n<li>Vsak diskreten vzorec polo\u017eite v \u010disto, lo\u010deno posodo ali ovojnico, kot je navedeno v kompletu.<\/li>\n<li>Natan\u010dno izpolnite obrazce za identifikacijo in soglasje, da zagotovite pravilno obdelavo in poro\u010danje.<\/li>\n<li>Vse vzorce varno zapakirajte s prilo\u017eenimi materiali in jih v skladu z navodili vrnite v laboratorij.<\/li>\n<li>Ko laboratorij prejme va\u0161e vzorce, se takoj za\u010dne analiza, ki vklju\u010duje raz\u010dlenitev po prednikih, primerjavo sorodnikov, oceno genetskega tveganja za zdravje, analizo farmakolo\u0161ke zdru\u017eljivosti ter oceno prehrane in odziva na vadbo.<\/li>\n<li>Rezultati bodo dostavljeni v 72 urah po prejemu v laboratoriju, tako da boste lahko podrobno pregledali iz\u010drpno genetsko poro\u010dilo.<\/li>\n<\/ul>","protected":false},"excerpt":{"rendered":"<p>Discover your true origins with advanced global DNA analysis. Our DNA ancestry test unlocks the story written in your genes, allowing you to explore your ethnic origins across all countries and regions of the world. Using high-resolution genetic markers, we compare your DNA profile with extensive international reference databases to provide a detailed breakdown of [&hellip;]<\/p>\n","protected":false},"featured_media":23012,"comment_status":"open","ping_status":"closed","template":"","meta":{"_uag_custom_page_level_css":"","site-sidebar-layout":"default","site-content-layout":"","ast-site-content-layout":"default","site-content-style":"default","site-sidebar-style":"default","ast-global-header-display":"","ast-banner-title-visibility":"","ast-main-header-display":"","ast-hfb-above-header-display":"","ast-hfb-below-header-display":"","ast-hfb-mobile-header-display":"","site-post-title":"","ast-breadcrumbs-content":"","ast-featured-img":"","footer-sml-layout":"","ast-disable-related-posts":"","theme-transparent-header-meta":"default","adv-header-id-meta":"","stick-header-meta":"","header-above-stick-meta":"","header-main-stick-meta":"","header-below-stick-meta":"","astra-migrate-meta-layouts":"set","ast-page-background-enabled":"default","ast-page-background-meta":{"desktop":{"background-color":"var(--ast-global-color-4)","background-image":"","background-repeat":"repeat","background-position":"center center","background-size":"auto","background-attachment":"scroll","background-type":"","background-media":"","overlay-type":"","overlay-color":"","overlay-opacity":"","overlay-gradient":""},"tablet":{"background-color":"","background-image":"","background-repeat":"repeat","background-position":"center center","background-size":"auto","background-attachment":"scroll","background-type":"","background-media":"","overlay-type":"","overlay-color":"","overlay-opacity":"","overlay-gradient":""},"mobile":{"background-color":"","background-image":"","background-repeat":"repeat","background-position":"center center","background-size":"auto","background-attachment":"scroll","background-type":"","background-media":"","overlay-type":"","overlay-color":"","overlay-opacity":"","overlay-gradient":""}},"ast-content-background-meta":{"desktop":{"background-color":"var(--ast-global-color-5)","background-image":"","background-repeat":"repeat","background-position":"center center","background-size":"auto","background-attachment":"scroll","background-type":"","background-media":"","overlay-type":"","overlay-color":"","overlay-opacity":"","overlay-gradient":""},"tablet":{"background-color":"var(--ast-global-color-5)","background-image":"","background-repeat":"repeat","background-position":"center center","background-size":"auto","background-attachment":"scroll","background-type":"","background-media":"","overlay-type":"","overlay-color":"","overlay-opacity":"","overlay-gradient":""},"mobile":{"background-color":"var(--ast-global-color-5)","background-image":"","background-repeat":"repeat","background-position":"center center","background-size":"auto","background-attachment":"scroll","background-type":"","background-media":"","overlay-type":"","overlay-color":"","overlay-opacity":"","overlay-gradient":""}}},"product_brand":[],"product_cat":[15],"product_tag":[],"class_list":{"0":"post-22999","1":"product","2":"type-product","3":"status-publish","4":"has-post-thumbnail","6":"product_cat-shop","7":"desktop-align-left","8":"tablet-align-left","9":"mobile-align-left","11":"first","12":"instock","13":"taxable","14":"shipping-taxable","15":"purchasable","16":"product-type-variable","17":"has-default-attributes"},"spectra_custom_meta":{"_visibility":["visible"],"_shopify_product_id":["7437086130408"],"_s2w_shopify_domain":["quickdna.myshopify.com"],"_shopify_variant_id":["42550085877992"],"_manage_stock":["no"],"total_sales":["1009"],"_tax_status":["taxable"],"_tax_class":[""],"_backorders":["no"],"_sold_individually":["no"],"_virtual":["no"],"_downloadable":["no"],"_download_limit":["-1"],"_download_expiry":["-1"],"_stock":[null],"_stock_status":["instock"],"_wc_average_rating":["4.71"],"_wc_review_count":["97"],"_product_attributes":["a:1:{s:13:\"discreet-test\";a:6:{s:4:\"name\";s:13:\"Discreet test\";s:5:\"value\";s:8:\"No | Yes\";s:8:\"position\";i:1;s:10:\"is_visible\";i:0;s:12:\"is_variation\";i:1;s:11:\"is_taxonomy\";i:0;}}"],"_product_version":["10.5.2"],"_thumbnail_id":["23012"],"_edit_last":["1"],"_wp_page_template":["default"],"_edit_lock":["1777446229:588"],"merchant-center-availability":["yes"],"merchant-center-category":["505293"],"merchant-center-id":["ORI"],"site-sidebar-layout":["default"],"ast-site-content-layout":["default"],"site-content-style":["default"],"site-sidebar-style":["default"],"theme-transparent-header-meta":["default"],"_wc_rating_count":["a:3:{i:3;i:8;i:4;i:12;i:5;i:77;}"],"_default_attributes":["a:1:{s:13:\"discreet-test\";s:2:\"No\";}"],"_price":["99.90","159.90"],"astra-migrate-meta-layouts":["set"],"_uag_css_file_name":["uag-css-22999.css"],"_elementor_page_assets":["a:0:{}"],"_uag_page_assets":["a:9:{s:3:\"css\";s:6873:\".wp-block-uagb-image{display:flex}.wp-block-uagb-image__figure{position:relative;display:flex;flex-direction:column;max-width:100%;height:auto;margin:0}.wp-block-uagb-image__figure img{height:auto;display:flex;max-width:100%;transition:box-shadow .2s ease}.wp-block-uagb-image__figure>a{display:inline-block}.wp-block-uagb-image__figure figcaption{text-align:center;margin-top:.5em;margin-bottom:1em}.wp-block-uagb-image .components-placeholder.block-editor-media-placeholder .components-placeholder__instructions{align-self:center}.wp-block-uagb-image--align-left{text-align:left}.wp-block-uagb-image--align-right{text-align:right}.wp-block-uagb-image--align-center{text-align:center}.wp-block-uagb-image--align-full .wp-block-uagb-image__figure{margin-left:calc(50% - 50vw);margin-right:calc(50% - 50vw);max-width:100vw;width:100vw;height:auto}.wp-block-uagb-image--align-full .wp-block-uagb-image__figure img{height:auto;width:100% !important}.wp-block-uagb-image--align-wide .wp-block-uagb-image__figure img{height:auto;width:100%}.wp-block-uagb-image--layout-overlay__color-wrapper{position:absolute;left:0;top:0;right:0;bottom:0;opacity:.2;background:rgba(0,0,0,.5);transition:opacity .35s ease-in-out}.wp-block-uagb-image--layout-overlay-link{position:absolute;left:0;right:0;bottom:0;top:0}.wp-block-uagb-image--layout-overlay .wp-block-uagb-image__figure:hover .wp-block-uagb-image--layout-overlay__color-wrapper{opacity:1}.wp-block-uagb-image--layout-overlay__inner{position:absolute;left:15px;right:15px;bottom:15px;top:15px;display:flex;align-items:center;justify-content:center;flex-direction:column;border-color:#fff;transition:.35s ease-in-out}.wp-block-uagb-image--layout-overlay__inner.top-left,.wp-block-uagb-image--layout-overlay__inner.top-center,.wp-block-uagb-image--layout-overlay__inner.top-right{justify-content:flex-start}.wp-block-uagb-image--layout-overlay__inner.bottom-left,.wp-block-uagb-image--layout-overlay__inner.bottom-center,.wp-block-uagb-image--layout-overlay__inner.bottom-right{justify-content:flex-end}.wp-block-uagb-image--layout-overlay__inner.top-left,.wp-block-uagb-image--layout-overlay__inner.center-left,.wp-block-uagb-image--layout-overlay__inner.bottom-left{align-items:flex-start}.wp-block-uagb-image--layout-overlay__inner.top-right,.wp-block-uagb-image--layout-overlay__inner.center-right,.wp-block-uagb-image--layout-overlay__inner.bottom-right{align-items:flex-end}.wp-block-uagb-image--layout-overlay__inner .uagb-image-heading{color:#fff;transition:transform .35s,opacity .35s ease-in-out;transform:translate3d(0, 24px, 0);margin:0;line-height:1em}.wp-block-uagb-image--layout-overlay__inner .uagb-image-separator{width:30%;border-top-width:2px;border-top-color:#fff;border-top-style:solid;margin-bottom:10px;opacity:0;transition:transform .4s,opacity .4s ease-in-out;transform:translate3d(0, 30px, 0)}.wp-block-uagb-image--layout-overlay__inner .uagb-image-caption{opacity:0;overflow:visible;color:#fff;transition:transform .45s,opacity .45s ease-in-out;transform:translate3d(0, 35px, 0)}.wp-block-uagb-image--layout-overlay__inner:hover .uagb-image-heading,.wp-block-uagb-image--layout-overlay__inner:hover .uagb-image-separator,.wp-block-uagb-image--layout-overlay__inner:hover .uagb-image-caption{opacity:1;transform:translate3d(0, 0, 0)}.wp-block-uagb-image--effect-zoomin .wp-block-uagb-image__figure img,.wp-block-uagb-image--effect-zoomin .wp-block-uagb-image__figure .wp-block-uagb-image--layout-overlay__color-wrapper{transform:scale(1);transition:transform .35s ease-in-out}.wp-block-uagb-image--effect-zoomin .wp-block-uagb-image__figure:hover img,.wp-block-uagb-image--effect-zoomin .wp-block-uagb-image__figure:hover .wp-block-uagb-image--layout-overlay__color-wrapper{transform:scale(1.05)}.wp-block-uagb-image--effect-slide .wp-block-uagb-image__figure img,.wp-block-uagb-image--effect-slide .wp-block-uagb-image__figure .wp-block-uagb-image--layout-overlay__color-wrapper{width:calc(100% + 40px) !important;max-width:none !important;transform:translate3d(-40px, 0, 0);transition:transform .35s ease-in-out}.wp-block-uagb-image--effect-slide .wp-block-uagb-image__figure:hover img,.wp-block-uagb-image--effect-slide .wp-block-uagb-image__figure:hover .wp-block-uagb-image--layout-overlay__color-wrapper{transform:translate3d(0, 0, 0)}.wp-block-uagb-image--effect-grayscale img{filter:grayscale(0%);transition:.35s ease-in-out}.wp-block-uagb-image--effect-grayscale:hover img{filter:grayscale(100%)}.wp-block-uagb-image--effect-blur img{filter:blur(0);transition:.35s ease-in-out}.wp-block-uagb-image--effect-blur:hover img{filter:blur(3px)}.uagb-block-e6f939b3.wp-block-uagb-image--layout-default figure img{box-shadow: 0px 0px 0 #00000070;}.uagb-block-e6f939b3.wp-block-uagb-image .wp-block-uagb-image__figure figcaption{font-style: normal;align-self: center;}.uagb-block-e6f939b3.wp-block-uagb-image--layout-overlay figure img{box-shadow: 0px 0px 0 #00000070;}.uagb-block-e6f939b3.wp-block-uagb-image--layout-overlay .wp-block-uagb-image--layout-overlay__color-wrapper{opacity: 0.2;}.uagb-block-e6f939b3.wp-block-uagb-image--layout-overlay .wp-block-uagb-image--layout-overlay__inner{left: 15px;right: 15px;top: 15px;bottom: 15px;}.uagb-block-e6f939b3.wp-block-uagb-image--layout-overlay .wp-block-uagb-image--layout-overlay__inner .uagb-image-heading{font-style: normal;color: #fff;opacity: 1;}.uagb-block-e6f939b3.wp-block-uagb-image--layout-overlay .wp-block-uagb-image--layout-overlay__inner .uagb-image-heading a{color: #fff;}.uagb-block-e6f939b3.wp-block-uagb-image--layout-overlay .wp-block-uagb-image--layout-overlay__inner .uagb-image-caption{opacity: 0;}.uagb-block-e6f939b3.wp-block-uagb-image--layout-overlay .wp-block-uagb-image__figure:hover .wp-block-uagb-image--layout-overlay__color-wrapper{opacity: 1;}.uagb-block-e6f939b3.wp-block-uagb-image .wp-block-uagb-image--layout-overlay__inner .uagb-image-separator{width: 30%;border-top-width: 2px;border-top-color: #fff;opacity: 0;}.uagb-block-e6f939b3.wp-block-uagb-image .wp-block-uagb-image__figure img{width: px;height: auto;}.uagb-block-e6f939b3.wp-block-uagb-image .wp-block-uagb-image__figure:hover .wp-block-uagb-image--layout-overlay__inner .uagb-image-caption{opacity: 1;}.uagb-block-e6f939b3.wp-block-uagb-image .wp-block-uagb-image__figure:hover .wp-block-uagb-image--layout-overlay__inner .uagb-image-separator{opacity: 1;}.uagb-block-e6f939b3.wp-block-uagb-image--layout-default figure:hover img{box-shadow: 0px 0px 0 #00000070;}.uagb-block-e6f939b3.wp-block-uagb-image--layout-overlay figure:hover img{box-shadow: 0px 0px 0 #00000070;}@media only screen and (max-width: 976px) {.uagb-block-e6f939b3.wp-block-uagb-image .wp-block-uagb-image__figure img{width: px;height: auto;}}@media only screen and (max-width: 767px) {.uagb-block-e6f939b3.wp-block-uagb-image .wp-block-uagb-image__figure img{width: px;height: auto;}}\";s:2:\"js\";s:0:\"\";s:18:\"current_block_list\";a:13:{i:0;s:11:\"core\/search\";i:1;s:10:\"core\/group\";i:2;s:12:\"core\/heading\";i:3;s:17:\"core\/latest-posts\";i:4;s:20:\"core\/latest-comments\";i:5;s:13:\"core\/archives\";i:6;s:15:\"core\/categories\";i:7;s:14:\"core\/paragraph\";i:8;s:10:\"uagb\/image\";i:9;s:11:\"core\/spacer\";i:10;s:30:\"woocommerce\/product-categories\";i:11;s:10:\"core\/image\";i:12;s:14:\"core\/shortcode\";}s:8:\"uag_flag\";b:1;s:11:\"uag_version\";s:10:\"1777448548\";s:6:\"gfonts\";a:0:{}s:10:\"gfonts_url\";s:0:\"\";s:12:\"gfonts_files\";a:0:{}s:14:\"uag_faq_layout\";b:0;}"]},"uagb_featured_image_src":{"full":["https:\/\/www.quickdna.com\/wp-content\/uploads\/2025\/06\/box_png_4.png",1000,1000,false],"thumbnail":["https:\/\/www.quickdna.com\/wp-content\/uploads\/2025\/06\/box_png_4-150x150.png",150,150,true],"medium":["https:\/\/www.quickdna.com\/wp-content\/uploads\/2025\/06\/box_png_4-300x300.png",300,300,true],"medium_large":["https:\/\/www.quickdna.com\/wp-content\/uploads\/2025\/06\/box_png_4-768x768.png",768,768,true],"large":["https:\/\/www.quickdna.com\/wp-content\/uploads\/2025\/06\/box_png_4.png",1000,1000,false],"1536x1536":["https:\/\/www.quickdna.com\/wp-content\/uploads\/2025\/06\/box_png_4.png",1000,1000,false],"2048x2048":["https:\/\/www.quickdna.com\/wp-content\/uploads\/2025\/06\/box_png_4.png",1000,1000,false],"trp-custom-language-flag":["https:\/\/www.quickdna.com\/wp-content\/uploads\/2025\/06\/box_png_4-12x12.png",12,12,true],"woocommerce_thumbnail":["https:\/\/www.quickdna.com\/wp-content\/uploads\/2025\/06\/box_png_4-300x300.png",300,300,true],"woocommerce_single":["https:\/\/www.quickdna.com\/wp-content\/uploads\/2025\/06\/box_png_4-600x600.png",600,600,true],"woocommerce_gallery_thumbnail":["https:\/\/www.quickdna.com\/wp-content\/uploads\/2025\/06\/box_png_4-100x100.png",100,100,true]},"uagb_author_info":{"display_name":"admin","author_link":"https:\/\/www.quickdna.com\/si\/author\/"},"uagb_comment_info":97,"uagb_excerpt":"Discover your true origins with advanced global DNA analysis. Our DNA ancestry test unlocks the story written in your genes, allowing you to explore your ethnic origins across all countries and regions of the world. Using high-resolution genetic markers, we compare your DNA profile with extensive international reference databases to provide a detailed breakdown of&hellip;","_links":{"self":[{"href":"https:\/\/www.quickdna.com\/si\/wp-json\/wp\/v2\/product\/22999","targetHints":{"allow":["GET"]}}],"collection":[{"href":"https:\/\/www.quickdna.com\/si\/wp-json\/wp\/v2\/product"}],"about":[{"href":"https:\/\/www.quickdna.com\/si\/wp-json\/wp\/v2\/types\/product"}],"replies":[{"embeddable":true,"href":"https:\/\/www.quickdna.com\/si\/wp-json\/wp\/v2\/comments?post=22999"}],"version-history":[{"count":5,"href":"https:\/\/www.quickdna.com\/si\/wp-json\/wp\/v2\/product\/22999\/revisions"}],"predecessor-version":[{"id":30176,"href":"https:\/\/www.quickdna.com\/si\/wp-json\/wp\/v2\/product\/22999\/revisions\/30176"}],"wp:featuredmedia":[{"embeddable":true,"href":"https:\/\/www.quickdna.com\/si\/wp-json\/wp\/v2\/media\/23012"}],"wp:attachment":[{"href":"https:\/\/www.quickdna.com\/si\/wp-json\/wp\/v2\/media?parent=22999"}],"wp:term":[{"taxonomy":"product_brand","embeddable":true,"href":"https:\/\/www.quickdna.com\/si\/wp-json\/wp\/v2\/product_brand?post=22999"},{"taxonomy":"product_cat","embeddable":true,"href":"https:\/\/www.quickdna.com\/si\/wp-json\/wp\/v2\/product_cat?post=22999"},{"taxonomy":"product_tag","embeddable":true,"href":"https:\/\/www.quickdna.com\/si\/wp-json\/wp\/v2\/product_tag?post=22999"}],"curies":[{"name":"wp","href":"https:\/\/api.w.org\/{rel}","templated":true}]}}