{"id":22986,"date":"2025-06-09T13:22:54","date_gmt":"2025-06-09T11:22:54","guid":{"rendered":"https:\/\/www.quickdna.com\/privacy-policy-2\/"},"modified":"2025-06-09T13:47:31","modified_gmt":"2025-06-09T11:47:31","slug":"privacy-policy","status":"publish","type":"page","link":"https:\/\/www.quickdna.com\/si\/privacy-policy\/","title":{"rendered":"Pravilnik o zasebnosti"},"content":{"rendered":"<p><strong>\u010clen 1. Predstavitev spletnega mesta<\/strong><\/p>\n<p>Uporabnikom spletnega mesta je dolo\u010dena identiteta razli\u010dnih zainteresiranih strani v okviru njegovega izvajanja in nadaljnjega spremljanja:<\/p>\n<p>Lastnik : Quick DNA LLC<br \/> Naslov: 74 E Glenwood Ave #334, Smyrna, DE 19977, ZDA <br \/> Delni\u0161ki kapital: 100.000 USD<br \/>Pravna oblika : Dru\u017eba z omejeno odgovornostjo<br \/>\u0160tevilka datoteke : 2530946<\/p>\n<p>Gostitelj : OVH SAS, 2 rue Kellermann, Roubaix, 59100, Francija<strong>\u00a0<\/strong><\/p>\n<p><strong>\u010clen 2. Splo\u0161ni pogoji uporabe<\/strong> <strong>spletnega mesta in ponujenih storitev.<\/strong><\/p>\n<p>Uporaba spletnega mesta pomeni, da se v celoti strinjate s splo\u0161nimi pogoji uporabe, opisanimi v nadaljevanju. Ti pogoji uporabe se lahko kadar koli spremenijo ali dopolnijo, zato uporabnike spletnega mesta pozivamo, da jih redno preverjajo.<\/p>\n<p>To spletno mesto je uporabnikom obi\u010dajno dostopno kadar koli. Vendar se lahko za prekinitev zaradi tehni\u010dnega vzdr\u017eevanja odlo\u010di dru\u017eba Quick DNA LLC, ki si bo prizadevala, da bo uporabnike pred tem obvestila o datumih in urah posega.<\/p>\n<p>Spletno mesto redno posodablja dru\u017eba Quick DNA LLC. Prav tako se lahko pravna obvestila kadar koli spremenijo, kljub temu pa se uporabniku, ki je pozvan, da jih \u010dim pogosteje prebere in se z njimi seznani, vsiljujejo.<\/p>\n<p><strong>\u010clen 3. Opis opravljenih storitev<\/strong><\/p>\n<p>Namen spletne strani je zagotoviti informacije o vseh dejavnostih podjetja.<\/p>\n<p>Dru\u017eba Quick DNA LLC si prizadeva, da bi bile informacije na spletnem mestu \u010dim bolj natan\u010dne. Vendar ne more biti odgovorna za izpuste, neto\u010dnosti in pomanjkljivosti v posodobitvah, ki jih je povzro\u010dila sama ali partnerji tretjih oseb, ki ji zagotavljajo te informacije.<\/p>\n<p>Vse informacije, navedene na spletnem mestu, so zgolj informativne in se lahko spremenijo. Poleg tega informacije na spletnem mestu niso iz\u010drpne. Navedene so pod pogojem, da so bile od objave na spletu spremenjene.<\/p>\n<p><strong>\u010clen 4. Pogodbene omejitve glede tehni\u010dnih podatkov<\/strong><\/p>\n<p>Spletno mesto uporablja tehnologijo JavaScript.<\/p>\n<p>Spletno mesto ne odgovarja za materialno \u0161kodo, povezano z uporabo spletnega mesta. Poleg tega se uporabnik spletnega mesta strinja, da bo do spletnega mesta dostopal z najnovej\u0161o opremo, ki ne vsebuje virusov, in s posodobljenim brskalnikom zadnje generacije.<\/p>\n<p><strong>\u010clen 5. Intelektualna lastnina in ponaredki<\/strong><\/p>\n<p>Quick DNA LLC je lastnik pravic intelektualne lastnine ali ima pravice do uporabe vseh elementov, ki so dostopni na spletnem mestu, zlasti besedil, slik, grafike, logotipa, ikon, zvokov, programske opreme.<\/p>\n<p>Prepovedano je kakr\u0161no koli razmno\u017eevanje, predstavljanje, spreminjanje, objavljanje, prilagajanje vseh ali dela elementov spletnega mesta, ne glede na uporabljeno sredstvo ali postopek, razen s predhodnim pisnim dovoljenjem dru\u017ebe : Quick DNA LLC.<\/p>\n<p>Vsaka nepoobla\u0161\u010dena uporaba spletnega mesta ali katerega koli elementa, ki ga vsebuje, bo obravnavana kot kr\u0161itev in se bo preganjala.<\/p>\n<p><strong>\u010clen 6. Omejitev odgovornosti<\/strong><\/p>\n<p>Dru\u017eba Quick DNA LLC ni odgovorna za neposredno in posredno \u0161kodo, povzro\u010deno na uporabnikovi opremi pri dostopu do spletnega mesta, ki je posledica uporabe opreme, ki ne izpolnjuje specifikacij iz to\u010dke 4, ali pojava napake ali nezdru\u017eljivosti.<\/p>\n<p>Dru\u017eba Quick DNA LLC tudi ne more biti odgovorna za posledi\u010dno \u0161kodo (kot je izguba trga ali izguba prilo\u017enosti), ki bi nastala zaradi uporabe spletnega mesta.<\/p>\n<p>Uporabnikom so na voljo interaktivni prostori (mo\u017enost postavljanja vpra\u0161anj v kontaktnem prostoru). Dru\u017eba Quick DNA LLC si pridr\u017euje pravico, da brez predhodnega obvestila izbri\u0161e vsako vsebino, objavljeno v tem prostoru, ki bi bila v nasprotju z veljavno zakonodajo v dr\u017eavi stalnega prebivali\u0161\u010da prodajalca, zlasti z dolo\u010dbami v zvezi z varstvom podatkov. Po potrebi si dru\u017eba Quick DNA LLC pridr\u017euje tudi pravico do vpra\u0161anja o civilni in\/ali kazenski odgovornosti uporabnika, zlasti v primeru rasisti\u010dnega, \u017ealjivega, obrekljivega ali pornografskega sporo\u010dila, ne glede na uporabljeni medij ( besedilo, fotografija itd.).<\/p>\n<p><strong>\u010clen 7. Upravljanje osebnih podatkov<\/strong><\/p>\n<p>Pri uporabi spletnega mesta se lahko zbirajo naslednji podatki: URL povezav, prek katerih je uporabnik dostopil do spletnega mesta, ponudnik dostopa uporabnika, internetni protokolni naslov (IP) uporabnika.<\/p>\n<p>V vsakem primeru dru\u017eba Quick DNA LLC zbira osebne podatke o uporabniku samo za potrebe dolo\u010denih storitev, ki jih ponuja spletna stran. Uporabnik te podatke posreduje ob polnem poznavanju dejstev, zlasti ko jih vnese sam. Uporabniku spletnega mesta je nato dolo\u010deno, ali je dol\u017ean te podatke posredovati ali ne.<\/p>\n<p>V skladu z dolo\u010dbami o obdelavi podatkov, datotekah in svobo\u0161\u010dinah ima vsak uporabnik pravico do dostopa, popravka in ugovora v zvezi z osebnimi podatki, ki se nana\u0161ajo nanj, in sicer s pisno in podpisano zahtevo, ki ji je prilo\u017eena kopija osebnega dokumenta s podpisom imetnika dokumenta, z navedbo naslova, na katerega je treba poslati odgovor.<\/p>\n<p>Osebni podatki uporabnika spletnega mesta se brez njegove vednosti ne objavljajo, izmenjujejo, prena\u0161ajo, dodeljujejo ali prodajajo tretjim osebam na kakr\u0161nem koli mediju. Samo prevzem dru\u017ebe Quick DNA LLC in njenih pravic bi omogo\u010dil posredovanje navedenih informacij potencialnemu kupcu, ki bi ga po drugi strani zavezovala enaka obveznost glede shranjevanja in spreminjanja podatkov v zvezi z uporabnikom spletnega mesta. web.<\/p>\n<p>Podatkovne zbirke so za\u0161\u010ditene z dolo\u010dbami o pravnem varstvu podatkovnih zbirk.<\/p>\n<p><strong>\u010clen 8. Hipertekstovne povezave in pi\u0161kotki<\/strong><\/p>\n<p>Spletno mesto vsebuje \u0161tevilne hipertekstne povezave do drugih spletnih mest, ki so bile vzpostavljene z dovoljenjem dru\u017ebe Quick DNA LLC. Vendar dru\u017eba Quick DNA LLC nima mo\u017enosti preverjanja vsebine tako obiskanih spletnih mest in zato ne prevzema nobene odgovornosti za to dejstvo.<\/p>\n<p>Brskanje po spletnem mestu lahko povzro\u010di namestitev pi\u0161kotkov na uporabnikov ra\u010dunalnik. Pi\u0161kotek je majhna datoteka, ki ne omogo\u010da identifikacije uporabnika, vendar bele\u017ei informacije v zvezi z navigacijo ra\u010dunalnika po spletnem mestu. Tako pridobljeni podatki so namenjeni la\u017eji nadaljnji navigaciji po spletnem mestu, poleg tega pa omogo\u010dajo razli\u010dne ukrepe za merjenje obiskanosti.<\/p>\n<p>Zavrnitev namestitve pi\u0161kotka lahko onemogo\u010di dostop do nekaterih storitev. Vendar lahko uporabnik svoj ra\u010dunalnik nastavi na naslednji na\u010din, da zavrne namestitev pi\u0161kotkov :<\/p>\n<p>V brskalniku Internet Explorer : zavihek Orodje (piktogram v obliki zobnika v zgornjem desnem kotu) \/ internetne mo\u017enosti. Kliknite Zasebnost in izberite mo\u017enost Blokiraj vse pi\u0161kotke. Potrdite na Ok.<\/p>\n<p>V brskalniku Firefox : na vrhu okna brskalnika kliknite gumb Firefox in nato odprite zavihek Mo\u017enosti. Kliknite zavihek Zasebnost. Nastavite Pravila hranjenja na : uporabi nastavitve po meri za zgodovino. Na koncu odstranite potrditev, da onemogo\u010dite pi\u0161kotke.<\/p>\n<p>V brskalniku Safari: kliknite na ikono menija (ki jo simbolizira zobnik) v zgornjem desnem kotu brskalnika. Izberite Nastavitve. Kliknite Prika\u017ei napredne nastavitve. V razdelku Zasebnost kliknite Nastavitve vsebine. V razdelku \"Pi\u0161kotki\" lahko blokirate pi\u0161kotke.<\/p>\n<p>V brskalniku Chrome: kliknite na ikono menija (ki jo simbolizirajo tri vodoravne \u010drte) v zgornjem desnem kotu brskalnika. Izberite Nastavitve. Kliknite Prika\u017ei napredne nastavitve. V razdelku Zasebnost kliknite nastavitve. V zavihku Zasebnost lahko blokirate pi\u0161kotke.<strong>\u00a0<\/strong><\/p>\n<p><strong>\u010clen 9. Pravo, ki se uporablja, in dolo\u010ditev pristojnosti<\/strong><\/p>\n<p>Za vse spore v zvezi z uporabo spletnega mesta velja zakonodaja, ki velja v dr\u017eavi, v kateri ima prodajalec stalno prebivali\u0161\u010de. Izklju\u010dna pristojnost je podeljena pristojnim sodi\u0161\u010dem v dr\u017eavi stalnega prebivali\u0161\u010da prodajalca.<\/p>\n<p><strong>\u010clen 10. Glosar<\/strong>\u00a0<\/p>\n<p>Uporabnik : internetni uporabnik, ki se povezuje in uporablja zgoraj navedeno spletno mesto.<\/p>\n<p>Osebni podatki : podatki, ki v kakr\u0161ni koli obliki neposredno ali posredno omogo\u010dajo identifikacijo fizi\u010dnih oseb, na katere se nana\u0161ajo.<\/p>","protected":false},"excerpt":{"rendered":"<p>Article 1. Presentation of the site It is specified to users of the website the identity of the various stakeholders in the context of its realization and its follow-up : Owner : Quick DNA LLC Address : 74 E Glenwood Ave #334, Smyrna, DE 19977, USA Share capital : USD 100,000Legal form : Limited liability [&hellip;]<\/p>\n","protected":false},"author":1,"featured_media":0,"parent":0,"menu_order":0,"comment_status":"closed","ping_status":"closed","template":"","meta":{"_uag_custom_page_level_css":"","site-sidebar-layout":"default","site-content-layout":"","ast-site-content-layout":"default","site-content-style":"default","site-sidebar-style":"default","ast-global-header-display":"","ast-banner-title-visibility":"","ast-main-header-display":"","ast-hfb-above-header-display":"","ast-hfb-below-header-display":"","ast-hfb-mobile-header-display":"","site-post-title":"","ast-breadcrumbs-content":"","ast-featured-img":"","footer-sml-layout":"","ast-disable-related-posts":"","theme-transparent-header-meta":"","adv-header-id-meta":"","stick-header-meta":"","header-above-stick-meta":"","header-main-stick-meta":"","header-below-stick-meta":"","astra-migrate-meta-layouts":"default","ast-page-background-enabled":"default","ast-page-background-meta":{"desktop":{"background-color":"var(--ast-global-color-4)","background-image":"","background-repeat":"repeat","background-position":"center center","background-size":"auto","background-attachment":"scroll","background-type":"","background-media":"","overlay-type":"","overlay-color":"","overlay-opacity":"","overlay-gradient":""},"tablet":{"background-color":"","background-image":"","background-repeat":"repeat","background-position":"center center","background-size":"auto","background-attachment":"scroll","background-type":"","background-media":"","overlay-type":"","overlay-color":"","overlay-opacity":"","overlay-gradient":""},"mobile":{"background-color":"","background-image":"","background-repeat":"repeat","background-position":"center center","background-size":"auto","background-attachment":"scroll","background-type":"","background-media":"","overlay-type":"","overlay-color":"","overlay-opacity":"","overlay-gradient":""}},"ast-content-background-meta":{"desktop":{"background-color":"var(--ast-global-color-5)","background-image":"","background-repeat":"repeat","background-position":"center center","background-size":"auto","background-attachment":"scroll","background-type":"","background-media":"","overlay-type":"","overlay-color":"","overlay-opacity":"","overlay-gradient":""},"tablet":{"background-color":"var(--ast-global-color-5)","background-image":"","background-repeat":"repeat","background-position":"center center","background-size":"auto","background-attachment":"scroll","background-type":"","background-media":"","overlay-type":"","overlay-color":"","overlay-opacity":"","overlay-gradient":""},"mobile":{"background-color":"var(--ast-global-color-5)","background-image":"","background-repeat":"repeat","background-position":"center center","background-size":"auto","background-attachment":"scroll","background-type":"","background-media":"","overlay-type":"","overlay-color":"","overlay-opacity":"","overlay-gradient":""}},"footnotes":""},"class_list":["post-22986","page","type-page","status-publish","hentry"],"spectra_custom_meta":{"_s2w_shopify_page_id":["95420514536"],"_s2w_shopify_domain":["quickdna.myshopify.com"],"_edit_last":["1"],"_wp_page_template":["default"],"_edit_lock":["1749469652:1"],"_uag_css_file_name":["uag-css-22986.css"],"_uag_page_assets":["a:9:{s:3:\"css\";s:7156:\".uag-blocks-common-selector{z-index:var(--z-index-desktop) !important}@media (max-width: 976px){.uag-blocks-common-selector{z-index:var(--z-index-tablet) !important}}@media (max-width: 767px){.uag-blocks-common-selector{z-index:var(--z-index-mobile) !important}}\n.wp-block-uagb-image{display:flex}.wp-block-uagb-image__figure{position:relative;display:flex;flex-direction:column;max-width:100%;height:auto;margin:0}.wp-block-uagb-image__figure img{height:auto;display:flex;max-width:100%;transition:box-shadow 0.2s ease}.wp-block-uagb-image__figure>a{display:inline-block}.wp-block-uagb-image__figure figcaption{text-align:center;margin-top:0.5em;margin-bottom:1em}.wp-block-uagb-image .components-placeholder.block-editor-media-placeholder .components-placeholder__instructions{align-self:center}.wp-block-uagb-image--align-left{text-align:left}.wp-block-uagb-image--align-right{text-align:right}.wp-block-uagb-image--align-center{text-align:center}.wp-block-uagb-image--align-full .wp-block-uagb-image__figure{margin-left:calc(50% - 50vw);margin-right:calc(50% - 50vw);max-width:100vw;width:100vw;height:auto}.wp-block-uagb-image--align-full .wp-block-uagb-image__figure img{height:auto;width:100% !important}.wp-block-uagb-image--align-wide .wp-block-uagb-image__figure img{height:auto;width:100%}.wp-block-uagb-image--layout-overlay__color-wrapper{position:absolute;left:0;top:0;right:0;bottom:0;opacity:0.2;background:rgba(0,0,0,0.5);transition:opacity 0.35s ease-in-out}.wp-block-uagb-image--layout-overlay-link{position:absolute;left:0;right:0;bottom:0;top:0}.wp-block-uagb-image--layout-overlay .wp-block-uagb-image__figure:hover .wp-block-uagb-image--layout-overlay__color-wrapper{opacity:1}.wp-block-uagb-image--layout-overlay__inner{position:absolute;left:15px;right:15px;bottom:15px;top:15px;display:flex;align-items:center;justify-content:center;flex-direction:column;border-color:#fff;transition:0.35s ease-in-out}.wp-block-uagb-image--layout-overlay__inner.top-left,.wp-block-uagb-image--layout-overlay__inner.top-center,.wp-block-uagb-image--layout-overlay__inner.top-right{justify-content:flex-start}.wp-block-uagb-image--layout-overlay__inner.bottom-left,.wp-block-uagb-image--layout-overlay__inner.bottom-center,.wp-block-uagb-image--layout-overlay__inner.bottom-right{justify-content:flex-end}.wp-block-uagb-image--layout-overlay__inner.top-left,.wp-block-uagb-image--layout-overlay__inner.center-left,.wp-block-uagb-image--layout-overlay__inner.bottom-left{align-items:flex-start}.wp-block-uagb-image--layout-overlay__inner.top-right,.wp-block-uagb-image--layout-overlay__inner.center-right,.wp-block-uagb-image--layout-overlay__inner.bottom-right{align-items:flex-end}.wp-block-uagb-image--layout-overlay__inner .uagb-image-heading{color:#fff;transition:transform 0.35s, opacity 0.35s ease-in-out;transform:translate3d(0, 24px, 0);margin:0;line-height:1em}.wp-block-uagb-image--layout-overlay__inner .uagb-image-separator{width:30%;border-top-width:2px;border-top-color:#fff;border-top-style:solid;margin-bottom:10px;opacity:0;transition:transform 0.4s, opacity 0.4s ease-in-out;transform:translate3d(0, 30px, 0)}.wp-block-uagb-image--layout-overlay__inner .uagb-image-caption{opacity:0;overflow:visible;color:#fff;transition:transform 0.45s, opacity 0.45s ease-in-out;transform:translate3d(0, 35px, 0)}.wp-block-uagb-image--layout-overlay__inner:hover .uagb-image-heading,.wp-block-uagb-image--layout-overlay__inner:hover .uagb-image-separator,.wp-block-uagb-image--layout-overlay__inner:hover .uagb-image-caption{opacity:1;transform:translate3d(0, 0, 0)}.wp-block-uagb-image--effect-zoomin .wp-block-uagb-image__figure img,.wp-block-uagb-image--effect-zoomin .wp-block-uagb-image__figure .wp-block-uagb-image--layout-overlay__color-wrapper{transform:scale(1);transition:transform 0.35s ease-in-out}.wp-block-uagb-image--effect-zoomin .wp-block-uagb-image__figure:hover img,.wp-block-uagb-image--effect-zoomin .wp-block-uagb-image__figure:hover .wp-block-uagb-image--layout-overlay__color-wrapper{transform:scale(1.05)}.wp-block-uagb-image--effect-slide .wp-block-uagb-image__figure img,.wp-block-uagb-image--effect-slide .wp-block-uagb-image__figure .wp-block-uagb-image--layout-overlay__color-wrapper{width:calc(100% + 40px) !important;max-width:none !important;transform:translate3d(-40px, 0, 0);transition:transform 0.35s ease-in-out}.wp-block-uagb-image--effect-slide .wp-block-uagb-image__figure:hover img,.wp-block-uagb-image--effect-slide .wp-block-uagb-image__figure:hover .wp-block-uagb-image--layout-overlay__color-wrapper{transform:translate3d(0, 0, 0)}.wp-block-uagb-image--effect-grayscale img{filter:grayscale(0%);transition:0.35s ease-in-out}.wp-block-uagb-image--effect-grayscale:hover img{filter:grayscale(100%)}.wp-block-uagb-image--effect-blur img{filter:blur(0);transition:0.35s ease-in-out}.wp-block-uagb-image--effect-blur:hover img{filter:blur(3px)}\n.uagb-block-e6f939b3.wp-block-uagb-image--layout-default figure img{box-shadow: 0px 0px 0 #00000070;}.uagb-block-e6f939b3.wp-block-uagb-image .wp-block-uagb-image__figure figcaption{font-style: normal;align-self: center;}.uagb-block-e6f939b3.wp-block-uagb-image--layout-overlay figure img{box-shadow: 0px 0px 0 #00000070;}.uagb-block-e6f939b3.wp-block-uagb-image--layout-overlay .wp-block-uagb-image--layout-overlay__color-wrapper{opacity: 0.2;}.uagb-block-e6f939b3.wp-block-uagb-image--layout-overlay .wp-block-uagb-image--layout-overlay__inner{left: 15px;right: 15px;top: 15px;bottom: 15px;}.uagb-block-e6f939b3.wp-block-uagb-image--layout-overlay .wp-block-uagb-image--layout-overlay__inner .uagb-image-heading{font-style: normal;color: #fff;opacity: 1;}.uagb-block-e6f939b3.wp-block-uagb-image--layout-overlay .wp-block-uagb-image--layout-overlay__inner .uagb-image-heading a{color: #fff;}.uagb-block-e6f939b3.wp-block-uagb-image--layout-overlay .wp-block-uagb-image--layout-overlay__inner .uagb-image-caption{opacity: 0;}.uagb-block-e6f939b3.wp-block-uagb-image--layout-overlay .wp-block-uagb-image__figure:hover .wp-block-uagb-image--layout-overlay__color-wrapper{opacity: 1;}.uagb-block-e6f939b3.wp-block-uagb-image .wp-block-uagb-image--layout-overlay__inner .uagb-image-separator{width: 30%;border-top-width: 2px;border-top-color: #fff;opacity: 0;}.uagb-block-e6f939b3.wp-block-uagb-image .wp-block-uagb-image__figure img{width: px;height: auto;}.uagb-block-e6f939b3.wp-block-uagb-image .wp-block-uagb-image__figure:hover .wp-block-uagb-image--layout-overlay__inner .uagb-image-caption{opacity: 1;}.uagb-block-e6f939b3.wp-block-uagb-image .wp-block-uagb-image__figure:hover .wp-block-uagb-image--layout-overlay__inner .uagb-image-separator{opacity: 1;}.uagb-block-e6f939b3.wp-block-uagb-image--layout-default figure:hover img{box-shadow: 0px 0px 0 #00000070;}.uagb-block-e6f939b3.wp-block-uagb-image--layout-overlay figure:hover img{box-shadow: 0px 0px 0 #00000070;}@media only screen and (max-width: 976px) {.uagb-block-e6f939b3.wp-block-uagb-image .wp-block-uagb-image__figure img{width: px;height: auto;}}@media only screen and (max-width: 767px) {.uagb-block-e6f939b3.wp-block-uagb-image .wp-block-uagb-image__figure img{width: px;height: auto;}}\";s:2:\"js\";s:0:\"\";s:18:\"current_block_list\";a:13:{i:0;s:11:\"core\/search\";i:1;s:10:\"core\/group\";i:2;s:12:\"core\/heading\";i:3;s:17:\"core\/latest-posts\";i:4;s:20:\"core\/latest-comments\";i:5;s:13:\"core\/archives\";i:6;s:15:\"core\/categories\";i:7;s:14:\"core\/paragraph\";i:8;s:10:\"uagb\/image\";i:9;s:11:\"core\/spacer\";i:10;s:30:\"woocommerce\/product-categories\";i:11;s:10:\"core\/image\";i:12;s:14:\"core\/shortcode\";}s:8:\"uag_flag\";b:1;s:11:\"uag_version\";s:10:\"1776423570\";s:6:\"gfonts\";a:0:{}s:10:\"gfonts_url\";s:0:\"\";s:12:\"gfonts_files\";a:0:{}s:14:\"uag_faq_layout\";b:0;}"]},"uagb_featured_image_src":{"full":false,"thumbnail":false,"medium":false,"medium_large":false,"large":false,"1536x1536":false,"2048x2048":false,"trp-custom-language-flag":false,"woocommerce_thumbnail":false,"woocommerce_single":false,"woocommerce_gallery_thumbnail":false},"uagb_author_info":{"display_name":"admin","author_link":"https:\/\/www.quickdna.com\/si\/author\/admin2721\/"},"uagb_comment_info":0,"uagb_excerpt":"Article 1. Presentation of the site It is specified to users of the website the identity of the various stakeholders in the context of its realization and its follow-up : Owner : Quick DNA LLC Address : 74 E Glenwood Ave #334, Smyrna, DE 19977, USA Share capital : USD 100,000Legal form : Limited liability&hellip;","_links":{"self":[{"href":"https:\/\/www.quickdna.com\/si\/wp-json\/wp\/v2\/pages\/22986","targetHints":{"allow":["GET"]}}],"collection":[{"href":"https:\/\/www.quickdna.com\/si\/wp-json\/wp\/v2\/pages"}],"about":[{"href":"https:\/\/www.quickdna.com\/si\/wp-json\/wp\/v2\/types\/page"}],"author":[{"embeddable":true,"href":"https:\/\/www.quickdna.com\/si\/wp-json\/wp\/v2\/users\/1"}],"replies":[{"embeddable":true,"href":"https:\/\/www.quickdna.com\/si\/wp-json\/wp\/v2\/comments?post=22986"}],"version-history":[{"count":1,"href":"https:\/\/www.quickdna.com\/si\/wp-json\/wp\/v2\/pages\/22986\/revisions"}],"predecessor-version":[{"id":23050,"href":"https:\/\/www.quickdna.com\/si\/wp-json\/wp\/v2\/pages\/22986\/revisions\/23050"}],"wp:attachment":[{"href":"https:\/\/www.quickdna.com\/si\/wp-json\/wp\/v2\/media?parent=22986"}],"curies":[{"name":"wp","href":"https:\/\/api.w.org\/{rel}","templated":true}]}}