{"id":23006,"date":"2025-06-09T13:23:07","date_gmt":"2025-06-09T11:23:07","guid":{"rendered":"https:\/\/www.quickdna.com\/products\/dna-prenatal-test\/"},"modified":"2026-02-19T19:01:53","modified_gmt":"2026-02-19T18:01:53","slug":"dna-prenatal-test","status":"publish","type":"product","link":"https:\/\/www.quickdna.com\/se\/products\/dna-prenatal-test\/","title":{"rendered":"DNA Prenatal faderskapstest"},"content":{"rendered":"<p><strong><img decoding=\"async\" style=\"margin-right: 12px;\" src=\"https:\/\/www.quickdna.com\/wp-content\/uploads\/2026\/02\/Check.svg\" alt=\"\" width=\"18\" height=\"15\" \/>Fastst\u00e4ll faderskapet f\u00f6re f\u00f6dseln med avancerad prenatal DNA-analys.<\/strong> V\u00e5rt prenatala DNA-faderskapstest g\u00f6r det m\u00f6jligt f\u00f6r dig att fastst\u00e4lla biologiskt faderskap under graviditeten med hj\u00e4lp av banbrytande genetisk teknik. Med hj\u00e4lp av mycket k\u00e4nsliga analystekniker j\u00e4mf\u00f6r testet foster-DNA som finns i moderns blod med den p\u00e5st\u00e5dda faderns DNA, vilket ger tydliga och tillf\u00f6rlitliga svar innan barnet f\u00f6ds. Denna tidiga klarhet kan vara avg\u00f6rande f\u00f6r k\u00e4nslom\u00e4ssiga, personliga eller juridiska f\u00f6rberedelser.<\/p>\n<p><strong><img decoding=\"async\" style=\"margin-right: 12px;\" src=\"https:\/\/www.quickdna.com\/wp-content\/uploads\/2026\/02\/Check.svg\" alt=\"\" width=\"18\" height=\"15\" \/>Standard eller diskret provtagningsalternativ f\u00f6r den p\u00e5st\u00e5dde fadern.<\/strong> Vi erbjuder flexibla l\u00f6sningar f\u00f6r att anpassa oss till dina specifika omst\u00e4ndigheter. Med standardalternativet tillhandah\u00e5ller den p\u00e5st\u00e5dda fadern enkla kindpinnar genom att f\u00f6rsiktigt gnugga sterila pinnar inuti munnen och returnera dem till laboratoriet. F\u00f6r st\u00f6rre diskretion till\u00e5ter det diskreta alternativet inl\u00e4mning av alternativa personliga f\u00f6rem\u00e5l som tillh\u00f6r den p\u00e5st\u00e5dda fadern, till exempel naglar, h\u00e5r med r\u00f6tter, tandborstar, tuggummi, cigarettfimpar eller anv\u00e4nda bomullspinnar. Detta garanterar integritet och anpassningsf\u00f6rm\u00e5ga samtidigt som analysens noggrannhet bibeh\u00e5lls.<\/p>\n<p><strong><img decoding=\"async\" style=\"margin-right: 12px;\" src=\"https:\/\/www.quickdna.com\/wp-content\/uploads\/2026\/02\/Check.svg\" alt=\"\" width=\"18\" height=\"15\" \/>Enkel och s\u00e4ker provtagning p\u00e5 m\u00f6drar genom ett blodprov.<\/strong> Modern l\u00e4mnar ett blodprov som inneh\u00e5ller cirkulerande DNA fr\u00e5n fostret som finns naturligt under graviditeten. Detta icke-invasiva tillv\u00e4gag\u00e5ngss\u00e4tt undviker alla risker f\u00f6r fostret och utf\u00f6rs genom ett vanligt blodprov. Provet skickas sedan till v\u00e5rt laboratorium f\u00f6r exakt genetisk j\u00e4mf\u00f6relse med den p\u00e5st\u00e5dda faderns DNA-profil.<\/p>\n<p><strong><img decoding=\"async\" style=\"margin-right: 12px;\" src=\"https:\/\/www.quickdna.com\/wp-content\/uploads\/2026\/02\/Check.svg\" alt=\"\" width=\"18\" height=\"15\" \/>F\u00f6rlita dig p\u00e5 ett ISO 17025-certifierat laboratorium f\u00f6r maximal vetenskaplig tillf\u00f6rlitlighet.<\/strong> Alla analyser utf\u00f6rs i ett ISO 17025-certifierat laboratorium, vilket s\u00e4kerst\u00e4ller strikt efterlevnad av internationellt erk\u00e4nda standarder f\u00f6r testkompetens och kvalitetskontroll. Denna certifiering garanterar validerade procedurer, kalibrerade instrument och experttekniker, vilket ger h\u00f6gsta m\u00f6jliga noggrannhet och f\u00f6rtroende f\u00f6r dina resultat.<\/p>\n<p><strong><img decoding=\"async\" style=\"margin-right: 12px;\" src=\"https:\/\/www.quickdna.com\/wp-content\/uploads\/2026\/02\/Check.svg\" alt=\"\" width=\"18\" height=\"15\" \/>F\u00e5 resultaten inom 72 timmar efter att provet har mottagits p\u00e5 laboratoriet.<\/strong> Vi f\u00f6rst\u00e5r att tiden \u00e4r kritisk i prenatala situationer. N\u00e4r laboratoriet har tagit emot moderns blodprov och den p\u00e5st\u00e5dda faderns DNA-prov levereras resultaten inom 72 timmar. V\u00e5rt str\u00f6mlinjeformade laboratoriearbetsfl\u00f6de s\u00e4kerst\u00e4ller snabb bearbetning utan att kompromissa med vetenskaplig noggrannhet.<\/p>\n<p><strong><img decoding=\"async\" style=\"margin-right: 12px;\" src=\"https:\/\/www.quickdna.com\/wp-content\/uploads\/2026\/02\/Check.svg\" alt=\"\" width=\"18\" height=\"15\" \/>Dra nytta av den mest effektiva metoden f\u00f6r faderskapstestning f\u00f6re f\u00f6dseln som finns tillg\u00e4nglig.<\/strong> V\u00e5r avancerade teknik isolerar och analyserar fostrets DNA med exceptionell precision. J\u00e4mf\u00f6relsen av flera genetiska mark\u00f6rer ger mycket avg\u00f6rande resultat. N\u00e4r faderskap bekr\u00e4ftas \u00f6verstiger sannolikheten vanligtvis 99,9%, medan uteslutningar \u00e4r definitiva om den p\u00e5st\u00e5dda fadern inte \u00e4r biologiskt relaterad. Denna niv\u00e5 av effektivitet placerar v\u00e5rt test bland de mest tillf\u00f6rlitliga prenatala l\u00f6sningarna som finns tillg\u00e4ngliga.<\/p>\n<p><strong><img decoding=\"async\" style=\"margin-right: 12px;\" src=\"https:\/\/www.quickdna.com\/wp-content\/uploads\/2026\/02\/Check.svg\" alt=\"\" width=\"18\" height=\"15\" \/>F\u00e5 tillg\u00e5ng till f\u00f6rstklassiga laboratorietester till det mest konkurrenskraftiga priset.<\/strong> Vi har \u00e5tagit oss att erbjuda det billigaste h\u00f6gkvalitativa DNA-faderskapstestet f\u00f6r prenatalt faderskap p\u00e5 marknaden. Genom optimerade laboratorieprocesser och effektiv logistik minskar vi kostnaderna samtidigt som vi uppr\u00e4tth\u00e5ller exceptionella standarder. Detta s\u00e4kerst\u00e4ller att du f\u00e5r korrekt, certifierad testning till b\u00e4sta m\u00f6jliga pris.<\/p>\n<p><strong><img decoding=\"async\" style=\"margin-right: 12px;\" src=\"https:\/\/www.quickdna.com\/wp-content\/uploads\/2026\/02\/Check.svg\" alt=\"\" width=\"18\" height=\"15\" \/>F\u00e5 leverans dygnet runt s\u00e5 att du kan p\u00e5b\u00f6rja processen utan dr\u00f6jsm\u00e5l.<\/strong> Vi erbjuder alltid 24-timmars leverans av ditt testkit, s\u00e5 att du snabbt kan p\u00e5b\u00f6rja provtagningen. Snabb leverans s\u00e4kerst\u00e4ller att b\u00e5de moderns blodinsamling och den p\u00e5st\u00e5dda faderns provins\u00e4ndning kan forts\u00e4tta s\u00e5 snart som m\u00f6jligt.<\/p>\n<p><strong><img decoding=\"async\" style=\"margin-right: 12px;\" src=\"https:\/\/www.quickdna.com\/wp-content\/uploads\/2026\/02\/Check.svg\" alt=\"\" width=\"18\" height=\"15\" \/>Fullst\u00e4ndig sekretess och diskret hantering av ditt \u00e4rende.<\/strong> Vi behandlar varje prenatalt faderskaps\u00e4rende med strikt sekretess. Fr\u00e5n neutral f\u00f6rpackning och s\u00e4ker dokumentation till skyddad resultatleverans respekteras din integritet i varje steg. Det diskreta provtagningsalternativet f\u00f6r den p\u00e5st\u00e5dda fadern f\u00f6rb\u00e4ttrar sekretessen ytterligare n\u00e4r det beh\u00f6vs.<\/p>\n<p><strong><img decoding=\"async\" style=\"margin-right: 12px;\" src=\"https:\/\/www.quickdna.com\/wp-content\/uploads\/2026\/02\/Check.svg\" alt=\"\" width=\"18\" height=\"15\" \/>K\u00f6p med tillf\u00f6rsikt tack vare v\u00e5r pengarna-tillbaka-garanti.<\/strong> Vi st\u00e5r helt bakom tillf\u00f6rlitligheten och professionalismen i v\u00e5rt DNA prenatala faderskapstest. Om du inte \u00e4r n\u00f6jd med v\u00e5r tj\u00e4nst erbjuder vi en pengarna-tillbaka-garanti. Detta \u00e5tagande s\u00e4kerst\u00e4ller att ditt beslut att g\u00e5 vidare \u00e4r helt riskfritt och st\u00f6ds av v\u00e5rt engagemang f\u00f6r kundn\u00f6jdhet.<\/p>\n<h2><strong>Instruktioner<\/strong><\/h2>\n<ul>\n<li>V\u00e4lj \u00f6nskat alternativ f\u00f6r den p\u00e5st\u00e5dde fadern n\u00e4r du g\u00f6r din best\u00e4llning: standardtest med kindpinne eller diskret inl\u00e4mning av prov.<\/li>\n<li>N\u00e4r du har f\u00e5tt satsen med 24-timmarsleverans ska du noggrant g\u00e5 igenom alla bifogade instruktioner innan du tar prover.<\/li>\n<li>Se till att ett blodprov tas p\u00e5 mamman enligt de riktlinjer som anges. Blodprovet m\u00e5ste m\u00e4rkas och hanteras p\u00e5 r\u00e4tt s\u00e4tt f\u00f6r att s\u00e4kerst\u00e4lla en korrekt analys av fostrets DNA.<\/li>\n<li>Se till att blodprovet fr\u00e5n modern samlas in enligt hygieniska och professionella rutiner och f\u00f6rpackas enligt anvisningarna f\u00f6r s\u00e4ker transport till laboratoriet.<\/li>\n<li>F\u00f6r standardtestet f\u00f6r p\u00e5st\u00e5dd far, anv\u00e4nd de medf\u00f6ljande sterila bomullspinnarna och gnugga ordentligt inuti kinden i 30 till 60 sekunder per pinne. Undvik att \u00e4ta, dricka eller r\u00f6ka under minst en timme f\u00f6re provtagningen.<\/li>\n<li>L\u00e5t kindpinnarna torka helt innan du l\u00e4gger dem i de avsedda kuverten f\u00f6r att f\u00f6rhindra nedbrytning.<\/li>\n<li>F\u00f6r det diskreta alternativet (endast f\u00f6r pappan), samla in l\u00e4mpliga personliga f\u00f6rem\u00e5l som t.ex. naglar, h\u00e5r med synliga r\u00f6tter, en anv\u00e4nd tandborste, tuggummi, cigarettfimpar eller anv\u00e4nda bomullspinnar. Hantera proverna varsamt f\u00f6r att undvika kontaminering och placera varje f\u00f6rem\u00e5l i en separat, ren beh\u00e5llare.<\/li>\n<li>Fyll i alla n\u00f6dv\u00e4ndiga identifieringsformul\u00e4r korrekt och se till att informationen f\u00f6r modern och den p\u00e5st\u00e5dda fadern st\u00e4mmer \u00f6verens med de inl\u00e4mnade proverna.<\/li>\n<li>F\u00f6rpacka moderns blodprov och den p\u00e5st\u00e5dda faderns DNA-prov p\u00e5 ett s\u00e4kert s\u00e4tt med hj\u00e4lp av det tillhandah\u00e5llna materialet och skicka dem till laboratoriet enligt anvisningarna.<\/li>\n<li>N\u00e4r laboratoriet har mottagit alla n\u00f6dv\u00e4ndiga prover p\u00e5b\u00f6rjas analysen omedelbart. Resultaten kommer att tillhandah\u00e5llas inom 72 timmar efter mottagandet p\u00e5 laboratoriet och levereras p\u00e5 ett s\u00e4kert s\u00e4tt via e-post.<\/li>\n<\/ul>","protected":false},"excerpt":{"rendered":"<p>Determine paternity before birth with advanced prenatal DNA analysis. Our DNA prenatal paternity test allows you to establish biological fatherhood during pregnancy with cutting-edge genetic technology. Using highly sensitive analysis techniques, the test compares fetal DNA present in the mother\u2019s blood with the alleged father\u2019s DNA, providing clear and reliable answers before the child is [&hellip;]<\/p>\n","protected":false},"featured_media":23015,"comment_status":"open","ping_status":"closed","template":"","meta":{"_uag_custom_page_level_css":"","site-sidebar-layout":"default","site-content-layout":"","ast-site-content-layout":"default","site-content-style":"default","site-sidebar-style":"default","ast-global-header-display":"","ast-banner-title-visibility":"","ast-main-header-display":"","ast-hfb-above-header-display":"","ast-hfb-below-header-display":"","ast-hfb-mobile-header-display":"","site-post-title":"","ast-breadcrumbs-content":"","ast-featured-img":"","footer-sml-layout":"","ast-disable-related-posts":"","theme-transparent-header-meta":"default","adv-header-id-meta":"","stick-header-meta":"","header-above-stick-meta":"","header-main-stick-meta":"","header-below-stick-meta":"","astra-migrate-meta-layouts":"set","ast-page-background-enabled":"default","ast-page-background-meta":{"desktop":{"background-color":"var(--ast-global-color-4)","background-image":"","background-repeat":"repeat","background-position":"center center","background-size":"auto","background-attachment":"scroll","background-type":"","background-media":"","overlay-type":"","overlay-color":"","overlay-opacity":"","overlay-gradient":""},"tablet":{"background-color":"","background-image":"","background-repeat":"repeat","background-position":"center center","background-size":"auto","background-attachment":"scroll","background-type":"","background-media":"","overlay-type":"","overlay-color":"","overlay-opacity":"","overlay-gradient":""},"mobile":{"background-color":"","background-image":"","background-repeat":"repeat","background-position":"center center","background-size":"auto","background-attachment":"scroll","background-type":"","background-media":"","overlay-type":"","overlay-color":"","overlay-opacity":"","overlay-gradient":""}},"ast-content-background-meta":{"desktop":{"background-color":"var(--ast-global-color-5)","background-image":"","background-repeat":"repeat","background-position":"center center","background-size":"auto","background-attachment":"scroll","background-type":"","background-media":"","overlay-type":"","overlay-color":"","overlay-opacity":"","overlay-gradient":""},"tablet":{"background-color":"var(--ast-global-color-5)","background-image":"","background-repeat":"repeat","background-position":"center center","background-size":"auto","background-attachment":"scroll","background-type":"","background-media":"","overlay-type":"","overlay-color":"","overlay-opacity":"","overlay-gradient":""},"mobile":{"background-color":"var(--ast-global-color-5)","background-image":"","background-repeat":"repeat","background-position":"center center","background-size":"auto","background-attachment":"scroll","background-type":"","background-media":"","overlay-type":"","overlay-color":"","overlay-opacity":"","overlay-gradient":""}}},"product_brand":[],"product_cat":[15],"product_tag":[],"class_list":{"0":"post-23006","1":"product","2":"type-product","3":"status-publish","4":"has-post-thumbnail","6":"product_cat-shop","7":"desktop-align-left","8":"tablet-align-left","9":"mobile-align-left","11":"first","12":"instock","13":"taxable","14":"shipping-taxable","15":"purchasable","16":"product-type-variable","17":"has-default-attributes"},"spectra_custom_meta":{"_visibility":["visible"],"_shopify_product_id":["7904181256424"],"_s2w_shopify_domain":["quickdna.myshopify.com"],"_shopify_variant_id":["44228462936296"],"_manage_stock":["no"],"total_sales":["199"],"_tax_status":["taxable"],"_tax_class":[""],"_backorders":["no"],"_sold_individually":["no"],"_virtual":["no"],"_downloadable":["no"],"_download_limit":["-1"],"_download_expiry":["-1"],"_stock":[null],"_stock_status":["instock"],"_wc_average_rating":["4.91"],"_wc_review_count":["93"],"_product_attributes":["a:1:{s:13:\"discreet-test\";a:6:{s:4:\"name\";s:13:\"Discreet test\";s:5:\"value\";s:8:\"No | Yes\";s:8:\"position\";i:1;s:10:\"is_visible\";i:0;s:12:\"is_variation\";i:1;s:11:\"is_taxonomy\";i:0;}}"],"_product_version":["10.5.2"],"_thumbnail_id":["23015"],"_edit_last":["1"],"_wp_page_template":["default"],"_edit_lock":["1771523977:1"],"merchant-center-availability":["yes"],"merchant-center-category":["505293"],"site-sidebar-layout":["default"],"ast-site-content-layout":["default"],"site-content-style":["default"],"site-sidebar-style":["default"],"theme-transparent-header-meta":["default"],"_wc_rating_count":["a:3:{i:3;i:1;i:4;i:6;i:5;i:86;}"],"_default_attributes":["a:1:{s:13:\"discreet-test\";s:2:\"No\";}"],"_price":["299.90","359.90"],"merchant-center-id":["PRE"],"astra-migrate-meta-layouts":["set"],"_uag_css_file_name":["uag-css-23006.css"],"_elementor_page_assets":["a:0:{}"]},"uagb_featured_image_src":{"full":["https:\/\/www.quickdna.com\/wp-content\/uploads\/2025\/06\/Sans_titre__50_-removebg-preview.png",500,500,false],"thumbnail":["https:\/\/www.quickdna.com\/wp-content\/uploads\/2025\/06\/Sans_titre__50_-removebg-preview-150x150.png",150,150,true],"medium":["https:\/\/www.quickdna.com\/wp-content\/uploads\/2025\/06\/Sans_titre__50_-removebg-preview-300x300.png",300,300,true],"medium_large":["https:\/\/www.quickdna.com\/wp-content\/uploads\/2025\/06\/Sans_titre__50_-removebg-preview.png",500,500,false],"large":["https:\/\/www.quickdna.com\/wp-content\/uploads\/2025\/06\/Sans_titre__50_-removebg-preview.png",500,500,false],"1536x1536":["https:\/\/www.quickdna.com\/wp-content\/uploads\/2025\/06\/Sans_titre__50_-removebg-preview.png",500,500,false],"2048x2048":["https:\/\/www.quickdna.com\/wp-content\/uploads\/2025\/06\/Sans_titre__50_-removebg-preview.png",500,500,false],"trp-custom-language-flag":["https:\/\/www.quickdna.com\/wp-content\/uploads\/2025\/06\/Sans_titre__50_-removebg-preview-12x12.png",12,12,true],"woocommerce_thumbnail":["https:\/\/www.quickdna.com\/wp-content\/uploads\/2025\/06\/Sans_titre__50_-removebg-preview-300x300.png",300,300,true],"woocommerce_single":["https:\/\/www.quickdna.com\/wp-content\/uploads\/2025\/06\/Sans_titre__50_-removebg-preview.png",500,500,false],"woocommerce_gallery_thumbnail":["https:\/\/www.quickdna.com\/wp-content\/uploads\/2025\/06\/Sans_titre__50_-removebg-preview-100x100.png",100,100,true]},"uagb_author_info":{"display_name":"admin","author_link":"https:\/\/www.quickdna.com\/se\/author\/"},"uagb_comment_info":93,"uagb_excerpt":"Determine paternity before birth with advanced prenatal DNA analysis. Our DNA prenatal paternity test allows you to establish biological fatherhood during pregnancy with cutting-edge genetic technology. Using highly sensitive analysis techniques, the test compares fetal DNA present in the mother\u2019s blood with the alleged father\u2019s DNA, providing clear and reliable answers before the child is&hellip;","_links":{"self":[{"href":"https:\/\/www.quickdna.com\/se\/wp-json\/wp\/v2\/product\/23006","targetHints":{"allow":["GET"]}}],"collection":[{"href":"https:\/\/www.quickdna.com\/se\/wp-json\/wp\/v2\/product"}],"about":[{"href":"https:\/\/www.quickdna.com\/se\/wp-json\/wp\/v2\/types\/product"}],"replies":[{"embeddable":true,"href":"https:\/\/www.quickdna.com\/se\/wp-json\/wp\/v2\/comments?post=23006"}],"version-history":[{"count":9,"href":"https:\/\/www.quickdna.com\/se\/wp-json\/wp\/v2\/product\/23006\/revisions"}],"predecessor-version":[{"id":30174,"href":"https:\/\/www.quickdna.com\/se\/wp-json\/wp\/v2\/product\/23006\/revisions\/30174"}],"wp:featuredmedia":[{"embeddable":true,"href":"https:\/\/www.quickdna.com\/se\/wp-json\/wp\/v2\/media\/23015"}],"wp:attachment":[{"href":"https:\/\/www.quickdna.com\/se\/wp-json\/wp\/v2\/media?parent=23006"}],"wp:term":[{"taxonomy":"product_brand","embeddable":true,"href":"https:\/\/www.quickdna.com\/se\/wp-json\/wp\/v2\/product_brand?post=23006"},{"taxonomy":"product_cat","embeddable":true,"href":"https:\/\/www.quickdna.com\/se\/wp-json\/wp\/v2\/product_cat?post=23006"},{"taxonomy":"product_tag","embeddable":true,"href":"https:\/\/www.quickdna.com\/se\/wp-json\/wp\/v2\/product_tag?post=23006"}],"curies":[{"name":"wp","href":"https:\/\/api.w.org\/{rel}","templated":true}]}}