{"id":23006,"date":"2025-06-09T13:23:07","date_gmt":"2025-06-09T11:23:07","guid":{"rendered":"https:\/\/www.quickdna.com\/products\/dna-prenatal-test\/"},"modified":"2026-02-19T19:01:53","modified_gmt":"2026-02-19T18:01:53","slug":"dna-prenatal-test","status":"publish","type":"product","link":"https:\/\/www.quickdna.com\/ro\/products\/dna-prenatal-test\/","title":{"rendered":"Test prenatal de paternitate ADN"},"content":{"rendered":"<p><strong><img decoding=\"async\" style=\"margin-right: 12px;\" src=\"https:\/\/www.quickdna.com\/wp-content\/uploads\/2026\/02\/Check.svg\" alt=\"\" width=\"18\" height=\"15\" \/>Determina\u021bi paternitatea \u00eenainte de na\u0219tere cu ajutorul analizei ADN prenatale avansate.<\/strong> Testul nostru de paternitate prenatal ADN v\u0103 permite s\u0103 stabili\u021bi paternitatea biologic\u0103 \u00een timpul sarcinii cu ajutorul tehnologiei genetice de ultim\u0103 genera\u021bie. Folosind tehnici de analiz\u0103 extrem de sensibile, testul compar\u0103 ADN-ul fetal prezent \u00een s\u00e2ngele mamei cu ADN-ul presupusului tat\u0103, oferind r\u0103spunsuri clare \u0219i fiabile \u00eenainte de na\u0219terea copilului. Aceast\u0103 claritate timpurie poate fi esen\u021bial\u0103 pentru preg\u0103tirea emo\u021bional\u0103, personal\u0103 sau juridic\u0103.<\/p>\n<p><strong><img decoding=\"async\" style=\"margin-right: 12px;\" src=\"https:\/\/www.quickdna.com\/wp-content\/uploads\/2026\/02\/Check.svg\" alt=\"\" width=\"18\" height=\"15\" \/>Op\u021biunea de e\u0219antionare standard sau discret\u0103 pentru presupusul tat\u0103.<\/strong> Oferim solu\u021bii flexibile pentru a ne adapta la circumstan\u021bele dumneavoastr\u0103 specifice. Cu op\u021biunea standard, presupusul tat\u0103 furnizeaz\u0103 simple tampoane de obraz prin frecarea u\u0219oar\u0103 a tampoanelor sterile \u00een interiorul gurii \u0219i returnarea acestora la laborator. Pentru o mai mare discre\u021bie, op\u021biunea discret\u0103 permite prezentarea de obiecte personale alternative apar\u021bin\u00e2nd presupusului tat\u0103, cum ar fi unghii, p\u0103r cu r\u0103d\u0103cini, periu\u021be de din\u021bi, gum\u0103 de mestecat, mucuri de \u021bigar\u0103 sau be\u021bi\u0219oare de bumbac folosite. Acest lucru asigur\u0103 confiden\u021bialitatea \u0219i adaptabilitatea, men\u021bin\u00e2nd \u00een acela\u0219i timp precizia analitic\u0103.<\/p>\n<p><strong><img decoding=\"async\" style=\"margin-right: 12px;\" src=\"https:\/\/www.quickdna.com\/wp-content\/uploads\/2026\/02\/Check.svg\" alt=\"\" width=\"18\" height=\"15\" \/>Recoltarea simpl\u0103 \u0219i sigur\u0103 a probelor materne prin intermediul unei probe de s\u00e2nge.<\/strong> Mama furnizeaz\u0103 o prob\u0103 de s\u00e2nge, care con\u021bine ADN fetal circulant prezent \u00een mod natural \u00een timpul sarcinii. Aceast\u0103 abordare neinvaziv\u0103 evit\u0103 orice risc pentru f\u0103t \u0219i se realizeaz\u0103 printr-o prelevare de s\u00e2nge standard. Proba este apoi trimis\u0103 la laboratorul nostru pentru o compara\u021bie genetic\u0103 precis\u0103 cu profilul ADN al presupusului tat\u0103.<\/p>\n<p><strong><img decoding=\"async\" style=\"margin-right: 12px;\" src=\"https:\/\/www.quickdna.com\/wp-content\/uploads\/2026\/02\/Check.svg\" alt=\"\" width=\"18\" height=\"15\" \/>Conta\u021bi pe un laborator certificat ISO 17025 pentru fiabilitate \u0219tiin\u021bific\u0103 maxim\u0103.<\/strong> Toate analizele sunt efectuate \u00eentr-un laborator certificat ISO 17025, asigur\u00e2nd respectarea strict\u0103 a standardelor recunoscute la nivel interna\u021bional privind competen\u021ba de testare \u0219i controlul calit\u0103\u021bii. Aceast\u0103 certificare garanteaz\u0103 proceduri validate, instrumente calibrate \u0219i tehnicieni exper\u021bi, oferind cel mai \u00eenalt nivel de precizie \u0219i \u00eencredere \u00een rezultatele dumneavoastr\u0103.<\/p>\n<p><strong><img decoding=\"async\" style=\"margin-right: 12px;\" src=\"https:\/\/www.quickdna.com\/wp-content\/uploads\/2026\/02\/Check.svg\" alt=\"\" width=\"18\" height=\"15\" \/>Primi\u021bi rezultatele \u00een termen de 72 de ore de la primirea probei la laborator.<\/strong> \u00cen\u021belegem c\u0103 timpul este esen\u021bial \u00een situa\u021biile prenatale. Odat\u0103 ce laboratorul prime\u0219te proba de s\u00e2nge matern\u0103 \u0219i probele ADN ale presupusului tat\u0103, rezultatele sunt livrate \u00een termen de 72 de ore. Fluxul de lucru simplificat al laboratorului nostru asigur\u0103 o procesare rapid\u0103, f\u0103r\u0103 a compromite rigoarea \u0219tiin\u021bific\u0103.<\/p>\n<p><strong><img decoding=\"async\" style=\"margin-right: 12px;\" src=\"https:\/\/www.quickdna.com\/wp-content\/uploads\/2026\/02\/Check.svg\" alt=\"\" width=\"18\" height=\"15\" \/>Beneficia\u021bi de cea mai eficient\u0103 metod\u0103 de testare prenatal\u0103 a paternit\u0103\u021bii disponibil\u0103.<\/strong> Tehnologia noastr\u0103 avansat\u0103 izoleaz\u0103 \u0219i analizeaz\u0103 ADN-ul fetal cu o precizie excep\u021bional\u0103. Compararea mai multor markeri genetici ofer\u0103 rezultate extrem de concludente. Atunci c\u00e2nd paternitatea este confirmat\u0103, probabilitatea dep\u0103\u0219e\u0219te de obicei 99,9%, \u00een timp ce excluderile sunt definitive dac\u0103 presupusul tat\u0103 nu este \u00eenrudit biologic. Acest nivel de eficacitate plaseaz\u0103 testul nostru printre cele mai fiabile solu\u021bii prenatale disponibile.<\/p>\n<p><strong><img decoding=\"async\" style=\"margin-right: 12px;\" src=\"https:\/\/www.quickdna.com\/wp-content\/uploads\/2026\/02\/Check.svg\" alt=\"\" width=\"18\" height=\"15\" \/>Accesa\u021bi teste de laborator premium la cel mai competitiv pre\u021b.<\/strong> Ne angaj\u0103m s\u0103 oferim cel mai ieftin test ADN prenatal de paternitate de \u00eenalt\u0103 calitate de pe pia\u021b\u0103. Prin procese de laborator optimizate \u0219i logistic\u0103 eficient\u0103, reducem costurile, men\u021bin\u00e2nd \u00een acela\u0219i timp standarde excep\u021bionale. Acest lucru v\u0103 asigur\u0103 c\u0103 primi\u021bi teste exacte, certificate, la cel mai bun pre\u021b posibil.<\/p>\n<p><strong><img decoding=\"async\" style=\"margin-right: 12px;\" src=\"https:\/\/www.quickdna.com\/wp-content\/uploads\/2026\/02\/Check.svg\" alt=\"\" width=\"18\" height=\"15\" \/>Bucura\u021bi-v\u0103 de livrare \u00een 24 de ore pentru a \u00eencepe procesul f\u0103r\u0103 \u00eent\u00e2rziere.<\/strong> \u00centotdeauna asigur\u0103m livrarea kitului de testare \u00een 24 de ore, permi\u021b\u00e2ndu-v\u0103 s\u0103 \u00eencepe\u021bi rapid recoltarea probelor. Livrarea rapid\u0103 asigur\u0103 c\u0103 at\u00e2t recoltarea s\u00e2ngelui matern, c\u00e2t \u0219i trimiterea probei presupusului tat\u0103 pot avea loc c\u00e2t mai cur\u00e2nd posibil.<\/p>\n<p><strong><img decoding=\"async\" style=\"margin-right: 12px;\" src=\"https:\/\/www.quickdna.com\/wp-content\/uploads\/2026\/02\/Check.svg\" alt=\"\" width=\"18\" height=\"15\" \/>Confiden\u021bialitate total\u0103 \u0219i tratare discret\u0103 a cazului dumneavoastr\u0103.<\/strong> Trat\u0103m fiecare caz de paternitate prenatal\u0103 cu strict\u0103 confiden\u021bialitate. De la ambalarea neutr\u0103 \u0219i documenta\u021bia securizat\u0103 p\u00e2n\u0103 la livrarea protejat\u0103 a rezultatelor, confiden\u021bialitatea dumneavoastr\u0103 este respectat\u0103 \u00een fiecare etap\u0103. Op\u021biunea de e\u0219antionare discret\u0103 pentru presupusul tat\u0103 spore\u0219te \u0219i mai mult confiden\u021bialitatea atunci c\u00e2nd este necesar.<\/p>\n<p><strong><img decoding=\"async\" style=\"margin-right: 12px;\" src=\"https:\/\/www.quickdna.com\/wp-content\/uploads\/2026\/02\/Check.svg\" alt=\"\" width=\"18\" height=\"15\" \/>Cump\u0103ra\u021bi cu \u00eencredere datorit\u0103 garan\u021biei noastre de returnare a banilor.<\/strong> Sus\u021binem pe deplin fiabilitatea \u0219i profesionalismul testului nostru de paternitate prenatal ADN. Dac\u0103 nu sunte\u021bi mul\u021bumit de serviciul nostru, oferim o garan\u021bie de returnare a banilor. Acest angajament asigur\u0103 faptul c\u0103 decizia dvs. de a continua este complet lipsit\u0103 de riscuri \u0219i sus\u021binut\u0103 de dedicarea noastr\u0103 pentru satisfac\u021bia clien\u021bilor.<\/p>\n<h2><strong>Instruc\u021biuni<\/strong><\/h2>\n<ul>\n<li>Selecta\u021bi op\u021biunea preferat\u0103 pentru presupusul tat\u0103 atunci c\u00e2nd plasa\u021bi comanda: test standard cu tampon pe obraz sau prezentare discret\u0103 a probei.<\/li>\n<li>La primirea kitului cu livrare \u00een 24 de ore, analiza\u021bi cu aten\u021bie toate instruc\u021biunile ata\u0219ate \u00eenainte de colectarea probelor.<\/li>\n<li>Pentru mam\u0103, dispune\u021bi recoltarea unei probe de s\u00e2nge \u00een conformitate cu instruc\u021biunile furnizate. Proba de s\u00e2nge trebuie etichetat\u0103 \u0219i manipulat\u0103 corespunz\u0103tor pentru a asigura o analiz\u0103 corect\u0103 a ADN-ului fetal.<\/li>\n<li>Asigura\u021bi-v\u0103 c\u0103 e\u0219antionul de s\u00e2nge matern este colectat \u00een conformitate cu procedurile de igien\u0103 \u0219i profesionale \u0219i ambalat conform instruc\u021biunilor pentru a fi transportat \u00een siguran\u021b\u0103 la laborator.<\/li>\n<li>Pentru testul standard al presupusului tat\u0103, utiliza\u021bi tampoanele sterile furnizate \u0219i freca\u021bi ferm \u00een interiorul obrazului timp de 30 p\u00e2n\u0103 la 60 de secunde pentru fiecare tampon. Evita\u021bi s\u0103 m\u00e2nca\u021bi, s\u0103 be\u021bi sau s\u0103 fuma\u021bi cu cel pu\u021bin o or\u0103 \u00eenainte de recoltare.<\/li>\n<li>L\u0103sa\u021bi tampoanele pentru obraz s\u0103 se usuce complet \u00eenainte de a le pune \u00een plicurile desemnate pentru a preveni degradarea.<\/li>\n<li>Pentru op\u021biunea discret\u0103 (numai pentru tat\u0103), colecta\u021bi obiecte personale adecvate, cum ar fi unghiile, p\u0103rul cu r\u0103d\u0103cini vizibile, o periu\u021b\u0103 de din\u021bi folosit\u0103, gum\u0103 de mestecat, mucuri de \u021bigar\u0103 sau be\u021bi\u0219oare de bumbac folosite. Manipula\u021bi probele cu grij\u0103 pentru a evita contaminarea \u0219i pune\u021bi fiecare obiect \u00eentr-un recipient separat, curat.<\/li>\n<li>Completa\u021bi cu exactitate toate formularele de identificare necesare, asigur\u00e2ndu-v\u0103 c\u0103 informa\u021biile referitoare la mam\u0103 \u0219i la presupusul tat\u0103 corespund e\u0219antioanelor prezentate.<\/li>\n<li>Ambala\u021bi proba de s\u00e2nge matern \u0219i probele ADN ale presupusului tat\u0103 \u00een condi\u021bii de siguran\u021b\u0103 folosind materialele furnizate \u0219i trimite\u021bi-le la laborator conform instruc\u021biunilor.<\/li>\n<li>Odat\u0103 ce laboratorul prime\u0219te toate probele necesare, analiza va \u00eencepe imediat. Rezultatele vor fi furnizate \u00een termen de 72 de ore de la primirea la laborator \u0219i livrate \u00een siguran\u021b\u0103 prin e-mail.<\/li>\n<\/ul>","protected":false},"excerpt":{"rendered":"<p>Determine paternity before birth with advanced prenatal DNA analysis. Our DNA prenatal paternity test allows you to establish biological fatherhood during pregnancy with cutting-edge genetic technology. Using highly sensitive analysis techniques, the test compares fetal DNA present in the mother\u2019s blood with the alleged father\u2019s DNA, providing clear and reliable answers before the child is [&hellip;]<\/p>\n","protected":false},"featured_media":23015,"comment_status":"open","ping_status":"closed","template":"","meta":{"_uag_custom_page_level_css":"","site-sidebar-layout":"default","site-content-layout":"","ast-site-content-layout":"default","site-content-style":"default","site-sidebar-style":"default","ast-global-header-display":"","ast-banner-title-visibility":"","ast-main-header-display":"","ast-hfb-above-header-display":"","ast-hfb-below-header-display":"","ast-hfb-mobile-header-display":"","site-post-title":"","ast-breadcrumbs-content":"","ast-featured-img":"","footer-sml-layout":"","ast-disable-related-posts":"","theme-transparent-header-meta":"default","adv-header-id-meta":"","stick-header-meta":"","header-above-stick-meta":"","header-main-stick-meta":"","header-below-stick-meta":"","astra-migrate-meta-layouts":"set","ast-page-background-enabled":"default","ast-page-background-meta":{"desktop":{"background-color":"var(--ast-global-color-4)","background-image":"","background-repeat":"repeat","background-position":"center center","background-size":"auto","background-attachment":"scroll","background-type":"","background-media":"","overlay-type":"","overlay-color":"","overlay-opacity":"","overlay-gradient":""},"tablet":{"background-color":"","background-image":"","background-repeat":"repeat","background-position":"center center","background-size":"auto","background-attachment":"scroll","background-type":"","background-media":"","overlay-type":"","overlay-color":"","overlay-opacity":"","overlay-gradient":""},"mobile":{"background-color":"","background-image":"","background-repeat":"repeat","background-position":"center center","background-size":"auto","background-attachment":"scroll","background-type":"","background-media":"","overlay-type":"","overlay-color":"","overlay-opacity":"","overlay-gradient":""}},"ast-content-background-meta":{"desktop":{"background-color":"var(--ast-global-color-5)","background-image":"","background-repeat":"repeat","background-position":"center center","background-size":"auto","background-attachment":"scroll","background-type":"","background-media":"","overlay-type":"","overlay-color":"","overlay-opacity":"","overlay-gradient":""},"tablet":{"background-color":"var(--ast-global-color-5)","background-image":"","background-repeat":"repeat","background-position":"center center","background-size":"auto","background-attachment":"scroll","background-type":"","background-media":"","overlay-type":"","overlay-color":"","overlay-opacity":"","overlay-gradient":""},"mobile":{"background-color":"var(--ast-global-color-5)","background-image":"","background-repeat":"repeat","background-position":"center center","background-size":"auto","background-attachment":"scroll","background-type":"","background-media":"","overlay-type":"","overlay-color":"","overlay-opacity":"","overlay-gradient":""}}},"product_brand":[],"product_cat":[15],"product_tag":[],"class_list":{"0":"post-23006","1":"product","2":"type-product","3":"status-publish","4":"has-post-thumbnail","6":"product_cat-shop","7":"desktop-align-left","8":"tablet-align-left","9":"mobile-align-left","11":"first","12":"instock","13":"taxable","14":"shipping-taxable","15":"purchasable","16":"product-type-variable","17":"has-default-attributes"},"spectra_custom_meta":{"_visibility":["visible"],"_shopify_product_id":["7904181256424"],"_s2w_shopify_domain":["quickdna.myshopify.com"],"_shopify_variant_id":["44228462936296"],"_manage_stock":["no"],"total_sales":["199"],"_tax_status":["taxable"],"_tax_class":[""],"_backorders":["no"],"_sold_individually":["no"],"_virtual":["no"],"_downloadable":["no"],"_download_limit":["-1"],"_download_expiry":["-1"],"_stock":[null],"_stock_status":["instock"],"_wc_average_rating":["4.91"],"_wc_review_count":["93"],"_product_attributes":["a:1:{s:13:\"discreet-test\";a:6:{s:4:\"name\";s:13:\"Discreet test\";s:5:\"value\";s:8:\"No | Yes\";s:8:\"position\";i:1;s:10:\"is_visible\";i:0;s:12:\"is_variation\";i:1;s:11:\"is_taxonomy\";i:0;}}"],"_product_version":["10.5.2"],"_thumbnail_id":["23015"],"_edit_last":["1"],"_wp_page_template":["default"],"_edit_lock":["1771523977:1"],"merchant-center-availability":["yes"],"merchant-center-category":["505293"],"site-sidebar-layout":["default"],"ast-site-content-layout":["default"],"site-content-style":["default"],"site-sidebar-style":["default"],"theme-transparent-header-meta":["default"],"_wc_rating_count":["a:3:{i:3;i:1;i:4;i:6;i:5;i:86;}"],"_default_attributes":["a:1:{s:13:\"discreet-test\";s:2:\"No\";}"],"_price":["299.90","359.90"],"merchant-center-id":["PRE"],"astra-migrate-meta-layouts":["set"],"_uag_css_file_name":["uag-css-23006.css"],"_elementor_page_assets":["a:0:{}"],"_uag_page_assets":["a:9:{s:3:\"css\";s:7133:\".uag-blocks-common-selector{z-index:var(--z-index-desktop) !important}@media(max-width: 976px){.uag-blocks-common-selector{z-index:var(--z-index-tablet) !important}}@media(max-width: 767px){.uag-blocks-common-selector{z-index:var(--z-index-mobile) !important}}.wp-block-uagb-image{display:flex}.wp-block-uagb-image__figure{position:relative;display:flex;flex-direction:column;max-width:100%;height:auto;margin:0}.wp-block-uagb-image__figure img{height:auto;display:flex;max-width:100%;transition:box-shadow .2s ease}.wp-block-uagb-image__figure>a{display:inline-block}.wp-block-uagb-image__figure figcaption{text-align:center;margin-top:.5em;margin-bottom:1em}.wp-block-uagb-image .components-placeholder.block-editor-media-placeholder .components-placeholder__instructions{align-self:center}.wp-block-uagb-image--align-left{text-align:left}.wp-block-uagb-image--align-right{text-align:right}.wp-block-uagb-image--align-center{text-align:center}.wp-block-uagb-image--align-full .wp-block-uagb-image__figure{margin-left:calc(50% - 50vw);margin-right:calc(50% - 50vw);max-width:100vw;width:100vw;height:auto}.wp-block-uagb-image--align-full .wp-block-uagb-image__figure img{height:auto;width:100% !important}.wp-block-uagb-image--align-wide .wp-block-uagb-image__figure img{height:auto;width:100%}.wp-block-uagb-image--layout-overlay__color-wrapper{position:absolute;left:0;top:0;right:0;bottom:0;opacity:.2;background:rgba(0,0,0,.5);transition:opacity .35s ease-in-out}.wp-block-uagb-image--layout-overlay-link{position:absolute;left:0;right:0;bottom:0;top:0}.wp-block-uagb-image--layout-overlay .wp-block-uagb-image__figure:hover .wp-block-uagb-image--layout-overlay__color-wrapper{opacity:1}.wp-block-uagb-image--layout-overlay__inner{position:absolute;left:15px;right:15px;bottom:15px;top:15px;display:flex;align-items:center;justify-content:center;flex-direction:column;border-color:#fff;transition:.35s ease-in-out}.wp-block-uagb-image--layout-overlay__inner.top-left,.wp-block-uagb-image--layout-overlay__inner.top-center,.wp-block-uagb-image--layout-overlay__inner.top-right{justify-content:flex-start}.wp-block-uagb-image--layout-overlay__inner.bottom-left,.wp-block-uagb-image--layout-overlay__inner.bottom-center,.wp-block-uagb-image--layout-overlay__inner.bottom-right{justify-content:flex-end}.wp-block-uagb-image--layout-overlay__inner.top-left,.wp-block-uagb-image--layout-overlay__inner.center-left,.wp-block-uagb-image--layout-overlay__inner.bottom-left{align-items:flex-start}.wp-block-uagb-image--layout-overlay__inner.top-right,.wp-block-uagb-image--layout-overlay__inner.center-right,.wp-block-uagb-image--layout-overlay__inner.bottom-right{align-items:flex-end}.wp-block-uagb-image--layout-overlay__inner .uagb-image-heading{color:#fff;transition:transform .35s,opacity .35s ease-in-out;transform:translate3d(0, 24px, 0);margin:0;line-height:1em}.wp-block-uagb-image--layout-overlay__inner .uagb-image-separator{width:30%;border-top-width:2px;border-top-color:#fff;border-top-style:solid;margin-bottom:10px;opacity:0;transition:transform .4s,opacity .4s ease-in-out;transform:translate3d(0, 30px, 0)}.wp-block-uagb-image--layout-overlay__inner .uagb-image-caption{opacity:0;overflow:visible;color:#fff;transition:transform .45s,opacity .45s ease-in-out;transform:translate3d(0, 35px, 0)}.wp-block-uagb-image--layout-overlay__inner:hover .uagb-image-heading,.wp-block-uagb-image--layout-overlay__inner:hover .uagb-image-separator,.wp-block-uagb-image--layout-overlay__inner:hover .uagb-image-caption{opacity:1;transform:translate3d(0, 0, 0)}.wp-block-uagb-image--effect-zoomin .wp-block-uagb-image__figure img,.wp-block-uagb-image--effect-zoomin .wp-block-uagb-image__figure .wp-block-uagb-image--layout-overlay__color-wrapper{transform:scale(1);transition:transform .35s ease-in-out}.wp-block-uagb-image--effect-zoomin .wp-block-uagb-image__figure:hover img,.wp-block-uagb-image--effect-zoomin .wp-block-uagb-image__figure:hover .wp-block-uagb-image--layout-overlay__color-wrapper{transform:scale(1.05)}.wp-block-uagb-image--effect-slide .wp-block-uagb-image__figure img,.wp-block-uagb-image--effect-slide .wp-block-uagb-image__figure .wp-block-uagb-image--layout-overlay__color-wrapper{width:calc(100% + 40px) !important;max-width:none !important;transform:translate3d(-40px, 0, 0);transition:transform .35s ease-in-out}.wp-block-uagb-image--effect-slide .wp-block-uagb-image__figure:hover img,.wp-block-uagb-image--effect-slide .wp-block-uagb-image__figure:hover .wp-block-uagb-image--layout-overlay__color-wrapper{transform:translate3d(0, 0, 0)}.wp-block-uagb-image--effect-grayscale img{filter:grayscale(0%);transition:.35s ease-in-out}.wp-block-uagb-image--effect-grayscale:hover img{filter:grayscale(100%)}.wp-block-uagb-image--effect-blur img{filter:blur(0);transition:.35s ease-in-out}.wp-block-uagb-image--effect-blur:hover img{filter:blur(3px)}.uagb-block-e6f939b3.wp-block-uagb-image--layout-default figure img{box-shadow: 0px 0px 0 #00000070;}.uagb-block-e6f939b3.wp-block-uagb-image .wp-block-uagb-image__figure figcaption{font-style: normal;align-self: center;}.uagb-block-e6f939b3.wp-block-uagb-image--layout-overlay figure img{box-shadow: 0px 0px 0 #00000070;}.uagb-block-e6f939b3.wp-block-uagb-image--layout-overlay .wp-block-uagb-image--layout-overlay__color-wrapper{opacity: 0.2;}.uagb-block-e6f939b3.wp-block-uagb-image--layout-overlay .wp-block-uagb-image--layout-overlay__inner{left: 15px;right: 15px;top: 15px;bottom: 15px;}.uagb-block-e6f939b3.wp-block-uagb-image--layout-overlay .wp-block-uagb-image--layout-overlay__inner .uagb-image-heading{font-style: normal;color: #fff;opacity: 1;}.uagb-block-e6f939b3.wp-block-uagb-image--layout-overlay .wp-block-uagb-image--layout-overlay__inner .uagb-image-heading a{color: #fff;}.uagb-block-e6f939b3.wp-block-uagb-image--layout-overlay .wp-block-uagb-image--layout-overlay__inner .uagb-image-caption{opacity: 0;}.uagb-block-e6f939b3.wp-block-uagb-image--layout-overlay .wp-block-uagb-image__figure:hover .wp-block-uagb-image--layout-overlay__color-wrapper{opacity: 1;}.uagb-block-e6f939b3.wp-block-uagb-image .wp-block-uagb-image--layout-overlay__inner .uagb-image-separator{width: 30%;border-top-width: 2px;border-top-color: #fff;opacity: 0;}.uagb-block-e6f939b3.wp-block-uagb-image .wp-block-uagb-image__figure img{width: px;height: auto;}.uagb-block-e6f939b3.wp-block-uagb-image .wp-block-uagb-image__figure:hover .wp-block-uagb-image--layout-overlay__inner .uagb-image-caption{opacity: 1;}.uagb-block-e6f939b3.wp-block-uagb-image .wp-block-uagb-image__figure:hover .wp-block-uagb-image--layout-overlay__inner .uagb-image-separator{opacity: 1;}.uagb-block-e6f939b3.wp-block-uagb-image--layout-default figure:hover img{box-shadow: 0px 0px 0 #00000070;}.uagb-block-e6f939b3.wp-block-uagb-image--layout-overlay figure:hover img{box-shadow: 0px 0px 0 #00000070;}@media only screen and (max-width: 976px) {.uagb-block-e6f939b3.wp-block-uagb-image .wp-block-uagb-image__figure img{width: px;height: auto;}}@media only screen and (max-width: 767px) {.uagb-block-e6f939b3.wp-block-uagb-image .wp-block-uagb-image__figure img{width: px;height: auto;}}\";s:2:\"js\";s:0:\"\";s:18:\"current_block_list\";a:13:{i:0;s:11:\"core\/search\";i:1;s:10:\"core\/group\";i:2;s:12:\"core\/heading\";i:3;s:17:\"core\/latest-posts\";i:4;s:20:\"core\/latest-comments\";i:5;s:13:\"core\/archives\";i:6;s:15:\"core\/categories\";i:7;s:14:\"core\/paragraph\";i:8;s:10:\"uagb\/image\";i:9;s:11:\"core\/spacer\";i:10;s:30:\"woocommerce\/product-categories\";i:11;s:10:\"core\/image\";i:12;s:14:\"core\/shortcode\";}s:8:\"uag_flag\";b:1;s:11:\"uag_version\";s:10:\"1777420348\";s:6:\"gfonts\";a:0:{}s:10:\"gfonts_url\";s:0:\"\";s:12:\"gfonts_files\";a:0:{}s:14:\"uag_faq_layout\";b:0;}"]},"uagb_featured_image_src":{"full":["https:\/\/www.quickdna.com\/wp-content\/uploads\/2025\/06\/Sans_titre__50_-removebg-preview.png",500,500,false],"thumbnail":["https:\/\/www.quickdna.com\/wp-content\/uploads\/2025\/06\/Sans_titre__50_-removebg-preview-150x150.png",150,150,true],"medium":["https:\/\/www.quickdna.com\/wp-content\/uploads\/2025\/06\/Sans_titre__50_-removebg-preview-300x300.png",300,300,true],"medium_large":["https:\/\/www.quickdna.com\/wp-content\/uploads\/2025\/06\/Sans_titre__50_-removebg-preview.png",500,500,false],"large":["https:\/\/www.quickdna.com\/wp-content\/uploads\/2025\/06\/Sans_titre__50_-removebg-preview.png",500,500,false],"1536x1536":["https:\/\/www.quickdna.com\/wp-content\/uploads\/2025\/06\/Sans_titre__50_-removebg-preview.png",500,500,false],"2048x2048":["https:\/\/www.quickdna.com\/wp-content\/uploads\/2025\/06\/Sans_titre__50_-removebg-preview.png",500,500,false],"trp-custom-language-flag":["https:\/\/www.quickdna.com\/wp-content\/uploads\/2025\/06\/Sans_titre__50_-removebg-preview-12x12.png",12,12,true],"woocommerce_thumbnail":["https:\/\/www.quickdna.com\/wp-content\/uploads\/2025\/06\/Sans_titre__50_-removebg-preview-300x300.png",300,300,true],"woocommerce_single":["https:\/\/www.quickdna.com\/wp-content\/uploads\/2025\/06\/Sans_titre__50_-removebg-preview.png",500,500,false],"woocommerce_gallery_thumbnail":["https:\/\/www.quickdna.com\/wp-content\/uploads\/2025\/06\/Sans_titre__50_-removebg-preview-100x100.png",100,100,true]},"uagb_author_info":{"display_name":"admin","author_link":"https:\/\/www.quickdna.com\/ro\/author\/"},"uagb_comment_info":93,"uagb_excerpt":"Determine paternity before birth with advanced prenatal DNA analysis. Our DNA prenatal paternity test allows you to establish biological fatherhood during pregnancy with cutting-edge genetic technology. Using highly sensitive analysis techniques, the test compares fetal DNA present in the mother\u2019s blood with the alleged father\u2019s DNA, providing clear and reliable answers before the child is&hellip;","_links":{"self":[{"href":"https:\/\/www.quickdna.com\/ro\/wp-json\/wp\/v2\/product\/23006","targetHints":{"allow":["GET"]}}],"collection":[{"href":"https:\/\/www.quickdna.com\/ro\/wp-json\/wp\/v2\/product"}],"about":[{"href":"https:\/\/www.quickdna.com\/ro\/wp-json\/wp\/v2\/types\/product"}],"replies":[{"embeddable":true,"href":"https:\/\/www.quickdna.com\/ro\/wp-json\/wp\/v2\/comments?post=23006"}],"version-history":[{"count":9,"href":"https:\/\/www.quickdna.com\/ro\/wp-json\/wp\/v2\/product\/23006\/revisions"}],"predecessor-version":[{"id":30174,"href":"https:\/\/www.quickdna.com\/ro\/wp-json\/wp\/v2\/product\/23006\/revisions\/30174"}],"wp:featuredmedia":[{"embeddable":true,"href":"https:\/\/www.quickdna.com\/ro\/wp-json\/wp\/v2\/media\/23015"}],"wp:attachment":[{"href":"https:\/\/www.quickdna.com\/ro\/wp-json\/wp\/v2\/media?parent=23006"}],"wp:term":[{"taxonomy":"product_brand","embeddable":true,"href":"https:\/\/www.quickdna.com\/ro\/wp-json\/wp\/v2\/product_brand?post=23006"},{"taxonomy":"product_cat","embeddable":true,"href":"https:\/\/www.quickdna.com\/ro\/wp-json\/wp\/v2\/product_cat?post=23006"},{"taxonomy":"product_tag","embeddable":true,"href":"https:\/\/www.quickdna.com\/ro\/wp-json\/wp\/v2\/product_tag?post=23006"}],"curies":[{"name":"wp","href":"https:\/\/api.w.org\/{rel}","templated":true}]}}