{"id":22992,"date":"2025-06-09T13:23:04","date_gmt":"2025-06-09T11:23:04","guid":{"rendered":"https:\/\/www.quickdna.com\/products\/animal-breed-animal-test\/"},"modified":"2026-02-19T19:18:18","modified_gmt":"2026-02-19T18:18:18","slug":"animal-breed-animal-test","status":"publish","type":"product","link":"https:\/\/www.quickdna.com\/ro\/products\/animal-breed-animal-test\/","title":{"rendered":"Test ADN pentru rasa animalului"},"content":{"rendered":"<p data-start=\"2\" data-end=\"444\"><strong data-start=\"2\" data-end=\"84\"><img decoding=\"async\" style=\"margin-right: 12px;\" src=\"https:\/\/www.quickdna.com\/wp-content\/uploads\/2026\/02\/Check.svg\" alt=\"\" width=\"18\" height=\"15\" \/>Identifica\u021bi adev\u0103rata compozi\u021bie rasial\u0103 a animalului dumneavoastr\u0103 cu precizie genetic\u0103 avansat\u0103.<\/strong> Testul nostru ADN pentru rase de animale ofer\u0103 o analiz\u0103 genetic\u0103 aprofundat\u0103 pentru a determina compozi\u021bia rasei c\u00e2inelui, pisicii, vacii, cailor, p\u0103s\u0103rilor sau g\u0103inilor dumneavoastr\u0103. Utiliz\u00e2nd markeri ADN de \u00eenalt\u0103 rezolu\u021bie \u0219i baze de date cuprinz\u0103toare de referin\u021b\u0103 pentru rase, identific\u0103m cu exactitate descenden\u021ba de ras\u0103 pur\u0103 sau ascenden\u021ba de ras\u0103 mixt\u0103, oferindu-v\u0103 rezultate clare \u0219i validate \u0219tiin\u021bific \u00een care pute\u021bi avea \u00eencredere.<\/p>\n<p data-start=\"448\" data-end=\"861\"><strong data-start=\"448\" data-end=\"538\"><img decoding=\"async\" style=\"margin-right: 12px;\" src=\"https:\/\/www.quickdna.com\/wp-content\/uploads\/2026\/02\/Check.svg\" alt=\"\" width=\"18\" height=\"15\" \/>Potrivit pentru mai multe specii, inclusiv c\u00e2ini, pisici, vaci, cai, p\u0103s\u0103ri \u0219i g\u0103ini.<\/strong> Acest test ADN versatil este conceput special pentru a acoperi o gam\u0103 larg\u0103 de animale domestice \u0219i de ferm\u0103. Fie c\u0103 sunte\u021bi un proprietar de animale curios cu privire la mo\u0219tenirea companionului dvs. sau un cresc\u0103tor de animale care dore\u0219te confirmarea descenden\u021bei, testul nostru ofer\u0103 o identificare fiabil\u0103 a rasei la toate speciile, cu acelea\u0219i standarde riguroase de laborator.<\/p>\n<p data-start=\"1373\" data-end=\"1767\"><strong data-start=\"1373\" data-end=\"1448\"><img decoding=\"async\" style=\"margin-right: 12px;\" src=\"https:\/\/www.quickdna.com\/wp-content\/uploads\/2026\/02\/Check.svg\" alt=\"\" width=\"18\" height=\"15\" \/>Procesate \u00eentr-un laborator certificat ISO 17025 pentru precizie garantat\u0103.<\/strong> Toate analizele sunt efectuate \u00eentr-un laborator certificat ISO 17025, care asigur\u0103 un management strict al calit\u0103\u021bii, metode de testare validate, echipamente calibrate \u0219i speciali\u0219ti \u00een genetic\u0103 foarte bine preg\u0103ti\u021bi. Aceast\u0103 certificare recunoscut\u0103 la nivel interna\u021bional garanteaz\u0103 precizie, consecven\u021b\u0103 \u0219i rezultate fiabile pentru fiecare animal testat.<\/p>\n<p data-start=\"1771\" data-end=\"2076\"><strong data-start=\"1771\" data-end=\"1833\"><img decoding=\"async\" style=\"margin-right: 12px;\" src=\"https:\/\/www.quickdna.com\/wp-content\/uploads\/2026\/02\/Check.svg\" alt=\"\" width=\"18\" height=\"15\" \/>Primi\u021bi rezultate rapide \u00een termen de 72 de ore de la sosirea probei.<\/strong> Odat\u0103 ce e\u0219antioanele ADN ale animalului dumneavoastr\u0103 sunt primite la laborator, analiza \u00eencepe imediat. Rezultatele sunt livrate \u00een termen de 72 de ore de la primirea laboratorului, permi\u021b\u00e2ndu-v\u0103 s\u0103 ob\u021bine\u021bi rapid informa\u021bii definitive despre ras\u0103, f\u0103r\u0103 perioade lungi de a\u0219teptare.<\/p>\n<p data-start=\"2080\" data-end=\"2448\"><strong data-start=\"2080\" data-end=\"2158\"><img decoding=\"async\" style=\"margin-right: 12px;\" src=\"https:\/\/www.quickdna.com\/wp-content\/uploads\/2026\/02\/Check.svg\" alt=\"\" width=\"18\" height=\"15\" \/>Beneficia\u021bi de cea mai eficient\u0103 tehnologie de identificare a rasei disponibil\u0103.<\/strong> Profilul nostru genetic avansat analizeaz\u0103 numero\u0219i markeri specifici rasei pentru a oferi o identificare extrem de precis\u0103. Fie c\u0103 confirma\u021bi o ras\u0103 \u00eenregistrat\u0103, verifica\u021bi \u00eencruci\u0219\u0103rile sau descoperi\u021bi o ascenden\u021b\u0103 nea\u0219teptat\u0103, testul nostru ofer\u0103 cea mai eficient\u0103 \u0219i detaliat\u0103 defalcare a rasei posibil\u0103.<\/p>\n<p data-start=\"2452\" data-end=\"2802\"><strong data-start=\"2452\" data-end=\"2518\"><img decoding=\"async\" style=\"margin-right: 12px;\" src=\"https:\/\/www.quickdna.com\/wp-content\/uploads\/2026\/02\/Check.svg\" alt=\"\" width=\"18\" height=\"15\" \/>Cel mai ieftin test ADN profesional pentru rase de animale de pe pia\u021b\u0103.<\/strong> Ne angaj\u0103m s\u0103 oferim teste genetice de \u00eenalt\u0103 calitate la cel mai competitiv pre\u021b. Prin procese de laborator optimizate \u0219i distribu\u021bie direct\u0103, oferim analize de calitate profesional\u0103 la cel mai mic cost, asigur\u00e2nd o valoare excep\u021bional\u0103 pentru cresc\u0103tori, fermieri \u0219i proprietari de animale de companie.<\/p>\n<p data-start=\"2806\" data-end=\"3057\"><strong data-start=\"2806\" data-end=\"2858\"><img decoding=\"async\" style=\"margin-right: 12px;\" src=\"https:\/\/www.quickdna.com\/wp-content\/uploads\/2026\/02\/Check.svg\" alt=\"\" width=\"18\" height=\"15\" \/>Livrare \u00een 24 de ore pentru a \u00eencepe testarea f\u0103r\u0103 \u00eent\u00e2rziere.<\/strong> Oferim \u00eentotdeauna livrarea \u00een 24 de ore a kitului dvs. de testare ADN, astfel \u00eenc\u00e2t s\u0103 pute\u021bi \u00eencepe imediat procesul de prelevare a probelor. Livrarea rapid\u0103 v\u0103 asigur\u0103 c\u0103 pute\u021bi colecta \u0219i returna rapid probele pentru o analiz\u0103 prompt\u0103.<\/p>\n<p data-start=\"3061\" data-end=\"3462\"><strong data-start=\"3061\" data-end=\"3125\"><img decoding=\"async\" style=\"margin-right: 12px;\" src=\"https:\/\/www.quickdna.com\/wp-content\/uploads\/2026\/02\/Check.svg\" alt=\"\" width=\"18\" height=\"15\" \/>\u00cembun\u0103t\u0103\u021birea deciziilor de cre\u0219tere \u0219i a strategiilor de gestionare a animalelor.<\/strong> Cunoa\u0219terea exact\u0103 a compozi\u021biei rasiale a animalului dumneavoastr\u0103 sprijin\u0103 programele de reproducere responsabile, ajut\u0103 la prezicerea tr\u0103s\u0103turilor comportamentale \u0219i poate oferi informa\u021bii privind caracteristicile fizice. \u00cen cazul animalelor, cum ar fi vacile, caii, puii \u0219i p\u0103s\u0103rile, verificarea rasei poate sprijini, de asemenea, gestionarea turmei, planificarea performan\u021bei \u0219i acurate\u021bea documenta\u021biei.<\/p>\n<p data-start=\"3466\" data-end=\"3776\"><strong data-start=\"3466\" data-end=\"3519\"><img decoding=\"async\" style=\"margin-right: 12px;\" src=\"https:\/\/www.quickdna.com\/wp-content\/uploads\/2026\/02\/Check.svg\" alt=\"\" width=\"18\" height=\"15\" \/>Achizi\u021bie f\u0103r\u0103 risc cu garan\u021bia noastr\u0103 de returnare a banilor.<\/strong> Sus\u021binem fiabilitatea \u0219i profesionalismul testului nostru ADN pentru rase de animale. Dac\u0103 nu sunte\u021bi mul\u021bumit de serviciul nostru, oferim o garan\u021bie de returnare a banilor. Achizi\u021bia dvs. este complet protejat\u0103, oferindu-v\u0103 \u00eencredere deplin\u0103 \u00een alegerea solu\u021biei noastre de testare.<\/p>\n<h2 data-section-id=\"1izj3ny\" data-start=\"3778\" data-end=\"3793\">Instruc\u021biuni<\/h2>\n<ul data-start=\"3795\" data-end=\"5258\" data-is-only-node=\"\" data-is-last-node=\"\">\n<li data-section-id=\"1tba8gz\" data-start=\"3795\" data-end=\"3888\">\n<p data-start=\"3797\" data-end=\"3888\">Selecta\u021bi specia de animal atunci c\u00e2nd plasa\u021bi comanda: c\u00e2ine, pisic\u0103, vac\u0103, cal, pas\u0103re sau pui.<\/p>\n<\/li>\n<li data-section-id=\"o49p4x\" data-start=\"3890\" data-end=\"4009\">\n<p data-start=\"3892\" data-end=\"4009\">La primirea kitului cu livrare \u00een 24 de ore, citi\u021bi cu aten\u021bie toate instruc\u021biunile incluse \u00eenainte de recoltarea oric\u0103ror probe.<\/p>\n<\/li>\n<li data-section-id=\"1suktjl\" data-start=\"4011\" data-end=\"4247\">\n<p data-start=\"4013\" data-end=\"4247\">Utiliza\u021bi tampoanele sterile furnizate pentru a freca u\u0219or interiorul gurii animalului timp de 30 p\u00e2n\u0103 la 60 de secunde pentru a colecta suficient ADN.<\/p>\n<\/li>\n<li data-section-id=\"1mvxq8m\" data-start=\"4249\" data-end=\"4337\">\n<p data-start=\"4251\" data-end=\"4337\">L\u0103sa\u021bi tampoanele s\u0103 se usuce complet la aer \u00eenainte de a le pune \u00een plicurile desemnate.<\/p>\n<\/li>\n<li data-section-id=\"wrop09\" data-start=\"4339\" data-end=\"4600\">\n<p data-start=\"4341\" data-end=\"4600\">Pentru o prelevare discret\u0103, colecta\u021bi materiale adecvate, cum ar fi p\u0103r cu r\u0103d\u0103cini vizibile, pene cu foliculii intac\u021bi, unghii t\u0103iate sau obiecte care con\u021bin ADN utilizate exclusiv de animal. Asigura\u021bi-v\u0103 c\u0103 e\u0219antioanele sunt curate \u0219i ferite de contaminarea de c\u0103tre alte animale.<\/p>\n<\/li>\n<li data-section-id=\"ru4eo6\" data-start=\"4602\" data-end=\"4702\">\n<p data-start=\"4604\" data-end=\"4702\">Pune\u021bi fiecare prob\u0103 \u00eentr-un recipient sau plic separat, curat, dup\u0103 cum se indic\u0103 \u00een instruc\u021biunile kitului.<\/p>\n<\/li>\n<li data-section-id=\"1yomlap\" data-start=\"4704\" data-end=\"4838\">\n<p data-start=\"4706\" data-end=\"4838\">Completa\u021bi cu exactitate formularul de identificare, incluz\u00e2nd specia animalului, numele, v\u00e2rsta \u0219i orice informa\u021bii relevante privind rasa, dac\u0103 sunt cunoscute.<\/p>\n<\/li>\n<li data-section-id=\"tq9c5p\" data-start=\"4840\" data-end=\"4973\">\n<p data-start=\"4842\" data-end=\"4973\">Ambala\u021bi \u00een siguran\u021b\u0103 toate probele folosind materialele furnizate \u0219i trimite\u021bi-le la laborator conform instruc\u021biunilor de expediere.<\/p>\n<\/li>\n<li data-section-id=\"1az2ol7\" data-start=\"4975\" data-end=\"5059\">\n<p data-start=\"4977\" data-end=\"5059\">Odat\u0103 ce laboratorul prime\u0219te probele, analiza genetic\u0103 va \u00eencepe imediat.<\/p>\n<\/li>\n<li data-section-id=\"1akddh7\" data-start=\"5061\" data-end=\"5258\" data-is-last-node=\"\">\n<p data-start=\"5063\" data-end=\"5258\" data-is-last-node=\"\">Rezultatele vor fi livrate \u00een termen de 72 de ore de la primirea probei la laborator prin metoda de comunicare securizat\u0103 selectat\u0103, oferind o defalcare detaliat\u0103 a compozi\u021biei rasei animalului dumneavoastr\u0103.<\/p>\n<\/li>\n<\/ul>","protected":false},"excerpt":{"rendered":"<p>Identify your animal\u2019s true breed composition with advanced genetic precision. Our animal breed DNA test provides an in-depth genetic analysis to determine the breed composition of your dog, cat, cow, horse, bird, or chicken. Using high-resolution DNA markers and comprehensive breed reference databases, we accurately identify purebred lineage or mixed breed ancestry, giving you clear [&hellip;]<\/p>\n","protected":false},"featured_media":23010,"comment_status":"open","ping_status":"closed","template":"","meta":{"_uag_custom_page_level_css":"","site-sidebar-layout":"default","site-content-layout":"","ast-site-content-layout":"default","site-content-style":"default","site-sidebar-style":"default","ast-global-header-display":"","ast-banner-title-visibility":"","ast-main-header-display":"","ast-hfb-above-header-display":"","ast-hfb-below-header-display":"","ast-hfb-mobile-header-display":"","site-post-title":"","ast-breadcrumbs-content":"","ast-featured-img":"","footer-sml-layout":"","ast-disable-related-posts":"","theme-transparent-header-meta":"default","adv-header-id-meta":"","stick-header-meta":"","header-above-stick-meta":"","header-main-stick-meta":"","header-below-stick-meta":"","astra-migrate-meta-layouts":"set","ast-page-background-enabled":"default","ast-page-background-meta":{"desktop":{"background-color":"var(--ast-global-color-4)","background-image":"","background-repeat":"repeat","background-position":"center center","background-size":"auto","background-attachment":"scroll","background-type":"","background-media":"","overlay-type":"","overlay-color":"","overlay-opacity":"","overlay-gradient":""},"tablet":{"background-color":"","background-image":"","background-repeat":"repeat","background-position":"center center","background-size":"auto","background-attachment":"scroll","background-type":"","background-media":"","overlay-type":"","overlay-color":"","overlay-opacity":"","overlay-gradient":""},"mobile":{"background-color":"","background-image":"","background-repeat":"repeat","background-position":"center center","background-size":"auto","background-attachment":"scroll","background-type":"","background-media":"","overlay-type":"","overlay-color":"","overlay-opacity":"","overlay-gradient":""}},"ast-content-background-meta":{"desktop":{"background-color":"var(--ast-global-color-5)","background-image":"","background-repeat":"repeat","background-position":"center center","background-size":"auto","background-attachment":"scroll","background-type":"","background-media":"","overlay-type":"","overlay-color":"","overlay-opacity":"","overlay-gradient":""},"tablet":{"background-color":"var(--ast-global-color-5)","background-image":"","background-repeat":"repeat","background-position":"center center","background-size":"auto","background-attachment":"scroll","background-type":"","background-media":"","overlay-type":"","overlay-color":"","overlay-opacity":"","overlay-gradient":""},"mobile":{"background-color":"var(--ast-global-color-5)","background-image":"","background-repeat":"repeat","background-position":"center center","background-size":"auto","background-attachment":"scroll","background-type":"","background-media":"","overlay-type":"","overlay-color":"","overlay-opacity":"","overlay-gradient":""}}},"product_brand":[],"product_cat":[15],"product_tag":[],"class_list":{"0":"post-22992","1":"product","2":"type-product","3":"status-publish","4":"has-post-thumbnail","6":"product_cat-shop","7":"desktop-align-left","8":"tablet-align-left","9":"mobile-align-left","11":"first","12":"instock","13":"taxable","14":"shipping-taxable","15":"purchasable","16":"product-type-variable"},"spectra_custom_meta":{"_visibility":["visible"],"_shopify_product_id":["7437956514024"],"_s2w_shopify_domain":["quickdna.myshopify.com"],"_shopify_variant_id":["42550065889512"],"_manage_stock":["no"],"total_sales":["204"],"_tax_status":["taxable"],"_tax_class":[""],"_backorders":["no"],"_sold_individually":["no"],"_virtual":["no"],"_downloadable":["no"],"_download_limit":["-1"],"_download_expiry":["-1"],"_stock":[null],"_stock_status":["instock"],"_wc_average_rating":["4.88"],"_wc_review_count":["113"],"_product_attributes":["a:1:{s:12:\"animal-specy\";a:6:{s:4:\"name\";s:12:\"Animal specy\";s:5:\"value\";s:40:\"Dog | Cat | Cow | Horse | Bird | Chicken\";s:8:\"position\";i:1;s:10:\"is_visible\";i:0;s:12:\"is_variation\";i:1;s:11:\"is_taxonomy\";i:0;}}"],"_product_version":["10.5.2"],"_thumbnail_id":["23010"],"_edit_last":["1"],"_wp_page_template":["default"],"_edit_lock":["1771524999:1"],"merchant-center-availability":["yes"],"merchant-center-category":["505293"],"merchant-center-id":["ANI"],"site-sidebar-layout":["default"],"ast-site-content-layout":["default"],"site-content-style":["default"],"site-sidebar-style":["default"],"theme-transparent-header-meta":["default"],"_wc_rating_count":["a:3:{i:3;i:2;i:4;i:10;i:5;i:101;}"],"_price":["99.90"],"astra-migrate-meta-layouts":["set"],"_uag_css_file_name":["uag-css-22992.css"],"_elementor_page_assets":["a:0:{}"],"_uag_page_assets":["a:9:{s:3:\"css\";s:6873:\".wp-block-uagb-image{display:flex}.wp-block-uagb-image__figure{position:relative;display:flex;flex-direction:column;max-width:100%;height:auto;margin:0}.wp-block-uagb-image__figure img{height:auto;display:flex;max-width:100%;transition:box-shadow .2s ease}.wp-block-uagb-image__figure>a{display:inline-block}.wp-block-uagb-image__figure figcaption{text-align:center;margin-top:.5em;margin-bottom:1em}.wp-block-uagb-image .components-placeholder.block-editor-media-placeholder .components-placeholder__instructions{align-self:center}.wp-block-uagb-image--align-left{text-align:left}.wp-block-uagb-image--align-right{text-align:right}.wp-block-uagb-image--align-center{text-align:center}.wp-block-uagb-image--align-full .wp-block-uagb-image__figure{margin-left:calc(50% - 50vw);margin-right:calc(50% - 50vw);max-width:100vw;width:100vw;height:auto}.wp-block-uagb-image--align-full .wp-block-uagb-image__figure img{height:auto;width:100% !important}.wp-block-uagb-image--align-wide .wp-block-uagb-image__figure img{height:auto;width:100%}.wp-block-uagb-image--layout-overlay__color-wrapper{position:absolute;left:0;top:0;right:0;bottom:0;opacity:.2;background:rgba(0,0,0,.5);transition:opacity .35s ease-in-out}.wp-block-uagb-image--layout-overlay-link{position:absolute;left:0;right:0;bottom:0;top:0}.wp-block-uagb-image--layout-overlay .wp-block-uagb-image__figure:hover .wp-block-uagb-image--layout-overlay__color-wrapper{opacity:1}.wp-block-uagb-image--layout-overlay__inner{position:absolute;left:15px;right:15px;bottom:15px;top:15px;display:flex;align-items:center;justify-content:center;flex-direction:column;border-color:#fff;transition:.35s ease-in-out}.wp-block-uagb-image--layout-overlay__inner.top-left,.wp-block-uagb-image--layout-overlay__inner.top-center,.wp-block-uagb-image--layout-overlay__inner.top-right{justify-content:flex-start}.wp-block-uagb-image--layout-overlay__inner.bottom-left,.wp-block-uagb-image--layout-overlay__inner.bottom-center,.wp-block-uagb-image--layout-overlay__inner.bottom-right{justify-content:flex-end}.wp-block-uagb-image--layout-overlay__inner.top-left,.wp-block-uagb-image--layout-overlay__inner.center-left,.wp-block-uagb-image--layout-overlay__inner.bottom-left{align-items:flex-start}.wp-block-uagb-image--layout-overlay__inner.top-right,.wp-block-uagb-image--layout-overlay__inner.center-right,.wp-block-uagb-image--layout-overlay__inner.bottom-right{align-items:flex-end}.wp-block-uagb-image--layout-overlay__inner .uagb-image-heading{color:#fff;transition:transform .35s,opacity .35s ease-in-out;transform:translate3d(0, 24px, 0);margin:0;line-height:1em}.wp-block-uagb-image--layout-overlay__inner .uagb-image-separator{width:30%;border-top-width:2px;border-top-color:#fff;border-top-style:solid;margin-bottom:10px;opacity:0;transition:transform .4s,opacity .4s ease-in-out;transform:translate3d(0, 30px, 0)}.wp-block-uagb-image--layout-overlay__inner .uagb-image-caption{opacity:0;overflow:visible;color:#fff;transition:transform .45s,opacity .45s ease-in-out;transform:translate3d(0, 35px, 0)}.wp-block-uagb-image--layout-overlay__inner:hover .uagb-image-heading,.wp-block-uagb-image--layout-overlay__inner:hover .uagb-image-separator,.wp-block-uagb-image--layout-overlay__inner:hover .uagb-image-caption{opacity:1;transform:translate3d(0, 0, 0)}.wp-block-uagb-image--effect-zoomin .wp-block-uagb-image__figure img,.wp-block-uagb-image--effect-zoomin .wp-block-uagb-image__figure .wp-block-uagb-image--layout-overlay__color-wrapper{transform:scale(1);transition:transform .35s ease-in-out}.wp-block-uagb-image--effect-zoomin .wp-block-uagb-image__figure:hover img,.wp-block-uagb-image--effect-zoomin .wp-block-uagb-image__figure:hover .wp-block-uagb-image--layout-overlay__color-wrapper{transform:scale(1.05)}.wp-block-uagb-image--effect-slide .wp-block-uagb-image__figure img,.wp-block-uagb-image--effect-slide .wp-block-uagb-image__figure .wp-block-uagb-image--layout-overlay__color-wrapper{width:calc(100% + 40px) !important;max-width:none !important;transform:translate3d(-40px, 0, 0);transition:transform .35s ease-in-out}.wp-block-uagb-image--effect-slide .wp-block-uagb-image__figure:hover img,.wp-block-uagb-image--effect-slide .wp-block-uagb-image__figure:hover .wp-block-uagb-image--layout-overlay__color-wrapper{transform:translate3d(0, 0, 0)}.wp-block-uagb-image--effect-grayscale img{filter:grayscale(0%);transition:.35s ease-in-out}.wp-block-uagb-image--effect-grayscale:hover img{filter:grayscale(100%)}.wp-block-uagb-image--effect-blur img{filter:blur(0);transition:.35s ease-in-out}.wp-block-uagb-image--effect-blur:hover img{filter:blur(3px)}.uagb-block-e6f939b3.wp-block-uagb-image--layout-default figure img{box-shadow: 0px 0px 0 #00000070;}.uagb-block-e6f939b3.wp-block-uagb-image .wp-block-uagb-image__figure figcaption{font-style: normal;align-self: center;}.uagb-block-e6f939b3.wp-block-uagb-image--layout-overlay figure img{box-shadow: 0px 0px 0 #00000070;}.uagb-block-e6f939b3.wp-block-uagb-image--layout-overlay .wp-block-uagb-image--layout-overlay__color-wrapper{opacity: 0.2;}.uagb-block-e6f939b3.wp-block-uagb-image--layout-overlay .wp-block-uagb-image--layout-overlay__inner{left: 15px;right: 15px;top: 15px;bottom: 15px;}.uagb-block-e6f939b3.wp-block-uagb-image--layout-overlay .wp-block-uagb-image--layout-overlay__inner .uagb-image-heading{font-style: normal;color: #fff;opacity: 1;}.uagb-block-e6f939b3.wp-block-uagb-image--layout-overlay .wp-block-uagb-image--layout-overlay__inner .uagb-image-heading a{color: #fff;}.uagb-block-e6f939b3.wp-block-uagb-image--layout-overlay .wp-block-uagb-image--layout-overlay__inner .uagb-image-caption{opacity: 0;}.uagb-block-e6f939b3.wp-block-uagb-image--layout-overlay .wp-block-uagb-image__figure:hover .wp-block-uagb-image--layout-overlay__color-wrapper{opacity: 1;}.uagb-block-e6f939b3.wp-block-uagb-image .wp-block-uagb-image--layout-overlay__inner .uagb-image-separator{width: 30%;border-top-width: 2px;border-top-color: #fff;opacity: 0;}.uagb-block-e6f939b3.wp-block-uagb-image .wp-block-uagb-image__figure img{width: px;height: auto;}.uagb-block-e6f939b3.wp-block-uagb-image .wp-block-uagb-image__figure:hover .wp-block-uagb-image--layout-overlay__inner .uagb-image-caption{opacity: 1;}.uagb-block-e6f939b3.wp-block-uagb-image .wp-block-uagb-image__figure:hover .wp-block-uagb-image--layout-overlay__inner .uagb-image-separator{opacity: 1;}.uagb-block-e6f939b3.wp-block-uagb-image--layout-default figure:hover img{box-shadow: 0px 0px 0 #00000070;}.uagb-block-e6f939b3.wp-block-uagb-image--layout-overlay figure:hover img{box-shadow: 0px 0px 0 #00000070;}@media only screen and (max-width: 976px) {.uagb-block-e6f939b3.wp-block-uagb-image .wp-block-uagb-image__figure img{width: px;height: auto;}}@media only screen and (max-width: 767px) {.uagb-block-e6f939b3.wp-block-uagb-image .wp-block-uagb-image__figure img{width: px;height: auto;}}\";s:2:\"js\";s:0:\"\";s:18:\"current_block_list\";a:13:{i:0;s:11:\"core\/search\";i:1;s:10:\"core\/group\";i:2;s:12:\"core\/heading\";i:3;s:17:\"core\/latest-posts\";i:4;s:20:\"core\/latest-comments\";i:5;s:13:\"core\/archives\";i:6;s:15:\"core\/categories\";i:7;s:14:\"core\/paragraph\";i:8;s:10:\"uagb\/image\";i:9;s:11:\"core\/spacer\";i:10;s:30:\"woocommerce\/product-categories\";i:11;s:10:\"core\/image\";i:12;s:14:\"core\/shortcode\";}s:8:\"uag_flag\";b:1;s:11:\"uag_version\";s:10:\"1777398756\";s:6:\"gfonts\";a:0:{}s:10:\"gfonts_url\";s:0:\"\";s:12:\"gfonts_files\";a:0:{}s:14:\"uag_faq_layout\";b:0;}"]},"uagb_featured_image_src":{"full":["https:\/\/www.quickdna.com\/wp-content\/uploads\/2025\/06\/box_png_6.png",1000,1000,false],"thumbnail":["https:\/\/www.quickdna.com\/wp-content\/uploads\/2025\/06\/box_png_6-150x150.png",150,150,true],"medium":["https:\/\/www.quickdna.com\/wp-content\/uploads\/2025\/06\/box_png_6-300x300.png",300,300,true],"medium_large":["https:\/\/www.quickdna.com\/wp-content\/uploads\/2025\/06\/box_png_6-768x768.png",768,768,true],"large":["https:\/\/www.quickdna.com\/wp-content\/uploads\/2025\/06\/box_png_6.png",1000,1000,false],"1536x1536":["https:\/\/www.quickdna.com\/wp-content\/uploads\/2025\/06\/box_png_6.png",1000,1000,false],"2048x2048":["https:\/\/www.quickdna.com\/wp-content\/uploads\/2025\/06\/box_png_6.png",1000,1000,false],"trp-custom-language-flag":["https:\/\/www.quickdna.com\/wp-content\/uploads\/2025\/06\/box_png_6-12x12.png",12,12,true],"woocommerce_thumbnail":["https:\/\/www.quickdna.com\/wp-content\/uploads\/2025\/06\/box_png_6-300x300.png",300,300,true],"woocommerce_single":["https:\/\/www.quickdna.com\/wp-content\/uploads\/2025\/06\/box_png_6-600x600.png",600,600,true],"woocommerce_gallery_thumbnail":["https:\/\/www.quickdna.com\/wp-content\/uploads\/2025\/06\/box_png_6-100x100.png",100,100,true]},"uagb_author_info":{"display_name":"admin","author_link":"https:\/\/www.quickdna.com\/ro\/author\/"},"uagb_comment_info":113,"uagb_excerpt":"Identify your animal\u2019s true breed composition with advanced genetic precision. Our animal breed DNA test provides an in-depth genetic analysis to determine the breed composition of your dog, cat, cow, horse, bird, or chicken. Using high-resolution DNA markers and comprehensive breed reference databases, we accurately identify purebred lineage or mixed breed ancestry, giving you clear&hellip;","_links":{"self":[{"href":"https:\/\/www.quickdna.com\/ro\/wp-json\/wp\/v2\/product\/22992","targetHints":{"allow":["GET"]}}],"collection":[{"href":"https:\/\/www.quickdna.com\/ro\/wp-json\/wp\/v2\/product"}],"about":[{"href":"https:\/\/www.quickdna.com\/ro\/wp-json\/wp\/v2\/types\/product"}],"replies":[{"embeddable":true,"href":"https:\/\/www.quickdna.com\/ro\/wp-json\/wp\/v2\/comments?post=22992"}],"version-history":[{"count":4,"href":"https:\/\/www.quickdna.com\/ro\/wp-json\/wp\/v2\/product\/22992\/revisions"}],"predecessor-version":[{"id":30178,"href":"https:\/\/www.quickdna.com\/ro\/wp-json\/wp\/v2\/product\/22992\/revisions\/30178"}],"wp:featuredmedia":[{"embeddable":true,"href":"https:\/\/www.quickdna.com\/ro\/wp-json\/wp\/v2\/media\/23010"}],"wp:attachment":[{"href":"https:\/\/www.quickdna.com\/ro\/wp-json\/wp\/v2\/media?parent=22992"}],"wp:term":[{"taxonomy":"product_brand","embeddable":true,"href":"https:\/\/www.quickdna.com\/ro\/wp-json\/wp\/v2\/product_brand?post=22992"},{"taxonomy":"product_cat","embeddable":true,"href":"https:\/\/www.quickdna.com\/ro\/wp-json\/wp\/v2\/product_cat?post=22992"},{"taxonomy":"product_tag","embeddable":true,"href":"https:\/\/www.quickdna.com\/ro\/wp-json\/wp\/v2\/product_tag?post=22992"}],"curies":[{"name":"wp","href":"https:\/\/api.w.org\/{rel}","templated":true}]}}