{"id":23006,"date":"2025-06-09T13:23:07","date_gmt":"2025-06-09T11:23:07","guid":{"rendered":"https:\/\/www.quickdna.com\/products\/dna-prenatal-test\/"},"modified":"2026-02-19T19:01:53","modified_gmt":"2026-02-19T18:01:53","slug":"dna-prenatal-test","status":"publish","type":"product","link":"https:\/\/www.quickdna.com\/lv\/products\/dna-prenatal-test\/","title":{"rendered":"Prenat\u0101lais DNS paternit\u0101tes tests"},"content":{"rendered":"<p><strong><img decoding=\"async\" style=\"margin-right: 12px;\" src=\"https:\/\/www.quickdna.com\/wp-content\/uploads\/2026\/02\/Check.svg\" alt=\"\" width=\"18\" height=\"15\" \/>Nosakiet paternit\u0101ti pirms dzim\u0161anas, izmantojot uzlabotas prenat\u0101l\u0101s DNS anal\u012bzes.<\/strong> M\u016bsu DNS prenat\u0101lais paternit\u0101tes tests \u013cauj jums noteikt biolo\u0123isko t\u0113v\u012bbu gr\u016btniec\u012bbas laik\u0101, izmantojot modern\u0101k\u0101s \u0123en\u0113tisk\u0101s tehnolo\u0123ijas. Izmantojot \u013coti jut\u012bgas anal\u012bzes metodes, tests sal\u012bdzina aug\u013ca DNS, kas atrodas m\u0101tes asin\u012bs, ar iesp\u0113jam\u0101 t\u0113va DNS, sniedzot skaidras un ticamas atbildes, pirms b\u0113rns piedzimst. \u0160\u012b agr\u012bn\u0101 skaidr\u012bba var b\u016bt b\u016btiska emocion\u0101lai, personiskai vai juridiskai sagatavo\u0161anai.<\/p>\n<p><strong><img decoding=\"async\" style=\"margin-right: 12px;\" src=\"https:\/\/www.quickdna.com\/wp-content\/uploads\/2026\/02\/Check.svg\" alt=\"\" width=\"18\" height=\"15\" \/>Standarta vai diskr\u0113ta paraugu \u0146em\u0161anas iesp\u0113ja iesp\u0113jamajam t\u0113vam.<\/strong> M\u0113s pied\u0101v\u0101jam elast\u012bgus risin\u0101jumus, lai piel\u0101gotos j\u016bsu \u012bpa\u0161ajiem apst\u0101k\u013ciem. Izmantojot standarta variantu, iesp\u0113jamais t\u0113vs veic vienk\u0101r\u0161us vaigu uztriepes, viegli ieberot sterilus tamponus mut\u0113 un nog\u0101d\u0101jot tos atpaka\u013c laboratorij\u0101. Lai nodro\u0161in\u0101tu liel\u0101ku diskr\u0113tumu, diskr\u0113t\u0101 opcija \u013cauj iesniegt alternat\u012bvus iesp\u0113jam\u0101 t\u0113va person\u012bgos priek\u0161metus, piem\u0113ram, nagus, matus ar sakn\u0113m, zobu birstes, ko\u0161\u013c\u0101jamo gumiju, cigare\u0161u sodr\u0113jus vai izlietotas vates pl\u0101ksn\u012btes. Tas nodro\u0161ina konfidencialit\u0101ti un piel\u0101go\u0161an\u0101s iesp\u0113jas, vienlaikus saglab\u0101jot anal\u012btisko precizit\u0101ti.<\/p>\n<p><strong><img decoding=\"async\" style=\"margin-right: 12px;\" src=\"https:\/\/www.quickdna.com\/wp-content\/uploads\/2026\/02\/Check.svg\" alt=\"\" width=\"18\" height=\"15\" \/>Vienk\u0101r\u0161a un dro\u0161a m\u0101tes parauga \u0146em\u0161ana, izmantojot asins paraugu.<\/strong> M\u0101te sniedz asins paraugu, kas satur gr\u016btniec\u012bbas laik\u0101 dabiski cirkul\u0113jo\u0161o aug\u013ca DNS. \u0160\u012b neinvaz\u012bv\u0101 pieeja \u013cauj izvair\u012bties no jebk\u0101da riska auglim un tiek veikta, \u0146emot standarta asinis. P\u0113c tam paraugs tiek nos\u016bt\u012bts uz m\u016bsu laboratoriju prec\u012bzam \u0123en\u0113tiskam sal\u012bdzin\u0101jumam ar iesp\u0113jam\u0101 t\u0113va DNS profilu.<\/p>\n<p><strong><img decoding=\"async\" style=\"margin-right: 12px;\" src=\"https:\/\/www.quickdna.com\/wp-content\/uploads\/2026\/02\/Check.svg\" alt=\"\" width=\"18\" height=\"15\" \/>Pa\u013caujieties uz ISO 17025 sertific\u0113tu laboratoriju, kas nodro\u0161ina maksim\u0101lu zin\u0101tnisko uzticam\u012bbu.<\/strong> Visas anal\u012bzes tiek veiktas ISO 17025 sertific\u0113t\u0101 laboratorij\u0101, nodro\u0161inot stingru atbilst\u012bbu starptautiski atz\u012btiem test\u0113\u0161anas kompetences un kvalit\u0101tes kontroles standartiem. \u0160is sertifik\u0101ts garant\u0113 apstiprin\u0101tas proced\u016bras, kalibr\u0113tus instrumentus un ekspertus tehni\u0137us, nodro\u0161inot visaugst\u0101ko precizit\u0101ti un p\u0101rliec\u012bbu par rezult\u0101tiem.<\/p>\n<p><strong><img decoding=\"async\" style=\"margin-right: 12px;\" src=\"https:\/\/www.quickdna.com\/wp-content\/uploads\/2026\/02\/Check.svg\" alt=\"\" width=\"18\" height=\"15\" \/>Sa\u0146emiet rezult\u0101tus 72 stundu laik\u0101 p\u0113c parauga sa\u0146em\u0161anas laboratorij\u0101.<\/strong> M\u0113s saprotam, ka pirmsdzemd\u012bbu situ\u0101cij\u0101s laiks ir \u013coti svar\u012bgs. Kad laboratorija sa\u0146em m\u0101tes asins paraugu un iesp\u0113jam\u0101 t\u0113va DNS paraugus, rezult\u0101ti tiek sniegti 72 stundu laik\u0101. M\u016bsu racionaliz\u0113t\u0101 laboratorijas darba pl\u016bsma nodro\u0161ina \u0101tru apstr\u0101di, neapdraudot zin\u0101tnisko stingr\u012bbu.<\/p>\n<p><strong><img decoding=\"async\" style=\"margin-right: 12px;\" src=\"https:\/\/www.quickdna.com\/wp-content\/uploads\/2026\/02\/Check.svg\" alt=\"\" width=\"18\" height=\"15\" \/>Izmantojiet visefekt\u012bv\u0101ko pieejamo prenat\u0101l\u0101s paternit\u0101tes test\u0113\u0161anas metodi.<\/strong> M\u016bsu modern\u0101 tehnolo\u0123ija izol\u0113 un analiz\u0113 aug\u013ca DNS ar izcilu precizit\u0101ti. Vair\u0101ku \u0123en\u0113tisko mar\u0137ieru sal\u012bdzin\u0101jums nodro\u0161ina \u013coti p\u0101rliecino\u0161us rezult\u0101tus. Ja paternit\u0101te tiek apstiprin\u0101ta, varb\u016bt\u012bba parasti p\u0101rsniedz 99,9%, savuk\u0101rt izsl\u0113g\u0161ana ir gal\u012bga, ja iesp\u0113jamais t\u0113vs nav biolo\u0123iski saist\u012bts. \u0160is efektivit\u0101tes l\u012bmenis ierindo m\u016bsu testu starp visdro\u0161\u0101kajiem pieejamajiem prenat\u0101lajiem risin\u0101jumiem.<\/p>\n<p><strong><img decoding=\"async\" style=\"margin-right: 12px;\" src=\"https:\/\/www.quickdna.com\/wp-content\/uploads\/2026\/02\/Check.svg\" alt=\"\" width=\"18\" height=\"15\" \/>Piek\u013c\u016bstiet augst\u0101k\u0101s kvalit\u0101tes laboratoriskajiem testiem par viskonkur\u0113tsp\u0113j\u012bg\u0101ko cenu.<\/strong> M\u0113s esam ap\u0146\u0113mu\u0161ies pied\u0101v\u0101t l\u0113t\u0101ko augstas kvalit\u0101tes DNS prenat\u0101l\u0101s paternit\u0101tes testu tirg\u016b. Optimiz\u0113jot laboratorijas procesus un nodro\u0161inot efekt\u012bvu lo\u0123istiku, m\u0113s samazin\u0101m izmaksas, vienlaikus saglab\u0101jot izcilus standartus. Tas nodro\u0161ina, ka j\u016bs sa\u0146emat prec\u012bzu, sertific\u0113tu testu par lab\u0101ko iesp\u0113jamo cenu.<\/p>\n<p><strong><img decoding=\"async\" style=\"margin-right: 12px;\" src=\"https:\/\/www.quickdna.com\/wp-content\/uploads\/2026\/02\/Check.svg\" alt=\"\" width=\"18\" height=\"15\" \/>Izbaudiet 24 stundu pieg\u0101di, lai nekav\u0113joties s\u0101ktu procesu.<\/strong> M\u0113s vienm\u0113r nodro\u0161in\u0101m test\u0113\u0161anas komplekta pieg\u0101di 24 stundu laik\u0101, lai j\u016bs var\u0113tu \u0101tri s\u0101kt paraugu v\u0101k\u0161anu. \u0100tr\u0101 pieg\u0101de nodro\u0161ina, ka gan m\u0101tes asins sav\u0101k\u0161ana, gan iesp\u0113jam\u0101 t\u0113va parauga iesnieg\u0161ana var notikt p\u0113c iesp\u0113jas \u0101tr\u0101k.<\/p>\n<p><strong><img decoding=\"async\" style=\"margin-right: 12px;\" src=\"https:\/\/www.quickdna.com\/wp-content\/uploads\/2026\/02\/Check.svg\" alt=\"\" width=\"18\" height=\"15\" \/>Piln\u012bga konfidencialit\u0101te un diskr\u0113ta j\u016bsu lietas izskat\u012b\u0161ana.<\/strong> Katru pirmsdzemd\u012bbu paternit\u0101tes lietu m\u0113s izskat\u0101m, iev\u0113rojot stingru konfidencialit\u0101ti. No neitr\u0101la iepakojuma un dro\u0161as dokument\u0101cijas l\u012bdz aizsarg\u0101tai rezult\u0101tu pieg\u0101dei - j\u016bsu priv\u0101tums tiek iev\u0113rots visos posmos. Vajadz\u012bbas gad\u012bjum\u0101 konfidencialit\u0101ti v\u0113l vair\u0101k pastiprina diskr\u0113ta paraugu \u0146em\u0161anas iesp\u0113ja iesp\u0113jamajam t\u0113vam.<\/p>\n<p><strong><img decoding=\"async\" style=\"margin-right: 12px;\" src=\"https:\/\/www.quickdna.com\/wp-content\/uploads\/2026\/02\/Check.svg\" alt=\"\" width=\"18\" height=\"15\" \/>Ieg\u0101d\u0101jieties dro\u0161i, pateicoties m\u016bsu naudas atmaksas garantijai.<\/strong> M\u0113s piln\u012bb\u0101 atbalst\u0101m m\u016bsu DNS prenat\u0101l\u0101s paternit\u0101tes testa uzticam\u012bbu un profesionalit\u0101ti. Ja neesat apmierin\u0101ts ar m\u016bsu pakalpojumiem, m\u0113s pied\u0101v\u0101jam naudas atmaksas garantiju. \u0160\u012b ap\u0146em\u0161an\u0101s nodro\u0161ina, ka j\u016bsu l\u0113mums veikt testu ir piln\u012bgi bezriska un ir pamatots ar m\u016bsu ap\u0146em\u0161anos nodro\u0161in\u0101t klientu apmierin\u0101t\u012bbu.<\/p>\n<h2><strong>Instrukcijas<\/strong><\/h2>\n<ul>\n<li>Veicot pas\u016bt\u012bjumu, izv\u0113lieties v\u0113lamo iesp\u0113jam\u0101 t\u0113va testu: standarta vaigu uztriepes testu vai diskr\u0113tu parauga iesnieg\u0161anu.<\/li>\n<li>Sa\u0146emot komplektu ar 24 stundu pieg\u0101di, pirms paraugu \u0146em\u0161anas r\u016bp\u012bgi p\u0101rskatiet visas pievienot\u0101s instrukcijas.<\/li>\n<li>M\u0101tei organiz\u0113jiet asins parauga \u0146em\u0161anu saska\u0146\u0101 ar sniegtaj\u0101m vadl\u012bnij\u0101m. Lai nodro\u0161in\u0101tu prec\u012bzu aug\u013ca DNS anal\u012bzi, asins paraugs ir pien\u0101c\u012bgi j\u0101mar\u0137\u0113 un ar to ir pareizi j\u0101r\u012bkojas.<\/li>\n<li>P\u0101rliecinieties, ka m\u0101tes asins paraugs tiek \u0146emts, iev\u0113rojot higi\u0113nas un profesion\u0101l\u0101s proced\u016bras, un iepakots atbilsto\u0161i nor\u0101d\u012bjumiem dro\u0161ai transport\u0113\u0161anai uz laboratoriju.<\/li>\n<li>Lai veiktu standarta iesp\u0113jamo t\u0113va testu, izmantojiet pievienotos sterilos tamponus un 30 l\u012bdz 60 sekundes ar katru tamponu stingri berz\u0113jiet vaiga iek\u0161pusi. Vismaz vienu stundu pirms no\u0146em\u0161anas ne\u0113diet, nedzeriet un nesm\u0113\u0137\u0113jiet.<\/li>\n<li>Pirms ievieto\u0161anas paredz\u0113taj\u0101s aploksn\u0113s \u013caujiet vaigu tamponiem piln\u012bb\u0101 no\u017e\u016bt, lai nov\u0113rstu to boj\u0101\u0161anos.<\/li>\n<li>Diskr\u0113t\u0101 variant\u0101 (tikai t\u0113vs) sav\u0101c piem\u0113rotus personiskos priek\u0161metus, piem\u0113ram, nagus, matus ar redzam\u0101m sakn\u0113m, izlietotu zobu birsti, ko\u0161\u013c\u0101jamo gumiju, cigare\u0161u sodr\u0113jus vai izlietotas vates koci\u0146us. Ar paraugiem r\u012bkojieties uzman\u012bgi, lai izvair\u012btos no pies\u0101r\u0146ojuma, un katru priek\u0161metu ievietojiet atsevi\u0161\u0137\u0101, t\u012br\u0101 trauk\u0101.<\/li>\n<li>Prec\u012bzi aizpildiet visas nepiecie\u0161am\u0101s identifik\u0101cijas veidlapas, p\u0101rliecinoties, ka inform\u0101cija par m\u0101ti un iesp\u0113jamo t\u0113vu atbilst iesniegtajiem paraugiem.<\/li>\n<li>Dro\u0161i iesai\u0146ojiet m\u0101tes asins paraugu un iesp\u0113jam\u0101 t\u0113va DNS paraugus, izmantojot tam paredz\u0113tos materi\u0101lus, un nos\u016btiet tos uz laboratoriju saska\u0146\u0101 ar nor\u0101d\u012bjumiem.<\/li>\n<li>Tikl\u012bdz laboratorija sa\u0146ems visus vajadz\u012bgos paraugus, nekav\u0113joties s\u0101ks anal\u012bzes. Rezult\u0101ti tiks sniegti 72 stundu laik\u0101 p\u0113c sa\u0146em\u0161anas laboratorij\u0101 un dro\u0161i nos\u016bt\u012bti pa e-pastu.<\/li>\n<\/ul>","protected":false},"excerpt":{"rendered":"<p>Determine paternity before birth with advanced prenatal DNA analysis. Our DNA prenatal paternity test allows you to establish biological fatherhood during pregnancy with cutting-edge genetic technology. Using highly sensitive analysis techniques, the test compares fetal DNA present in the mother\u2019s blood with the alleged father\u2019s DNA, providing clear and reliable answers before the child is [&hellip;]<\/p>\n","protected":false},"featured_media":23015,"comment_status":"open","ping_status":"closed","template":"","meta":{"_uag_custom_page_level_css":"","site-sidebar-layout":"default","site-content-layout":"","ast-site-content-layout":"default","site-content-style":"default","site-sidebar-style":"default","ast-global-header-display":"","ast-banner-title-visibility":"","ast-main-header-display":"","ast-hfb-above-header-display":"","ast-hfb-below-header-display":"","ast-hfb-mobile-header-display":"","site-post-title":"","ast-breadcrumbs-content":"","ast-featured-img":"","footer-sml-layout":"","ast-disable-related-posts":"","theme-transparent-header-meta":"default","adv-header-id-meta":"","stick-header-meta":"","header-above-stick-meta":"","header-main-stick-meta":"","header-below-stick-meta":"","astra-migrate-meta-layouts":"set","ast-page-background-enabled":"default","ast-page-background-meta":{"desktop":{"background-color":"var(--ast-global-color-4)","background-image":"","background-repeat":"repeat","background-position":"center center","background-size":"auto","background-attachment":"scroll","background-type":"","background-media":"","overlay-type":"","overlay-color":"","overlay-opacity":"","overlay-gradient":""},"tablet":{"background-color":"","background-image":"","background-repeat":"repeat","background-position":"center center","background-size":"auto","background-attachment":"scroll","background-type":"","background-media":"","overlay-type":"","overlay-color":"","overlay-opacity":"","overlay-gradient":""},"mobile":{"background-color":"","background-image":"","background-repeat":"repeat","background-position":"center center","background-size":"auto","background-attachment":"scroll","background-type":"","background-media":"","overlay-type":"","overlay-color":"","overlay-opacity":"","overlay-gradient":""}},"ast-content-background-meta":{"desktop":{"background-color":"var(--ast-global-color-5)","background-image":"","background-repeat":"repeat","background-position":"center center","background-size":"auto","background-attachment":"scroll","background-type":"","background-media":"","overlay-type":"","overlay-color":"","overlay-opacity":"","overlay-gradient":""},"tablet":{"background-color":"var(--ast-global-color-5)","background-image":"","background-repeat":"repeat","background-position":"center center","background-size":"auto","background-attachment":"scroll","background-type":"","background-media":"","overlay-type":"","overlay-color":"","overlay-opacity":"","overlay-gradient":""},"mobile":{"background-color":"var(--ast-global-color-5)","background-image":"","background-repeat":"repeat","background-position":"center center","background-size":"auto","background-attachment":"scroll","background-type":"","background-media":"","overlay-type":"","overlay-color":"","overlay-opacity":"","overlay-gradient":""}}},"product_brand":[],"product_cat":[15],"product_tag":[],"class_list":{"0":"post-23006","1":"product","2":"type-product","3":"status-publish","4":"has-post-thumbnail","6":"product_cat-shop","7":"desktop-align-left","8":"tablet-align-left","9":"mobile-align-left","11":"first","12":"instock","13":"taxable","14":"shipping-taxable","15":"purchasable","16":"product-type-variable","17":"has-default-attributes"},"spectra_custom_meta":{"_visibility":["visible"],"_shopify_product_id":["7904181256424"],"_s2w_shopify_domain":["quickdna.myshopify.com"],"_shopify_variant_id":["44228462936296"],"_manage_stock":["no"],"total_sales":["199"],"_tax_status":["taxable"],"_tax_class":[""],"_backorders":["no"],"_sold_individually":["no"],"_virtual":["no"],"_downloadable":["no"],"_download_limit":["-1"],"_download_expiry":["-1"],"_stock":[null],"_stock_status":["instock"],"_wc_average_rating":["4.91"],"_wc_review_count":["93"],"_product_attributes":["a:1:{s:13:\"discreet-test\";a:6:{s:4:\"name\";s:13:\"Discreet test\";s:5:\"value\";s:8:\"No | Yes\";s:8:\"position\";i:1;s:10:\"is_visible\";i:0;s:12:\"is_variation\";i:1;s:11:\"is_taxonomy\";i:0;}}"],"_product_version":["10.5.2"],"_thumbnail_id":["23015"],"_edit_last":["1"],"_wp_page_template":["default"],"_edit_lock":["1771523977:1"],"merchant-center-availability":["yes"],"merchant-center-category":["505293"],"site-sidebar-layout":["default"],"ast-site-content-layout":["default"],"site-content-style":["default"],"site-sidebar-style":["default"],"theme-transparent-header-meta":["default"],"_wc_rating_count":["a:3:{i:3;i:1;i:4;i:6;i:5;i:86;}"],"_default_attributes":["a:1:{s:13:\"discreet-test\";s:2:\"No\";}"],"_price":["299.90","359.90"],"merchant-center-id":["PRE"],"astra-migrate-meta-layouts":["set"],"_uag_css_file_name":["uag-css-23006.css"],"_elementor_page_assets":["a:0:{}"],"_uag_page_assets":["a:9:{s:3:\"css\";s:7133:\".uag-blocks-common-selector{z-index:var(--z-index-desktop) !important}@media(max-width: 976px){.uag-blocks-common-selector{z-index:var(--z-index-tablet) !important}}@media(max-width: 767px){.uag-blocks-common-selector{z-index:var(--z-index-mobile) !important}}.wp-block-uagb-image{display:flex}.wp-block-uagb-image__figure{position:relative;display:flex;flex-direction:column;max-width:100%;height:auto;margin:0}.wp-block-uagb-image__figure img{height:auto;display:flex;max-width:100%;transition:box-shadow .2s ease}.wp-block-uagb-image__figure>a{display:inline-block}.wp-block-uagb-image__figure figcaption{text-align:center;margin-top:.5em;margin-bottom:1em}.wp-block-uagb-image .components-placeholder.block-editor-media-placeholder .components-placeholder__instructions{align-self:center}.wp-block-uagb-image--align-left{text-align:left}.wp-block-uagb-image--align-right{text-align:right}.wp-block-uagb-image--align-center{text-align:center}.wp-block-uagb-image--align-full .wp-block-uagb-image__figure{margin-left:calc(50% - 50vw);margin-right:calc(50% - 50vw);max-width:100vw;width:100vw;height:auto}.wp-block-uagb-image--align-full .wp-block-uagb-image__figure img{height:auto;width:100% !important}.wp-block-uagb-image--align-wide .wp-block-uagb-image__figure img{height:auto;width:100%}.wp-block-uagb-image--layout-overlay__color-wrapper{position:absolute;left:0;top:0;right:0;bottom:0;opacity:.2;background:rgba(0,0,0,.5);transition:opacity .35s ease-in-out}.wp-block-uagb-image--layout-overlay-link{position:absolute;left:0;right:0;bottom:0;top:0}.wp-block-uagb-image--layout-overlay .wp-block-uagb-image__figure:hover .wp-block-uagb-image--layout-overlay__color-wrapper{opacity:1}.wp-block-uagb-image--layout-overlay__inner{position:absolute;left:15px;right:15px;bottom:15px;top:15px;display:flex;align-items:center;justify-content:center;flex-direction:column;border-color:#fff;transition:.35s ease-in-out}.wp-block-uagb-image--layout-overlay__inner.top-left,.wp-block-uagb-image--layout-overlay__inner.top-center,.wp-block-uagb-image--layout-overlay__inner.top-right{justify-content:flex-start}.wp-block-uagb-image--layout-overlay__inner.bottom-left,.wp-block-uagb-image--layout-overlay__inner.bottom-center,.wp-block-uagb-image--layout-overlay__inner.bottom-right{justify-content:flex-end}.wp-block-uagb-image--layout-overlay__inner.top-left,.wp-block-uagb-image--layout-overlay__inner.center-left,.wp-block-uagb-image--layout-overlay__inner.bottom-left{align-items:flex-start}.wp-block-uagb-image--layout-overlay__inner.top-right,.wp-block-uagb-image--layout-overlay__inner.center-right,.wp-block-uagb-image--layout-overlay__inner.bottom-right{align-items:flex-end}.wp-block-uagb-image--layout-overlay__inner .uagb-image-heading{color:#fff;transition:transform .35s,opacity .35s ease-in-out;transform:translate3d(0, 24px, 0);margin:0;line-height:1em}.wp-block-uagb-image--layout-overlay__inner .uagb-image-separator{width:30%;border-top-width:2px;border-top-color:#fff;border-top-style:solid;margin-bottom:10px;opacity:0;transition:transform .4s,opacity .4s ease-in-out;transform:translate3d(0, 30px, 0)}.wp-block-uagb-image--layout-overlay__inner .uagb-image-caption{opacity:0;overflow:visible;color:#fff;transition:transform .45s,opacity .45s ease-in-out;transform:translate3d(0, 35px, 0)}.wp-block-uagb-image--layout-overlay__inner:hover .uagb-image-heading,.wp-block-uagb-image--layout-overlay__inner:hover .uagb-image-separator,.wp-block-uagb-image--layout-overlay__inner:hover .uagb-image-caption{opacity:1;transform:translate3d(0, 0, 0)}.wp-block-uagb-image--effect-zoomin .wp-block-uagb-image__figure img,.wp-block-uagb-image--effect-zoomin .wp-block-uagb-image__figure .wp-block-uagb-image--layout-overlay__color-wrapper{transform:scale(1);transition:transform .35s ease-in-out}.wp-block-uagb-image--effect-zoomin .wp-block-uagb-image__figure:hover img,.wp-block-uagb-image--effect-zoomin .wp-block-uagb-image__figure:hover .wp-block-uagb-image--layout-overlay__color-wrapper{transform:scale(1.05)}.wp-block-uagb-image--effect-slide .wp-block-uagb-image__figure img,.wp-block-uagb-image--effect-slide .wp-block-uagb-image__figure .wp-block-uagb-image--layout-overlay__color-wrapper{width:calc(100% + 40px) !important;max-width:none !important;transform:translate3d(-40px, 0, 0);transition:transform .35s ease-in-out}.wp-block-uagb-image--effect-slide .wp-block-uagb-image__figure:hover img,.wp-block-uagb-image--effect-slide .wp-block-uagb-image__figure:hover .wp-block-uagb-image--layout-overlay__color-wrapper{transform:translate3d(0, 0, 0)}.wp-block-uagb-image--effect-grayscale img{filter:grayscale(0%);transition:.35s ease-in-out}.wp-block-uagb-image--effect-grayscale:hover img{filter:grayscale(100%)}.wp-block-uagb-image--effect-blur img{filter:blur(0);transition:.35s ease-in-out}.wp-block-uagb-image--effect-blur:hover img{filter:blur(3px)}.uagb-block-e6f939b3.wp-block-uagb-image--layout-default figure img{box-shadow: 0px 0px 0 #00000070;}.uagb-block-e6f939b3.wp-block-uagb-image .wp-block-uagb-image__figure figcaption{font-style: normal;align-self: center;}.uagb-block-e6f939b3.wp-block-uagb-image--layout-overlay figure img{box-shadow: 0px 0px 0 #00000070;}.uagb-block-e6f939b3.wp-block-uagb-image--layout-overlay .wp-block-uagb-image--layout-overlay__color-wrapper{opacity: 0.2;}.uagb-block-e6f939b3.wp-block-uagb-image--layout-overlay .wp-block-uagb-image--layout-overlay__inner{left: 15px;right: 15px;top: 15px;bottom: 15px;}.uagb-block-e6f939b3.wp-block-uagb-image--layout-overlay .wp-block-uagb-image--layout-overlay__inner .uagb-image-heading{font-style: normal;color: #fff;opacity: 1;}.uagb-block-e6f939b3.wp-block-uagb-image--layout-overlay .wp-block-uagb-image--layout-overlay__inner .uagb-image-heading a{color: #fff;}.uagb-block-e6f939b3.wp-block-uagb-image--layout-overlay .wp-block-uagb-image--layout-overlay__inner .uagb-image-caption{opacity: 0;}.uagb-block-e6f939b3.wp-block-uagb-image--layout-overlay .wp-block-uagb-image__figure:hover .wp-block-uagb-image--layout-overlay__color-wrapper{opacity: 1;}.uagb-block-e6f939b3.wp-block-uagb-image .wp-block-uagb-image--layout-overlay__inner .uagb-image-separator{width: 30%;border-top-width: 2px;border-top-color: #fff;opacity: 0;}.uagb-block-e6f939b3.wp-block-uagb-image .wp-block-uagb-image__figure img{width: px;height: auto;}.uagb-block-e6f939b3.wp-block-uagb-image .wp-block-uagb-image__figure:hover .wp-block-uagb-image--layout-overlay__inner .uagb-image-caption{opacity: 1;}.uagb-block-e6f939b3.wp-block-uagb-image .wp-block-uagb-image__figure:hover .wp-block-uagb-image--layout-overlay__inner .uagb-image-separator{opacity: 1;}.uagb-block-e6f939b3.wp-block-uagb-image--layout-default figure:hover img{box-shadow: 0px 0px 0 #00000070;}.uagb-block-e6f939b3.wp-block-uagb-image--layout-overlay figure:hover img{box-shadow: 0px 0px 0 #00000070;}@media only screen and (max-width: 976px) {.uagb-block-e6f939b3.wp-block-uagb-image .wp-block-uagb-image__figure img{width: px;height: auto;}}@media only screen and (max-width: 767px) {.uagb-block-e6f939b3.wp-block-uagb-image .wp-block-uagb-image__figure img{width: px;height: auto;}}\";s:2:\"js\";s:0:\"\";s:18:\"current_block_list\";a:13:{i:0;s:11:\"core\/search\";i:1;s:10:\"core\/group\";i:2;s:12:\"core\/heading\";i:3;s:17:\"core\/latest-posts\";i:4;s:20:\"core\/latest-comments\";i:5;s:13:\"core\/archives\";i:6;s:15:\"core\/categories\";i:7;s:14:\"core\/paragraph\";i:8;s:10:\"uagb\/image\";i:9;s:11:\"core\/spacer\";i:10;s:30:\"woocommerce\/product-categories\";i:11;s:10:\"core\/image\";i:12;s:14:\"core\/shortcode\";}s:8:\"uag_flag\";b:1;s:11:\"uag_version\";s:10:\"1777414928\";s:6:\"gfonts\";a:0:{}s:10:\"gfonts_url\";s:0:\"\";s:12:\"gfonts_files\";a:0:{}s:14:\"uag_faq_layout\";b:0;}"]},"uagb_featured_image_src":{"full":["https:\/\/www.quickdna.com\/wp-content\/uploads\/2025\/06\/Sans_titre__50_-removebg-preview.png",500,500,false],"thumbnail":["https:\/\/www.quickdna.com\/wp-content\/uploads\/2025\/06\/Sans_titre__50_-removebg-preview-150x150.png",150,150,true],"medium":["https:\/\/www.quickdna.com\/wp-content\/uploads\/2025\/06\/Sans_titre__50_-removebg-preview-300x300.png",300,300,true],"medium_large":["https:\/\/www.quickdna.com\/wp-content\/uploads\/2025\/06\/Sans_titre__50_-removebg-preview.png",500,500,false],"large":["https:\/\/www.quickdna.com\/wp-content\/uploads\/2025\/06\/Sans_titre__50_-removebg-preview.png",500,500,false],"1536x1536":["https:\/\/www.quickdna.com\/wp-content\/uploads\/2025\/06\/Sans_titre__50_-removebg-preview.png",500,500,false],"2048x2048":["https:\/\/www.quickdna.com\/wp-content\/uploads\/2025\/06\/Sans_titre__50_-removebg-preview.png",500,500,false],"trp-custom-language-flag":["https:\/\/www.quickdna.com\/wp-content\/uploads\/2025\/06\/Sans_titre__50_-removebg-preview-12x12.png",12,12,true],"woocommerce_thumbnail":["https:\/\/www.quickdna.com\/wp-content\/uploads\/2025\/06\/Sans_titre__50_-removebg-preview-300x300.png",300,300,true],"woocommerce_single":["https:\/\/www.quickdna.com\/wp-content\/uploads\/2025\/06\/Sans_titre__50_-removebg-preview.png",500,500,false],"woocommerce_gallery_thumbnail":["https:\/\/www.quickdna.com\/wp-content\/uploads\/2025\/06\/Sans_titre__50_-removebg-preview-100x100.png",100,100,true]},"uagb_author_info":{"display_name":"admin","author_link":"https:\/\/www.quickdna.com\/lv\/author\/"},"uagb_comment_info":93,"uagb_excerpt":"Determine paternity before birth with advanced prenatal DNA analysis. Our DNA prenatal paternity test allows you to establish biological fatherhood during pregnancy with cutting-edge genetic technology. Using highly sensitive analysis techniques, the test compares fetal DNA present in the mother\u2019s blood with the alleged father\u2019s DNA, providing clear and reliable answers before the child is&hellip;","_links":{"self":[{"href":"https:\/\/www.quickdna.com\/lv\/wp-json\/wp\/v2\/product\/23006","targetHints":{"allow":["GET"]}}],"collection":[{"href":"https:\/\/www.quickdna.com\/lv\/wp-json\/wp\/v2\/product"}],"about":[{"href":"https:\/\/www.quickdna.com\/lv\/wp-json\/wp\/v2\/types\/product"}],"replies":[{"embeddable":true,"href":"https:\/\/www.quickdna.com\/lv\/wp-json\/wp\/v2\/comments?post=23006"}],"version-history":[{"count":9,"href":"https:\/\/www.quickdna.com\/lv\/wp-json\/wp\/v2\/product\/23006\/revisions"}],"predecessor-version":[{"id":30174,"href":"https:\/\/www.quickdna.com\/lv\/wp-json\/wp\/v2\/product\/23006\/revisions\/30174"}],"wp:featuredmedia":[{"embeddable":true,"href":"https:\/\/www.quickdna.com\/lv\/wp-json\/wp\/v2\/media\/23015"}],"wp:attachment":[{"href":"https:\/\/www.quickdna.com\/lv\/wp-json\/wp\/v2\/media?parent=23006"}],"wp:term":[{"taxonomy":"product_brand","embeddable":true,"href":"https:\/\/www.quickdna.com\/lv\/wp-json\/wp\/v2\/product_brand?post=23006"},{"taxonomy":"product_cat","embeddable":true,"href":"https:\/\/www.quickdna.com\/lv\/wp-json\/wp\/v2\/product_cat?post=23006"},{"taxonomy":"product_tag","embeddable":true,"href":"https:\/\/www.quickdna.com\/lv\/wp-json\/wp\/v2\/product_tag?post=23006"}],"curies":[{"name":"wp","href":"https:\/\/api.w.org\/{rel}","templated":true}]}}