{"id":23003,"date":"2025-06-09T13:23:06","date_gmt":"2025-06-09T11:23:06","guid":{"rendered":"https:\/\/www.quickdna.com\/products\/dna-parentage-test\/"},"modified":"2026-02-19T18:44:25","modified_gmt":"2026-02-19T17:44:25","slug":"dna-parentage-test","status":"publish","type":"product","link":"https:\/\/www.quickdna.com\/lv\/products\/dna-parentage-test\/","title":{"rendered":"DNS paternit\u0101tes tests"},"content":{"rendered":"<p><strong><img decoding=\"async\" style=\"margin-right: 12px;\" src=\"https:\/\/www.quickdna.com\/wp-content\/uploads\/2026\/02\/Check.svg\" alt=\"\" width=\"18\" height=\"15\" \/>Sa\u0146emiet skaidras un uzticamas atbildes par biolo\u0123isko izcelsmi ar laboratorijas precizit\u0101ti.<\/strong> M\u016bsu DNS paternit\u0101tes tests nodro\u0161ina zin\u0101tniski apstiprin\u0101tus rezult\u0101tus, kas nosaka biolo\u0123isko radniec\u012bbu ar izcilu precizit\u0101ti, sniedzot jums skaidr\u012bbu un mieru jut\u012bg\u0101s situ\u0101cij\u0101s. Izmantojot progres\u012bvu \u0123en\u0113tisko anal\u012bzi, m\u0113s sal\u012bdzin\u0101m konkr\u0113tus DNS mar\u0137ierus starp iesp\u0113jamo t\u0113vu un b\u0113rnu, lai ar \u013coti augstu varb\u016bt\u012bbu noteiktu vec\u0101ku izcelsmi, sniedzot uzticamus secin\u0101jumus, kuriem varat uztic\u0113ties.<\/p>\n<p><strong><img decoding=\"async\" style=\"margin-right: 12px;\" src=\"https:\/\/www.quickdna.com\/wp-content\/uploads\/2026\/02\/Check.svg\" alt=\"\" width=\"18\" height=\"15\" \/>Izv\u0113lieties standarta testu vai diskr\u0113tu testu, kas piem\u0113rots j\u016bsu situ\u0101cijai.<\/strong> M\u0113s saprotam, ka katrs gad\u012bjums ir unik\u0101ls, t\u0101p\u0113c pied\u0101v\u0101jam divas elast\u012bgas test\u0113\u0161anas iesp\u0113jas. Standarta tests ietver sterilus mutes uztriepes, kas tiek viegli ieberztas vaiga iek\u0161pus\u0113 un nos\u016bt\u012btas atpaka\u013c uz m\u016bsu laboratoriju. Situ\u0101cij\u0101s, kad nepiecie\u0161ama liel\u0101ka diskr\u0113t\u012bba, varat izv\u0113l\u0113ties diskr\u0113to iesp\u0113ju un iesniegt alternat\u012bvus paraugus, piem\u0113ram, nagus, matus ar sakn\u0113m, zobu birstes, ko\u0161\u013c\u0101jamo gumiju, cigare\u0161u sodr\u0113jus vai izlietotas vates pl\u0101ksn\u012btes. \u0160\u012b elast\u012bba nodro\u0161ina, ka varat r\u012bkoties t\u0101, k\u0101 jums ir \u0113rti un piem\u0113roti.<\/p>\n<p><strong><img decoding=\"async\" style=\"margin-right: 12px;\" src=\"https:\/\/www.quickdna.com\/wp-content\/uploads\/2026\/02\/Check.svg\" alt=\"\" width=\"18\" height=\"15\" \/>Pa\u013caujieties uz ISO 17025 sertific\u0113tu laboratoriju, lai nodro\u0161in\u0101tu maksim\u0101lu precizit\u0101ti.<\/strong> Visas anal\u012bzes tiek veiktas laboratorij\u0101, kas sertific\u0113ta saska\u0146\u0101 ar ISO 17025 standartiem, kas garant\u0113 stingru kvalit\u0101tes kontroli, valid\u0113tas test\u0113\u0161anas metodes, kalibr\u0113tas iek\u0101rtas un augsti kvalific\u0113tu tehnisko person\u0101lu. \u0160is starptautiski atz\u012btais sertifik\u0101ts nodro\u0161ina, ka j\u016bsu DNS paternit\u0101tes tests tiek veikts saska\u0146\u0101 ar stingriem zin\u0101tniskiem un tehniskiem standartiem, nodro\u0161inot visaugst\u0101kajam ticam\u012bbas l\u012bmenim atbilsto\u0161us rezult\u0101tus.<\/p>\n<p><strong><img decoding=\"async\" style=\"margin-right: 12px;\" src=\"https:\/\/www.quickdna.com\/wp-content\/uploads\/2026\/02\/Check.svg\" alt=\"\" width=\"18\" height=\"15\" \/>Sa\u0146emiet \u0101trus rezult\u0101tus 72 stundu laik\u0101 p\u0113c paraugu sa\u0146em\u0161anas laboratorij\u0101.<\/strong> M\u0113s zin\u0101m, ka atbil\u017eu gaid\u012b\u0161ana var rad\u012bt stresu, t\u0101p\u0113c m\u0113s pie\u0161\u0137iram priorit\u0101ti \u0101trumam, nemazinot precizit\u0101ti. Kad j\u016bsu paraugi non\u0101k m\u016bsu laboratorij\u0101, rezult\u0101ti tiek pieg\u0101d\u0101ti 72 stundu laik\u0101. \u0160is \u0101trais izpildes laiks \u013cauj jums \u0101tri virz\u012bties uz priek\u0161u ar skaidr\u012bbu un p\u0101rliec\u012bbu.<\/p>\n<p><strong><img decoding=\"async\" style=\"margin-right: 12px;\" src=\"https:\/\/www.quickdna.com\/wp-content\/uploads\/2026\/02\/Check.svg\" alt=\"\" width=\"18\" height=\"15\" \/>Izmantojiet visefekt\u012bv\u0101ko pieejamo DNS test\u0113\u0161anas procesu.<\/strong> M\u016bsu modern\u0101s \u0123en\u0113tisk\u0101s profil\u0113\u0161anas metodes analiz\u0113 vair\u0101kus DNS mar\u0137ierus, lai ieg\u016btu p\u0101rliecino\u0161us rezult\u0101tus. Ja paternit\u0101te tiek apstiprin\u0101ta, paternit\u0101tes varb\u016bt\u012bba parasti p\u0101rsniedz 99,9%, savuk\u0101rt, ja iesp\u0113jamais t\u0113vs nav biolo\u0123iski saist\u012bts, izsl\u0113g\u0161ana ir gal\u012bga. \u0160is efektivit\u0101tes l\u012bmenis padara m\u016bsu DNS paternit\u0101tes testu par vienu no visdro\u0161\u0101kajiem pieejamajiem risin\u0101jumiem.<\/p>\n<p><strong><img decoding=\"async\" style=\"margin-right: 12px;\" src=\"https:\/\/www.quickdna.com\/wp-content\/uploads\/2026\/02\/Check.svg\" alt=\"\" width=\"18\" height=\"15\" \/>Izmantojiet tirg\u016b pieejamo l\u0113t\u0101ko profesion\u0101lo DNS paternit\u0101tes testu.<\/strong> M\u0113s esam ap\u0146\u0113mu\u0161ies pied\u0101v\u0101t augstas kvalit\u0101tes laboratorijas testus par viskonkur\u0113tsp\u0113j\u012bg\u0101ko cenu. Optimiz\u0113jot lo\u0123istikas un laboratorijas procesus, m\u0113s samazin\u0101m pieskait\u0101m\u0101s izmaksas un ietaup\u012bjumus novirz\u0101m tie\u0161i jums. Tas nodro\u0161ina, ka j\u016bs sa\u0146emat profesion\u0101las kvalit\u0101tes \u0123en\u0113tisk\u0101s anal\u012bzes par iesp\u0113jami zem\u0101ku cenu, nezaud\u0113jot kvalit\u0101ti vai uzticam\u012bbu.<\/p>\n<p><strong><img decoding=\"async\" style=\"margin-right: 12px;\" src=\"https:\/\/www.quickdna.com\/wp-content\/uploads\/2026\/02\/Check.svg\" alt=\"\" width=\"18\" height=\"15\" \/>Pas\u016btiet \u0161odien un sa\u0146emiet savu komplektu ar pieg\u0101di 24 stundu laik\u0101.<\/strong> M\u0113s vienm\u0113r pied\u0101v\u0101jam pieg\u0101di 24 stundu laik\u0101, lai j\u016bs var\u0113tu nekav\u0113joties s\u0101kt test\u0113\u0161anas procesu. Neatkar\u012bgi no t\u0101, vai izv\u0113laties standarta uztriepes komplektu vai pl\u0101nojat iesniegt diskr\u0113tus paraugus, j\u016bsu pas\u016bt\u012bjums tiks pieg\u0101d\u0101ts \u0101tri, lai j\u016bs var\u0113tu nekav\u0113joties r\u012bkoties.<\/p>\n<p><strong><img decoding=\"async\" style=\"margin-right: 12px;\" src=\"https:\/\/www.quickdna.com\/wp-content\/uploads\/2026\/02\/Check.svg\" alt=\"\" width=\"18\" height=\"15\" \/>Izbaudiet piln\u012bgu konfidencialit\u0101ti un priv\u0101tumu visa procesa laik\u0101.<\/strong> Visos gad\u012bjumos m\u0113s iev\u0113rojam stingru konfidencialit\u0101ti. No diskr\u0113ta iesai\u0146ojuma l\u012bdz dro\u0161ai apstr\u0101dei laboratorij\u0101 un aizsarg\u0101tai rezult\u0101tu pieg\u0101dei - j\u016bsu personisk\u0101 inform\u0101cija un testu rezult\u0101ti tiek aizsarg\u0101ti katr\u0101 sol\u012b. M\u016bsu diskr\u0113t\u0101 test\u0113\u0161anas iesp\u0113ja v\u0113l vair\u0101k palielina konfidencialit\u0101ti, \u013caujot iesniegt neinvaz\u012bvus vai ikdien\u0101 lietojamus personiskos priek\u0161metus.<\/p>\n<p><strong><img decoding=\"async\" style=\"margin-right: 12px;\" src=\"https:\/\/www.quickdna.com\/wp-content\/uploads\/2026\/02\/Check.svg\" alt=\"\" width=\"18\" height=\"15\" \/>Vienk\u0101r\u0161s, neinvaz\u012bvs paraugu \u0146em\u0161anas process.<\/strong> Standarta vaigu uztriepes metode ir nes\u0101p\u012bga un viegli veicama m\u0101j\u0101s. Lai sav\u0101ktu pietiekamu daudzumu \u0123en\u0113tisk\u0101 materi\u0101la, da\u017eas sekundes ir tikai maigi j\u0101berz\u0113 vaiga iek\u0161puse. Pat diskr\u0113tus paraugus ir viegli sav\u0101kt, iev\u0113rojot m\u016bsu skaidras vadl\u012bnijas, padarot visu procesu pieejamu un vienk\u0101r\u0161u.<\/p>\n<p><strong><img decoding=\"async\" style=\"margin-right: 12px;\" src=\"https:\/\/www.quickdna.com\/wp-content\/uploads\/2026\/02\/Check.svg\" alt=\"\" width=\"18\" height=\"15\" \/>Ieg\u0101de bez riska ar m\u016bsu naudas atmaksas garantiju.<\/strong> M\u0113s garant\u0113jam m\u016bsu DNS paternit\u0101tes testa kvalit\u0101ti un uzticam\u012bbu. Ja neesat apmierin\u0101ts ar m\u016bsu pakalpojumiem, m\u0113s pied\u0101v\u0101jam naudas atmaksas garantiju. Mums ir svar\u012bga j\u016bsu uztic\u012bba, un m\u0113s esam ap\u0146\u0113mu\u0161ies nodro\u0161in\u0101t j\u016bsu piln\u012bgu apmierin\u0101t\u012bbu no pas\u016bt\u012bjuma l\u012bdz rezult\u0101tam.<\/p>\n<h2><strong>Instrukcijas<\/strong><\/h2>\n<ul>\n<li>Veicot pas\u016bt\u012bjumu, izv\u0113lieties v\u0113lamo testa variantu: standarta tests ar vaigu uztriepes pal\u012bdz\u012bbu vai diskr\u0113ts tests, izmantojot alternat\u012bvus biolo\u0123iskos paraugus.<\/li>\n<li>Sa\u0146emot komplektu ar 24 stundu pieg\u0101di, pirms paraugu \u0146em\u0161anas r\u016bp\u012bgi izlasiet pievienotos nor\u0101d\u012bjumus.<\/li>\n<li>Lai veiktu standarta testu, izmantojiet pievienotos sterilos tamponus un vismaz 30 l\u012bdz 60 sekundes stingri berz\u0113jiet ar tiem vaiga iek\u0161\u0113jo pusi, lai nodro\u0161in\u0101tu pietiekamu DNS sav\u0101k\u0161anu. Vismaz vienu stundu pirms parauga \u0146em\u0161anas ne\u0113diet, nedzeriet un nesm\u0113\u0137\u0113jiet.<\/li>\n<li>Pirms ievieto\u0161anas paredz\u0113taj\u0101s aploksn\u0113s \u013caujiet tamponiem no\u017e\u016bt gais\u0101 komplekta instrukcij\u0101s nor\u0101d\u012bto ieteicamo laiku.<\/li>\n<li>Lai veiktu diskr\u0113to testu, sav\u0101c atbilsto\u0161us priek\u0161metus, piem\u0113ram, nagus, matus ar redzam\u0101m sakn\u0113m, izlietotu zobu birsti, ko\u0161\u013c\u0101jamo gumiju, cigare\u0161u sodr\u0113jus vai izlietotas vates pl\u0101ksn\u012btes. P\u0101rliecinieties, ka ar paraugiem r\u012bkojas uzman\u012bgi un tos ievieto t\u012bros, atsevi\u0161\u0137os traukos, lai izvair\u012btos no pies\u0101r\u0146ojuma.<\/li>\n<li>Iesniedziet tikai tos paraugus, kurus ir izmantojusi tikai p\u0101rbaud\u0101m\u0101 persona. Anal\u012bzi var ietekm\u0113t savstarp\u0113ja pies\u0101r\u0146o\u0161an\u0101s ar citu personu DNS.<\/li>\n<li>Aizpildiet komplekt\u0101 iek\u013cauto identifik\u0101cijas veidlapu, sniedzot prec\u012bzu inform\u0101ciju par katru dal\u012bbnieku.<\/li>\n<li>Ievietojiet visus paraugus un dokument\u0101ciju atpaka\u013c nos\u016bt\u012btaj\u0101 iepakojum\u0101 un nos\u016btiet tos atpaka\u013c uz laboratoriju saska\u0146\u0101 ar nor\u0101d\u012bjumiem.<\/li>\n<li>Tikl\u012bdz laboratorija sa\u0146ems paraugus, nekav\u0113joties s\u0101ks anal\u012bzes. Rezult\u0101ti tiek sniegti 72 stundu laik\u0101 p\u0113c sa\u0146em\u0161anas laboratorij\u0101.<\/li>\n<li>Rezult\u0101ti tiks dro\u0161i pieg\u0101d\u0101ti pa e-pastu. Ja procesa laik\u0101 rodas k\u0101di jaut\u0101jumi, sazinieties ar m\u016bsu klientu atbalsta komandu, lai sa\u0146emtu nor\u0101d\u012bjumus un pal\u012bdz\u012bbu.<\/li>\n<\/ul>","protected":false},"excerpt":{"rendered":"<p>Get clear and reliable answers about biological parentage with laboratory precision. Our DNA paternity test provides scientifically validated results that determine biological relationships with exceptional accuracy, giving you clarity and peace of mind in sensitive situations. Using advanced genetic analysis, we compare specific DNA markers between the alleged father and child to establish parentage with [&hellip;]<\/p>\n","protected":false},"featured_media":23013,"comment_status":"open","ping_status":"closed","template":"","meta":{"_uag_custom_page_level_css":"","site-sidebar-layout":"default","site-content-layout":"","ast-site-content-layout":"default","site-content-style":"default","site-sidebar-style":"default","ast-global-header-display":"","ast-banner-title-visibility":"","ast-main-header-display":"","ast-hfb-above-header-display":"","ast-hfb-below-header-display":"","ast-hfb-mobile-header-display":"","site-post-title":"","ast-breadcrumbs-content":"","ast-featured-img":"","footer-sml-layout":"","ast-disable-related-posts":"","theme-transparent-header-meta":"default","adv-header-id-meta":"","stick-header-meta":"","header-above-stick-meta":"","header-main-stick-meta":"","header-below-stick-meta":"","astra-migrate-meta-layouts":"set","ast-page-background-enabled":"default","ast-page-background-meta":{"desktop":{"background-color":"var(--ast-global-color-4)","background-image":"","background-repeat":"repeat","background-position":"center center","background-size":"auto","background-attachment":"scroll","background-type":"","background-media":"","overlay-type":"","overlay-color":"","overlay-opacity":"","overlay-gradient":""},"tablet":{"background-color":"","background-image":"","background-repeat":"repeat","background-position":"center center","background-size":"auto","background-attachment":"scroll","background-type":"","background-media":"","overlay-type":"","overlay-color":"","overlay-opacity":"","overlay-gradient":""},"mobile":{"background-color":"","background-image":"","background-repeat":"repeat","background-position":"center center","background-size":"auto","background-attachment":"scroll","background-type":"","background-media":"","overlay-type":"","overlay-color":"","overlay-opacity":"","overlay-gradient":""}},"ast-content-background-meta":{"desktop":{"background-color":"var(--ast-global-color-5)","background-image":"","background-repeat":"repeat","background-position":"center center","background-size":"auto","background-attachment":"scroll","background-type":"","background-media":"","overlay-type":"","overlay-color":"","overlay-opacity":"","overlay-gradient":""},"tablet":{"background-color":"var(--ast-global-color-5)","background-image":"","background-repeat":"repeat","background-position":"center center","background-size":"auto","background-attachment":"scroll","background-type":"","background-media":"","overlay-type":"","overlay-color":"","overlay-opacity":"","overlay-gradient":""},"mobile":{"background-color":"var(--ast-global-color-5)","background-image":"","background-repeat":"repeat","background-position":"center center","background-size":"auto","background-attachment":"scroll","background-type":"","background-media":"","overlay-type":"","overlay-color":"","overlay-opacity":"","overlay-gradient":""}}},"product_brand":[],"product_cat":[15],"product_tag":[],"class_list":{"0":"post-23003","1":"product","2":"type-product","3":"status-publish","4":"has-post-thumbnail","6":"product_cat-shop","7":"desktop-align-left","8":"tablet-align-left","9":"mobile-align-left","11":"first","12":"instock","13":"taxable","14":"shipping-taxable","15":"purchasable","16":"product-type-variable","17":"has-default-attributes"},"spectra_custom_meta":{"_visibility":["visible"],"_shopify_product_id":["7437934264552"],"_s2w_shopify_domain":["quickdna.myshopify.com"],"_shopify_variant_id":["42550069493992"],"_manage_stock":["no"],"total_sales":["1441"],"_tax_status":["taxable"],"_tax_class":[""],"_backorders":["no"],"_sold_individually":["no"],"_virtual":["no"],"_downloadable":["no"],"_download_limit":["-1"],"_download_expiry":["-1"],"_stock":[null],"_stock_status":["instock"],"_wc_average_rating":["4.73"],"_wc_review_count":["145"],"_product_attributes":["a:1:{s:13:\"discreet-test\";a:6:{s:4:\"name\";s:13:\"Discreet test\";s:5:\"value\";s:8:\"No | Yes\";s:8:\"position\";i:1;s:10:\"is_visible\";i:0;s:12:\"is_variation\";i:1;s:11:\"is_taxonomy\";i:0;}}"],"_product_version":["10.5.2"],"_thumbnail_id":["23013"],"_edit_last":["1"],"_wp_page_template":["default"],"_edit_lock":["1771525303:1"],"merchant-center-availability":["yes"],"merchant-center-category":["505293"],"merchant-center-id":["PAR"],"site-sidebar-layout":["default"],"ast-site-content-layout":["default"],"site-content-style":["default"],"site-sidebar-style":["default"],"theme-transparent-header-meta":["default"],"_wc_rating_count":["a:3:{i:3;i:8;i:4;i:23;i:5;i:114;}"],"_default_attributes":["a:1:{s:13:\"discreet-test\";s:2:\"No\";}"],"_price":["99.90","169.90"],"astra-migrate-meta-layouts":["set"],"_uag_css_file_name":["uag-css-23003.css"],"_elementor_page_assets":["a:0:{}"],"_uag_page_assets":["a:9:{s:3:\"css\";s:7133:\".uag-blocks-common-selector{z-index:var(--z-index-desktop) !important}@media(max-width: 976px){.uag-blocks-common-selector{z-index:var(--z-index-tablet) !important}}@media(max-width: 767px){.uag-blocks-common-selector{z-index:var(--z-index-mobile) !important}}.wp-block-uagb-image{display:flex}.wp-block-uagb-image__figure{position:relative;display:flex;flex-direction:column;max-width:100%;height:auto;margin:0}.wp-block-uagb-image__figure img{height:auto;display:flex;max-width:100%;transition:box-shadow .2s ease}.wp-block-uagb-image__figure>a{display:inline-block}.wp-block-uagb-image__figure figcaption{text-align:center;margin-top:.5em;margin-bottom:1em}.wp-block-uagb-image .components-placeholder.block-editor-media-placeholder .components-placeholder__instructions{align-self:center}.wp-block-uagb-image--align-left{text-align:left}.wp-block-uagb-image--align-right{text-align:right}.wp-block-uagb-image--align-center{text-align:center}.wp-block-uagb-image--align-full .wp-block-uagb-image__figure{margin-left:calc(50% - 50vw);margin-right:calc(50% - 50vw);max-width:100vw;width:100vw;height:auto}.wp-block-uagb-image--align-full .wp-block-uagb-image__figure img{height:auto;width:100% !important}.wp-block-uagb-image--align-wide .wp-block-uagb-image__figure img{height:auto;width:100%}.wp-block-uagb-image--layout-overlay__color-wrapper{position:absolute;left:0;top:0;right:0;bottom:0;opacity:.2;background:rgba(0,0,0,.5);transition:opacity .35s ease-in-out}.wp-block-uagb-image--layout-overlay-link{position:absolute;left:0;right:0;bottom:0;top:0}.wp-block-uagb-image--layout-overlay .wp-block-uagb-image__figure:hover .wp-block-uagb-image--layout-overlay__color-wrapper{opacity:1}.wp-block-uagb-image--layout-overlay__inner{position:absolute;left:15px;right:15px;bottom:15px;top:15px;display:flex;align-items:center;justify-content:center;flex-direction:column;border-color:#fff;transition:.35s ease-in-out}.wp-block-uagb-image--layout-overlay__inner.top-left,.wp-block-uagb-image--layout-overlay__inner.top-center,.wp-block-uagb-image--layout-overlay__inner.top-right{justify-content:flex-start}.wp-block-uagb-image--layout-overlay__inner.bottom-left,.wp-block-uagb-image--layout-overlay__inner.bottom-center,.wp-block-uagb-image--layout-overlay__inner.bottom-right{justify-content:flex-end}.wp-block-uagb-image--layout-overlay__inner.top-left,.wp-block-uagb-image--layout-overlay__inner.center-left,.wp-block-uagb-image--layout-overlay__inner.bottom-left{align-items:flex-start}.wp-block-uagb-image--layout-overlay__inner.top-right,.wp-block-uagb-image--layout-overlay__inner.center-right,.wp-block-uagb-image--layout-overlay__inner.bottom-right{align-items:flex-end}.wp-block-uagb-image--layout-overlay__inner .uagb-image-heading{color:#fff;transition:transform .35s,opacity .35s ease-in-out;transform:translate3d(0, 24px, 0);margin:0;line-height:1em}.wp-block-uagb-image--layout-overlay__inner .uagb-image-separator{width:30%;border-top-width:2px;border-top-color:#fff;border-top-style:solid;margin-bottom:10px;opacity:0;transition:transform .4s,opacity .4s ease-in-out;transform:translate3d(0, 30px, 0)}.wp-block-uagb-image--layout-overlay__inner .uagb-image-caption{opacity:0;overflow:visible;color:#fff;transition:transform .45s,opacity .45s ease-in-out;transform:translate3d(0, 35px, 0)}.wp-block-uagb-image--layout-overlay__inner:hover .uagb-image-heading,.wp-block-uagb-image--layout-overlay__inner:hover .uagb-image-separator,.wp-block-uagb-image--layout-overlay__inner:hover .uagb-image-caption{opacity:1;transform:translate3d(0, 0, 0)}.wp-block-uagb-image--effect-zoomin .wp-block-uagb-image__figure img,.wp-block-uagb-image--effect-zoomin .wp-block-uagb-image__figure .wp-block-uagb-image--layout-overlay__color-wrapper{transform:scale(1);transition:transform .35s ease-in-out}.wp-block-uagb-image--effect-zoomin .wp-block-uagb-image__figure:hover img,.wp-block-uagb-image--effect-zoomin .wp-block-uagb-image__figure:hover .wp-block-uagb-image--layout-overlay__color-wrapper{transform:scale(1.05)}.wp-block-uagb-image--effect-slide .wp-block-uagb-image__figure img,.wp-block-uagb-image--effect-slide .wp-block-uagb-image__figure .wp-block-uagb-image--layout-overlay__color-wrapper{width:calc(100% + 40px) !important;max-width:none !important;transform:translate3d(-40px, 0, 0);transition:transform .35s ease-in-out}.wp-block-uagb-image--effect-slide .wp-block-uagb-image__figure:hover img,.wp-block-uagb-image--effect-slide .wp-block-uagb-image__figure:hover .wp-block-uagb-image--layout-overlay__color-wrapper{transform:translate3d(0, 0, 0)}.wp-block-uagb-image--effect-grayscale img{filter:grayscale(0%);transition:.35s ease-in-out}.wp-block-uagb-image--effect-grayscale:hover img{filter:grayscale(100%)}.wp-block-uagb-image--effect-blur img{filter:blur(0);transition:.35s ease-in-out}.wp-block-uagb-image--effect-blur:hover img{filter:blur(3px)}.uagb-block-e6f939b3.wp-block-uagb-image--layout-default figure img{box-shadow: 0px 0px 0 #00000070;}.uagb-block-e6f939b3.wp-block-uagb-image .wp-block-uagb-image__figure figcaption{font-style: normal;align-self: center;}.uagb-block-e6f939b3.wp-block-uagb-image--layout-overlay figure img{box-shadow: 0px 0px 0 #00000070;}.uagb-block-e6f939b3.wp-block-uagb-image--layout-overlay .wp-block-uagb-image--layout-overlay__color-wrapper{opacity: 0.2;}.uagb-block-e6f939b3.wp-block-uagb-image--layout-overlay .wp-block-uagb-image--layout-overlay__inner{left: 15px;right: 15px;top: 15px;bottom: 15px;}.uagb-block-e6f939b3.wp-block-uagb-image--layout-overlay .wp-block-uagb-image--layout-overlay__inner .uagb-image-heading{font-style: normal;color: #fff;opacity: 1;}.uagb-block-e6f939b3.wp-block-uagb-image--layout-overlay .wp-block-uagb-image--layout-overlay__inner .uagb-image-heading a{color: #fff;}.uagb-block-e6f939b3.wp-block-uagb-image--layout-overlay .wp-block-uagb-image--layout-overlay__inner .uagb-image-caption{opacity: 0;}.uagb-block-e6f939b3.wp-block-uagb-image--layout-overlay .wp-block-uagb-image__figure:hover .wp-block-uagb-image--layout-overlay__color-wrapper{opacity: 1;}.uagb-block-e6f939b3.wp-block-uagb-image .wp-block-uagb-image--layout-overlay__inner .uagb-image-separator{width: 30%;border-top-width: 2px;border-top-color: #fff;opacity: 0;}.uagb-block-e6f939b3.wp-block-uagb-image .wp-block-uagb-image__figure img{width: px;height: auto;}.uagb-block-e6f939b3.wp-block-uagb-image .wp-block-uagb-image__figure:hover .wp-block-uagb-image--layout-overlay__inner .uagb-image-caption{opacity: 1;}.uagb-block-e6f939b3.wp-block-uagb-image .wp-block-uagb-image__figure:hover .wp-block-uagb-image--layout-overlay__inner .uagb-image-separator{opacity: 1;}.uagb-block-e6f939b3.wp-block-uagb-image--layout-default figure:hover img{box-shadow: 0px 0px 0 #00000070;}.uagb-block-e6f939b3.wp-block-uagb-image--layout-overlay figure:hover img{box-shadow: 0px 0px 0 #00000070;}@media only screen and (max-width: 976px) {.uagb-block-e6f939b3.wp-block-uagb-image .wp-block-uagb-image__figure img{width: px;height: auto;}}@media only screen and (max-width: 767px) {.uagb-block-e6f939b3.wp-block-uagb-image .wp-block-uagb-image__figure img{width: px;height: auto;}}\";s:2:\"js\";s:0:\"\";s:18:\"current_block_list\";a:13:{i:0;s:11:\"core\/search\";i:1;s:10:\"core\/group\";i:2;s:12:\"core\/heading\";i:3;s:17:\"core\/latest-posts\";i:4;s:20:\"core\/latest-comments\";i:5;s:13:\"core\/archives\";i:6;s:15:\"core\/categories\";i:7;s:14:\"core\/paragraph\";i:8;s:10:\"uagb\/image\";i:9;s:11:\"core\/spacer\";i:10;s:30:\"woocommerce\/product-categories\";i:11;s:10:\"core\/image\";i:12;s:14:\"core\/shortcode\";}s:8:\"uag_flag\";b:1;s:11:\"uag_version\";s:10:\"1777415089\";s:6:\"gfonts\";a:0:{}s:10:\"gfonts_url\";s:0:\"\";s:12:\"gfonts_files\";a:0:{}s:14:\"uag_faq_layout\";b:0;}"]},"uagb_featured_image_src":{"full":["https:\/\/www.quickdna.com\/wp-content\/uploads\/2025\/06\/box_png_5.png",1000,1000,false],"thumbnail":["https:\/\/www.quickdna.com\/wp-content\/uploads\/2025\/06\/box_png_5-150x150.png",150,150,true],"medium":["https:\/\/www.quickdna.com\/wp-content\/uploads\/2025\/06\/box_png_5-300x300.png",300,300,true],"medium_large":["https:\/\/www.quickdna.com\/wp-content\/uploads\/2025\/06\/box_png_5-768x768.png",768,768,true],"large":["https:\/\/www.quickdna.com\/wp-content\/uploads\/2025\/06\/box_png_5.png",1000,1000,false],"1536x1536":["https:\/\/www.quickdna.com\/wp-content\/uploads\/2025\/06\/box_png_5.png",1000,1000,false],"2048x2048":["https:\/\/www.quickdna.com\/wp-content\/uploads\/2025\/06\/box_png_5.png",1000,1000,false],"trp-custom-language-flag":["https:\/\/www.quickdna.com\/wp-content\/uploads\/2025\/06\/box_png_5-12x12.png",12,12,true],"woocommerce_thumbnail":["https:\/\/www.quickdna.com\/wp-content\/uploads\/2025\/06\/box_png_5-300x300.png",300,300,true],"woocommerce_single":["https:\/\/www.quickdna.com\/wp-content\/uploads\/2025\/06\/box_png_5-600x600.png",600,600,true],"woocommerce_gallery_thumbnail":["https:\/\/www.quickdna.com\/wp-content\/uploads\/2025\/06\/box_png_5-100x100.png",100,100,true]},"uagb_author_info":{"display_name":"admin","author_link":"https:\/\/www.quickdna.com\/lv\/author\/"},"uagb_comment_info":145,"uagb_excerpt":"Get clear and reliable answers about biological parentage with laboratory precision. Our DNA paternity test provides scientifically validated results that determine biological relationships with exceptional accuracy, giving you clarity and peace of mind in sensitive situations. Using advanced genetic analysis, we compare specific DNA markers between the alleged father and child to establish parentage with&hellip;","_links":{"self":[{"href":"https:\/\/www.quickdna.com\/lv\/wp-json\/wp\/v2\/product\/23003","targetHints":{"allow":["GET"]}}],"collection":[{"href":"https:\/\/www.quickdna.com\/lv\/wp-json\/wp\/v2\/product"}],"about":[{"href":"https:\/\/www.quickdna.com\/lv\/wp-json\/wp\/v2\/types\/product"}],"replies":[{"embeddable":true,"href":"https:\/\/www.quickdna.com\/lv\/wp-json\/wp\/v2\/comments?post=23003"}],"version-history":[{"count":7,"href":"https:\/\/www.quickdna.com\/lv\/wp-json\/wp\/v2\/product\/23003\/revisions"}],"predecessor-version":[{"id":30167,"href":"https:\/\/www.quickdna.com\/lv\/wp-json\/wp\/v2\/product\/23003\/revisions\/30167"}],"wp:featuredmedia":[{"embeddable":true,"href":"https:\/\/www.quickdna.com\/lv\/wp-json\/wp\/v2\/media\/23013"}],"wp:attachment":[{"href":"https:\/\/www.quickdna.com\/lv\/wp-json\/wp\/v2\/media?parent=23003"}],"wp:term":[{"taxonomy":"product_brand","embeddable":true,"href":"https:\/\/www.quickdna.com\/lv\/wp-json\/wp\/v2\/product_brand?post=23003"},{"taxonomy":"product_cat","embeddable":true,"href":"https:\/\/www.quickdna.com\/lv\/wp-json\/wp\/v2\/product_cat?post=23003"},{"taxonomy":"product_tag","embeddable":true,"href":"https:\/\/www.quickdna.com\/lv\/wp-json\/wp\/v2\/product_tag?post=23003"}],"curies":[{"name":"wp","href":"https:\/\/api.w.org\/{rel}","templated":true}]}}