{"id":22999,"date":"2025-06-09T13:23:05","date_gmt":"2025-06-09T11:23:05","guid":{"rendered":"https:\/\/www.quickdna.com\/products\/dna-genetic-test\/"},"modified":"2026-02-19T19:13:08","modified_gmt":"2026-02-19T18:13:08","slug":"dna-genetic-test","status":"publish","type":"product","link":"https:\/\/www.quickdna.com\/lv\/products\/dna-genetic-test\/","title":{"rendered":"DNS izcelsmes tests"},"content":{"rendered":"<p><strong><img decoding=\"async\" style=\"margin-right: 12px;\" src=\"https:\/\/www.quickdna.com\/wp-content\/uploads\/2026\/02\/Check.svg\" alt=\"\" width=\"18\" height=\"15\" \/>Atkl\u0101jiet savu patieso izcelsmi, izmantojot modernu glob\u0101lo DNS anal\u012bzi.<\/strong> M\u016bsu DNS priek\u0161te\u010du tests atkl\u0101j j\u016bsu g\u0113nos ierakst\u012bto st\u0101stu, \u013caujot jums izp\u0113t\u012bt savu etnisko izcelsmi vis\u0101s pasaules valst\u012bs un re\u0123ionos. Izmantojot augstas iz\u0161\u0137irtsp\u0113jas \u0123en\u0113tiskos mar\u0137ierus, m\u0113s sal\u012bdzin\u0101m j\u016bsu DNS profilu ar pla\u0161\u0101m starptautisk\u0101m atsauces datu b\u0101z\u0113m, lai sniegtu detaliz\u0113tu j\u016bsu sen\u010du izcelsmes sadal\u012bjumu, pied\u0101v\u0101jot ieskatu j\u016bsu \u0123imenes dzi\u013caj\u0101s \u0123eogr\u0101fiskaj\u0101s sakn\u0113s un migr\u0101cijas v\u0113stur\u0113.<\/p>\n<p><strong><img decoding=\"async\" style=\"margin-right: 12px;\" src=\"https:\/\/www.quickdna.com\/wp-content\/uploads\/2026\/02\/Check.svg\" alt=\"\" width=\"18\" height=\"15\" \/>Izprotiet savu farmakolo\u0123isko sader\u012bbu, lai nodro\u0161in\u0101tu personaliz\u0113tu \u0101rst\u0113\u0161anu.<\/strong> M\u016bsu DNS priek\u0161te\u010du test\u0101 ir iek\u013cauta farmakog\u0113nisk\u0101 anal\u012bze, kas p\u0101rbauda, k\u0101 j\u016bsu g\u0113ni var ietekm\u0113t j\u016bsu reakciju uz noteiktiem medikamentiem. \u0160\u012b inform\u0101cija var pal\u012bdz\u0113t noteikt potenci\u0101lo jut\u012bbu vai z\u0101\u013cu metabolisma at\u0161\u0137ir\u012bbas, veicinot dro\u0161\u0101ku un personaliz\u0113t\u0101ku vesel\u012bbas apr\u016bpes l\u0113mumu pie\u0146em\u0161anu.<\/p>\n<p><strong><img decoding=\"async\" style=\"margin-right: 12px;\" src=\"https:\/\/www.quickdna.com\/wp-content\/uploads\/2026\/02\/Check.svg\" alt=\"\" width=\"18\" height=\"15\" \/>Optimiz\u0113jiet savu dz\u012bvesveidu, g\u016bstot ieskatu uztura un fizisko aktivit\u0101\u0161u \u0123en\u0113tik\u0101.<\/strong> Test\u0101 analiz\u0113, k\u0101 j\u016bsu \u0123en\u0113tisk\u0101 strukt\u016bra mijiedarbojas ar uzturu, fizisko aktivit\u0101ti un vielmai\u0146u. J\u016bs sa\u0146emsiet inform\u0101ciju par to, k\u0101 j\u016bsu organisms var rea\u0123\u0113t uz konkr\u0113t\u0101m uzturviel\u0101m, fizisk\u0101s slodzes intensit\u0101ti, iztur\u012bbas treni\u0146iem un atvese\u013co\u0161anos, kas \u013caus jums piel\u0101got savu uzturu un fitnesa pl\u0101nu atbilsto\u0161i \u0123en\u0113tiskajam profilam.<\/p>\n<p><strong><img decoding=\"async\" style=\"margin-right: 12px;\" src=\"https:\/\/www.quickdna.com\/wp-content\/uploads\/2026\/02\/Check.svg\" alt=\"\" width=\"18\" height=\"15\" \/>Ieg\u016bstiet v\u0113rt\u012bgu inform\u0101ciju par vesel\u012bbu, nosakot \u0123en\u0113tisko slim\u012bbu risku.<\/strong> Papildus sen\u010du izcelsmei tests \u013cauj analiz\u0113t \u0123en\u0113tisko noslieci uz slim\u012bb\u0101m, kas, pamatojoties uz j\u016bsu DNS profilu, ir visdr\u012bz\u0101k iesp\u0113jamas. Identific\u0113jot konkr\u0113tus \u0123en\u0113tiskos variantus, kas saist\u012bti ar noteikt\u0101m slim\u012bb\u0101m, j\u016bs ieg\u016bstat proakt\u012bvas zin\u0101\u0161anas, kas var pal\u012bdz\u0113t inform\u0113t\u0101s vesel\u012bbas apr\u016bpes diskusij\u0101s un profilakses strat\u0113\u0123ij\u0101s.<\/p>\n<p><strong><img decoding=\"async\" style=\"margin-right: 12px;\" src=\"https:\/\/www.quickdna.com\/wp-content\/uploads\/2026\/02\/Check.svg\" alt=\"\" width=\"18\" height=\"15\" \/>Identific\u0113jiet radiniekus vis\u0101 pasaul\u0113, kuriem ir kop\u012bga j\u016bsu DNS.<\/strong> M\u016bsu visaptvero\u0161\u0101 datub\u0101ze \u013cauj jums atkl\u0101t \u0123en\u0113tisk\u0101s sakrit\u012bbas ar cit\u0101m person\u0101m, kur\u0101m ar jums ir kop\u012bgi DNS segmenti. \u0160\u012b funkcija pal\u012bdz jums identific\u0113t potenci\u0101los radiniekus citos kontinentos, atjaunot saikni ar papla\u0161in\u0101tiem dzimtas atzariem un izveidot skaidr\u0101ku priek\u0161statu par savu glob\u0101lo \u0123imenes t\u012bklu.<\/p>\n<p><strong><img decoding=\"async\" style=\"margin-right: 12px;\" src=\"https:\/\/www.quickdna.com\/wp-content\/uploads\/2026\/02\/Check.svg\" alt=\"\" width=\"18\" height=\"15\" \/>Izv\u0113lieties standarta vai diskr\u0113to paraugu \u0146em\u0161anas iesp\u0113ju, kas atbilst j\u016bsu vajadz\u012bb\u0101m.<\/strong> Varat izv\u0113l\u0113ties standarta testu, kur\u0101 izmanto sterilus mutes uztriepes, kas tiek viegli ieberztas vaiga iek\u0161pus\u0113 un nog\u0101d\u0101tas laboratorij\u0101, vai ar\u012b izv\u0113l\u0113ties diskr\u0113to testu, ja dodat priek\u0161roku alternat\u012bvai paraugu \u0146em\u0161anai. Izmantojot diskr\u0113to variantu, varat iesniegt nagus, matus ar sakn\u0113m, zobu birstes, ko\u0161\u013c\u0101jamo gumiju, cigare\u0161u sodr\u0113jus vai izlietotas vates pl\u0101ksn\u012btes. \u0160\u012b elast\u012bba nodro\u0161ina komfortu, priv\u0101tumu un \u0113rt\u012bbas, vienlaikus saglab\u0101jot uzticamu laboratorisko anal\u012bzi.<\/p>\n<p><strong><img decoding=\"async\" style=\"margin-right: 12px;\" src=\"https:\/\/www.quickdna.com\/wp-content\/uploads\/2026\/02\/Check.svg\" alt=\"\" width=\"18\" height=\"15\" \/>Rezult\u0101ti apstr\u0101d\u0101ti ISO 17025 sertific\u0113t\u0101 laboratorij\u0101.<\/strong> Visi DNS paraugi tiek analiz\u0113ti laboratorij\u0101, kas sertific\u0113ta saska\u0146\u0101 ar ISO 17025 standartiem, nodro\u0161inot stingru kvalit\u0101tes kontroli, valid\u0113tas zin\u0101tnisk\u0101s metodes un augsti kvalific\u0113tus speci\u0101listus. \u0160is starptautiski atz\u012btais sertifik\u0101ts garant\u0113 precizit\u0101ti, uzticam\u012bbu un augst\u0101ko tehnisko standartu iev\u0113ro\u0161anu vis\u0101 test\u0113\u0161anas proces\u0101.<\/p>\n<p><strong><img decoding=\"async\" style=\"margin-right: 12px;\" src=\"https:\/\/www.quickdna.com\/wp-content\/uploads\/2026\/02\/Check.svg\" alt=\"\" width=\"18\" height=\"15\" \/>Sa\u0146emiet \u0101trus rezult\u0101tus 72 stundu laik\u0101 p\u0113c sa\u0146em\u0161anas laboratorij\u0101.<\/strong> Kad paraugi non\u0101k m\u016bsu laboratorij\u0101, nekav\u0113joties tiek uzs\u0101kta to anal\u012bze. Rezult\u0101ti tiek pieg\u0101d\u0101ti 72 stundu laik\u0101 p\u0113c paraugu sa\u0146em\u0161anas, \u013caujot jums bez liekas gaid\u012b\u0161anas \u0101tri piek\u013c\u016bt detaliz\u0113tiem zi\u0146ojumiem par j\u016bsu izcelsmi, vesel\u012bbas noslieci un \u0123en\u0113tiskaj\u0101m \u012bpa\u0161\u012bb\u0101m.<\/p>\n<p><strong><img decoding=\"async\" style=\"margin-right: 12px;\" src=\"https:\/\/www.quickdna.com\/wp-content\/uploads\/2026\/02\/Check.svg\" alt=\"\" width=\"18\" height=\"15\" \/>Izmantojiet visefekt\u012bv\u0101ko un pieejam\u0101ko pieejamo DNS sen\u010du testu.<\/strong> M\u0113s apvienojam modern\u0101k\u0101s tehnolo\u0123ijas ar optimiz\u0113t\u0101m oper\u0101cij\u0101m, lai nodro\u0161in\u0101tu visefekt\u012bv\u0101ko anal\u012bzi par viszem\u0101ko cenu tirg\u016b. M\u016bsu visaptvero\u0161ie zi\u0146ojumi, glob\u0101lo datub\u0101zu sal\u012bdzin\u0101jumi un progres\u012bvas \u0123en\u0113tisk\u0101s atzi\u0146as nodro\u0161ina izcilu v\u0113rt\u012bbu, nemazinot zin\u0101tnisko stingr\u012bbu.<\/p>\n<p><strong><img decoding=\"async\" style=\"margin-right: 12px;\" src=\"https:\/\/www.quickdna.com\/wp-content\/uploads\/2026\/02\/Check.svg\" alt=\"\" width=\"18\" height=\"15\" \/>Pas\u016btiet dro\u0161i, pateicoties 24 stundu pieg\u0101dei un m\u016bsu naudas atmaksas garantijai.<\/strong> M\u0113s vienm\u0113r pied\u0101v\u0101jam test\u0113\u0161anas komplekta pieg\u0101di 24 stundu laik\u0101, lai j\u016bs var\u0113tu s\u0101kt test\u0113\u0161anu nekav\u0113joties. Turkl\u0101t m\u0113s sniedzam pilnu naudas atmaksas garantiju, ja neesat apmierin\u0101ts ar m\u016bsu pakalpojumiem. J\u016bsu ieguld\u012bjums ir piln\u012bgi bez riska, un j\u016bsu apmierin\u0101t\u012bba joproj\u0101m ir m\u016bsu priorit\u0101te.<\/p>\n<h2><strong>Instrukcijas<\/strong><\/h2>\n<ul>\n<li>Veicot pas\u016bt\u012bjumu, izv\u0113lieties v\u0113lamo paraugu \u0146em\u0161anas iesp\u0113ju: standarta vaigu uztriepes tests vai diskr\u0113ta parauga iesnieg\u0161ana.<\/li>\n<li>Sa\u0146emot komplektu ar 24 stundu pieg\u0101di, pirms DNS paraugu \u0146em\u0161anas r\u016bp\u012bgi izlasiet visus nor\u0101d\u012bjumus.<\/li>\n<li>Lai veiktu standarta testu, izmantojiet komplekt\u0101 iek\u013cautos sterilos tamponus un 30-60 sekundes ar katru tamponu stingri berz\u0113jiet vaiga iek\u0161pus\u0113. Vismaz vienu stundu pirms paraugu \u0146em\u0161anas ne\u0113diet, nedzeriet un nesm\u0113\u0137\u0113jiet.<\/li>\n<li>Pirms ievieto\u0161anas paredz\u0113taj\u0101s aploksn\u0113s \u013caujiet tamponiem piln\u012bgi iz\u017e\u016bt, lai nov\u0113rstu mitruma izrais\u012btu boj\u0101\u0161anos.<\/li>\n<li>Lai veiktu diskr\u0113to testu, sav\u0101c atbilsto\u0161us priek\u0161metus, piem\u0113ram, nagus, matus ar redzam\u0101m sakn\u0113m, izlietotu zobu birsti, ko\u0161\u013c\u0101jamo gumiju, cigare\u0161u sodr\u0113jus vai izlietotas vates pl\u0101ksn\u012btes. P\u0101rliecinieties, ka katrs paraugs pieder tikai test\u0113jamajai personai un ka ar to r\u012bkojas uzman\u012bgi, lai izvair\u012btos no pies\u0101r\u0146ojuma.<\/li>\n<li>Katru diskr\u0113to paraugu ievietojiet t\u012br\u0101, atsevi\u0161\u0137\u0101 trauk\u0101 vai aploksn\u0113, k\u0101 nor\u0101d\u012bts komplekt\u0101.<\/li>\n<li>prec\u012bzi aizpildiet identifik\u0101cijas un piekri\u0161anas veidlapas, lai nodro\u0161in\u0101tu pareizu apstr\u0101di un zi\u0146o\u0161anu.<\/li>\n<li>Dro\u0161i iesai\u0146ojiet visus paraugus, izmantojot tam paredz\u0113tos materi\u0101lus, un nog\u0101d\u0101jiet tos laboratorij\u0101 saska\u0146\u0101 ar nor\u0101d\u012bjumiem.<\/li>\n<li>Tikl\u012bdz laboratorija sa\u0146ems j\u016bsu paraugus, nekav\u0113joties s\u0101ks anal\u012bzi, tostarp izcelsmi, radinieku sal\u012bdzin\u0101\u0161anu, \u0123en\u0113tisko vesel\u012bbas risku nov\u0113rt\u0113jumu, farmakolo\u0123isk\u0101s sader\u012bbas anal\u012bzi, uztura un fizisk\u0101s slodzes reakcijas nov\u0113rt\u0113jumu.<\/li>\n<li>Rezult\u0101ti tiks pieg\u0101d\u0101ti 72 stundu laik\u0101 p\u0113c sa\u0146em\u0161anas laboratorij\u0101, lai j\u016bs var\u0113tu detaliz\u0113ti iepaz\u012bties ar savu visaptvero\u0161o \u0123en\u0113tisko zi\u0146ojumu.<\/li>\n<\/ul>","protected":false},"excerpt":{"rendered":"<p>Discover your true origins with advanced global DNA analysis. Our DNA ancestry test unlocks the story written in your genes, allowing you to explore your ethnic origins across all countries and regions of the world. Using high-resolution genetic markers, we compare your DNA profile with extensive international reference databases to provide a detailed breakdown of [&hellip;]<\/p>\n","protected":false},"featured_media":23012,"comment_status":"open","ping_status":"closed","template":"","meta":{"_uag_custom_page_level_css":"","site-sidebar-layout":"default","site-content-layout":"","ast-site-content-layout":"default","site-content-style":"default","site-sidebar-style":"default","ast-global-header-display":"","ast-banner-title-visibility":"","ast-main-header-display":"","ast-hfb-above-header-display":"","ast-hfb-below-header-display":"","ast-hfb-mobile-header-display":"","site-post-title":"","ast-breadcrumbs-content":"","ast-featured-img":"","footer-sml-layout":"","ast-disable-related-posts":"","theme-transparent-header-meta":"default","adv-header-id-meta":"","stick-header-meta":"","header-above-stick-meta":"","header-main-stick-meta":"","header-below-stick-meta":"","astra-migrate-meta-layouts":"set","ast-page-background-enabled":"default","ast-page-background-meta":{"desktop":{"background-color":"var(--ast-global-color-4)","background-image":"","background-repeat":"repeat","background-position":"center center","background-size":"auto","background-attachment":"scroll","background-type":"","background-media":"","overlay-type":"","overlay-color":"","overlay-opacity":"","overlay-gradient":""},"tablet":{"background-color":"","background-image":"","background-repeat":"repeat","background-position":"center center","background-size":"auto","background-attachment":"scroll","background-type":"","background-media":"","overlay-type":"","overlay-color":"","overlay-opacity":"","overlay-gradient":""},"mobile":{"background-color":"","background-image":"","background-repeat":"repeat","background-position":"center center","background-size":"auto","background-attachment":"scroll","background-type":"","background-media":"","overlay-type":"","overlay-color":"","overlay-opacity":"","overlay-gradient":""}},"ast-content-background-meta":{"desktop":{"background-color":"var(--ast-global-color-5)","background-image":"","background-repeat":"repeat","background-position":"center center","background-size":"auto","background-attachment":"scroll","background-type":"","background-media":"","overlay-type":"","overlay-color":"","overlay-opacity":"","overlay-gradient":""},"tablet":{"background-color":"var(--ast-global-color-5)","background-image":"","background-repeat":"repeat","background-position":"center center","background-size":"auto","background-attachment":"scroll","background-type":"","background-media":"","overlay-type":"","overlay-color":"","overlay-opacity":"","overlay-gradient":""},"mobile":{"background-color":"var(--ast-global-color-5)","background-image":"","background-repeat":"repeat","background-position":"center center","background-size":"auto","background-attachment":"scroll","background-type":"","background-media":"","overlay-type":"","overlay-color":"","overlay-opacity":"","overlay-gradient":""}}},"product_brand":[],"product_cat":[15],"product_tag":[],"class_list":{"0":"post-22999","1":"product","2":"type-product","3":"status-publish","4":"has-post-thumbnail","6":"product_cat-shop","7":"desktop-align-left","8":"tablet-align-left","9":"mobile-align-left","11":"first","12":"instock","13":"taxable","14":"shipping-taxable","15":"purchasable","16":"product-type-variable","17":"has-default-attributes"},"spectra_custom_meta":{"_visibility":["visible"],"_shopify_product_id":["7437086130408"],"_s2w_shopify_domain":["quickdna.myshopify.com"],"_shopify_variant_id":["42550085877992"],"_manage_stock":["no"],"total_sales":["1009"],"_tax_status":["taxable"],"_tax_class":[""],"_backorders":["no"],"_sold_individually":["no"],"_virtual":["no"],"_downloadable":["no"],"_download_limit":["-1"],"_download_expiry":["-1"],"_stock":[null],"_stock_status":["instock"],"_wc_average_rating":["4.71"],"_wc_review_count":["97"],"_product_attributes":["a:1:{s:13:\"discreet-test\";a:6:{s:4:\"name\";s:13:\"Discreet test\";s:5:\"value\";s:8:\"No | Yes\";s:8:\"position\";i:1;s:10:\"is_visible\";i:0;s:12:\"is_variation\";i:1;s:11:\"is_taxonomy\";i:0;}}"],"_product_version":["10.5.2"],"_thumbnail_id":["23012"],"_edit_last":["1"],"_wp_page_template":["default"],"_edit_lock":["1771524862:1"],"merchant-center-availability":["yes"],"merchant-center-category":["505293"],"merchant-center-id":["ORI"],"site-sidebar-layout":["default"],"ast-site-content-layout":["default"],"site-content-style":["default"],"site-sidebar-style":["default"],"theme-transparent-header-meta":["default"],"_wc_rating_count":["a:3:{i:3;i:8;i:4;i:12;i:5;i:77;}"],"_default_attributes":["a:1:{s:13:\"discreet-test\";s:2:\"No\";}"],"_price":["99.90","159.90"],"astra-migrate-meta-layouts":["set"],"_uag_css_file_name":["uag-css-22999.css"],"_elementor_page_assets":["a:0:{}"],"_uag_page_assets":["a:9:{s:3:\"css\";s:7133:\".uag-blocks-common-selector{z-index:var(--z-index-desktop) !important}@media(max-width: 976px){.uag-blocks-common-selector{z-index:var(--z-index-tablet) !important}}@media(max-width: 767px){.uag-blocks-common-selector{z-index:var(--z-index-mobile) !important}}.wp-block-uagb-image{display:flex}.wp-block-uagb-image__figure{position:relative;display:flex;flex-direction:column;max-width:100%;height:auto;margin:0}.wp-block-uagb-image__figure img{height:auto;display:flex;max-width:100%;transition:box-shadow .2s ease}.wp-block-uagb-image__figure>a{display:inline-block}.wp-block-uagb-image__figure figcaption{text-align:center;margin-top:.5em;margin-bottom:1em}.wp-block-uagb-image .components-placeholder.block-editor-media-placeholder .components-placeholder__instructions{align-self:center}.wp-block-uagb-image--align-left{text-align:left}.wp-block-uagb-image--align-right{text-align:right}.wp-block-uagb-image--align-center{text-align:center}.wp-block-uagb-image--align-full .wp-block-uagb-image__figure{margin-left:calc(50% - 50vw);margin-right:calc(50% - 50vw);max-width:100vw;width:100vw;height:auto}.wp-block-uagb-image--align-full .wp-block-uagb-image__figure img{height:auto;width:100% !important}.wp-block-uagb-image--align-wide .wp-block-uagb-image__figure img{height:auto;width:100%}.wp-block-uagb-image--layout-overlay__color-wrapper{position:absolute;left:0;top:0;right:0;bottom:0;opacity:.2;background:rgba(0,0,0,.5);transition:opacity .35s ease-in-out}.wp-block-uagb-image--layout-overlay-link{position:absolute;left:0;right:0;bottom:0;top:0}.wp-block-uagb-image--layout-overlay .wp-block-uagb-image__figure:hover .wp-block-uagb-image--layout-overlay__color-wrapper{opacity:1}.wp-block-uagb-image--layout-overlay__inner{position:absolute;left:15px;right:15px;bottom:15px;top:15px;display:flex;align-items:center;justify-content:center;flex-direction:column;border-color:#fff;transition:.35s ease-in-out}.wp-block-uagb-image--layout-overlay__inner.top-left,.wp-block-uagb-image--layout-overlay__inner.top-center,.wp-block-uagb-image--layout-overlay__inner.top-right{justify-content:flex-start}.wp-block-uagb-image--layout-overlay__inner.bottom-left,.wp-block-uagb-image--layout-overlay__inner.bottom-center,.wp-block-uagb-image--layout-overlay__inner.bottom-right{justify-content:flex-end}.wp-block-uagb-image--layout-overlay__inner.top-left,.wp-block-uagb-image--layout-overlay__inner.center-left,.wp-block-uagb-image--layout-overlay__inner.bottom-left{align-items:flex-start}.wp-block-uagb-image--layout-overlay__inner.top-right,.wp-block-uagb-image--layout-overlay__inner.center-right,.wp-block-uagb-image--layout-overlay__inner.bottom-right{align-items:flex-end}.wp-block-uagb-image--layout-overlay__inner .uagb-image-heading{color:#fff;transition:transform .35s,opacity .35s ease-in-out;transform:translate3d(0, 24px, 0);margin:0;line-height:1em}.wp-block-uagb-image--layout-overlay__inner .uagb-image-separator{width:30%;border-top-width:2px;border-top-color:#fff;border-top-style:solid;margin-bottom:10px;opacity:0;transition:transform .4s,opacity .4s ease-in-out;transform:translate3d(0, 30px, 0)}.wp-block-uagb-image--layout-overlay__inner .uagb-image-caption{opacity:0;overflow:visible;color:#fff;transition:transform .45s,opacity .45s ease-in-out;transform:translate3d(0, 35px, 0)}.wp-block-uagb-image--layout-overlay__inner:hover .uagb-image-heading,.wp-block-uagb-image--layout-overlay__inner:hover .uagb-image-separator,.wp-block-uagb-image--layout-overlay__inner:hover .uagb-image-caption{opacity:1;transform:translate3d(0, 0, 0)}.wp-block-uagb-image--effect-zoomin .wp-block-uagb-image__figure img,.wp-block-uagb-image--effect-zoomin .wp-block-uagb-image__figure .wp-block-uagb-image--layout-overlay__color-wrapper{transform:scale(1);transition:transform .35s ease-in-out}.wp-block-uagb-image--effect-zoomin .wp-block-uagb-image__figure:hover img,.wp-block-uagb-image--effect-zoomin .wp-block-uagb-image__figure:hover .wp-block-uagb-image--layout-overlay__color-wrapper{transform:scale(1.05)}.wp-block-uagb-image--effect-slide .wp-block-uagb-image__figure img,.wp-block-uagb-image--effect-slide .wp-block-uagb-image__figure .wp-block-uagb-image--layout-overlay__color-wrapper{width:calc(100% + 40px) !important;max-width:none !important;transform:translate3d(-40px, 0, 0);transition:transform .35s ease-in-out}.wp-block-uagb-image--effect-slide .wp-block-uagb-image__figure:hover img,.wp-block-uagb-image--effect-slide .wp-block-uagb-image__figure:hover .wp-block-uagb-image--layout-overlay__color-wrapper{transform:translate3d(0, 0, 0)}.wp-block-uagb-image--effect-grayscale img{filter:grayscale(0%);transition:.35s ease-in-out}.wp-block-uagb-image--effect-grayscale:hover img{filter:grayscale(100%)}.wp-block-uagb-image--effect-blur img{filter:blur(0);transition:.35s ease-in-out}.wp-block-uagb-image--effect-blur:hover img{filter:blur(3px)}.uagb-block-e6f939b3.wp-block-uagb-image--layout-default figure img{box-shadow: 0px 0px 0 #00000070;}.uagb-block-e6f939b3.wp-block-uagb-image .wp-block-uagb-image__figure figcaption{font-style: normal;align-self: center;}.uagb-block-e6f939b3.wp-block-uagb-image--layout-overlay figure img{box-shadow: 0px 0px 0 #00000070;}.uagb-block-e6f939b3.wp-block-uagb-image--layout-overlay .wp-block-uagb-image--layout-overlay__color-wrapper{opacity: 0.2;}.uagb-block-e6f939b3.wp-block-uagb-image--layout-overlay .wp-block-uagb-image--layout-overlay__inner{left: 15px;right: 15px;top: 15px;bottom: 15px;}.uagb-block-e6f939b3.wp-block-uagb-image--layout-overlay .wp-block-uagb-image--layout-overlay__inner .uagb-image-heading{font-style: normal;color: #fff;opacity: 1;}.uagb-block-e6f939b3.wp-block-uagb-image--layout-overlay .wp-block-uagb-image--layout-overlay__inner .uagb-image-heading a{color: #fff;}.uagb-block-e6f939b3.wp-block-uagb-image--layout-overlay .wp-block-uagb-image--layout-overlay__inner .uagb-image-caption{opacity: 0;}.uagb-block-e6f939b3.wp-block-uagb-image--layout-overlay .wp-block-uagb-image__figure:hover .wp-block-uagb-image--layout-overlay__color-wrapper{opacity: 1;}.uagb-block-e6f939b3.wp-block-uagb-image .wp-block-uagb-image--layout-overlay__inner .uagb-image-separator{width: 30%;border-top-width: 2px;border-top-color: #fff;opacity: 0;}.uagb-block-e6f939b3.wp-block-uagb-image .wp-block-uagb-image__figure img{width: px;height: auto;}.uagb-block-e6f939b3.wp-block-uagb-image .wp-block-uagb-image__figure:hover .wp-block-uagb-image--layout-overlay__inner .uagb-image-caption{opacity: 1;}.uagb-block-e6f939b3.wp-block-uagb-image .wp-block-uagb-image__figure:hover .wp-block-uagb-image--layout-overlay__inner .uagb-image-separator{opacity: 1;}.uagb-block-e6f939b3.wp-block-uagb-image--layout-default figure:hover img{box-shadow: 0px 0px 0 #00000070;}.uagb-block-e6f939b3.wp-block-uagb-image--layout-overlay figure:hover img{box-shadow: 0px 0px 0 #00000070;}@media only screen and (max-width: 976px) {.uagb-block-e6f939b3.wp-block-uagb-image .wp-block-uagb-image__figure img{width: px;height: auto;}}@media only screen and (max-width: 767px) {.uagb-block-e6f939b3.wp-block-uagb-image .wp-block-uagb-image__figure img{width: px;height: auto;}}\";s:2:\"js\";s:0:\"\";s:18:\"current_block_list\";a:13:{i:0;s:11:\"core\/search\";i:1;s:10:\"core\/group\";i:2;s:12:\"core\/heading\";i:3;s:17:\"core\/latest-posts\";i:4;s:20:\"core\/latest-comments\";i:5;s:13:\"core\/archives\";i:6;s:15:\"core\/categories\";i:7;s:14:\"core\/paragraph\";i:8;s:10:\"uagb\/image\";i:9;s:11:\"core\/spacer\";i:10;s:30:\"woocommerce\/product-categories\";i:11;s:10:\"core\/image\";i:12;s:14:\"core\/shortcode\";}s:8:\"uag_flag\";b:1;s:11:\"uag_version\";s:10:\"1777420426\";s:6:\"gfonts\";a:0:{}s:10:\"gfonts_url\";s:0:\"\";s:12:\"gfonts_files\";a:0:{}s:14:\"uag_faq_layout\";b:0;}"]},"uagb_featured_image_src":{"full":["https:\/\/www.quickdna.com\/wp-content\/uploads\/2025\/06\/box_png_4.png",1000,1000,false],"thumbnail":["https:\/\/www.quickdna.com\/wp-content\/uploads\/2025\/06\/box_png_4-150x150.png",150,150,true],"medium":["https:\/\/www.quickdna.com\/wp-content\/uploads\/2025\/06\/box_png_4-300x300.png",300,300,true],"medium_large":["https:\/\/www.quickdna.com\/wp-content\/uploads\/2025\/06\/box_png_4-768x768.png",768,768,true],"large":["https:\/\/www.quickdna.com\/wp-content\/uploads\/2025\/06\/box_png_4.png",1000,1000,false],"1536x1536":["https:\/\/www.quickdna.com\/wp-content\/uploads\/2025\/06\/box_png_4.png",1000,1000,false],"2048x2048":["https:\/\/www.quickdna.com\/wp-content\/uploads\/2025\/06\/box_png_4.png",1000,1000,false],"trp-custom-language-flag":["https:\/\/www.quickdna.com\/wp-content\/uploads\/2025\/06\/box_png_4-12x12.png",12,12,true],"woocommerce_thumbnail":["https:\/\/www.quickdna.com\/wp-content\/uploads\/2025\/06\/box_png_4-300x300.png",300,300,true],"woocommerce_single":["https:\/\/www.quickdna.com\/wp-content\/uploads\/2025\/06\/box_png_4-600x600.png",600,600,true],"woocommerce_gallery_thumbnail":["https:\/\/www.quickdna.com\/wp-content\/uploads\/2025\/06\/box_png_4-100x100.png",100,100,true]},"uagb_author_info":{"display_name":"admin","author_link":"https:\/\/www.quickdna.com\/lv\/author\/"},"uagb_comment_info":97,"uagb_excerpt":"Discover your true origins with advanced global DNA analysis. Our DNA ancestry test unlocks the story written in your genes, allowing you to explore your ethnic origins across all countries and regions of the world. Using high-resolution genetic markers, we compare your DNA profile with extensive international reference databases to provide a detailed breakdown of&hellip;","_links":{"self":[{"href":"https:\/\/www.quickdna.com\/lv\/wp-json\/wp\/v2\/product\/22999","targetHints":{"allow":["GET"]}}],"collection":[{"href":"https:\/\/www.quickdna.com\/lv\/wp-json\/wp\/v2\/product"}],"about":[{"href":"https:\/\/www.quickdna.com\/lv\/wp-json\/wp\/v2\/types\/product"}],"replies":[{"embeddable":true,"href":"https:\/\/www.quickdna.com\/lv\/wp-json\/wp\/v2\/comments?post=22999"}],"version-history":[{"count":5,"href":"https:\/\/www.quickdna.com\/lv\/wp-json\/wp\/v2\/product\/22999\/revisions"}],"predecessor-version":[{"id":30176,"href":"https:\/\/www.quickdna.com\/lv\/wp-json\/wp\/v2\/product\/22999\/revisions\/30176"}],"wp:featuredmedia":[{"embeddable":true,"href":"https:\/\/www.quickdna.com\/lv\/wp-json\/wp\/v2\/media\/23012"}],"wp:attachment":[{"href":"https:\/\/www.quickdna.com\/lv\/wp-json\/wp\/v2\/media?parent=22999"}],"wp:term":[{"taxonomy":"product_brand","embeddable":true,"href":"https:\/\/www.quickdna.com\/lv\/wp-json\/wp\/v2\/product_brand?post=22999"},{"taxonomy":"product_cat","embeddable":true,"href":"https:\/\/www.quickdna.com\/lv\/wp-json\/wp\/v2\/product_cat?post=22999"},{"taxonomy":"product_tag","embeddable":true,"href":"https:\/\/www.quickdna.com\/lv\/wp-json\/wp\/v2\/product_tag?post=22999"}],"curies":[{"name":"wp","href":"https:\/\/api.w.org\/{rel}","templated":true}]}}