{"id":22992,"date":"2025-06-09T13:23:04","date_gmt":"2025-06-09T11:23:04","guid":{"rendered":"https:\/\/www.quickdna.com\/products\/animal-breed-animal-test\/"},"modified":"2026-02-19T19:18:18","modified_gmt":"2026-02-19T18:18:18","slug":"animal-breed-animal-test","status":"publish","type":"product","link":"https:\/\/www.quickdna.com\/lv\/products\/animal-breed-animal-test\/","title":{"rendered":"Dz\u012bvnieka \u0161\u0137irnes DNS tests"},"content":{"rendered":"<p data-start=\"2\" data-end=\"444\"><strong data-start=\"2\" data-end=\"84\"><img decoding=\"async\" style=\"margin-right: 12px;\" src=\"https:\/\/www.quickdna.com\/wp-content\/uploads\/2026\/02\/Check.svg\" alt=\"\" width=\"18\" height=\"15\" \/>Identific\u0113jiet sava dz\u012bvnieka patieso \u0161\u0137irnes sast\u0101vu ar uzlabotu \u0123en\u0113tisko precizit\u0101ti.<\/strong> M\u016bsu dz\u012bvnieku \u0161\u0137ir\u0146u DNS tests nodro\u0161ina padzi\u013cin\u0101tu \u0123en\u0113tisko anal\u012bzi, lai noteiktu j\u016bsu su\u0146a, ka\u0137a, govs, zirga, putna vai vistas \u0161\u0137irnes sast\u0101vu. Izmantojot augstas iz\u0161\u0137irtsp\u0113jas DNS mar\u0137ierus un visaptvero\u0161as \u0161\u0137ir\u0146u atsauces datub\u0101zes, m\u0113s prec\u012bzi identific\u0113jam t\u012br\u0161\u0137irnes izcelsmi vai jauktas \u0161\u0137irnes sen\u010dus, sniedzot skaidrus un zin\u0101tniski pamatotus rezult\u0101tus, kuriem varat uztic\u0113ties.<\/p>\n<p data-start=\"448\" data-end=\"861\"><strong data-start=\"448\" data-end=\"538\"><img decoding=\"async\" style=\"margin-right: 12px;\" src=\"https:\/\/www.quickdna.com\/wp-content\/uploads\/2026\/02\/Check.svg\" alt=\"\" width=\"18\" height=\"15\" \/>Piem\u0113rots da\u017e\u0101d\u0101m sug\u0101m, tostarp su\u0146iem, ka\u0137iem, gov\u012bm, zirgiem, putniem un vist\u0101m.<\/strong> \u0160is daudzpus\u012bgais DNS tests ir \u012bpa\u0161i izstr\u0101d\u0101ts, lai aptvertu pla\u0161u m\u0101jdz\u012bvnieku un lauksaimniec\u012bbas dz\u012bvnieku spektru. Neatkar\u012bgi no t\u0101, vai esat m\u0101jdz\u012bvnieka \u012bpa\u0161nieks, kas interes\u0113jas par sava m\u012blu\u013ca izcelsmi, vai audz\u0113t\u0101js, kas v\u0113las apstiprin\u0101t ciltsrakstus, m\u016bsu tests nodro\u0161ina uzticamu \u0161\u0137irnes identifik\u0101ciju vis\u0101s sug\u0101s, iev\u0113rojot vien\u0101dus stingrus laboratorijas standartus.<\/p>\n<p data-start=\"1373\" data-end=\"1767\"><strong data-start=\"1373\" data-end=\"1448\"><img decoding=\"async\" style=\"margin-right: 12px;\" src=\"https:\/\/www.quickdna.com\/wp-content\/uploads\/2026\/02\/Check.svg\" alt=\"\" width=\"18\" height=\"15\" \/>Apstr\u0101d\u0101ts ISO 17025 sertific\u0113t\u0101 laboratorij\u0101, kas nodro\u0161ina garant\u0113tu precizit\u0101ti.<\/strong> Visas anal\u012bzes tiek veiktas ISO 17025 sertific\u0113t\u0101 laboratorij\u0101, kas nodro\u0161ina stingru kvalit\u0101tes p\u0101rvald\u012bbu, valid\u0113tas test\u0113\u0161anas metodes, kalibr\u0113tas iek\u0101rtas un augsti kvalific\u0113tus \u0123en\u0113tikas speci\u0101listus. \u0160is starptautiski atz\u012btais sertifik\u0101ts garant\u0113 precizit\u0101ti, konsekvenci un uzticamus rezult\u0101tus katram test\u0113tajam dz\u012bvniekam.<\/p>\n<p data-start=\"1771\" data-end=\"2076\"><strong data-start=\"1771\" data-end=\"1833\"><img decoding=\"async\" style=\"margin-right: 12px;\" src=\"https:\/\/www.quickdna.com\/wp-content\/uploads\/2026\/02\/Check.svg\" alt=\"\" width=\"18\" height=\"15\" \/>Sa\u0146emiet \u0101trus rezult\u0101tus 72 stundu laik\u0101 p\u0113c parauga sa\u0146em\u0161anas.<\/strong> Kad j\u016bsu dz\u012bvnieka DNS paraugi ir sa\u0146emti laboratorij\u0101, nekav\u0113joties tiek uzs\u0101kta to anal\u012bze. Rezult\u0101ti tiek pieg\u0101d\u0101ti 72 stundu laik\u0101 p\u0113c laboratorijas sa\u0146em\u0161anas, kas \u013cauj jums \u0101tri ieg\u016bt gal\u012bgo inform\u0101ciju par \u0161\u0137irni bez ilgas gaid\u012b\u0161anas.<\/p>\n<p data-start=\"2080\" data-end=\"2448\"><strong data-start=\"2080\" data-end=\"2158\"><img decoding=\"async\" style=\"margin-right: 12px;\" src=\"https:\/\/www.quickdna.com\/wp-content\/uploads\/2026\/02\/Check.svg\" alt=\"\" width=\"18\" height=\"15\" \/>Izmantojiet visefekt\u012bv\u0101ko pieejamo \u0161\u0137irnes identifik\u0101cijas tehnolo\u0123iju.<\/strong> M\u016bsu modern\u0101 \u0123en\u0113tisk\u0101 profil\u0113\u0161ana analiz\u0113 daudzus \u0161\u0137irn\u0113m rakstur\u012bgus mar\u0137ierus, lai nodro\u0161in\u0101tu \u013coti prec\u012bzu identifik\u0101ciju. Neatkar\u012bgi no t\u0101, vai tiek apstiprin\u0101ta re\u0123istr\u0113ta \u0161\u0137irne, p\u0101rbaud\u012bta krusto\u0161ana vai atkl\u0101ti negaid\u012bti priek\u0161te\u010di, m\u016bsu tests nodro\u0161ina visefekt\u012bv\u0101ko un detaliz\u0113t\u0101ko iesp\u0113jamo \u0161\u0137irnes sadal\u012bjumu.<\/p>\n<p data-start=\"2452\" data-end=\"2802\"><strong data-start=\"2452\" data-end=\"2518\"><img decoding=\"async\" style=\"margin-right: 12px;\" src=\"https:\/\/www.quickdna.com\/wp-content\/uploads\/2026\/02\/Check.svg\" alt=\"\" width=\"18\" height=\"15\" \/>L\u0113t\u0101kais profesion\u0101lais dz\u012bvnieku \u0161\u0137ir\u0146u DNS tests tirg\u016b.<\/strong> M\u0113s esam ap\u0146\u0113mu\u0161ies pied\u0101v\u0101t augstas kvalit\u0101tes \u0123en\u0113tisko test\u0113\u0161anu par viskonkur\u0113tsp\u0113j\u012bg\u0101ko cenu. Izmantojot optimiz\u0113tus laboratorijas procesus un tie\u0161o izplat\u012b\u0161anu, m\u0113s pied\u0101v\u0101jam profesion\u0101las kvalit\u0101tes anal\u012bzes par viszem\u0101ko cenu, nodro\u0161inot izcilu v\u0113rt\u012bbu gan audz\u0113t\u0101jiem, gan lauksaimniekiem, gan m\u0101jdz\u012bvnieku \u012bpa\u0161niekiem.<\/p>\n<p data-start=\"2806\" data-end=\"3057\"><strong data-start=\"2806\" data-end=\"2858\"><img decoding=\"async\" style=\"margin-right: 12px;\" src=\"https:\/\/www.quickdna.com\/wp-content\/uploads\/2026\/02\/Check.svg\" alt=\"\" width=\"18\" height=\"15\" \/>24 stundu pieg\u0101de, lai nekav\u0113joties s\u0101ktu test\u0113\u0161anu.<\/strong> M\u0113s vienm\u0113r pied\u0101v\u0101jam DNS test\u0113\u0161anas komplekta pieg\u0101di 24 stundu laik\u0101, lai j\u016bs var\u0113tu nekav\u0113joties s\u0101kt paraugu \u0146em\u0161anas procesu. \u0100tra pieg\u0101de nodro\u0161ina, ka j\u016bs varat \u0101tri sav\u0101kt un nos\u016bt\u012bt paraugus \u0101trai anal\u012bzei.<\/p>\n<p data-start=\"3061\" data-end=\"3462\"><strong data-start=\"3061\" data-end=\"3125\"><img decoding=\"async\" style=\"margin-right: 12px;\" src=\"https:\/\/www.quickdna.com\/wp-content\/uploads\/2026\/02\/Check.svg\" alt=\"\" width=\"18\" height=\"15\" \/>Uzlabot audz\u0113\u0161anas l\u0113mumus un dz\u012bvnieku p\u0101rvald\u012bbas strat\u0113\u0123ijas.<\/strong> Prec\u012bzas zin\u0101\u0161anas par dz\u012bvnieka \u0161\u0137irnes sast\u0101vu pal\u012bdz \u012bstenot atbild\u012bgas audz\u0113\u0161anas programmas, prognoz\u0113t uzved\u012bbas \u012bpa\u0161\u012bbas un var sniegt ieskatu par fiziskaj\u0101m \u012bpa\u0161\u012bb\u0101m. Gan\u0101mpulku, piem\u0113ram, govju, zirgu, c\u0101\u013cu un putnu, \u0161\u0137irnes p\u0101rbaude var ar\u012b pal\u012bdz\u0113t gan\u0101mpulka p\u0101rvald\u012bb\u0101, produktivit\u0101tes pl\u0101no\u0161an\u0101 un dokument\u0101cijas precizit\u0101t\u0113.<\/p>\n<p data-start=\"3466\" data-end=\"3776\"><strong data-start=\"3466\" data-end=\"3519\"><img decoding=\"async\" style=\"margin-right: 12px;\" src=\"https:\/\/www.quickdna.com\/wp-content\/uploads\/2026\/02\/Check.svg\" alt=\"\" width=\"18\" height=\"15\" \/>Ieg\u0101de bez riska ar m\u016bsu naudas atmaksas garantiju.<\/strong> M\u0113s atbalst\u0101m m\u016bsu dz\u012bvnieku \u0161\u0137ir\u0146u DNS testu uzticam\u012bbu un profesionalit\u0101ti. Ja neesat apmierin\u0101ts ar m\u016bsu pakalpojumiem, m\u0113s pied\u0101v\u0101jam naudas atmaksas garantiju. J\u016bsu pirkums ir piln\u012bb\u0101 aizsarg\u0101ts, sniedzot jums piln\u012bgu p\u0101rliec\u012bbu, izv\u0113loties m\u016bsu test\u0113\u0161anas risin\u0101jumu.<\/p>\n<h2 data-section-id=\"1izj3ny\" data-start=\"3778\" data-end=\"3793\">Instrukcijas<\/h2>\n<ul data-start=\"3795\" data-end=\"5258\" data-is-only-node=\"\" data-is-last-node=\"\">\n<li data-section-id=\"1tba8gz\" data-start=\"3795\" data-end=\"3888\">\n<p data-start=\"3797\" data-end=\"3888\">Veicot pas\u016bt\u012bjumu, izv\u0113lieties dz\u012bvnieku sugu: suns, ka\u0137is, govs, zirgs, putns vai vista.<\/p>\n<\/li>\n<li data-section-id=\"o49p4x\" data-start=\"3890\" data-end=\"4009\">\n<p data-start=\"3892\" data-end=\"4009\">Sa\u0146emot komplektu ar 24 stundu pieg\u0101di, pirms paraugu \u0146em\u0161anas r\u016bp\u012bgi izlasiet visus iek\u013cautos nor\u0101d\u012bjumus.<\/p>\n<\/li>\n<li data-section-id=\"1suktjl\" data-start=\"4011\" data-end=\"4247\">\n<p data-start=\"4013\" data-end=\"4247\">Izmantojiet komplekt\u0101 pievienotos sterilos tamponus, lai 30 l\u012bdz 60 sekundes maigi berz\u0113tu dz\u012bvnieka mutes iek\u0161pusi, t\u0101d\u0113j\u0101di sav\u0101cot pietiekamu DNS daudzumu.<\/p>\n<\/li>\n<li data-section-id=\"1mvxq8m\" data-start=\"4249\" data-end=\"4337\">\n<p data-start=\"4251\" data-end=\"4337\">Pirms ievieto\u0161anas paredz\u0113taj\u0101s aploksn\u0113s \u013caujiet tamponiem piln\u012bgi iz\u017e\u016bt.<\/p>\n<\/li>\n<li data-section-id=\"wrop09\" data-start=\"4339\" data-end=\"4600\">\n<p data-start=\"4341\" data-end=\"4600\">Lai diskr\u0113ti pa\u0146emtu paraugus, sav\u0101c piem\u0113rotus materi\u0101lus, piem\u0113ram, matus ar redzam\u0101m sakn\u0113m, spalvas ar neskartiem folikuliem, nagu izgriezumus vai DNS saturo\u0161us priek\u0161metus, ko izmanto tikai dz\u012bvnieks. P\u0101rliecinieties, ka paraugi ir t\u012bri un nav pies\u0101r\u0146oti ar citiem dz\u012bvniekiem.<\/p>\n<\/li>\n<li data-section-id=\"ru4eo6\" data-start=\"4602\" data-end=\"4702\">\n<p data-start=\"4604\" data-end=\"4702\">Katru paraugu ievietojiet atsevi\u0161\u0137\u0101, t\u012br\u0101 trauk\u0101 vai aploksn\u0113, k\u0101 nor\u0101d\u012bts komplekta instrukcij\u0101s.<\/p>\n<\/li>\n<li data-section-id=\"1yomlap\" data-start=\"4704\" data-end=\"4838\">\n<p data-start=\"4706\" data-end=\"4838\">Prec\u012bzi aizpildiet identifik\u0101cijas veidlapu, nor\u0101dot dz\u012bvnieka sugu, v\u0101rdu, vecumu un visu attiec\u012bgo inform\u0101ciju par \u0161\u0137irni, ja t\u0101 ir zin\u0101ma.<\/p>\n<\/li>\n<li data-section-id=\"tq9c5p\" data-start=\"4840\" data-end=\"4973\">\n<p data-start=\"4842\" data-end=\"4973\">Dro\u0161i iesai\u0146ojiet visus paraugus, izmantojot tam paredz\u0113tos materi\u0101lus, un nos\u016btiet tos uz laboratoriju saska\u0146\u0101 ar nos\u016bt\u012b\u0161anas nor\u0101d\u012bjumiem.<\/p>\n<\/li>\n<li data-section-id=\"1az2ol7\" data-start=\"4975\" data-end=\"5059\">\n<p data-start=\"4977\" data-end=\"5059\">Tikl\u012bdz laboratorija sa\u0146ems paraugus, nekav\u0113joties tiks uzs\u0101kta \u0123en\u0113tisk\u0101 anal\u012bze.<\/p>\n<\/li>\n<li data-section-id=\"1akddh7\" data-start=\"5061\" data-end=\"5258\" data-is-last-node=\"\">\n<p data-start=\"5063\" data-end=\"5258\" data-is-last-node=\"\">Rezult\u0101ti tiks pieg\u0101d\u0101ti 72 stundu laik\u0101 p\u0113c parauga sa\u0146em\u0161anas laboratorij\u0101, izmantojot j\u016bsu izv\u0113l\u0113to dro\u0161o sazi\u0146as metodi, sniedzot detaliz\u0113tu inform\u0101ciju par j\u016bsu dz\u012bvnieka \u0161\u0137irnes sast\u0101vu.<\/p>\n<\/li>\n<\/ul>","protected":false},"excerpt":{"rendered":"<p>Identify your animal\u2019s true breed composition with advanced genetic precision. Our animal breed DNA test provides an in-depth genetic analysis to determine the breed composition of your dog, cat, cow, horse, bird, or chicken. Using high-resolution DNA markers and comprehensive breed reference databases, we accurately identify purebred lineage or mixed breed ancestry, giving you clear [&hellip;]<\/p>\n","protected":false},"featured_media":23010,"comment_status":"open","ping_status":"closed","template":"","meta":{"_uag_custom_page_level_css":"","site-sidebar-layout":"default","site-content-layout":"","ast-site-content-layout":"default","site-content-style":"default","site-sidebar-style":"default","ast-global-header-display":"","ast-banner-title-visibility":"","ast-main-header-display":"","ast-hfb-above-header-display":"","ast-hfb-below-header-display":"","ast-hfb-mobile-header-display":"","site-post-title":"","ast-breadcrumbs-content":"","ast-featured-img":"","footer-sml-layout":"","ast-disable-related-posts":"","theme-transparent-header-meta":"default","adv-header-id-meta":"","stick-header-meta":"","header-above-stick-meta":"","header-main-stick-meta":"","header-below-stick-meta":"","astra-migrate-meta-layouts":"set","ast-page-background-enabled":"default","ast-page-background-meta":{"desktop":{"background-color":"var(--ast-global-color-4)","background-image":"","background-repeat":"repeat","background-position":"center center","background-size":"auto","background-attachment":"scroll","background-type":"","background-media":"","overlay-type":"","overlay-color":"","overlay-opacity":"","overlay-gradient":""},"tablet":{"background-color":"","background-image":"","background-repeat":"repeat","background-position":"center center","background-size":"auto","background-attachment":"scroll","background-type":"","background-media":"","overlay-type":"","overlay-color":"","overlay-opacity":"","overlay-gradient":""},"mobile":{"background-color":"","background-image":"","background-repeat":"repeat","background-position":"center center","background-size":"auto","background-attachment":"scroll","background-type":"","background-media":"","overlay-type":"","overlay-color":"","overlay-opacity":"","overlay-gradient":""}},"ast-content-background-meta":{"desktop":{"background-color":"var(--ast-global-color-5)","background-image":"","background-repeat":"repeat","background-position":"center center","background-size":"auto","background-attachment":"scroll","background-type":"","background-media":"","overlay-type":"","overlay-color":"","overlay-opacity":"","overlay-gradient":""},"tablet":{"background-color":"var(--ast-global-color-5)","background-image":"","background-repeat":"repeat","background-position":"center center","background-size":"auto","background-attachment":"scroll","background-type":"","background-media":"","overlay-type":"","overlay-color":"","overlay-opacity":"","overlay-gradient":""},"mobile":{"background-color":"var(--ast-global-color-5)","background-image":"","background-repeat":"repeat","background-position":"center center","background-size":"auto","background-attachment":"scroll","background-type":"","background-media":"","overlay-type":"","overlay-color":"","overlay-opacity":"","overlay-gradient":""}}},"product_brand":[],"product_cat":[15],"product_tag":[],"class_list":{"0":"post-22992","1":"product","2":"type-product","3":"status-publish","4":"has-post-thumbnail","6":"product_cat-shop","7":"desktop-align-left","8":"tablet-align-left","9":"mobile-align-left","11":"first","12":"instock","13":"taxable","14":"shipping-taxable","15":"purchasable","16":"product-type-variable"},"spectra_custom_meta":{"_visibility":["visible"],"_shopify_product_id":["7437956514024"],"_s2w_shopify_domain":["quickdna.myshopify.com"],"_shopify_variant_id":["42550065889512"],"_manage_stock":["no"],"total_sales":["205"],"_tax_status":["taxable"],"_tax_class":[""],"_backorders":["no"],"_sold_individually":["no"],"_virtual":["no"],"_downloadable":["no"],"_download_limit":["-1"],"_download_expiry":["-1"],"_stock":[null],"_stock_status":["instock"],"_wc_average_rating":["4.88"],"_wc_review_count":["113"],"_product_attributes":["a:1:{s:12:\"animal-specy\";a:6:{s:4:\"name\";s:12:\"Animal specy\";s:5:\"value\";s:40:\"Dog | Cat | Cow | Horse | Bird | Chicken\";s:8:\"position\";i:1;s:10:\"is_visible\";i:0;s:12:\"is_variation\";i:1;s:11:\"is_taxonomy\";i:0;}}"],"_product_version":["10.5.2"],"_thumbnail_id":["23010"],"_edit_last":["1"],"_wp_page_template":["default"],"_edit_lock":["1771524999:1"],"merchant-center-availability":["yes"],"merchant-center-category":["505293"],"merchant-center-id":["ANI"],"site-sidebar-layout":["default"],"ast-site-content-layout":["default"],"site-content-style":["default"],"site-sidebar-style":["default"],"theme-transparent-header-meta":["default"],"_wc_rating_count":["a:3:{i:3;i:2;i:4;i:10;i:5;i:101;}"],"_price":["99.90"],"astra-migrate-meta-layouts":["set"],"_uag_css_file_name":["uag-css-22992.css"],"_elementor_page_assets":["a:0:{}"],"_uag_page_assets":["a:9:{s:3:\"css\";s:6873:\".wp-block-uagb-image{display:flex}.wp-block-uagb-image__figure{position:relative;display:flex;flex-direction:column;max-width:100%;height:auto;margin:0}.wp-block-uagb-image__figure img{height:auto;display:flex;max-width:100%;transition:box-shadow .2s ease}.wp-block-uagb-image__figure>a{display:inline-block}.wp-block-uagb-image__figure figcaption{text-align:center;margin-top:.5em;margin-bottom:1em}.wp-block-uagb-image .components-placeholder.block-editor-media-placeholder .components-placeholder__instructions{align-self:center}.wp-block-uagb-image--align-left{text-align:left}.wp-block-uagb-image--align-right{text-align:right}.wp-block-uagb-image--align-center{text-align:center}.wp-block-uagb-image--align-full .wp-block-uagb-image__figure{margin-left:calc(50% - 50vw);margin-right:calc(50% - 50vw);max-width:100vw;width:100vw;height:auto}.wp-block-uagb-image--align-full .wp-block-uagb-image__figure img{height:auto;width:100% !important}.wp-block-uagb-image--align-wide .wp-block-uagb-image__figure img{height:auto;width:100%}.wp-block-uagb-image--layout-overlay__color-wrapper{position:absolute;left:0;top:0;right:0;bottom:0;opacity:.2;background:rgba(0,0,0,.5);transition:opacity .35s ease-in-out}.wp-block-uagb-image--layout-overlay-link{position:absolute;left:0;right:0;bottom:0;top:0}.wp-block-uagb-image--layout-overlay .wp-block-uagb-image__figure:hover .wp-block-uagb-image--layout-overlay__color-wrapper{opacity:1}.wp-block-uagb-image--layout-overlay__inner{position:absolute;left:15px;right:15px;bottom:15px;top:15px;display:flex;align-items:center;justify-content:center;flex-direction:column;border-color:#fff;transition:.35s ease-in-out}.wp-block-uagb-image--layout-overlay__inner.top-left,.wp-block-uagb-image--layout-overlay__inner.top-center,.wp-block-uagb-image--layout-overlay__inner.top-right{justify-content:flex-start}.wp-block-uagb-image--layout-overlay__inner.bottom-left,.wp-block-uagb-image--layout-overlay__inner.bottom-center,.wp-block-uagb-image--layout-overlay__inner.bottom-right{justify-content:flex-end}.wp-block-uagb-image--layout-overlay__inner.top-left,.wp-block-uagb-image--layout-overlay__inner.center-left,.wp-block-uagb-image--layout-overlay__inner.bottom-left{align-items:flex-start}.wp-block-uagb-image--layout-overlay__inner.top-right,.wp-block-uagb-image--layout-overlay__inner.center-right,.wp-block-uagb-image--layout-overlay__inner.bottom-right{align-items:flex-end}.wp-block-uagb-image--layout-overlay__inner .uagb-image-heading{color:#fff;transition:transform .35s,opacity .35s ease-in-out;transform:translate3d(0, 24px, 0);margin:0;line-height:1em}.wp-block-uagb-image--layout-overlay__inner .uagb-image-separator{width:30%;border-top-width:2px;border-top-color:#fff;border-top-style:solid;margin-bottom:10px;opacity:0;transition:transform .4s,opacity .4s ease-in-out;transform:translate3d(0, 30px, 0)}.wp-block-uagb-image--layout-overlay__inner .uagb-image-caption{opacity:0;overflow:visible;color:#fff;transition:transform .45s,opacity .45s ease-in-out;transform:translate3d(0, 35px, 0)}.wp-block-uagb-image--layout-overlay__inner:hover .uagb-image-heading,.wp-block-uagb-image--layout-overlay__inner:hover .uagb-image-separator,.wp-block-uagb-image--layout-overlay__inner:hover .uagb-image-caption{opacity:1;transform:translate3d(0, 0, 0)}.wp-block-uagb-image--effect-zoomin .wp-block-uagb-image__figure img,.wp-block-uagb-image--effect-zoomin .wp-block-uagb-image__figure .wp-block-uagb-image--layout-overlay__color-wrapper{transform:scale(1);transition:transform .35s ease-in-out}.wp-block-uagb-image--effect-zoomin .wp-block-uagb-image__figure:hover img,.wp-block-uagb-image--effect-zoomin .wp-block-uagb-image__figure:hover .wp-block-uagb-image--layout-overlay__color-wrapper{transform:scale(1.05)}.wp-block-uagb-image--effect-slide .wp-block-uagb-image__figure img,.wp-block-uagb-image--effect-slide .wp-block-uagb-image__figure .wp-block-uagb-image--layout-overlay__color-wrapper{width:calc(100% + 40px) !important;max-width:none !important;transform:translate3d(-40px, 0, 0);transition:transform .35s ease-in-out}.wp-block-uagb-image--effect-slide .wp-block-uagb-image__figure:hover img,.wp-block-uagb-image--effect-slide .wp-block-uagb-image__figure:hover .wp-block-uagb-image--layout-overlay__color-wrapper{transform:translate3d(0, 0, 0)}.wp-block-uagb-image--effect-grayscale img{filter:grayscale(0%);transition:.35s ease-in-out}.wp-block-uagb-image--effect-grayscale:hover img{filter:grayscale(100%)}.wp-block-uagb-image--effect-blur img{filter:blur(0);transition:.35s ease-in-out}.wp-block-uagb-image--effect-blur:hover img{filter:blur(3px)}.uagb-block-e6f939b3.wp-block-uagb-image--layout-default figure img{box-shadow: 0px 0px 0 #00000070;}.uagb-block-e6f939b3.wp-block-uagb-image .wp-block-uagb-image__figure figcaption{font-style: normal;align-self: center;}.uagb-block-e6f939b3.wp-block-uagb-image--layout-overlay figure img{box-shadow: 0px 0px 0 #00000070;}.uagb-block-e6f939b3.wp-block-uagb-image--layout-overlay .wp-block-uagb-image--layout-overlay__color-wrapper{opacity: 0.2;}.uagb-block-e6f939b3.wp-block-uagb-image--layout-overlay .wp-block-uagb-image--layout-overlay__inner{left: 15px;right: 15px;top: 15px;bottom: 15px;}.uagb-block-e6f939b3.wp-block-uagb-image--layout-overlay .wp-block-uagb-image--layout-overlay__inner .uagb-image-heading{font-style: normal;color: #fff;opacity: 1;}.uagb-block-e6f939b3.wp-block-uagb-image--layout-overlay .wp-block-uagb-image--layout-overlay__inner .uagb-image-heading a{color: #fff;}.uagb-block-e6f939b3.wp-block-uagb-image--layout-overlay .wp-block-uagb-image--layout-overlay__inner .uagb-image-caption{opacity: 0;}.uagb-block-e6f939b3.wp-block-uagb-image--layout-overlay .wp-block-uagb-image__figure:hover .wp-block-uagb-image--layout-overlay__color-wrapper{opacity: 1;}.uagb-block-e6f939b3.wp-block-uagb-image .wp-block-uagb-image--layout-overlay__inner .uagb-image-separator{width: 30%;border-top-width: 2px;border-top-color: #fff;opacity: 0;}.uagb-block-e6f939b3.wp-block-uagb-image .wp-block-uagb-image__figure img{width: px;height: auto;}.uagb-block-e6f939b3.wp-block-uagb-image .wp-block-uagb-image__figure:hover .wp-block-uagb-image--layout-overlay__inner .uagb-image-caption{opacity: 1;}.uagb-block-e6f939b3.wp-block-uagb-image .wp-block-uagb-image__figure:hover .wp-block-uagb-image--layout-overlay__inner .uagb-image-separator{opacity: 1;}.uagb-block-e6f939b3.wp-block-uagb-image--layout-default figure:hover img{box-shadow: 0px 0px 0 #00000070;}.uagb-block-e6f939b3.wp-block-uagb-image--layout-overlay figure:hover img{box-shadow: 0px 0px 0 #00000070;}@media only screen and (max-width: 976px) {.uagb-block-e6f939b3.wp-block-uagb-image .wp-block-uagb-image__figure img{width: px;height: auto;}}@media only screen and (max-width: 767px) {.uagb-block-e6f939b3.wp-block-uagb-image .wp-block-uagb-image__figure img{width: px;height: auto;}}\";s:2:\"js\";s:0:\"\";s:18:\"current_block_list\";a:13:{i:0;s:11:\"core\/search\";i:1;s:10:\"core\/group\";i:2;s:12:\"core\/heading\";i:3;s:17:\"core\/latest-posts\";i:4;s:20:\"core\/latest-comments\";i:5;s:13:\"core\/archives\";i:6;s:15:\"core\/categories\";i:7;s:14:\"core\/paragraph\";i:8;s:10:\"uagb\/image\";i:9;s:11:\"core\/spacer\";i:10;s:30:\"woocommerce\/product-categories\";i:11;s:10:\"core\/image\";i:12;s:14:\"core\/shortcode\";}s:8:\"uag_flag\";b:1;s:11:\"uag_version\";s:10:\"1777465868\";s:6:\"gfonts\";a:0:{}s:10:\"gfonts_url\";s:0:\"\";s:12:\"gfonts_files\";a:0:{}s:14:\"uag_faq_layout\";b:0;}"]},"uagb_featured_image_src":{"full":["https:\/\/www.quickdna.com\/wp-content\/uploads\/2025\/06\/box_png_6.png",1000,1000,false],"thumbnail":["https:\/\/www.quickdna.com\/wp-content\/uploads\/2025\/06\/box_png_6-150x150.png",150,150,true],"medium":["https:\/\/www.quickdna.com\/wp-content\/uploads\/2025\/06\/box_png_6-300x300.png",300,300,true],"medium_large":["https:\/\/www.quickdna.com\/wp-content\/uploads\/2025\/06\/box_png_6-768x768.png",768,768,true],"large":["https:\/\/www.quickdna.com\/wp-content\/uploads\/2025\/06\/box_png_6.png",1000,1000,false],"1536x1536":["https:\/\/www.quickdna.com\/wp-content\/uploads\/2025\/06\/box_png_6.png",1000,1000,false],"2048x2048":["https:\/\/www.quickdna.com\/wp-content\/uploads\/2025\/06\/box_png_6.png",1000,1000,false],"trp-custom-language-flag":["https:\/\/www.quickdna.com\/wp-content\/uploads\/2025\/06\/box_png_6-12x12.png",12,12,true],"woocommerce_thumbnail":["https:\/\/www.quickdna.com\/wp-content\/uploads\/2025\/06\/box_png_6-300x300.png",300,300,true],"woocommerce_single":["https:\/\/www.quickdna.com\/wp-content\/uploads\/2025\/06\/box_png_6-600x600.png",600,600,true],"woocommerce_gallery_thumbnail":["https:\/\/www.quickdna.com\/wp-content\/uploads\/2025\/06\/box_png_6-100x100.png",100,100,true]},"uagb_author_info":{"display_name":"admin","author_link":"https:\/\/www.quickdna.com\/lv\/author\/"},"uagb_comment_info":113,"uagb_excerpt":"Identify your animal\u2019s true breed composition with advanced genetic precision. Our animal breed DNA test provides an in-depth genetic analysis to determine the breed composition of your dog, cat, cow, horse, bird, or chicken. Using high-resolution DNA markers and comprehensive breed reference databases, we accurately identify purebred lineage or mixed breed ancestry, giving you clear&hellip;","_links":{"self":[{"href":"https:\/\/www.quickdna.com\/lv\/wp-json\/wp\/v2\/product\/22992","targetHints":{"allow":["GET"]}}],"collection":[{"href":"https:\/\/www.quickdna.com\/lv\/wp-json\/wp\/v2\/product"}],"about":[{"href":"https:\/\/www.quickdna.com\/lv\/wp-json\/wp\/v2\/types\/product"}],"replies":[{"embeddable":true,"href":"https:\/\/www.quickdna.com\/lv\/wp-json\/wp\/v2\/comments?post=22992"}],"version-history":[{"count":4,"href":"https:\/\/www.quickdna.com\/lv\/wp-json\/wp\/v2\/product\/22992\/revisions"}],"predecessor-version":[{"id":30178,"href":"https:\/\/www.quickdna.com\/lv\/wp-json\/wp\/v2\/product\/22992\/revisions\/30178"}],"wp:featuredmedia":[{"embeddable":true,"href":"https:\/\/www.quickdna.com\/lv\/wp-json\/wp\/v2\/media\/23010"}],"wp:attachment":[{"href":"https:\/\/www.quickdna.com\/lv\/wp-json\/wp\/v2\/media?parent=22992"}],"wp:term":[{"taxonomy":"product_brand","embeddable":true,"href":"https:\/\/www.quickdna.com\/lv\/wp-json\/wp\/v2\/product_brand?post=22992"},{"taxonomy":"product_cat","embeddable":true,"href":"https:\/\/www.quickdna.com\/lv\/wp-json\/wp\/v2\/product_cat?post=22992"},{"taxonomy":"product_tag","embeddable":true,"href":"https:\/\/www.quickdna.com\/lv\/wp-json\/wp\/v2\/product_tag?post=22992"}],"curies":[{"name":"wp","href":"https:\/\/api.w.org\/{rel}","templated":true}]}}