{"id":22992,"date":"2025-06-09T13:23:04","date_gmt":"2025-06-09T11:23:04","guid":{"rendered":"https:\/\/www.quickdna.com\/products\/animal-breed-animal-test\/"},"modified":"2026-02-19T19:18:18","modified_gmt":"2026-02-19T18:18:18","slug":"animal-breed-animal-test","status":"publish","type":"product","link":"https:\/\/www.quickdna.com\/lt\/products\/animal-breed-animal-test\/","title":{"rendered":"Gyv\u016bno veisl\u0117s DNR testas"},"content":{"rendered":"<p data-start=\"2\" data-end=\"444\"><strong data-start=\"2\" data-end=\"84\"><img decoding=\"async\" style=\"margin-right: 12px;\" src=\"https:\/\/www.quickdna.com\/wp-content\/uploads\/2026\/02\/Check.svg\" alt=\"\" width=\"18\" height=\"15\" \/>Nustatykite tikr\u0105j\u0105 savo gyv\u016bno veisl\u0117s sud\u0117t\u012f naudodami pa\u017eang\u0173 genetin\u012f tikslum\u0105.<\/strong> M\u016bs\u0173 gyv\u016bn\u0173 veisli\u0173 DNR teste atliekama i\u0161sami genetin\u0117 analiz\u0117, leid\u017eianti nustatyti j\u016bs\u0173 \u0161uns, kat\u0117s, karv\u0117s, arklio, pauk\u0161\u010dio ar vi\u0161tos veisl\u0117s sud\u0117t\u012f. Naudodami didel\u0117s skiriamosios gebos DNR \u017eymenis ir i\u0161samias veisli\u0173 nuorod\u0173 duomen\u0173 bazes, tiksliai nustatome grynaveisli\u0173 ar mi\u0161ri\u0173 veisli\u0173 prot\u0117vius, tod\u0117l gaunate ai\u0161kius ir moksli\u0161kai patvirtintus rezultatus, kuriais galite pasitik\u0117ti.<\/p>\n<p data-start=\"448\" data-end=\"861\"><strong data-start=\"448\" data-end=\"538\"><img decoding=\"async\" style=\"margin-right: 12px;\" src=\"https:\/\/www.quickdna.com\/wp-content\/uploads\/2026\/02\/Check.svg\" alt=\"\" width=\"18\" height=\"15\" \/>Tinka \u012fvairi\u0173 r\u016b\u0161i\u0173 gyv\u016bnams, \u012fskaitant \u0161unis, kates, karves, arklius, pauk\u0161\u010dius ir vi\u0161\u010diukus.<\/strong> \u0160is universalus DNR testas specialiai sukurtas \u012fvairiems naminiams ir \u016bkiniams gyv\u016bnams tirti. Nesvarbu, ar esate namini\u0173 gyv\u016bn\u0117li\u0173 savininkas, kuriam \u012fdomu su\u017einoti savo augintinio kilm\u0119, ar veis\u0117jas, siekiantis patvirtinti kilm\u0119, m\u016bs\u0173 testas u\u017etikrina patikim\u0105 vis\u0173 r\u016b\u0161i\u0173 gyv\u016bn\u0173 veisli\u0173 identifikavim\u0105 pagal tuos pa\u010dius grie\u017etus laboratorinius standartus.<\/p>\n<p data-start=\"1373\" data-end=\"1767\"><strong data-start=\"1373\" data-end=\"1448\"><img decoding=\"async\" style=\"margin-right: 12px;\" src=\"https:\/\/www.quickdna.com\/wp-content\/uploads\/2026\/02\/Check.svg\" alt=\"\" width=\"18\" height=\"15\" \/>Apdorojama ISO 17025 sertifikuotoje laboratorijoje, kad b\u016bt\u0173 u\u017etikrintas tikslumas.<\/strong> Visi tyrimai atliekami ISO 17025 sertifikuotoje laboratorijoje, u\u017etikrinan\u010dioje grie\u017et\u0105 kokyb\u0117s valdym\u0105, patvirtintus tyrim\u0173 metodus, kalibruot\u0105 \u012frang\u0105 ir auk\u0161tos kvalifikacijos genetikos specialistus. \u0160is tarptautiniu mastu pripa\u017eintas sertifikatas garantuoja tikslum\u0105, nuoseklum\u0105 ir patikimus kiekvieno tiriamo gyv\u016bno rezultatus.<\/p>\n<p data-start=\"1771\" data-end=\"2076\"><strong data-start=\"1771\" data-end=\"1833\"><img decoding=\"async\" style=\"margin-right: 12px;\" src=\"https:\/\/www.quickdna.com\/wp-content\/uploads\/2026\/02\/Check.svg\" alt=\"\" width=\"18\" height=\"15\" \/>Greitai gaukite rezultatus per 72 valandas nuo m\u0117ginio atve\u017eimo.<\/strong> Gavus j\u016bs\u0173 gyv\u016bno DNR m\u0117ginius laboratorijoje, i\u0161 karto pradedama analiz\u0117. Rezultatai pateikiami per 72 valandas nuo laboratorijos gavimo, tod\u0117l galite greitai gauti galutin\u0119 informacij\u0105 apie veisl\u0119, ilgai nelaukdami.<\/p>\n<p data-start=\"2080\" data-end=\"2448\"><strong data-start=\"2080\" data-end=\"2158\"><img decoding=\"async\" style=\"margin-right: 12px;\" src=\"https:\/\/www.quickdna.com\/wp-content\/uploads\/2026\/02\/Check.svg\" alt=\"\" width=\"18\" height=\"15\" \/>Naudokit\u0117s veiksmingiausia veisl\u0117s identifikavimo technologija.<\/strong> M\u016bs\u0173 pa\u017eangus genetinis profiliavimas analizuoja daugyb\u0119 veislei b\u016bding\u0173 \u017eymen\u0173, kad b\u016bt\u0173 galima labai tiksliai identifikuoti. Nesvarbu, ar norite patvirtinti registruot\u0105 veisl\u0119, patikrinti kry\u017eminim\u0105, ar atskleisti netik\u0117tus prot\u0117vius, m\u016bs\u0173 testas u\u017etikrina efektyviausi\u0105 ir i\u0161samiausi\u0105 \u012fmanom\u0105 veisl\u0117s suskirstym\u0105.<\/p>\n<p data-start=\"2452\" data-end=\"2802\"><strong data-start=\"2452\" data-end=\"2518\"><img decoding=\"async\" style=\"margin-right: 12px;\" src=\"https:\/\/www.quickdna.com\/wp-content\/uploads\/2026\/02\/Check.svg\" alt=\"\" width=\"18\" height=\"15\" \/>Pigiausias profesionalus gyv\u016bn\u0173 veisli\u0173 DNR tyrimas rinkoje.<\/strong> Mes siekiame pasi\u016blyti auk\u0161tos kokyb\u0117s genetinius tyrimus u\u017e konkurencingiausi\u0105 kain\u0105. Optimizav\u0119 laboratorinius procesus ir tiesiogiai platindami produkcij\u0105, atliekame profesionalaus lygio tyrimus ma\u017eiausiomis s\u0105naudomis ir u\u017etikriname i\u0161skirtin\u0119 vert\u0119 tiek veis\u0117jams, tiek \u016bkininkams, tiek namini\u0173 gyv\u016bn\u0117li\u0173 savininkams.<\/p>\n<p data-start=\"2806\" data-end=\"3057\"><strong data-start=\"2806\" data-end=\"2858\"><img decoding=\"async\" style=\"margin-right: 12px;\" src=\"https:\/\/www.quickdna.com\/wp-content\/uploads\/2026\/02\/Check.svg\" alt=\"\" width=\"18\" height=\"15\" \/>Pristatymas 24 valandas per par\u0105, kad gal\u0117tum\u0117te nedelsdami prad\u0117ti bandymus.<\/strong> Visada si\u016blome DNR tyrim\u0173 rinkin\u012f pristatyti per 24 valandas, kad gal\u0117tum\u0117te i\u0161 karto prad\u0117ti m\u0117gini\u0173 \u0117mimo proces\u0105. Greitas pristatymas u\u017etikrina, kad gal\u0117tum\u0117te greitai surinkti ir gr\u0105\u017einti m\u0117ginius greitam i\u0161tyrimui.<\/p>\n<p data-start=\"3061\" data-end=\"3462\"><strong data-start=\"3061\" data-end=\"3125\"><img decoding=\"async\" style=\"margin-right: 12px;\" src=\"https:\/\/www.quickdna.com\/wp-content\/uploads\/2026\/02\/Check.svg\" alt=\"\" width=\"18\" height=\"15\" \/>Pagerinti veisimo sprendimus ir gyv\u016bn\u0173 valdymo strategijas.<\/strong> \u017dinodami tiksli\u0105 savo gyv\u016bno veisl\u0117s sud\u0117t\u012f, gal\u0117site vykdyti atsakingo veisimo programas, nusp\u0117ti elgsenos ypatumus ir su\u017einoti apie fizines savybes. Karvi\u0173, arkli\u0173, vi\u0161\u010diuk\u0173 ir pauk\u0161\u010di\u0173 veisl\u0117s patikrinimas taip pat gali pad\u0117ti valdyti band\u0105, planuoti produktyvum\u0105 ir u\u017etikrinti dokument\u0173 tikslum\u0105.<\/p>\n<p data-start=\"3466\" data-end=\"3776\"><strong data-start=\"3466\" data-end=\"3519\"><img decoding=\"async\" style=\"margin-right: 12px;\" src=\"https:\/\/www.quickdna.com\/wp-content\/uploads\/2026\/02\/Check.svg\" alt=\"\" width=\"18\" height=\"15\" \/>Pirkimas be rizikos su m\u016bs\u0173 pinig\u0173 gr\u0105\u017einimo garantija.<\/strong> Mes palaikome savo gyv\u016bn\u0173 veisli\u0173 DNR tyrim\u0173 patikimum\u0105 ir profesionalum\u0105. Jei nesate patenkinti m\u016bs\u0173 paslaugomis, suteikiame pinig\u0173 gr\u0105\u017einimo garantij\u0105. J\u016bs\u0173 pirkinys yra visi\u0161kai apsaugotas, tod\u0117l galite visi\u0161kai pasitik\u0117ti pasirink\u0119 m\u016bs\u0173 testavimo sprendim\u0105.<\/p>\n<h2 data-section-id=\"1izj3ny\" data-start=\"3778\" data-end=\"3793\">Instrukcijos<\/h2>\n<ul data-start=\"3795\" data-end=\"5258\" data-is-only-node=\"\" data-is-last-node=\"\">\n<li data-section-id=\"1tba8gz\" data-start=\"3795\" data-end=\"3888\">\n<p data-start=\"3797\" data-end=\"3888\">Pateikdami u\u017esakym\u0105 pasirinkite gyv\u016bn\u0173 r\u016b\u0161\u012f: \u0161uo, kat\u0117, karv\u0117, arklys, pauk\u0161tis arba vi\u0161ta.<\/p>\n<\/li>\n<li data-section-id=\"o49p4x\" data-start=\"3890\" data-end=\"4009\">\n<p data-start=\"3892\" data-end=\"4009\">Gav\u0119 rinkin\u012f su 24 valand\u0173 pristatymu, prie\u0161 imdami m\u0117ginius atid\u017eiai perskaitykite visas pridedamas instrukcijas.<\/p>\n<\/li>\n<li data-section-id=\"1suktjl\" data-start=\"4011\" data-end=\"4247\">\n<p data-start=\"4013\" data-end=\"4247\">Naudodami pateiktus sterilius tamponus 30-60 sekund\u017ei\u0173 \u0161velniai trinkite gyv\u016bno burnos vid\u0173, kad surinktum\u0117te pakankamai DNR.<\/p>\n<\/li>\n<li data-section-id=\"1mvxq8m\" data-start=\"4249\" data-end=\"4337\">\n<p data-start=\"4251\" data-end=\"4337\">Prie\u0161 d\u0117dami tamponus \u012f tam skirtus vokus, leiskite jiems visi\u0161kai i\u0161d\u017ei\u016bti.<\/p>\n<\/li>\n<li data-section-id=\"wrop09\" data-start=\"4339\" data-end=\"4600\">\n<p data-start=\"4341\" data-end=\"4600\">Kad m\u0117giniai b\u016bt\u0173 imami diskreti\u0161kai, rinkite tinkamas med\u017eiagas, pavyzd\u017eiui, plaukus su matomomis \u0161aknimis, plunksnas su nepa\u017eeistais folikulais, nag\u0173 nuokarpas arba DNR turin\u010dius daiktus, kuriais naudojasi tik gyv\u016bnas. U\u017etikrinkite, kad m\u0117giniai b\u016bt\u0173 \u0161var\u016bs ir neu\u017eter\u0161ti kitais gyv\u016bnais.<\/p>\n<\/li>\n<li data-section-id=\"ru4eo6\" data-start=\"4602\" data-end=\"4702\">\n<p data-start=\"4604\" data-end=\"4702\">Kiekvien\u0105 m\u0117gin\u012f \u012fd\u0117kite \u012f atskir\u0105 \u0161var\u0173 ind\u0105 arba vok\u0105, kaip nurodyta rinkinio instrukcijose.<\/p>\n<\/li>\n<li data-section-id=\"1yomlap\" data-start=\"4704\" data-end=\"4838\">\n<p data-start=\"4706\" data-end=\"4838\">Tiksliai u\u017epildykite identifikavimo form\u0105, nurodydami gyv\u016bno r\u016b\u0161\u012f, vard\u0105, am\u017ei\u0173 ir vis\u0105 svarbi\u0105 informacij\u0105 apie veisl\u0119, jei ji \u017einoma.<\/p>\n<\/li>\n<li data-section-id=\"tq9c5p\" data-start=\"4840\" data-end=\"4973\">\n<p data-start=\"4842\" data-end=\"4973\">Saugiai supakuokite visus m\u0117ginius, naudodami pateiktas med\u017eiagas, ir gr\u0105\u017einkite juos \u012f laboratorij\u0105 pagal siuntimo instrukcijas.<\/p>\n<\/li>\n<li data-section-id=\"1az2ol7\" data-start=\"4975\" data-end=\"5059\">\n<p data-start=\"4977\" data-end=\"5059\">Kai laboratorija gaus m\u0117ginius, i\u0161 karto bus prad\u0117ta genetin\u0117 analiz\u0117.<\/p>\n<\/li>\n<li data-section-id=\"1akddh7\" data-start=\"5061\" data-end=\"5258\" data-is-last-node=\"\">\n<p data-start=\"5063\" data-end=\"5258\" data-is-last-node=\"\">Rezultatai bus pateikti per 72 valandas nuo m\u0117ginio gavimo laboratorijoje j\u016bs\u0173 pasirinktu saugiu ry\u0161io metodu, pateikiant i\u0161sami\u0105 informacij\u0105 apie j\u016bs\u0173 gyv\u016bno veisl\u0117s sud\u0117t\u012f.<\/p>\n<\/li>\n<\/ul>","protected":false},"excerpt":{"rendered":"<p>Identify your animal\u2019s true breed composition with advanced genetic precision. Our animal breed DNA test provides an in-depth genetic analysis to determine the breed composition of your dog, cat, cow, horse, bird, or chicken. Using high-resolution DNA markers and comprehensive breed reference databases, we accurately identify purebred lineage or mixed breed ancestry, giving you clear [&hellip;]<\/p>\n","protected":false},"featured_media":23010,"comment_status":"open","ping_status":"closed","template":"","meta":{"_uag_custom_page_level_css":"","site-sidebar-layout":"default","site-content-layout":"","ast-site-content-layout":"default","site-content-style":"default","site-sidebar-style":"default","ast-global-header-display":"","ast-banner-title-visibility":"","ast-main-header-display":"","ast-hfb-above-header-display":"","ast-hfb-below-header-display":"","ast-hfb-mobile-header-display":"","site-post-title":"","ast-breadcrumbs-content":"","ast-featured-img":"","footer-sml-layout":"","ast-disable-related-posts":"","theme-transparent-header-meta":"default","adv-header-id-meta":"","stick-header-meta":"","header-above-stick-meta":"","header-main-stick-meta":"","header-below-stick-meta":"","astra-migrate-meta-layouts":"set","ast-page-background-enabled":"default","ast-page-background-meta":{"desktop":{"background-color":"var(--ast-global-color-4)","background-image":"","background-repeat":"repeat","background-position":"center center","background-size":"auto","background-attachment":"scroll","background-type":"","background-media":"","overlay-type":"","overlay-color":"","overlay-opacity":"","overlay-gradient":""},"tablet":{"background-color":"","background-image":"","background-repeat":"repeat","background-position":"center center","background-size":"auto","background-attachment":"scroll","background-type":"","background-media":"","overlay-type":"","overlay-color":"","overlay-opacity":"","overlay-gradient":""},"mobile":{"background-color":"","background-image":"","background-repeat":"repeat","background-position":"center center","background-size":"auto","background-attachment":"scroll","background-type":"","background-media":"","overlay-type":"","overlay-color":"","overlay-opacity":"","overlay-gradient":""}},"ast-content-background-meta":{"desktop":{"background-color":"var(--ast-global-color-5)","background-image":"","background-repeat":"repeat","background-position":"center center","background-size":"auto","background-attachment":"scroll","background-type":"","background-media":"","overlay-type":"","overlay-color":"","overlay-opacity":"","overlay-gradient":""},"tablet":{"background-color":"var(--ast-global-color-5)","background-image":"","background-repeat":"repeat","background-position":"center center","background-size":"auto","background-attachment":"scroll","background-type":"","background-media":"","overlay-type":"","overlay-color":"","overlay-opacity":"","overlay-gradient":""},"mobile":{"background-color":"var(--ast-global-color-5)","background-image":"","background-repeat":"repeat","background-position":"center center","background-size":"auto","background-attachment":"scroll","background-type":"","background-media":"","overlay-type":"","overlay-color":"","overlay-opacity":"","overlay-gradient":""}}},"product_brand":[],"product_cat":[15],"product_tag":[],"class_list":{"0":"post-22992","1":"product","2":"type-product","3":"status-publish","4":"has-post-thumbnail","6":"product_cat-shop","7":"desktop-align-left","8":"tablet-align-left","9":"mobile-align-left","11":"first","12":"instock","13":"taxable","14":"shipping-taxable","15":"purchasable","16":"product-type-variable"},"spectra_custom_meta":{"_visibility":["visible"],"_shopify_product_id":["7437956514024"],"_s2w_shopify_domain":["quickdna.myshopify.com"],"_shopify_variant_id":["42550065889512"],"_manage_stock":["no"],"total_sales":["204"],"_tax_status":["taxable"],"_tax_class":[""],"_backorders":["no"],"_sold_individually":["no"],"_virtual":["no"],"_downloadable":["no"],"_download_limit":["-1"],"_download_expiry":["-1"],"_stock":[null],"_stock_status":["instock"],"_wc_average_rating":["4.88"],"_wc_review_count":["113"],"_product_attributes":["a:1:{s:12:\"animal-specy\";a:6:{s:4:\"name\";s:12:\"Animal specy\";s:5:\"value\";s:40:\"Dog | Cat | Cow | Horse | Bird | Chicken\";s:8:\"position\";i:1;s:10:\"is_visible\";i:0;s:12:\"is_variation\";i:1;s:11:\"is_taxonomy\";i:0;}}"],"_product_version":["10.5.2"],"_thumbnail_id":["23010"],"_edit_last":["1"],"_wp_page_template":["default"],"_edit_lock":["1771524999:1"],"merchant-center-availability":["yes"],"merchant-center-category":["505293"],"merchant-center-id":["ANI"],"site-sidebar-layout":["default"],"ast-site-content-layout":["default"],"site-content-style":["default"],"site-sidebar-style":["default"],"theme-transparent-header-meta":["default"],"_wc_rating_count":["a:3:{i:3;i:2;i:4;i:10;i:5;i:101;}"],"_price":["99.90"],"astra-migrate-meta-layouts":["set"],"_uag_css_file_name":["uag-css-22992.css"],"_elementor_page_assets":["a:0:{}"],"_uag_page_assets":["a:9:{s:3:\"css\";s:7133:\".uag-blocks-common-selector{z-index:var(--z-index-desktop) !important}@media(max-width: 976px){.uag-blocks-common-selector{z-index:var(--z-index-tablet) !important}}@media(max-width: 767px){.uag-blocks-common-selector{z-index:var(--z-index-mobile) !important}}.wp-block-uagb-image{display:flex}.wp-block-uagb-image__figure{position:relative;display:flex;flex-direction:column;max-width:100%;height:auto;margin:0}.wp-block-uagb-image__figure img{height:auto;display:flex;max-width:100%;transition:box-shadow .2s ease}.wp-block-uagb-image__figure>a{display:inline-block}.wp-block-uagb-image__figure figcaption{text-align:center;margin-top:.5em;margin-bottom:1em}.wp-block-uagb-image .components-placeholder.block-editor-media-placeholder .components-placeholder__instructions{align-self:center}.wp-block-uagb-image--align-left{text-align:left}.wp-block-uagb-image--align-right{text-align:right}.wp-block-uagb-image--align-center{text-align:center}.wp-block-uagb-image--align-full .wp-block-uagb-image__figure{margin-left:calc(50% - 50vw);margin-right:calc(50% - 50vw);max-width:100vw;width:100vw;height:auto}.wp-block-uagb-image--align-full .wp-block-uagb-image__figure img{height:auto;width:100% !important}.wp-block-uagb-image--align-wide .wp-block-uagb-image__figure img{height:auto;width:100%}.wp-block-uagb-image--layout-overlay__color-wrapper{position:absolute;left:0;top:0;right:0;bottom:0;opacity:.2;background:rgba(0,0,0,.5);transition:opacity .35s ease-in-out}.wp-block-uagb-image--layout-overlay-link{position:absolute;left:0;right:0;bottom:0;top:0}.wp-block-uagb-image--layout-overlay .wp-block-uagb-image__figure:hover .wp-block-uagb-image--layout-overlay__color-wrapper{opacity:1}.wp-block-uagb-image--layout-overlay__inner{position:absolute;left:15px;right:15px;bottom:15px;top:15px;display:flex;align-items:center;justify-content:center;flex-direction:column;border-color:#fff;transition:.35s ease-in-out}.wp-block-uagb-image--layout-overlay__inner.top-left,.wp-block-uagb-image--layout-overlay__inner.top-center,.wp-block-uagb-image--layout-overlay__inner.top-right{justify-content:flex-start}.wp-block-uagb-image--layout-overlay__inner.bottom-left,.wp-block-uagb-image--layout-overlay__inner.bottom-center,.wp-block-uagb-image--layout-overlay__inner.bottom-right{justify-content:flex-end}.wp-block-uagb-image--layout-overlay__inner.top-left,.wp-block-uagb-image--layout-overlay__inner.center-left,.wp-block-uagb-image--layout-overlay__inner.bottom-left{align-items:flex-start}.wp-block-uagb-image--layout-overlay__inner.top-right,.wp-block-uagb-image--layout-overlay__inner.center-right,.wp-block-uagb-image--layout-overlay__inner.bottom-right{align-items:flex-end}.wp-block-uagb-image--layout-overlay__inner .uagb-image-heading{color:#fff;transition:transform .35s,opacity .35s ease-in-out;transform:translate3d(0, 24px, 0);margin:0;line-height:1em}.wp-block-uagb-image--layout-overlay__inner .uagb-image-separator{width:30%;border-top-width:2px;border-top-color:#fff;border-top-style:solid;margin-bottom:10px;opacity:0;transition:transform .4s,opacity .4s ease-in-out;transform:translate3d(0, 30px, 0)}.wp-block-uagb-image--layout-overlay__inner .uagb-image-caption{opacity:0;overflow:visible;color:#fff;transition:transform .45s,opacity .45s ease-in-out;transform:translate3d(0, 35px, 0)}.wp-block-uagb-image--layout-overlay__inner:hover .uagb-image-heading,.wp-block-uagb-image--layout-overlay__inner:hover .uagb-image-separator,.wp-block-uagb-image--layout-overlay__inner:hover .uagb-image-caption{opacity:1;transform:translate3d(0, 0, 0)}.wp-block-uagb-image--effect-zoomin .wp-block-uagb-image__figure img,.wp-block-uagb-image--effect-zoomin .wp-block-uagb-image__figure .wp-block-uagb-image--layout-overlay__color-wrapper{transform:scale(1);transition:transform .35s ease-in-out}.wp-block-uagb-image--effect-zoomin .wp-block-uagb-image__figure:hover img,.wp-block-uagb-image--effect-zoomin .wp-block-uagb-image__figure:hover .wp-block-uagb-image--layout-overlay__color-wrapper{transform:scale(1.05)}.wp-block-uagb-image--effect-slide .wp-block-uagb-image__figure img,.wp-block-uagb-image--effect-slide .wp-block-uagb-image__figure .wp-block-uagb-image--layout-overlay__color-wrapper{width:calc(100% + 40px) !important;max-width:none !important;transform:translate3d(-40px, 0, 0);transition:transform .35s ease-in-out}.wp-block-uagb-image--effect-slide .wp-block-uagb-image__figure:hover img,.wp-block-uagb-image--effect-slide .wp-block-uagb-image__figure:hover .wp-block-uagb-image--layout-overlay__color-wrapper{transform:translate3d(0, 0, 0)}.wp-block-uagb-image--effect-grayscale img{filter:grayscale(0%);transition:.35s ease-in-out}.wp-block-uagb-image--effect-grayscale:hover img{filter:grayscale(100%)}.wp-block-uagb-image--effect-blur img{filter:blur(0);transition:.35s ease-in-out}.wp-block-uagb-image--effect-blur:hover img{filter:blur(3px)}.uagb-block-e6f939b3.wp-block-uagb-image--layout-default figure img{box-shadow: 0px 0px 0 #00000070;}.uagb-block-e6f939b3.wp-block-uagb-image .wp-block-uagb-image__figure figcaption{font-style: normal;align-self: center;}.uagb-block-e6f939b3.wp-block-uagb-image--layout-overlay figure img{box-shadow: 0px 0px 0 #00000070;}.uagb-block-e6f939b3.wp-block-uagb-image--layout-overlay .wp-block-uagb-image--layout-overlay__color-wrapper{opacity: 0.2;}.uagb-block-e6f939b3.wp-block-uagb-image--layout-overlay .wp-block-uagb-image--layout-overlay__inner{left: 15px;right: 15px;top: 15px;bottom: 15px;}.uagb-block-e6f939b3.wp-block-uagb-image--layout-overlay .wp-block-uagb-image--layout-overlay__inner .uagb-image-heading{font-style: normal;color: #fff;opacity: 1;}.uagb-block-e6f939b3.wp-block-uagb-image--layout-overlay .wp-block-uagb-image--layout-overlay__inner .uagb-image-heading a{color: #fff;}.uagb-block-e6f939b3.wp-block-uagb-image--layout-overlay .wp-block-uagb-image--layout-overlay__inner .uagb-image-caption{opacity: 0;}.uagb-block-e6f939b3.wp-block-uagb-image--layout-overlay .wp-block-uagb-image__figure:hover .wp-block-uagb-image--layout-overlay__color-wrapper{opacity: 1;}.uagb-block-e6f939b3.wp-block-uagb-image .wp-block-uagb-image--layout-overlay__inner .uagb-image-separator{width: 30%;border-top-width: 2px;border-top-color: #fff;opacity: 0;}.uagb-block-e6f939b3.wp-block-uagb-image .wp-block-uagb-image__figure img{width: px;height: auto;}.uagb-block-e6f939b3.wp-block-uagb-image .wp-block-uagb-image__figure:hover .wp-block-uagb-image--layout-overlay__inner .uagb-image-caption{opacity: 1;}.uagb-block-e6f939b3.wp-block-uagb-image .wp-block-uagb-image__figure:hover .wp-block-uagb-image--layout-overlay__inner .uagb-image-separator{opacity: 1;}.uagb-block-e6f939b3.wp-block-uagb-image--layout-default figure:hover img{box-shadow: 0px 0px 0 #00000070;}.uagb-block-e6f939b3.wp-block-uagb-image--layout-overlay figure:hover img{box-shadow: 0px 0px 0 #00000070;}@media only screen and (max-width: 976px) {.uagb-block-e6f939b3.wp-block-uagb-image .wp-block-uagb-image__figure img{width: px;height: auto;}}@media only screen and (max-width: 767px) {.uagb-block-e6f939b3.wp-block-uagb-image .wp-block-uagb-image__figure img{width: px;height: auto;}}\";s:2:\"js\";s:0:\"\";s:18:\"current_block_list\";a:13:{i:0;s:11:\"core\/search\";i:1;s:10:\"core\/group\";i:2;s:12:\"core\/heading\";i:3;s:17:\"core\/latest-posts\";i:4;s:20:\"core\/latest-comments\";i:5;s:13:\"core\/archives\";i:6;s:15:\"core\/categories\";i:7;s:14:\"core\/paragraph\";i:8;s:10:\"uagb\/image\";i:9;s:11:\"core\/spacer\";i:10;s:30:\"woocommerce\/product-categories\";i:11;s:10:\"core\/image\";i:12;s:14:\"core\/shortcode\";}s:8:\"uag_flag\";b:1;s:11:\"uag_version\";s:10:\"1777415046\";s:6:\"gfonts\";a:0:{}s:10:\"gfonts_url\";s:0:\"\";s:12:\"gfonts_files\";a:0:{}s:14:\"uag_faq_layout\";b:0;}"]},"uagb_featured_image_src":{"full":["https:\/\/www.quickdna.com\/wp-content\/uploads\/2025\/06\/box_png_6.png",1000,1000,false],"thumbnail":["https:\/\/www.quickdna.com\/wp-content\/uploads\/2025\/06\/box_png_6-150x150.png",150,150,true],"medium":["https:\/\/www.quickdna.com\/wp-content\/uploads\/2025\/06\/box_png_6-300x300.png",300,300,true],"medium_large":["https:\/\/www.quickdna.com\/wp-content\/uploads\/2025\/06\/box_png_6-768x768.png",768,768,true],"large":["https:\/\/www.quickdna.com\/wp-content\/uploads\/2025\/06\/box_png_6.png",1000,1000,false],"1536x1536":["https:\/\/www.quickdna.com\/wp-content\/uploads\/2025\/06\/box_png_6.png",1000,1000,false],"2048x2048":["https:\/\/www.quickdna.com\/wp-content\/uploads\/2025\/06\/box_png_6.png",1000,1000,false],"trp-custom-language-flag":["https:\/\/www.quickdna.com\/wp-content\/uploads\/2025\/06\/box_png_6-12x12.png",12,12,true],"woocommerce_thumbnail":["https:\/\/www.quickdna.com\/wp-content\/uploads\/2025\/06\/box_png_6-300x300.png",300,300,true],"woocommerce_single":["https:\/\/www.quickdna.com\/wp-content\/uploads\/2025\/06\/box_png_6-600x600.png",600,600,true],"woocommerce_gallery_thumbnail":["https:\/\/www.quickdna.com\/wp-content\/uploads\/2025\/06\/box_png_6-100x100.png",100,100,true]},"uagb_author_info":{"display_name":"admin","author_link":"https:\/\/www.quickdna.com\/lt\/author\/"},"uagb_comment_info":113,"uagb_excerpt":"Identify your animal\u2019s true breed composition with advanced genetic precision. Our animal breed DNA test provides an in-depth genetic analysis to determine the breed composition of your dog, cat, cow, horse, bird, or chicken. Using high-resolution DNA markers and comprehensive breed reference databases, we accurately identify purebred lineage or mixed breed ancestry, giving you clear&hellip;","_links":{"self":[{"href":"https:\/\/www.quickdna.com\/lt\/wp-json\/wp\/v2\/product\/22992","targetHints":{"allow":["GET"]}}],"collection":[{"href":"https:\/\/www.quickdna.com\/lt\/wp-json\/wp\/v2\/product"}],"about":[{"href":"https:\/\/www.quickdna.com\/lt\/wp-json\/wp\/v2\/types\/product"}],"replies":[{"embeddable":true,"href":"https:\/\/www.quickdna.com\/lt\/wp-json\/wp\/v2\/comments?post=22992"}],"version-history":[{"count":4,"href":"https:\/\/www.quickdna.com\/lt\/wp-json\/wp\/v2\/product\/22992\/revisions"}],"predecessor-version":[{"id":30178,"href":"https:\/\/www.quickdna.com\/lt\/wp-json\/wp\/v2\/product\/22992\/revisions\/30178"}],"wp:featuredmedia":[{"embeddable":true,"href":"https:\/\/www.quickdna.com\/lt\/wp-json\/wp\/v2\/media\/23010"}],"wp:attachment":[{"href":"https:\/\/www.quickdna.com\/lt\/wp-json\/wp\/v2\/media?parent=22992"}],"wp:term":[{"taxonomy":"product_brand","embeddable":true,"href":"https:\/\/www.quickdna.com\/lt\/wp-json\/wp\/v2\/product_brand?post=22992"},{"taxonomy":"product_cat","embeddable":true,"href":"https:\/\/www.quickdna.com\/lt\/wp-json\/wp\/v2\/product_cat?post=22992"},{"taxonomy":"product_tag","embeddable":true,"href":"https:\/\/www.quickdna.com\/lt\/wp-json\/wp\/v2\/product_tag?post=22992"}],"curies":[{"name":"wp","href":"https:\/\/api.w.org\/{rel}","templated":true}]}}