{"id":22999,"date":"2025-06-09T13:23:05","date_gmt":"2025-06-09T11:23:05","guid":{"rendered":"https:\/\/www.quickdna.com\/products\/dna-genetic-test\/"},"modified":"2026-02-19T19:13:08","modified_gmt":"2026-02-19T18:13:08","slug":"dna-genetic-test","status":"publish","type":"product","link":"https:\/\/www.quickdna.com\/hr\/products\/dna-genetic-test\/","title":{"rendered":"DNK test porijekla"},"content":{"rendered":"<p><strong><img decoding=\"async\" style=\"margin-right: 12px;\" src=\"https:\/\/www.quickdna.com\/wp-content\/uploads\/2026\/02\/Check.svg\" alt=\"\" width=\"18\" height=\"15\" \/>Otkrijte svoje prave korijene pomo\u0107u napredne globalne DNK analize.<\/strong> Na\u0161 DNK test podrijetla otkriva pri\u010du zapisanu u va\u0161im genima, omogu\u0107uju\u0107i vam istra\u017eivanje va\u0161eg etni\u010dkog podrijetla u svim zemljama i regijama svijeta. Koriste\u0107i visokorazlu\u010dive genetske markere, uspore\u0111ujemo va\u0161 DNK profil s opse\u017enim me\u0111unarodnim referentnim bazama podataka kako bismo pru\u017eili detaljnu analizu va\u0161eg porijekla, nude\u0107i uvid u duboke geografske korijene va\u0161e obitelji i povijest migracija.<\/p>\n<p><strong><img decoding=\"async\" style=\"margin-right: 12px;\" src=\"https:\/\/www.quickdna.com\/wp-content\/uploads\/2026\/02\/Check.svg\" alt=\"\" width=\"18\" height=\"15\" \/>Razumite svoju farmakolo\u0161ku kompatibilnost za personalizirano lije\u010denje.<\/strong> Na\u0161 DNK test porijekla uklju\u010duje farmakogenetsku analizu koja ispituje kako va\u0161i geni mogu utjecati na va\u0161 odgovor na odre\u0111ene lijekove. Ove informacije mogu pomo\u0107i u otkrivanju potencijalnih osjetljivosti ili varijacija u metabolizmu lijekova, doprinose\u0107i sigurnijim i personaliziranijim zdravstvenim odlukama.<\/p>\n<p><strong><img decoding=\"async\" style=\"margin-right: 12px;\" src=\"https:\/\/www.quickdna.com\/wp-content\/uploads\/2026\/02\/Check.svg\" alt=\"\" width=\"18\" height=\"15\" \/>Optimizirajte svoj stil \u017eivota uz uvide u genetiku prehrane i tjelovje\u017ebe.<\/strong> Test analizira kako va\u0161 genetski sastav interagira s prehranom, tjelesnom aktivno\u0161\u0107u i metabolizmom. Primit \u0107ete informacije o tome kako va\u0161e tijelo mo\u017ee reagirati na odre\u0111ene hranjive tvari, intenzitet vje\u017ebanja, trening izdr\u017eljivosti i oporavak, \u0161to vam omogu\u0107uje da prilagodite svoj plan prehrane i tjelovje\u017ebe prema svom genetskom profilu.<\/p>\n<p><strong><img decoding=\"async\" style=\"margin-right: 12px;\" src=\"https:\/\/www.quickdna.com\/wp-content\/uploads\/2026\/02\/Check.svg\" alt=\"\" width=\"18\" height=\"15\" \/>Steknite vrijedne uvide u zdravlje otkrivanjem genetskog rizika od bolesti.<\/strong> Osim porijekla, test pru\u017ea analizu genetskih predispozicija za bolesti koje se najvjerojatnije mogu pojaviti na temelju va\u0161eg DNK profila. Identificiranjem specifi\u010dnih genetskih varijanti povezanih s odre\u0111enim stanjima, stje\u010dete proaktivno znanje koje mo\u017ee podr\u017eati informirane razgovore o zdravlju i preventivne strategije.<\/p>\n<p><strong><img decoding=\"async\" style=\"margin-right: 12px;\" src=\"https:\/\/www.quickdna.com\/wp-content\/uploads\/2026\/02\/Check.svg\" alt=\"\" width=\"18\" height=\"15\" \/>Prona\u0111ite ro\u0111ake diljem svijeta koji dijele va\u0161u DNK.<\/strong> Na\u0161a sveobuhvatna baza podataka omogu\u0107uje vam otkrivanje genetskih podudarnosti s drugim pojedincima koji dijele segmente DNK s vama. Ova zna\u010dajka poma\u017ee vam identificirati potencijalne ro\u0111ake diljem kontinenata, ponovno uspostaviti vezu s granama \u0161ire obitelji i izgraditi jasniju sliku va\u0161e globalne obiteljske mre\u017ee.<\/p>\n<p><strong><img decoding=\"async\" style=\"margin-right: 12px;\" src=\"https:\/\/www.quickdna.com\/wp-content\/uploads\/2026\/02\/Check.svg\" alt=\"\" width=\"18\" height=\"15\" \/>Odaberite izme\u0111u standardne ili diskretne opcije uzorkovanja koja odgovara va\u0161im potrebama.<\/strong> Mo\u017eete odabrati standardni test, koji uklju\u010duje sterilne brisove za usta koji se nje\u017eno trljaju unutar obraza i vra\u0107aju u laboratorij, ili se odlu\u010diti za diskretni test ako preferirate alternativno uzorkovanje. U diskretnoj opciji mo\u017eete predati nokte, kosu s korijenjem, \u010detkice za zube, \u017evaka\u0107e gume, ostatke cigareta ili upotrijebljene pamu\u010dne \u0161tapi\u0107e. Ova fleksibilnost osigurava udobnost, privatnost i prakti\u010dnost uz pouzdanu laboratorijsku analizu.<\/p>\n<p><strong><img decoding=\"async\" style=\"margin-right: 12px;\" src=\"https:\/\/www.quickdna.com\/wp-content\/uploads\/2026\/02\/Check.svg\" alt=\"\" width=\"18\" height=\"15\" \/>Rezultati su obra\u0111eni u laboratoriju certificiranom prema ISO 17025.<\/strong> Svi uzorci DNK analiziraju se u laboratoriju certificiranom prema standardima ISO 17025, \u0161to osigurava strogu kontrolu kvalitete, provjerene znanstvene metode i visoko obu\u010dene stru\u010dnjake. Ova me\u0111unarodno priznata certifikacija jam\u010di to\u010dnost, pouzdanost i pridr\u017eavanje najvi\u0161ih tehni\u010dkih standarda tijekom cijelog procesa testiranja.<\/p>\n<p><strong><img decoding=\"async\" style=\"margin-right: 12px;\" src=\"https:\/\/www.quickdna.com\/wp-content\/uploads\/2026\/02\/Check.svg\" alt=\"\" width=\"18\" height=\"15\" \/>Primite brze rezultate unutar 72 sata od prijema u laboratorij.<\/strong> \u010cim va\u0161i uzorci stignu u na\u0161 laboratorij, analiza zapo\u010dinje odmah. Rezultati se dostavljaju unutar 72 sata od prijema uzoraka, \u0161to vam omogu\u0107uje brz pristup detaljnim izvje\u0161tajima o va\u0161em podrijetlu, zdravstvenim predispozicijama i genetskim osobinama bez nepotrebnog \u010dekanja.<\/p>\n<p><strong><img decoding=\"async\" style=\"margin-right: 12px;\" src=\"https:\/\/www.quickdna.com\/wp-content\/uploads\/2026\/02\/Check.svg\" alt=\"\" width=\"18\" height=\"15\" \/>Iskoristite naju\u010dinkovitiji i najpovoljniji DNK test porijekla koji je dostupan.<\/strong> Kombiniramo najsuvremeniju tehnologiju s optimiziranim operacijama kako bismo pru\u017eili naju\u010dinkovitiju analizu po najni\u017eoj cijeni na tr\u017ei\u0161tu. Na\u0161e sveobuhvatno izvje\u0161tavanje, usporedbe globalnih baza podataka i napredni genetski uvidi osiguravaju izvanrednu vrijednost bez ugro\u017eavanja znanstvene strogosti.<\/p>\n<p><strong><img decoding=\"async\" style=\"margin-right: 12px;\" src=\"https:\/\/www.quickdna.com\/wp-content\/uploads\/2026\/02\/Check.svg\" alt=\"\" width=\"18\" height=\"15\" \/>Naru\u010dite s povjerenjem zahvaljuju\u0107i 24-satnoj dostavi i na\u0161oj garanciji povrata novca.<\/strong> Uvijek nudimo 24-satnu dostavu va\u0161eg kompleta za testiranje kako biste mogli odmah zapo\u010deti. Osim toga, pru\u017eamo punu garanciju povrata novca ako niste zadovoljni na\u0161om uslugom. Va\u0161a je investicija potpuno bez rizika, a va\u0161e zadovoljstvo ostaje na\u0161 prioritet.<\/p>\n<h2><strong>Upute<\/strong><\/h2>\n<ul>\n<li>Prilikom narud\u017ebe odaberite \u017eeljenu opciju uzorkovanja: standardni test brisom obraza ili diskretno predavanje uzorka.<\/li>\n<li>Po primitku kompleta uz 24-satnu dostavu pa\u017eljivo pro\u010ditajte sva uputstva prije prikupljanja bilo kakvih uzoraka DNK.<\/li>\n<li>Za standardni test upotrijebite prilo\u017eene sterilne brisove i \u010dvrsto trljajte unutra\u0161njost obraza 30 do 60 sekundi po brisu. Izbjegavajte jesti, piti ili pu\u0161iti najmanje jedan sat prije uzorkovanja.<\/li>\n<li>Neka se brisovi potpuno osu\u0161e na zraku prije nego \u0161to ih stavite u predvi\u0111ene omotnice kako biste sprije\u010dili degradaciju uzrokovanu vlagom.<\/li>\n<li>Za diskretno testiranje prikupite odgovaraju\u0107e predmete poput noktiju, kose s vidljivim korijenjem, upotrijebljene \u010detkice za zube, \u017evaka\u0107e gume, ostataka cigareta ili upotrijebljenih pamu\u010dnih \u0161tapi\u0107a. Osigurajte da svaki uzorak pripada isklju\u010divo osobi koja se testira i da se s njim postupa pa\u017eljivo kako bi se izbjegla kontaminacija.<\/li>\n<li>Stavite svaki odvojeni uzorak u \u010distu, zasebnu posudu ili omotnicu prema uputama iz kompleta.<\/li>\n<li>Precizno ispunite obrasce za identifikaciju i suglasnost kako biste osigurali ispravnu obradu i izvje\u0161tavanje.<\/li>\n<li>Sve uzorke sigurno zapakirajte pomo\u0107u prilo\u017eenih materijala i vratite ih u laboratorij prema uputama.<\/li>\n<li>\u010cim laboratorij primi va\u0161e uzorke, analiza \u0107e odmah zapo\u010deti, uklju\u010duju\u0107i razgradnju podrijetla, uskla\u0111ivanje s ro\u0111acima, procjenu genetskog zdravstvenog rizika, farmakolo\u0161ku analizu kompatibilnosti te procjenu odgovora na prehranu i tjelovje\u017ebu.<\/li>\n<li>Rezultati \u0107e biti dostavljeni u roku od 72 sata od prijema u laboratorij, \u0161to vam omogu\u0107uje da detaljno pregledate svoj sveobuhvatni genetski izvje\u0161taj.<\/li>\n<\/ul>","protected":false},"excerpt":{"rendered":"<p>Discover your true origins with advanced global DNA analysis. Our DNA ancestry test unlocks the story written in your genes, allowing you to explore your ethnic origins across all countries and regions of the world. Using high-resolution genetic markers, we compare your DNA profile with extensive international reference databases to provide a detailed breakdown of [&hellip;]<\/p>\n","protected":false},"featured_media":23012,"comment_status":"open","ping_status":"closed","template":"","meta":{"_uag_custom_page_level_css":"","site-sidebar-layout":"default","site-content-layout":"","ast-site-content-layout":"default","site-content-style":"default","site-sidebar-style":"default","ast-global-header-display":"","ast-banner-title-visibility":"","ast-main-header-display":"","ast-hfb-above-header-display":"","ast-hfb-below-header-display":"","ast-hfb-mobile-header-display":"","site-post-title":"","ast-breadcrumbs-content":"","ast-featured-img":"","footer-sml-layout":"","ast-disable-related-posts":"","theme-transparent-header-meta":"default","adv-header-id-meta":"","stick-header-meta":"","header-above-stick-meta":"","header-main-stick-meta":"","header-below-stick-meta":"","astra-migrate-meta-layouts":"set","ast-page-background-enabled":"default","ast-page-background-meta":{"desktop":{"background-color":"var(--ast-global-color-4)","background-image":"","background-repeat":"repeat","background-position":"center center","background-size":"auto","background-attachment":"scroll","background-type":"","background-media":"","overlay-type":"","overlay-color":"","overlay-opacity":"","overlay-gradient":""},"tablet":{"background-color":"","background-image":"","background-repeat":"repeat","background-position":"center center","background-size":"auto","background-attachment":"scroll","background-type":"","background-media":"","overlay-type":"","overlay-color":"","overlay-opacity":"","overlay-gradient":""},"mobile":{"background-color":"","background-image":"","background-repeat":"repeat","background-position":"center center","background-size":"auto","background-attachment":"scroll","background-type":"","background-media":"","overlay-type":"","overlay-color":"","overlay-opacity":"","overlay-gradient":""}},"ast-content-background-meta":{"desktop":{"background-color":"var(--ast-global-color-5)","background-image":"","background-repeat":"repeat","background-position":"center center","background-size":"auto","background-attachment":"scroll","background-type":"","background-media":"","overlay-type":"","overlay-color":"","overlay-opacity":"","overlay-gradient":""},"tablet":{"background-color":"var(--ast-global-color-5)","background-image":"","background-repeat":"repeat","background-position":"center center","background-size":"auto","background-attachment":"scroll","background-type":"","background-media":"","overlay-type":"","overlay-color":"","overlay-opacity":"","overlay-gradient":""},"mobile":{"background-color":"var(--ast-global-color-5)","background-image":"","background-repeat":"repeat","background-position":"center center","background-size":"auto","background-attachment":"scroll","background-type":"","background-media":"","overlay-type":"","overlay-color":"","overlay-opacity":"","overlay-gradient":""}}},"product_brand":[],"product_cat":[15],"product_tag":[],"class_list":{"0":"post-22999","1":"product","2":"type-product","3":"status-publish","4":"has-post-thumbnail","6":"product_cat-shop","7":"desktop-align-left","8":"tablet-align-left","9":"mobile-align-left","11":"first","12":"instock","13":"taxable","14":"shipping-taxable","15":"purchasable","16":"product-type-variable","17":"has-default-attributes"},"spectra_custom_meta":{"_visibility":["visible"],"_shopify_product_id":["7437086130408"],"_s2w_shopify_domain":["quickdna.myshopify.com"],"_shopify_variant_id":["42550085877992"],"_manage_stock":["no"],"total_sales":["1009"],"_tax_status":["taxable"],"_tax_class":[""],"_backorders":["no"],"_sold_individually":["no"],"_virtual":["no"],"_downloadable":["no"],"_download_limit":["-1"],"_download_expiry":["-1"],"_stock":[null],"_stock_status":["instock"],"_wc_average_rating":["4.71"],"_wc_review_count":["97"],"_product_attributes":["a:1:{s:13:\"discreet-test\";a:6:{s:4:\"name\";s:13:\"Discreet test\";s:5:\"value\";s:8:\"No | Yes\";s:8:\"position\";i:1;s:10:\"is_visible\";i:0;s:12:\"is_variation\";i:1;s:11:\"is_taxonomy\";i:0;}}"],"_product_version":["10.5.2"],"_thumbnail_id":["23012"],"_edit_last":["1"],"_wp_page_template":["default"],"_edit_lock":["1771524862:1"],"merchant-center-availability":["yes"],"merchant-center-category":["505293"],"merchant-center-id":["ORI"],"site-sidebar-layout":["default"],"ast-site-content-layout":["default"],"site-content-style":["default"],"site-sidebar-style":["default"],"theme-transparent-header-meta":["default"],"_wc_rating_count":["a:3:{i:3;i:8;i:4;i:12;i:5;i:77;}"],"_default_attributes":["a:1:{s:13:\"discreet-test\";s:2:\"No\";}"],"_price":["99.90","159.90"],"astra-migrate-meta-layouts":["set"],"_uag_css_file_name":["uag-css-22999.css"],"_elementor_page_assets":["a:0:{}"],"_uag_page_assets":["a:9:{s:3:\"css\";s:7133:\".uag-blocks-common-selector{z-index:var(--z-index-desktop) !important}@media(max-width: 976px){.uag-blocks-common-selector{z-index:var(--z-index-tablet) !important}}@media(max-width: 767px){.uag-blocks-common-selector{z-index:var(--z-index-mobile) !important}}.wp-block-uagb-image{display:flex}.wp-block-uagb-image__figure{position:relative;display:flex;flex-direction:column;max-width:100%;height:auto;margin:0}.wp-block-uagb-image__figure img{height:auto;display:flex;max-width:100%;transition:box-shadow .2s ease}.wp-block-uagb-image__figure>a{display:inline-block}.wp-block-uagb-image__figure figcaption{text-align:center;margin-top:.5em;margin-bottom:1em}.wp-block-uagb-image .components-placeholder.block-editor-media-placeholder .components-placeholder__instructions{align-self:center}.wp-block-uagb-image--align-left{text-align:left}.wp-block-uagb-image--align-right{text-align:right}.wp-block-uagb-image--align-center{text-align:center}.wp-block-uagb-image--align-full .wp-block-uagb-image__figure{margin-left:calc(50% - 50vw);margin-right:calc(50% - 50vw);max-width:100vw;width:100vw;height:auto}.wp-block-uagb-image--align-full .wp-block-uagb-image__figure img{height:auto;width:100% !important}.wp-block-uagb-image--align-wide .wp-block-uagb-image__figure img{height:auto;width:100%}.wp-block-uagb-image--layout-overlay__color-wrapper{position:absolute;left:0;top:0;right:0;bottom:0;opacity:.2;background:rgba(0,0,0,.5);transition:opacity .35s ease-in-out}.wp-block-uagb-image--layout-overlay-link{position:absolute;left:0;right:0;bottom:0;top:0}.wp-block-uagb-image--layout-overlay .wp-block-uagb-image__figure:hover .wp-block-uagb-image--layout-overlay__color-wrapper{opacity:1}.wp-block-uagb-image--layout-overlay__inner{position:absolute;left:15px;right:15px;bottom:15px;top:15px;display:flex;align-items:center;justify-content:center;flex-direction:column;border-color:#fff;transition:.35s ease-in-out}.wp-block-uagb-image--layout-overlay__inner.top-left,.wp-block-uagb-image--layout-overlay__inner.top-center,.wp-block-uagb-image--layout-overlay__inner.top-right{justify-content:flex-start}.wp-block-uagb-image--layout-overlay__inner.bottom-left,.wp-block-uagb-image--layout-overlay__inner.bottom-center,.wp-block-uagb-image--layout-overlay__inner.bottom-right{justify-content:flex-end}.wp-block-uagb-image--layout-overlay__inner.top-left,.wp-block-uagb-image--layout-overlay__inner.center-left,.wp-block-uagb-image--layout-overlay__inner.bottom-left{align-items:flex-start}.wp-block-uagb-image--layout-overlay__inner.top-right,.wp-block-uagb-image--layout-overlay__inner.center-right,.wp-block-uagb-image--layout-overlay__inner.bottom-right{align-items:flex-end}.wp-block-uagb-image--layout-overlay__inner .uagb-image-heading{color:#fff;transition:transform .35s,opacity .35s ease-in-out;transform:translate3d(0, 24px, 0);margin:0;line-height:1em}.wp-block-uagb-image--layout-overlay__inner .uagb-image-separator{width:30%;border-top-width:2px;border-top-color:#fff;border-top-style:solid;margin-bottom:10px;opacity:0;transition:transform .4s,opacity .4s ease-in-out;transform:translate3d(0, 30px, 0)}.wp-block-uagb-image--layout-overlay__inner .uagb-image-caption{opacity:0;overflow:visible;color:#fff;transition:transform .45s,opacity .45s ease-in-out;transform:translate3d(0, 35px, 0)}.wp-block-uagb-image--layout-overlay__inner:hover .uagb-image-heading,.wp-block-uagb-image--layout-overlay__inner:hover .uagb-image-separator,.wp-block-uagb-image--layout-overlay__inner:hover .uagb-image-caption{opacity:1;transform:translate3d(0, 0, 0)}.wp-block-uagb-image--effect-zoomin .wp-block-uagb-image__figure img,.wp-block-uagb-image--effect-zoomin .wp-block-uagb-image__figure .wp-block-uagb-image--layout-overlay__color-wrapper{transform:scale(1);transition:transform .35s ease-in-out}.wp-block-uagb-image--effect-zoomin .wp-block-uagb-image__figure:hover img,.wp-block-uagb-image--effect-zoomin .wp-block-uagb-image__figure:hover .wp-block-uagb-image--layout-overlay__color-wrapper{transform:scale(1.05)}.wp-block-uagb-image--effect-slide .wp-block-uagb-image__figure img,.wp-block-uagb-image--effect-slide .wp-block-uagb-image__figure .wp-block-uagb-image--layout-overlay__color-wrapper{width:calc(100% + 40px) !important;max-width:none !important;transform:translate3d(-40px, 0, 0);transition:transform .35s ease-in-out}.wp-block-uagb-image--effect-slide .wp-block-uagb-image__figure:hover img,.wp-block-uagb-image--effect-slide .wp-block-uagb-image__figure:hover .wp-block-uagb-image--layout-overlay__color-wrapper{transform:translate3d(0, 0, 0)}.wp-block-uagb-image--effect-grayscale img{filter:grayscale(0%);transition:.35s ease-in-out}.wp-block-uagb-image--effect-grayscale:hover img{filter:grayscale(100%)}.wp-block-uagb-image--effect-blur img{filter:blur(0);transition:.35s ease-in-out}.wp-block-uagb-image--effect-blur:hover img{filter:blur(3px)}.uagb-block-e6f939b3.wp-block-uagb-image--layout-default figure img{box-shadow: 0px 0px 0 #00000070;}.uagb-block-e6f939b3.wp-block-uagb-image .wp-block-uagb-image__figure figcaption{font-style: normal;align-self: center;}.uagb-block-e6f939b3.wp-block-uagb-image--layout-overlay figure img{box-shadow: 0px 0px 0 #00000070;}.uagb-block-e6f939b3.wp-block-uagb-image--layout-overlay .wp-block-uagb-image--layout-overlay__color-wrapper{opacity: 0.2;}.uagb-block-e6f939b3.wp-block-uagb-image--layout-overlay .wp-block-uagb-image--layout-overlay__inner{left: 15px;right: 15px;top: 15px;bottom: 15px;}.uagb-block-e6f939b3.wp-block-uagb-image--layout-overlay .wp-block-uagb-image--layout-overlay__inner .uagb-image-heading{font-style: normal;color: #fff;opacity: 1;}.uagb-block-e6f939b3.wp-block-uagb-image--layout-overlay .wp-block-uagb-image--layout-overlay__inner .uagb-image-heading a{color: #fff;}.uagb-block-e6f939b3.wp-block-uagb-image--layout-overlay .wp-block-uagb-image--layout-overlay__inner .uagb-image-caption{opacity: 0;}.uagb-block-e6f939b3.wp-block-uagb-image--layout-overlay .wp-block-uagb-image__figure:hover .wp-block-uagb-image--layout-overlay__color-wrapper{opacity: 1;}.uagb-block-e6f939b3.wp-block-uagb-image .wp-block-uagb-image--layout-overlay__inner .uagb-image-separator{width: 30%;border-top-width: 2px;border-top-color: #fff;opacity: 0;}.uagb-block-e6f939b3.wp-block-uagb-image .wp-block-uagb-image__figure img{width: px;height: auto;}.uagb-block-e6f939b3.wp-block-uagb-image .wp-block-uagb-image__figure:hover .wp-block-uagb-image--layout-overlay__inner .uagb-image-caption{opacity: 1;}.uagb-block-e6f939b3.wp-block-uagb-image .wp-block-uagb-image__figure:hover .wp-block-uagb-image--layout-overlay__inner .uagb-image-separator{opacity: 1;}.uagb-block-e6f939b3.wp-block-uagb-image--layout-default figure:hover img{box-shadow: 0px 0px 0 #00000070;}.uagb-block-e6f939b3.wp-block-uagb-image--layout-overlay figure:hover img{box-shadow: 0px 0px 0 #00000070;}@media only screen and (max-width: 976px) {.uagb-block-e6f939b3.wp-block-uagb-image .wp-block-uagb-image__figure img{width: px;height: auto;}}@media only screen and (max-width: 767px) {.uagb-block-e6f939b3.wp-block-uagb-image .wp-block-uagb-image__figure img{width: px;height: auto;}}\";s:2:\"js\";s:0:\"\";s:18:\"current_block_list\";a:13:{i:0;s:11:\"core\/search\";i:1;s:10:\"core\/group\";i:2;s:12:\"core\/heading\";i:3;s:17:\"core\/latest-posts\";i:4;s:20:\"core\/latest-comments\";i:5;s:13:\"core\/archives\";i:6;s:15:\"core\/categories\";i:7;s:14:\"core\/paragraph\";i:8;s:10:\"uagb\/image\";i:9;s:11:\"core\/spacer\";i:10;s:30:\"woocommerce\/product-categories\";i:11;s:10:\"core\/image\";i:12;s:14:\"core\/shortcode\";}s:8:\"uag_flag\";b:1;s:11:\"uag_version\";s:10:\"1777434662\";s:6:\"gfonts\";a:0:{}s:10:\"gfonts_url\";s:0:\"\";s:12:\"gfonts_files\";a:0:{}s:14:\"uag_faq_layout\";b:0;}"]},"uagb_featured_image_src":{"full":["https:\/\/www.quickdna.com\/wp-content\/uploads\/2025\/06\/box_png_4.png",1000,1000,false],"thumbnail":["https:\/\/www.quickdna.com\/wp-content\/uploads\/2025\/06\/box_png_4-150x150.png",150,150,true],"medium":["https:\/\/www.quickdna.com\/wp-content\/uploads\/2025\/06\/box_png_4-300x300.png",300,300,true],"medium_large":["https:\/\/www.quickdna.com\/wp-content\/uploads\/2025\/06\/box_png_4-768x768.png",768,768,true],"large":["https:\/\/www.quickdna.com\/wp-content\/uploads\/2025\/06\/box_png_4.png",1000,1000,false],"1536x1536":["https:\/\/www.quickdna.com\/wp-content\/uploads\/2025\/06\/box_png_4.png",1000,1000,false],"2048x2048":["https:\/\/www.quickdna.com\/wp-content\/uploads\/2025\/06\/box_png_4.png",1000,1000,false],"trp-custom-language-flag":["https:\/\/www.quickdna.com\/wp-content\/uploads\/2025\/06\/box_png_4-12x12.png",12,12,true],"woocommerce_thumbnail":["https:\/\/www.quickdna.com\/wp-content\/uploads\/2025\/06\/box_png_4-300x300.png",300,300,true],"woocommerce_single":["https:\/\/www.quickdna.com\/wp-content\/uploads\/2025\/06\/box_png_4-600x600.png",600,600,true],"woocommerce_gallery_thumbnail":["https:\/\/www.quickdna.com\/wp-content\/uploads\/2025\/06\/box_png_4-100x100.png",100,100,true]},"uagb_author_info":{"display_name":"admin","author_link":"https:\/\/www.quickdna.com\/hr\/author\/"},"uagb_comment_info":97,"uagb_excerpt":"Discover your true origins with advanced global DNA analysis. Our DNA ancestry test unlocks the story written in your genes, allowing you to explore your ethnic origins across all countries and regions of the world. Using high-resolution genetic markers, we compare your DNA profile with extensive international reference databases to provide a detailed breakdown of&hellip;","_links":{"self":[{"href":"https:\/\/www.quickdna.com\/hr\/wp-json\/wp\/v2\/product\/22999","targetHints":{"allow":["GET"]}}],"collection":[{"href":"https:\/\/www.quickdna.com\/hr\/wp-json\/wp\/v2\/product"}],"about":[{"href":"https:\/\/www.quickdna.com\/hr\/wp-json\/wp\/v2\/types\/product"}],"replies":[{"embeddable":true,"href":"https:\/\/www.quickdna.com\/hr\/wp-json\/wp\/v2\/comments?post=22999"}],"version-history":[{"count":5,"href":"https:\/\/www.quickdna.com\/hr\/wp-json\/wp\/v2\/product\/22999\/revisions"}],"predecessor-version":[{"id":30176,"href":"https:\/\/www.quickdna.com\/hr\/wp-json\/wp\/v2\/product\/22999\/revisions\/30176"}],"wp:featuredmedia":[{"embeddable":true,"href":"https:\/\/www.quickdna.com\/hr\/wp-json\/wp\/v2\/media\/23012"}],"wp:attachment":[{"href":"https:\/\/www.quickdna.com\/hr\/wp-json\/wp\/v2\/media?parent=22999"}],"wp:term":[{"taxonomy":"product_brand","embeddable":true,"href":"https:\/\/www.quickdna.com\/hr\/wp-json\/wp\/v2\/product_brand?post=22999"},{"taxonomy":"product_cat","embeddable":true,"href":"https:\/\/www.quickdna.com\/hr\/wp-json\/wp\/v2\/product_cat?post=22999"},{"taxonomy":"product_tag","embeddable":true,"href":"https:\/\/www.quickdna.com\/hr\/wp-json\/wp\/v2\/product_tag?post=22999"}],"curies":[{"name":"radni list","href":"https:\/\/api.w.org\/{rel}","templated":true}]}}