{"id":23006,"date":"2025-06-09T13:23:07","date_gmt":"2025-06-09T11:23:07","guid":{"rendered":"https:\/\/www.quickdna.com\/products\/dna-prenatal-test\/"},"modified":"2026-02-19T19:01:53","modified_gmt":"2026-02-19T18:01:53","slug":"dna-prenatal-test","status":"publish","type":"product","link":"https:\/\/www.quickdna.com\/fr\/products\/dna-prenatal-test\/","title":{"rendered":"Test ADN de paternit\u00e9 pr\u00e9natal"},"content":{"rendered":"<p><strong><img decoding=\"async\" style=\"margin-right: 12px;\" src=\"https:\/\/www.quickdna.com\/wp-content\/uploads\/2026\/02\/Check.svg\" alt=\"\" width=\"18\" height=\"15\" \/>D\u00e9terminer la paternit\u00e9 avant la naissance gr\u00e2ce \u00e0 une analyse pr\u00e9natale avanc\u00e9e de l'ADN.<\/strong> Notre test ADN de paternit\u00e9 pr\u00e9natale vous permet d'\u00e9tablir la paternit\u00e9 biologique pendant la grossesse gr\u00e2ce \u00e0 une technologie g\u00e9n\u00e9tique de pointe. Gr\u00e2ce \u00e0 des techniques d'analyse tr\u00e8s sensibles, le test compare l'ADN du f\u0153tus pr\u00e9sent dans le sang de la m\u00e8re avec l'ADN du p\u00e8re pr\u00e9sum\u00e9, ce qui permet d'obtenir des r\u00e9ponses claires et fiables avant la naissance de l'enfant. Cette clart\u00e9 pr\u00e9coce peut \u00eatre essentielle pour la pr\u00e9paration \u00e9motionnelle, personnelle ou juridique.<\/p>\n<p><strong><img decoding=\"async\" style=\"margin-right: 12px;\" src=\"https:\/\/www.quickdna.com\/wp-content\/uploads\/2026\/02\/Check.svg\" alt=\"\" width=\"18\" height=\"15\" \/>Option d'\u00e9chantillonnage standard ou discret pour le p\u00e8re pr\u00e9sum\u00e9.<\/strong> Nous proposons des solutions flexibles qui s'adaptent \u00e0 vos circonstances sp\u00e9cifiques. Avec l'option standard, le p\u00e8re pr\u00e9sum\u00e9 fournit de simples pr\u00e9l\u00e8vements de joues en frottant d\u00e9licatement des tampons st\u00e9riles \u00e0 l'int\u00e9rieur de la bouche et en les renvoyant au laboratoire. Pour plus de discr\u00e9tion, l'option discr\u00e8te permet de soumettre d'autres objets personnels appartenant au p\u00e8re pr\u00e9sum\u00e9, tels que des ongles, des cheveux avec des racines, des brosses \u00e0 dents, des chewing-gums, des m\u00e9gots de cigarettes ou des cotons-tiges usag\u00e9s. Cette option garantit le respect de la vie priv\u00e9e et l'adaptabilit\u00e9 tout en pr\u00e9servant la pr\u00e9cision de l'analyse.<\/p>\n<p><strong><img decoding=\"async\" style=\"margin-right: 12px;\" src=\"https:\/\/www.quickdna.com\/wp-content\/uploads\/2026\/02\/Check.svg\" alt=\"\" width=\"18\" height=\"15\" \/>Pr\u00e9l\u00e8vement simple et s\u00fbr d'un \u00e9chantillon maternel par le biais d'une prise de sang.<\/strong> La m\u00e8re fournit un \u00e9chantillon de sang qui contient de l'ADN f\u0153tal circulant, naturellement pr\u00e9sent pendant la grossesse. Cette approche non invasive \u00e9vite tout risque pour le f\u0153tus et s'effectue au moyen d'une prise de sang standard. L'\u00e9chantillon est ensuite envoy\u00e9 \u00e0 notre laboratoire pour une comparaison g\u00e9n\u00e9tique pr\u00e9cise avec le profil ADN du p\u00e8re pr\u00e9sum\u00e9.<\/p>\n<p><strong><img decoding=\"async\" style=\"margin-right: 12px;\" src=\"https:\/\/www.quickdna.com\/wp-content\/uploads\/2026\/02\/Check.svg\" alt=\"\" width=\"18\" height=\"15\" \/>Faites confiance \u00e0 un laboratoire certifi\u00e9 ISO 17025 pour une fiabilit\u00e9 scientifique maximale.<\/strong> Toutes les analyses sont effectu\u00e9es dans un laboratoire certifi\u00e9 ISO 17025, ce qui garantit le strict respect des normes internationalement reconnues en mati\u00e8re de comp\u00e9tences d'essai et de contr\u00f4le de la qualit\u00e9. Cette certification garantit des proc\u00e9dures valid\u00e9es, des instruments calibr\u00e9s et des techniciens experts, ce qui assure le plus haut niveau de pr\u00e9cision et de confiance dans vos r\u00e9sultats.<\/p>\n<p><strong><img decoding=\"async\" style=\"margin-right: 12px;\" src=\"https:\/\/www.quickdna.com\/wp-content\/uploads\/2026\/02\/Check.svg\" alt=\"\" width=\"18\" height=\"15\" \/>Recevoir les r\u00e9sultats dans les 72 heures suivant la r\u00e9ception de l'\u00e9chantillon au laboratoire.<\/strong> Nous comprenons que le temps est un facteur critique dans les situations pr\u00e9natales. Une fois que le laboratoire a re\u00e7u l'\u00e9chantillon de sang maternel et les \u00e9chantillons d'ADN du p\u00e8re pr\u00e9sum\u00e9, les r\u00e9sultats sont fournis dans les 72 heures. Le flux de travail rationalis\u00e9 de notre laboratoire garantit un traitement rapide sans compromettre la rigueur scientifique.<\/p>\n<p><strong><img decoding=\"async\" style=\"margin-right: 12px;\" src=\"https:\/\/www.quickdna.com\/wp-content\/uploads\/2026\/02\/Check.svg\" alt=\"\" width=\"18\" height=\"15\" \/>B\u00e9n\u00e9ficiez de la m\u00e9thode de test de paternit\u00e9 pr\u00e9natal la plus efficace qui soit.<\/strong> Notre technologie avanc\u00e9e isole et analyse l'ADN f\u0153tal avec une pr\u00e9cision exceptionnelle. La comparaison de plusieurs marqueurs g\u00e9n\u00e9tiques permet d'obtenir des r\u00e9sultats tr\u00e8s concluants. Lorsque la paternit\u00e9 est confirm\u00e9e, la probabilit\u00e9 d\u00e9passe g\u00e9n\u00e9ralement 99,9%, tandis que les exclusions sont d\u00e9finitives si le p\u00e8re pr\u00e9sum\u00e9 n'est pas biologiquement li\u00e9. Ce niveau d'efficacit\u00e9 place notre test parmi les solutions pr\u00e9natales les plus fiables disponibles.<\/p>\n<p><strong><img decoding=\"async\" style=\"margin-right: 12px;\" src=\"https:\/\/www.quickdna.com\/wp-content\/uploads\/2026\/02\/Check.svg\" alt=\"\" width=\"18\" height=\"15\" \/>Acc\u00e9dez \u00e0 des tests de laboratoire de qualit\u00e9 sup\u00e9rieure au prix le plus comp\u00e9titif.<\/strong> Nous nous engageons \u00e0 offrir le test de paternit\u00e9 pr\u00e9natal ADN de haute qualit\u00e9 le moins cher du march\u00e9. Gr\u00e2ce \u00e0 des processus de laboratoire optimis\u00e9s et \u00e0 une logistique efficace, nous r\u00e9duisons les co\u00fbts tout en maintenant des normes exceptionnelles. Nous vous garantissons ainsi des tests pr\u00e9cis et certifi\u00e9s au meilleur prix possible.<\/p>\n<p><strong><img decoding=\"async\" style=\"margin-right: 12px;\" src=\"https:\/\/www.quickdna.com\/wp-content\/uploads\/2026\/02\/Check.svg\" alt=\"\" width=\"18\" height=\"15\" \/>Profitez d'une livraison en 24 heures pour entamer le processus sans d\u00e9lai.<\/strong> Nous assurons toujours une livraison en 24 heures de votre kit de test, ce qui vous permet de commencer rapidement le pr\u00e9l\u00e8vement d'\u00e9chantillons. L'exp\u00e9dition rapide garantit que le pr\u00e9l\u00e8vement de sang maternel et l'envoi de l'\u00e9chantillon du p\u00e8re pr\u00e9sum\u00e9 peuvent avoir lieu d\u00e8s que possible.<\/p>\n<p><strong><img decoding=\"async\" style=\"margin-right: 12px;\" src=\"https:\/\/www.quickdna.com\/wp-content\/uploads\/2026\/02\/Check.svg\" alt=\"\" width=\"18\" height=\"15\" \/>Confidentialit\u00e9 totale et traitement discret de votre dossier.<\/strong> Nous traitons chaque cas de paternit\u00e9 pr\u00e9natale dans la plus stricte confidentialit\u00e9. De l'emballage neutre et de la documentation s\u00e9curis\u00e9e \u00e0 la remise prot\u00e9g\u00e9e des r\u00e9sultats, votre vie priv\u00e9e est respect\u00e9e \u00e0 chaque \u00e9tape. L'option de pr\u00e9l\u00e8vement discret pour le p\u00e8re pr\u00e9sum\u00e9 renforce encore la confidentialit\u00e9 en cas de besoin.<\/p>\n<p><strong><img decoding=\"async\" style=\"margin-right: 12px;\" src=\"https:\/\/www.quickdna.com\/wp-content\/uploads\/2026\/02\/Check.svg\" alt=\"\" width=\"18\" height=\"15\" \/>Achetez en toute confiance gr\u00e2ce \u00e0 notre garantie de remboursement.<\/strong> Nous nous portons garants de la fiabilit\u00e9 et du professionnalisme de notre test de paternit\u00e9 pr\u00e9natal \u00e0 l'ADN. Si vous n'\u00eates pas satisfait de notre service, nous vous offrons une garantie de remboursement. Cet engagement assure que votre d\u00e9cision de proc\u00e9der est enti\u00e8rement sans risque et soutenue par notre d\u00e9vouement \u00e0 la satisfaction du client.<\/p>\n<h2><strong>Instructions<\/strong><\/h2>\n<ul>\n<li>S\u00e9lectionnez l'option que vous pr\u00e9f\u00e9rez pour le p\u00e8re pr\u00e9sum\u00e9 lorsque vous passez votre commande : test standard par \u00e9couvillonnage de la joue ou soumission d'un \u00e9chantillon discret.<\/li>\n<li>D\u00e8s r\u00e9ception du kit livr\u00e9 dans les 24 heures, lisez attentivement toutes les instructions jointes avant de pr\u00e9lever les \u00e9chantillons.<\/li>\n<li>Pour la m\u00e8re, faites pr\u00e9lever un \u00e9chantillon de sang conform\u00e9ment aux instructions fournies. L'\u00e9chantillon de sang doit \u00eatre correctement \u00e9tiquet\u00e9 et manipul\u00e9 pour garantir la pr\u00e9cision de l'analyse de l'ADN f\u0153tal.<\/li>\n<li>S'assurer que l'\u00e9chantillon de sang maternel est pr\u00e9lev\u00e9 selon des proc\u00e9dures hygi\u00e9niques et professionnelles et qu'il est conditionn\u00e9 conform\u00e9ment aux instructions pour \u00eatre transport\u00e9 en toute s\u00e9curit\u00e9 au laboratoire.<\/li>\n<li>Pour le test standard du p\u00e8re pr\u00e9sum\u00e9, utilisez les \u00e9couvillons st\u00e9riles fournis et frottez fermement l'int\u00e9rieur de la joue pendant 30 \u00e0 60 secondes par \u00e9couvillon. \u00c9vitez de manger, de boire ou de fumer au moins une heure avant le pr\u00e9l\u00e8vement.<\/li>\n<li>Laissez les \u00e9couvillons de joue s\u00e9cher compl\u00e8tement avant de les placer dans les enveloppes pr\u00e9vues \u00e0 cet effet, afin d'\u00e9viter toute d\u00e9gradation.<\/li>\n<li>Pour l'option discr\u00e8te (p\u00e8re uniquement), collectez des objets personnels appropri\u00e9s tels que des ongles, des cheveux avec des racines visibles, une brosse \u00e0 dents usag\u00e9e, des chewing-gums, des m\u00e9gots de cigarettes ou des cotons-tiges usag\u00e9s. Manipulez les \u00e9chantillons avec pr\u00e9caution pour \u00e9viter toute contamination et placez chaque \u00e9l\u00e9ment dans un r\u00e9cipient propre et s\u00e9par\u00e9.<\/li>\n<li>Remplir avec pr\u00e9cision tous les formulaires d'identification requis, en veillant \u00e0 ce que les informations relatives \u00e0 la m\u00e8re et au p\u00e8re pr\u00e9sum\u00e9 correspondent aux \u00e9chantillons soumis.<\/li>\n<li>Emballez l'\u00e9chantillon de sang maternel et les \u00e9chantillons d'ADN du p\u00e8re pr\u00e9sum\u00e9 en toute s\u00e9curit\u00e9 \u00e0 l'aide du mat\u00e9riel fourni et renvoyez-les au laboratoire en suivant les instructions.<\/li>\n<li>Une fois que le laboratoire a re\u00e7u tous les \u00e9chantillons requis, l'analyse commence imm\u00e9diatement. Les r\u00e9sultats seront fournis dans les 72 heures suivant leur r\u00e9ception par le laboratoire et envoy\u00e9s en toute s\u00e9curit\u00e9 par courrier \u00e9lectronique.<\/li>\n<\/ul>","protected":false},"excerpt":{"rendered":"<p>Determine paternity before birth with advanced prenatal DNA analysis. Our DNA prenatal paternity test allows you to establish biological fatherhood during pregnancy with cutting-edge genetic technology. Using highly sensitive analysis techniques, the test compares fetal DNA present in the mother\u2019s blood with the alleged father\u2019s DNA, providing clear and reliable answers before the child is [&hellip;]<\/p>\n","protected":false},"featured_media":23015,"comment_status":"open","ping_status":"closed","template":"","meta":{"_uag_custom_page_level_css":"","site-sidebar-layout":"default","site-content-layout":"","ast-site-content-layout":"default","site-content-style":"default","site-sidebar-style":"default","ast-global-header-display":"","ast-banner-title-visibility":"","ast-main-header-display":"","ast-hfb-above-header-display":"","ast-hfb-below-header-display":"","ast-hfb-mobile-header-display":"","site-post-title":"","ast-breadcrumbs-content":"","ast-featured-img":"","footer-sml-layout":"","ast-disable-related-posts":"","theme-transparent-header-meta":"default","adv-header-id-meta":"","stick-header-meta":"","header-above-stick-meta":"","header-main-stick-meta":"","header-below-stick-meta":"","astra-migrate-meta-layouts":"set","ast-page-background-enabled":"default","ast-page-background-meta":{"desktop":{"background-color":"var(--ast-global-color-4)","background-image":"","background-repeat":"repeat","background-position":"center center","background-size":"auto","background-attachment":"scroll","background-type":"","background-media":"","overlay-type":"","overlay-color":"","overlay-opacity":"","overlay-gradient":""},"tablet":{"background-color":"","background-image":"","background-repeat":"repeat","background-position":"center center","background-size":"auto","background-attachment":"scroll","background-type":"","background-media":"","overlay-type":"","overlay-color":"","overlay-opacity":"","overlay-gradient":""},"mobile":{"background-color":"","background-image":"","background-repeat":"repeat","background-position":"center center","background-size":"auto","background-attachment":"scroll","background-type":"","background-media":"","overlay-type":"","overlay-color":"","overlay-opacity":"","overlay-gradient":""}},"ast-content-background-meta":{"desktop":{"background-color":"var(--ast-global-color-5)","background-image":"","background-repeat":"repeat","background-position":"center center","background-size":"auto","background-attachment":"scroll","background-type":"","background-media":"","overlay-type":"","overlay-color":"","overlay-opacity":"","overlay-gradient":""},"tablet":{"background-color":"var(--ast-global-color-5)","background-image":"","background-repeat":"repeat","background-position":"center center","background-size":"auto","background-attachment":"scroll","background-type":"","background-media":"","overlay-type":"","overlay-color":"","overlay-opacity":"","overlay-gradient":""},"mobile":{"background-color":"var(--ast-global-color-5)","background-image":"","background-repeat":"repeat","background-position":"center center","background-size":"auto","background-attachment":"scroll","background-type":"","background-media":"","overlay-type":"","overlay-color":"","overlay-opacity":"","overlay-gradient":""}}},"product_brand":[],"product_cat":[15],"product_tag":[],"class_list":{"0":"post-23006","1":"product","2":"type-product","3":"status-publish","4":"has-post-thumbnail","6":"product_cat-shop","7":"desktop-align-left","8":"tablet-align-left","9":"mobile-align-left","11":"first","12":"instock","13":"taxable","14":"shipping-taxable","15":"purchasable","16":"product-type-variable","17":"has-default-attributes"},"spectra_custom_meta":{"_visibility":["visible"],"_shopify_product_id":["7904181256424"],"_s2w_shopify_domain":["quickdna.myshopify.com"],"_shopify_variant_id":["44228462936296"],"_manage_stock":["no"],"total_sales":["199"],"_tax_status":["taxable"],"_tax_class":[""],"_backorders":["no"],"_sold_individually":["no"],"_virtual":["no"],"_downloadable":["no"],"_download_limit":["-1"],"_download_expiry":["-1"],"_stock":[null],"_stock_status":["instock"],"_wc_average_rating":["4.91"],"_wc_review_count":["93"],"_product_attributes":["a:1:{s:13:\"discreet-test\";a:6:{s:4:\"name\";s:13:\"Discreet test\";s:5:\"value\";s:8:\"No | Yes\";s:8:\"position\";i:1;s:10:\"is_visible\";i:0;s:12:\"is_variation\";i:1;s:11:\"is_taxonomy\";i:0;}}"],"_product_version":["10.5.2"],"_thumbnail_id":["23015"],"_edit_last":["1"],"_wp_page_template":["default"],"_edit_lock":["1771523977:1"],"merchant-center-availability":["yes"],"merchant-center-category":["505293"],"site-sidebar-layout":["default"],"ast-site-content-layout":["default"],"site-content-style":["default"],"site-sidebar-style":["default"],"theme-transparent-header-meta":["default"],"_wc_rating_count":["a:3:{i:3;i:1;i:4;i:6;i:5;i:86;}"],"_default_attributes":["a:1:{s:13:\"discreet-test\";s:2:\"No\";}"],"_price":["299.90","359.90"],"merchant-center-id":["PRE"],"astra-migrate-meta-layouts":["set"],"_uag_css_file_name":["uag-css-23006.css"],"_elementor_page_assets":["a:0:{}"],"_uag_page_assets":["a:9:{s:3:\"css\";s:7133:\".uag-blocks-common-selector{z-index:var(--z-index-desktop) !important}@media(max-width: 976px){.uag-blocks-common-selector{z-index:var(--z-index-tablet) !important}}@media(max-width: 767px){.uag-blocks-common-selector{z-index:var(--z-index-mobile) !important}}.wp-block-uagb-image{display:flex}.wp-block-uagb-image__figure{position:relative;display:flex;flex-direction:column;max-width:100%;height:auto;margin:0}.wp-block-uagb-image__figure img{height:auto;display:flex;max-width:100%;transition:box-shadow .2s ease}.wp-block-uagb-image__figure>a{display:inline-block}.wp-block-uagb-image__figure figcaption{text-align:center;margin-top:.5em;margin-bottom:1em}.wp-block-uagb-image .components-placeholder.block-editor-media-placeholder .components-placeholder__instructions{align-self:center}.wp-block-uagb-image--align-left{text-align:left}.wp-block-uagb-image--align-right{text-align:right}.wp-block-uagb-image--align-center{text-align:center}.wp-block-uagb-image--align-full .wp-block-uagb-image__figure{margin-left:calc(50% - 50vw);margin-right:calc(50% - 50vw);max-width:100vw;width:100vw;height:auto}.wp-block-uagb-image--align-full .wp-block-uagb-image__figure img{height:auto;width:100% !important}.wp-block-uagb-image--align-wide .wp-block-uagb-image__figure img{height:auto;width:100%}.wp-block-uagb-image--layout-overlay__color-wrapper{position:absolute;left:0;top:0;right:0;bottom:0;opacity:.2;background:rgba(0,0,0,.5);transition:opacity .35s ease-in-out}.wp-block-uagb-image--layout-overlay-link{position:absolute;left:0;right:0;bottom:0;top:0}.wp-block-uagb-image--layout-overlay .wp-block-uagb-image__figure:hover .wp-block-uagb-image--layout-overlay__color-wrapper{opacity:1}.wp-block-uagb-image--layout-overlay__inner{position:absolute;left:15px;right:15px;bottom:15px;top:15px;display:flex;align-items:center;justify-content:center;flex-direction:column;border-color:#fff;transition:.35s ease-in-out}.wp-block-uagb-image--layout-overlay__inner.top-left,.wp-block-uagb-image--layout-overlay__inner.top-center,.wp-block-uagb-image--layout-overlay__inner.top-right{justify-content:flex-start}.wp-block-uagb-image--layout-overlay__inner.bottom-left,.wp-block-uagb-image--layout-overlay__inner.bottom-center,.wp-block-uagb-image--layout-overlay__inner.bottom-right{justify-content:flex-end}.wp-block-uagb-image--layout-overlay__inner.top-left,.wp-block-uagb-image--layout-overlay__inner.center-left,.wp-block-uagb-image--layout-overlay__inner.bottom-left{align-items:flex-start}.wp-block-uagb-image--layout-overlay__inner.top-right,.wp-block-uagb-image--layout-overlay__inner.center-right,.wp-block-uagb-image--layout-overlay__inner.bottom-right{align-items:flex-end}.wp-block-uagb-image--layout-overlay__inner .uagb-image-heading{color:#fff;transition:transform .35s,opacity .35s ease-in-out;transform:translate3d(0, 24px, 0);margin:0;line-height:1em}.wp-block-uagb-image--layout-overlay__inner .uagb-image-separator{width:30%;border-top-width:2px;border-top-color:#fff;border-top-style:solid;margin-bottom:10px;opacity:0;transition:transform .4s,opacity .4s ease-in-out;transform:translate3d(0, 30px, 0)}.wp-block-uagb-image--layout-overlay__inner .uagb-image-caption{opacity:0;overflow:visible;color:#fff;transition:transform .45s,opacity .45s ease-in-out;transform:translate3d(0, 35px, 0)}.wp-block-uagb-image--layout-overlay__inner:hover .uagb-image-heading,.wp-block-uagb-image--layout-overlay__inner:hover .uagb-image-separator,.wp-block-uagb-image--layout-overlay__inner:hover .uagb-image-caption{opacity:1;transform:translate3d(0, 0, 0)}.wp-block-uagb-image--effect-zoomin .wp-block-uagb-image__figure img,.wp-block-uagb-image--effect-zoomin .wp-block-uagb-image__figure .wp-block-uagb-image--layout-overlay__color-wrapper{transform:scale(1);transition:transform .35s ease-in-out}.wp-block-uagb-image--effect-zoomin .wp-block-uagb-image__figure:hover img,.wp-block-uagb-image--effect-zoomin .wp-block-uagb-image__figure:hover .wp-block-uagb-image--layout-overlay__color-wrapper{transform:scale(1.05)}.wp-block-uagb-image--effect-slide .wp-block-uagb-image__figure img,.wp-block-uagb-image--effect-slide .wp-block-uagb-image__figure .wp-block-uagb-image--layout-overlay__color-wrapper{width:calc(100% + 40px) !important;max-width:none !important;transform:translate3d(-40px, 0, 0);transition:transform .35s ease-in-out}.wp-block-uagb-image--effect-slide .wp-block-uagb-image__figure:hover img,.wp-block-uagb-image--effect-slide .wp-block-uagb-image__figure:hover .wp-block-uagb-image--layout-overlay__color-wrapper{transform:translate3d(0, 0, 0)}.wp-block-uagb-image--effect-grayscale img{filter:grayscale(0%);transition:.35s ease-in-out}.wp-block-uagb-image--effect-grayscale:hover img{filter:grayscale(100%)}.wp-block-uagb-image--effect-blur img{filter:blur(0);transition:.35s ease-in-out}.wp-block-uagb-image--effect-blur:hover img{filter:blur(3px)}.uagb-block-e6f939b3.wp-block-uagb-image--layout-default figure img{box-shadow: 0px 0px 0 #00000070;}.uagb-block-e6f939b3.wp-block-uagb-image .wp-block-uagb-image__figure figcaption{font-style: normal;align-self: center;}.uagb-block-e6f939b3.wp-block-uagb-image--layout-overlay figure img{box-shadow: 0px 0px 0 #00000070;}.uagb-block-e6f939b3.wp-block-uagb-image--layout-overlay .wp-block-uagb-image--layout-overlay__color-wrapper{opacity: 0.2;}.uagb-block-e6f939b3.wp-block-uagb-image--layout-overlay .wp-block-uagb-image--layout-overlay__inner{left: 15px;right: 15px;top: 15px;bottom: 15px;}.uagb-block-e6f939b3.wp-block-uagb-image--layout-overlay .wp-block-uagb-image--layout-overlay__inner .uagb-image-heading{font-style: normal;color: #fff;opacity: 1;}.uagb-block-e6f939b3.wp-block-uagb-image--layout-overlay .wp-block-uagb-image--layout-overlay__inner .uagb-image-heading a{color: #fff;}.uagb-block-e6f939b3.wp-block-uagb-image--layout-overlay .wp-block-uagb-image--layout-overlay__inner .uagb-image-caption{opacity: 0;}.uagb-block-e6f939b3.wp-block-uagb-image--layout-overlay .wp-block-uagb-image__figure:hover .wp-block-uagb-image--layout-overlay__color-wrapper{opacity: 1;}.uagb-block-e6f939b3.wp-block-uagb-image .wp-block-uagb-image--layout-overlay__inner .uagb-image-separator{width: 30%;border-top-width: 2px;border-top-color: #fff;opacity: 0;}.uagb-block-e6f939b3.wp-block-uagb-image .wp-block-uagb-image__figure img{width: px;height: auto;}.uagb-block-e6f939b3.wp-block-uagb-image .wp-block-uagb-image__figure:hover .wp-block-uagb-image--layout-overlay__inner .uagb-image-caption{opacity: 1;}.uagb-block-e6f939b3.wp-block-uagb-image .wp-block-uagb-image__figure:hover .wp-block-uagb-image--layout-overlay__inner .uagb-image-separator{opacity: 1;}.uagb-block-e6f939b3.wp-block-uagb-image--layout-default figure:hover img{box-shadow: 0px 0px 0 #00000070;}.uagb-block-e6f939b3.wp-block-uagb-image--layout-overlay figure:hover img{box-shadow: 0px 0px 0 #00000070;}@media only screen and (max-width: 976px) {.uagb-block-e6f939b3.wp-block-uagb-image .wp-block-uagb-image__figure img{width: px;height: auto;}}@media only screen and (max-width: 767px) {.uagb-block-e6f939b3.wp-block-uagb-image .wp-block-uagb-image__figure img{width: px;height: auto;}}\";s:2:\"js\";s:0:\"\";s:18:\"current_block_list\";a:13:{i:0;s:11:\"core\/search\";i:1;s:10:\"core\/group\";i:2;s:12:\"core\/heading\";i:3;s:17:\"core\/latest-posts\";i:4;s:20:\"core\/latest-comments\";i:5;s:13:\"core\/archives\";i:6;s:15:\"core\/categories\";i:7;s:14:\"core\/paragraph\";i:8;s:10:\"uagb\/image\";i:9;s:11:\"core\/spacer\";i:10;s:30:\"woocommerce\/product-categories\";i:11;s:10:\"core\/image\";i:12;s:14:\"core\/shortcode\";}s:8:\"uag_flag\";b:1;s:11:\"uag_version\";s:10:\"1777420348\";s:6:\"gfonts\";a:0:{}s:10:\"gfonts_url\";s:0:\"\";s:12:\"gfonts_files\";a:0:{}s:14:\"uag_faq_layout\";b:0;}"]},"uagb_featured_image_src":{"full":["https:\/\/www.quickdna.com\/wp-content\/uploads\/2025\/06\/Sans_titre__50_-removebg-preview.png",500,500,false],"thumbnail":["https:\/\/www.quickdna.com\/wp-content\/uploads\/2025\/06\/Sans_titre__50_-removebg-preview-150x150.png",150,150,true],"medium":["https:\/\/www.quickdna.com\/wp-content\/uploads\/2025\/06\/Sans_titre__50_-removebg-preview-300x300.png",300,300,true],"medium_large":["https:\/\/www.quickdna.com\/wp-content\/uploads\/2025\/06\/Sans_titre__50_-removebg-preview.png",500,500,false],"large":["https:\/\/www.quickdna.com\/wp-content\/uploads\/2025\/06\/Sans_titre__50_-removebg-preview.png",500,500,false],"1536x1536":["https:\/\/www.quickdna.com\/wp-content\/uploads\/2025\/06\/Sans_titre__50_-removebg-preview.png",500,500,false],"2048x2048":["https:\/\/www.quickdna.com\/wp-content\/uploads\/2025\/06\/Sans_titre__50_-removebg-preview.png",500,500,false],"trp-custom-language-flag":["https:\/\/www.quickdna.com\/wp-content\/uploads\/2025\/06\/Sans_titre__50_-removebg-preview-12x12.png",12,12,true],"woocommerce_thumbnail":["https:\/\/www.quickdna.com\/wp-content\/uploads\/2025\/06\/Sans_titre__50_-removebg-preview-300x300.png",300,300,true],"woocommerce_single":["https:\/\/www.quickdna.com\/wp-content\/uploads\/2025\/06\/Sans_titre__50_-removebg-preview.png",500,500,false],"woocommerce_gallery_thumbnail":["https:\/\/www.quickdna.com\/wp-content\/uploads\/2025\/06\/Sans_titre__50_-removebg-preview-100x100.png",100,100,true]},"uagb_author_info":{"display_name":"admin","author_link":"https:\/\/www.quickdna.com\/fr\/author\/"},"uagb_comment_info":93,"uagb_excerpt":"Determine paternity before birth with advanced prenatal DNA analysis. Our DNA prenatal paternity test allows you to establish biological fatherhood during pregnancy with cutting-edge genetic technology. Using highly sensitive analysis techniques, the test compares fetal DNA present in the mother\u2019s blood with the alleged father\u2019s DNA, providing clear and reliable answers before the child is\u2026","_links":{"self":[{"href":"https:\/\/www.quickdna.com\/fr\/wp-json\/wp\/v2\/product\/23006","targetHints":{"allow":["GET"]}}],"collection":[{"href":"https:\/\/www.quickdna.com\/fr\/wp-json\/wp\/v2\/product"}],"about":[{"href":"https:\/\/www.quickdna.com\/fr\/wp-json\/wp\/v2\/types\/product"}],"replies":[{"embeddable":true,"href":"https:\/\/www.quickdna.com\/fr\/wp-json\/wp\/v2\/comments?post=23006"}],"version-history":[{"count":9,"href":"https:\/\/www.quickdna.com\/fr\/wp-json\/wp\/v2\/product\/23006\/revisions"}],"predecessor-version":[{"id":30174,"href":"https:\/\/www.quickdna.com\/fr\/wp-json\/wp\/v2\/product\/23006\/revisions\/30174"}],"wp:featuredmedia":[{"embeddable":true,"href":"https:\/\/www.quickdna.com\/fr\/wp-json\/wp\/v2\/media\/23015"}],"wp:attachment":[{"href":"https:\/\/www.quickdna.com\/fr\/wp-json\/wp\/v2\/media?parent=23006"}],"wp:term":[{"taxonomy":"product_brand","embeddable":true,"href":"https:\/\/www.quickdna.com\/fr\/wp-json\/wp\/v2\/product_brand?post=23006"},{"taxonomy":"product_cat","embeddable":true,"href":"https:\/\/www.quickdna.com\/fr\/wp-json\/wp\/v2\/product_cat?post=23006"},{"taxonomy":"product_tag","embeddable":true,"href":"https:\/\/www.quickdna.com\/fr\/wp-json\/wp\/v2\/product_tag?post=23006"}],"curies":[{"name":"wp","href":"https:\/\/api.w.org\/{rel}","templated":true}]}}