{"id":22999,"date":"2025-06-09T13:23:05","date_gmt":"2025-06-09T11:23:05","guid":{"rendered":"https:\/\/www.quickdna.com\/products\/dna-genetic-test\/"},"modified":"2026-02-19T19:13:08","modified_gmt":"2026-02-19T18:13:08","slug":"dna-genetic-test","status":"publish","type":"product","link":"https:\/\/www.quickdna.com\/fr\/products\/dna-genetic-test\/","title":{"rendered":"Test d'origine ADN"},"content":{"rendered":"<p><strong><img decoding=\"async\" style=\"margin-right: 12px;\" src=\"https:\/\/www.quickdna.com\/wp-content\/uploads\/2026\/02\/Check.svg\" alt=\"\" width=\"18\" height=\"15\" \/>D\u00e9couvrez vos v\u00e9ritables origines gr\u00e2ce \u00e0 une analyse mondiale avanc\u00e9e de l'ADN.<\/strong> Notre test d'ascendance ADN d\u00e9voile l'histoire inscrite dans vos g\u00e8nes, vous permettant d'explorer vos origines ethniques dans tous les pays et r\u00e9gions du monde. \u00c0 l'aide de marqueurs g\u00e9n\u00e9tiques \u00e0 haute r\u00e9solution, nous comparons votre profil ADN \u00e0 de vastes bases de donn\u00e9es internationales de r\u00e9f\u00e9rence afin de fournir une ventilation d\u00e9taill\u00e9e de vos origines ancestrales, offrant ainsi un aper\u00e7u des racines g\u00e9ographiques profondes de votre famille et de l'histoire de ses migrations.<\/p>\n<p><strong><img decoding=\"async\" style=\"margin-right: 12px;\" src=\"https:\/\/www.quickdna.com\/wp-content\/uploads\/2026\/02\/Check.svg\" alt=\"\" width=\"18\" height=\"15\" \/>Comprendre votre compatibilit\u00e9 pharmacologique pour un traitement personnalis\u00e9.<\/strong> Notre test d'ascendance ADN comprend une analyse pharmacog\u00e9n\u00e9tique, qui examine comment vos g\u00e8nes peuvent influencer votre r\u00e9ponse \u00e0 certains m\u00e9dicaments. Cette information peut aider \u00e0 identifier des sensibilit\u00e9s potentielles ou des variations dans le m\u00e9tabolisme des m\u00e9dicaments, contribuant ainsi \u00e0 des d\u00e9cisions plus s\u00fbres et plus personnalis\u00e9es en mati\u00e8re de soins de sant\u00e9.<\/p>\n<p><strong><img decoding=\"async\" style=\"margin-right: 12px;\" src=\"https:\/\/www.quickdna.com\/wp-content\/uploads\/2026\/02\/Check.svg\" alt=\"\" width=\"18\" height=\"15\" \/>Optimisez votre mode de vie gr\u00e2ce \u00e0 des informations sur la nutrition et la g\u00e9n\u00e9tique de l'exercice.<\/strong> Le test analyse la fa\u00e7on dont votre constitution g\u00e9n\u00e9tique interagit avec l'alimentation, l'activit\u00e9 physique et le m\u00e9tabolisme. Vous recevrez des informations sur la fa\u00e7on dont votre corps peut r\u00e9agir \u00e0 des nutriments sp\u00e9cifiques, \u00e0 l'intensit\u00e9 de l'exercice, \u00e0 l'entra\u00eenement d'endurance et \u00e0 la r\u00e9cup\u00e9ration, ce qui vous permettra d'adapter votre plan de nutrition et de remise en forme \u00e0 votre profil g\u00e9n\u00e9tique.<\/p>\n<p><strong><img decoding=\"async\" style=\"margin-right: 12px;\" src=\"https:\/\/www.quickdna.com\/wp-content\/uploads\/2026\/02\/Check.svg\" alt=\"\" width=\"18\" height=\"15\" \/>Obtenir des informations pr\u00e9cieuses sur la sant\u00e9 gr\u00e2ce \u00e0 la d\u00e9tection des risques de maladies g\u00e9n\u00e9tiques.<\/strong> Au-del\u00e0 de l'ascendance, le test fournit une analyse des pr\u00e9dispositions g\u00e9n\u00e9tiques aux maladies les plus susceptibles de survenir en fonction de votre profil ADN. En identifiant les variantes g\u00e9n\u00e9tiques sp\u00e9cifiques associ\u00e9es \u00e0 certaines conditions, vous obtenez des connaissances proactives qui peuvent soutenir des discussions inform\u00e9es sur les soins de sant\u00e9 et des strat\u00e9gies pr\u00e9ventives.<\/p>\n<p><strong><img decoding=\"async\" style=\"margin-right: 12px;\" src=\"https:\/\/www.quickdna.com\/wp-content\/uploads\/2026\/02\/Check.svg\" alt=\"\" width=\"18\" height=\"15\" \/>Identifiez les membres de votre famille dans le monde entier qui partagent votre ADN.<\/strong> Notre base de donn\u00e9es compl\u00e8te vous permet de d\u00e9couvrir des correspondances g\u00e9n\u00e9tiques avec d'autres personnes qui partagent des segments d'ADN avec vous. Cette fonction vous aide \u00e0 identifier des parents potentiels \u00e0 travers les continents, \u00e0 renouer avec des branches de la famille \u00e9largie et \u00e0 vous faire une id\u00e9e plus pr\u00e9cise de votre r\u00e9seau familial mondial.<\/p>\n<p><strong><img decoding=\"async\" style=\"margin-right: 12px;\" src=\"https:\/\/www.quickdna.com\/wp-content\/uploads\/2026\/02\/Check.svg\" alt=\"\" width=\"18\" height=\"15\" \/>Choisissez entre une option d'\u00e9chantillonnage standard ou discr\u00e8te pour r\u00e9pondre \u00e0 vos besoins.<\/strong> Vous pouvez choisir le test standard, qui comprend des \u00e9couvillons buccaux st\u00e9riles qui sont d\u00e9licatement frott\u00e9s \u00e0 l'int\u00e9rieur de la joue et renvoy\u00e9s au laboratoire, ou opter pour le test discret si vous pr\u00e9f\u00e9rez un autre type d'\u00e9chantillonnage. Dans le cas de l'option discr\u00e8te, vous pouvez soumettre des ongles, des cheveux avec racines, des brosses \u00e0 dents, des chewing-gums, des m\u00e9gots de cigarettes ou des cotons-tiges usag\u00e9s. Cette flexibilit\u00e9 garantit le confort, l'intimit\u00e9 et la commodit\u00e9 tout en maintenant une analyse de laboratoire fiable.<\/p>\n<p><strong><img decoding=\"async\" style=\"margin-right: 12px;\" src=\"https:\/\/www.quickdna.com\/wp-content\/uploads\/2026\/02\/Check.svg\" alt=\"\" width=\"18\" height=\"15\" \/>Les r\u00e9sultats sont trait\u00e9s dans un laboratoire certifi\u00e9 ISO 17025.<\/strong> Tous les \u00e9chantillons d'ADN sont analys\u00e9s dans un laboratoire certifi\u00e9 selon les normes ISO 17025, ce qui garantit un contr\u00f4le strict de la qualit\u00e9, des m\u00e9thodes scientifiques valid\u00e9es et des sp\u00e9cialistes hautement qualifi\u00e9s. Cette certification internationalement reconnue garantit la pr\u00e9cision, la fiabilit\u00e9 et le respect des normes techniques les plus \u00e9lev\u00e9es tout au long du processus d'analyse.<\/p>\n<p><strong><img decoding=\"async\" style=\"margin-right: 12px;\" src=\"https:\/\/www.quickdna.com\/wp-content\/uploads\/2026\/02\/Check.svg\" alt=\"\" width=\"18\" height=\"15\" \/>Recevez des r\u00e9sultats rapides dans les 72 heures suivant la r\u00e9ception du laboratoire.<\/strong> D\u00e8s que vos \u00e9chantillons arrivent dans notre laboratoire, l'analyse commence imm\u00e9diatement. Les r\u00e9sultats sont livr\u00e9s dans les 72 heures suivant la r\u00e9ception de l'\u00e9chantillon, ce qui vous permet d'acc\u00e9der rapidement \u00e0 des rapports d\u00e9taill\u00e9s sur votre ascendance, vos pr\u00e9dispositions en mati\u00e8re de sant\u00e9 et vos caract\u00e9ristiques g\u00e9n\u00e9tiques, sans attente inutile.<\/p>\n<p><strong><img decoding=\"async\" style=\"margin-right: 12px;\" src=\"https:\/\/www.quickdna.com\/wp-content\/uploads\/2026\/02\/Check.svg\" alt=\"\" width=\"18\" height=\"15\" \/>B\u00e9n\u00e9ficiez du test d'ascendance ADN le plus efficace et le plus abordable qui soit.<\/strong> Nous combinons une technologie de pointe avec des op\u00e9rations optimis\u00e9es pour fournir l'analyse la plus efficace au prix le plus bas du march\u00e9. Nos rapports complets, nos comparaisons de bases de donn\u00e9es mondiales et nos connaissances g\u00e9n\u00e9tiques avanc\u00e9es garantissent une valeur exceptionnelle sans compromettre la rigueur scientifique.<\/p>\n<p><strong><img decoding=\"async\" style=\"margin-right: 12px;\" src=\"https:\/\/www.quickdna.com\/wp-content\/uploads\/2026\/02\/Check.svg\" alt=\"\" width=\"18\" height=\"15\" \/>Commandez en toute confiance gr\u00e2ce \u00e0 la livraison en 24 heures et \u00e0 notre garantie de remboursement.<\/strong> Nous proposons toujours une livraison en 24 heures de votre kit de test afin que vous puissiez commencer imm\u00e9diatement. En outre, nous offrons une garantie de remboursement int\u00e9gral si vous n'\u00eates pas satisfait de notre service. Votre investissement est totalement sans risque et votre satisfaction reste notre priorit\u00e9.<\/p>\n<h2><strong>Instructions<\/strong><\/h2>\n<ul>\n<li>S\u00e9lectionnez l'option d'\u00e9chantillonnage que vous pr\u00e9f\u00e9rez lorsque vous passez votre commande : test standard par \u00e9couvillonnage de la joue ou soumission d'un \u00e9chantillon discret.<\/li>\n<li>D\u00e8s r\u00e9ception du kit livr\u00e9 en 24 heures, lisez attentivement toutes les instructions avant de pr\u00e9lever des \u00e9chantillons d'ADN.<\/li>\n<li>Pour le test standard, utilisez les \u00e9couvillons st\u00e9riles fournis et frottez fermement l'int\u00e9rieur de la joue pendant 30 \u00e0 60 secondes par \u00e9couvillon. \u00c9vitez de manger, de boire ou de fumer au moins une heure avant le pr\u00e9l\u00e8vement.<\/li>\n<li>Laissez les \u00e9couvillons s\u00e9cher compl\u00e8tement \u00e0 l'air avant de les placer dans les enveloppes pr\u00e9vues \u00e0 cet effet, afin d'\u00e9viter toute d\u00e9gradation li\u00e9e \u00e0 l'humidit\u00e9.<\/li>\n<li>Pour le test discret, recueillez des \u00e9l\u00e9ments appropri\u00e9s tels que des ongles, des cheveux avec des racines visibles, une brosse \u00e0 dents usag\u00e9e, du chewing-gum, des m\u00e9gots de cigarettes ou des cotons-tiges usag\u00e9s. Assurez-vous que chaque \u00e9chantillon appartient exclusivement \u00e0 la personne test\u00e9e et qu'il est manipul\u00e9 avec soin pour \u00e9viter toute contamination.<\/li>\n<li>Placez chaque \u00e9chantillon discret dans un r\u00e9cipient ou une enveloppe propre et s\u00e9par\u00e9e, comme indiqu\u00e9 dans le kit.<\/li>\n<li>Remplir correctement les formulaires d'identification et de consentement afin d'assurer un traitement et une d\u00e9claration corrects.<\/li>\n<li>Emballez tous les \u00e9chantillons en toute s\u00e9curit\u00e9 \u00e0 l'aide du mat\u00e9riel fourni et renvoyez-les au laboratoire en suivant les instructions.<\/li>\n<li>Une fois que le laboratoire a re\u00e7u vos \u00e9chantillons, l'analyse commence imm\u00e9diatement, y compris la r\u00e9partition des anc\u00eatres, l'appariement des parents, l'\u00e9valuation des risques g\u00e9n\u00e9tiques pour la sant\u00e9, l'analyse de la compatibilit\u00e9 pharmacologique et l'\u00e9valuation de la r\u00e9ponse \u00e0 l'alimentation et \u00e0 l'exercice physique.<\/li>\n<li>Les r\u00e9sultats seront livr\u00e9s dans les 72 heures suivant leur r\u00e9ception au laboratoire, ce qui vous permettra d'examiner en d\u00e9tail votre rapport g\u00e9n\u00e9tique complet.<\/li>\n<\/ul>","protected":false},"excerpt":{"rendered":"<p>Discover your true origins with advanced global DNA analysis. Our DNA ancestry test unlocks the story written in your genes, allowing you to explore your ethnic origins across all countries and regions of the world. Using high-resolution genetic markers, we compare your DNA profile with extensive international reference databases to provide a detailed breakdown of [&hellip;]<\/p>\n","protected":false},"featured_media":23012,"comment_status":"open","ping_status":"closed","template":"","meta":{"_uag_custom_page_level_css":"","site-sidebar-layout":"default","site-content-layout":"","ast-site-content-layout":"default","site-content-style":"default","site-sidebar-style":"default","ast-global-header-display":"","ast-banner-title-visibility":"","ast-main-header-display":"","ast-hfb-above-header-display":"","ast-hfb-below-header-display":"","ast-hfb-mobile-header-display":"","site-post-title":"","ast-breadcrumbs-content":"","ast-featured-img":"","footer-sml-layout":"","ast-disable-related-posts":"","theme-transparent-header-meta":"default","adv-header-id-meta":"","stick-header-meta":"","header-above-stick-meta":"","header-main-stick-meta":"","header-below-stick-meta":"","astra-migrate-meta-layouts":"set","ast-page-background-enabled":"default","ast-page-background-meta":{"desktop":{"background-color":"var(--ast-global-color-4)","background-image":"","background-repeat":"repeat","background-position":"center center","background-size":"auto","background-attachment":"scroll","background-type":"","background-media":"","overlay-type":"","overlay-color":"","overlay-opacity":"","overlay-gradient":""},"tablet":{"background-color":"","background-image":"","background-repeat":"repeat","background-position":"center center","background-size":"auto","background-attachment":"scroll","background-type":"","background-media":"","overlay-type":"","overlay-color":"","overlay-opacity":"","overlay-gradient":""},"mobile":{"background-color":"","background-image":"","background-repeat":"repeat","background-position":"center center","background-size":"auto","background-attachment":"scroll","background-type":"","background-media":"","overlay-type":"","overlay-color":"","overlay-opacity":"","overlay-gradient":""}},"ast-content-background-meta":{"desktop":{"background-color":"var(--ast-global-color-5)","background-image":"","background-repeat":"repeat","background-position":"center center","background-size":"auto","background-attachment":"scroll","background-type":"","background-media":"","overlay-type":"","overlay-color":"","overlay-opacity":"","overlay-gradient":""},"tablet":{"background-color":"var(--ast-global-color-5)","background-image":"","background-repeat":"repeat","background-position":"center center","background-size":"auto","background-attachment":"scroll","background-type":"","background-media":"","overlay-type":"","overlay-color":"","overlay-opacity":"","overlay-gradient":""},"mobile":{"background-color":"var(--ast-global-color-5)","background-image":"","background-repeat":"repeat","background-position":"center center","background-size":"auto","background-attachment":"scroll","background-type":"","background-media":"","overlay-type":"","overlay-color":"","overlay-opacity":"","overlay-gradient":""}}},"product_brand":[],"product_cat":[15],"product_tag":[],"class_list":{"0":"post-22999","1":"product","2":"type-product","3":"status-publish","4":"has-post-thumbnail","6":"product_cat-shop","7":"desktop-align-left","8":"tablet-align-left","9":"mobile-align-left","11":"first","12":"instock","13":"shipping-taxable","14":"purchasable","15":"product-type-variable","16":"has-default-attributes"},"spectra_custom_meta":{"_visibility":["visible"],"_shopify_product_id":["7437086130408"],"_s2w_shopify_domain":["quickdna.myshopify.com"],"_shopify_variant_id":["42550085877992"],"_manage_stock":["no"],"total_sales":["971"],"_tax_status":["taxable"],"_tax_class":[""],"_backorders":["no"],"_sold_individually":["no"],"_virtual":["no"],"_downloadable":["no"],"_download_limit":["-1"],"_download_expiry":["-1"],"_stock":[null],"_stock_status":["instock"],"_wc_average_rating":["4.71"],"_wc_review_count":["97"],"_product_attributes":["a:1:{s:13:\"discreet-test\";a:6:{s:4:\"name\";s:13:\"Discreet test\";s:5:\"value\";s:8:\"No | Yes\";s:8:\"position\";i:1;s:10:\"is_visible\";i:0;s:12:\"is_variation\";i:1;s:11:\"is_taxonomy\";i:0;}}"],"_product_version":["10.5.2"],"_thumbnail_id":["23012"],"_edit_last":["1"],"_wp_page_template":["default"],"_edit_lock":["1771524862:1"],"merchant-center-availability":["yes"],"merchant-center-category":["505293"],"merchant-center-id":["ORI"],"site-sidebar-layout":["default"],"ast-site-content-layout":["default"],"site-content-style":["default"],"site-sidebar-style":["default"],"theme-transparent-header-meta":["default"],"_wc_rating_count":["a:3:{i:3;i:8;i:4;i:12;i:5;i:77;}"],"_default_attributes":["a:1:{s:13:\"discreet-test\";s:2:\"No\";}"],"_price":["99.90","159.90"],"astra-migrate-meta-layouts":["set"],"_uag_css_file_name":["uag-css-22999.css"]},"uagb_featured_image_src":{"full":["https:\/\/www.quickdna.com\/wp-content\/uploads\/2025\/06\/box_png_4.png",1000,1000,false],"thumbnail":["https:\/\/www.quickdna.com\/wp-content\/uploads\/2025\/06\/box_png_4-150x150.png",150,150,true],"medium":["https:\/\/www.quickdna.com\/wp-content\/uploads\/2025\/06\/box_png_4-300x300.png",300,300,true],"medium_large":["https:\/\/www.quickdna.com\/wp-content\/uploads\/2025\/06\/box_png_4-768x768.png",768,768,true],"large":["https:\/\/www.quickdna.com\/wp-content\/uploads\/2025\/06\/box_png_4.png",1000,1000,false],"1536x1536":["https:\/\/www.quickdna.com\/wp-content\/uploads\/2025\/06\/box_png_4.png",1000,1000,false],"2048x2048":["https:\/\/www.quickdna.com\/wp-content\/uploads\/2025\/06\/box_png_4.png",1000,1000,false],"trp-custom-language-flag":["https:\/\/www.quickdna.com\/wp-content\/uploads\/2025\/06\/box_png_4-12x12.png",12,12,true],"woocommerce_thumbnail":["https:\/\/www.quickdna.com\/wp-content\/uploads\/2025\/06\/box_png_4-300x300.png",300,300,true],"woocommerce_single":["https:\/\/www.quickdna.com\/wp-content\/uploads\/2025\/06\/box_png_4-600x600.png",600,600,true],"woocommerce_gallery_thumbnail":["https:\/\/www.quickdna.com\/wp-content\/uploads\/2025\/06\/box_png_4-100x100.png",100,100,true]},"uagb_author_info":{"display_name":"admin","author_link":"https:\/\/www.quickdna.com\/fr\/author\/"},"uagb_comment_info":97,"uagb_excerpt":"Discover your true origins with advanced global DNA analysis. Our DNA ancestry test unlocks the story written in your genes, allowing you to explore your ethnic origins across all countries and regions of the world. Using high-resolution genetic markers, we compare your DNA profile with extensive international reference databases to provide a detailed breakdown of\u2026","_links":{"self":[{"href":"https:\/\/www.quickdna.com\/fr\/wp-json\/wp\/v2\/product\/22999","targetHints":{"allow":["GET"]}}],"collection":[{"href":"https:\/\/www.quickdna.com\/fr\/wp-json\/wp\/v2\/product"}],"about":[{"href":"https:\/\/www.quickdna.com\/fr\/wp-json\/wp\/v2\/types\/product"}],"replies":[{"embeddable":true,"href":"https:\/\/www.quickdna.com\/fr\/wp-json\/wp\/v2\/comments?post=22999"}],"version-history":[{"count":5,"href":"https:\/\/www.quickdna.com\/fr\/wp-json\/wp\/v2\/product\/22999\/revisions"}],"predecessor-version":[{"id":30176,"href":"https:\/\/www.quickdna.com\/fr\/wp-json\/wp\/v2\/product\/22999\/revisions\/30176"}],"wp:featuredmedia":[{"embeddable":true,"href":"https:\/\/www.quickdna.com\/fr\/wp-json\/wp\/v2\/media\/23012"}],"wp:attachment":[{"href":"https:\/\/www.quickdna.com\/fr\/wp-json\/wp\/v2\/media?parent=22999"}],"wp:term":[{"taxonomy":"product_brand","embeddable":true,"href":"https:\/\/www.quickdna.com\/fr\/wp-json\/wp\/v2\/product_brand?post=22999"},{"taxonomy":"product_cat","embeddable":true,"href":"https:\/\/www.quickdna.com\/fr\/wp-json\/wp\/v2\/product_cat?post=22999"},{"taxonomy":"product_tag","embeddable":true,"href":"https:\/\/www.quickdna.com\/fr\/wp-json\/wp\/v2\/product_tag?post=22999"}],"curies":[{"name":"wp","href":"https:\/\/api.w.org\/{rel}","templated":true}]}}