{"id":22992,"date":"2025-06-09T13:23:04","date_gmt":"2025-06-09T11:23:04","guid":{"rendered":"https:\/\/www.quickdna.com\/products\/animal-breed-animal-test\/"},"modified":"2026-02-19T19:18:18","modified_gmt":"2026-02-19T18:18:18","slug":"animal-breed-animal-test","status":"publish","type":"product","link":"https:\/\/www.quickdna.com\/fr\/products\/animal-breed-animal-test\/","title":{"rendered":"Test ADN pour les races animales"},"content":{"rendered":"<p data-start=\"2\" data-end=\"444\"><strong data-start=\"2\" data-end=\"84\"><img decoding=\"async\" style=\"margin-right: 12px;\" src=\"https:\/\/www.quickdna.com\/wp-content\/uploads\/2026\/02\/Check.svg\" alt=\"\" width=\"18\" height=\"15\" \/>Identifier la v\u00e9ritable composition de la race de votre animal gr\u00e2ce \u00e0 une pr\u00e9cision g\u00e9n\u00e9tique avanc\u00e9e.<\/strong> Notre test ADN de race animale fournit une analyse g\u00e9n\u00e9tique approfondie pour d\u00e9terminer la composition de la race de votre chien, chat, vache, cheval, oiseau ou poulet. En utilisant des marqueurs ADN \u00e0 haute r\u00e9solution et des bases de donn\u00e9es de r\u00e9f\u00e9rence compl\u00e8tes sur les races, nous identifions avec pr\u00e9cision la lign\u00e9e de race pure ou l'ascendance de race mixte, vous donnant ainsi des r\u00e9sultats clairs et scientifiquement valid\u00e9s auxquels vous pouvez faire confiance.<\/p>\n<p data-start=\"448\" data-end=\"861\"><strong data-start=\"448\" data-end=\"538\"><img decoding=\"async\" style=\"margin-right: 12px;\" src=\"https:\/\/www.quickdna.com\/wp-content\/uploads\/2026\/02\/Check.svg\" alt=\"\" width=\"18\" height=\"15\" \/>Convient \u00e0 de nombreuses esp\u00e8ces, notamment les chiens, les chats, les vaches, les chevaux, les oiseaux et les poules.<\/strong> Ce test ADN polyvalent est sp\u00e9cialement con\u00e7u pour couvrir une large gamme d'animaux domestiques et d'\u00e9levage. Que vous soyez un propri\u00e9taire d'animal de compagnie curieux de conna\u00eetre l'h\u00e9ritage de votre compagnon ou un \u00e9leveur cherchant \u00e0 confirmer sa lign\u00e9e, notre test permet une identification fiable de la race pour toutes les esp\u00e8ces avec les m\u00eames normes de laboratoire rigoureuses.<\/p>\n<p data-start=\"1373\" data-end=\"1767\"><strong data-start=\"1373\" data-end=\"1448\"><img decoding=\"async\" style=\"margin-right: 12px;\" src=\"https:\/\/www.quickdna.com\/wp-content\/uploads\/2026\/02\/Check.svg\" alt=\"\" width=\"18\" height=\"15\" \/>Fabriqu\u00e9 dans un laboratoire certifi\u00e9 ISO 17025 pour une pr\u00e9cision garantie.<\/strong> Toutes les analyses sont effectu\u00e9es dans un laboratoire certifi\u00e9 ISO 17025, ce qui garantit une gestion stricte de la qualit\u00e9, des m\u00e9thodes de test valid\u00e9es, un \u00e9quipement calibr\u00e9 et des sp\u00e9cialistes en g\u00e9n\u00e9tique hautement qualifi\u00e9s. Cette certification internationalement reconnue garantit la pr\u00e9cision, la coh\u00e9rence et la fiabilit\u00e9 des r\u00e9sultats pour chaque animal test\u00e9.<\/p>\n<p data-start=\"1771\" data-end=\"2076\"><strong data-start=\"1771\" data-end=\"1833\"><img decoding=\"async\" style=\"margin-right: 12px;\" src=\"https:\/\/www.quickdna.com\/wp-content\/uploads\/2026\/02\/Check.svg\" alt=\"\" width=\"18\" height=\"15\" \/>Recevez des r\u00e9sultats rapides dans les 72 heures suivant l'arriv\u00e9e de l'\u00e9chantillon.<\/strong> D\u00e8s que le laboratoire re\u00e7oit les \u00e9chantillons d'ADN de votre animal, l'analyse commence imm\u00e9diatement. Les r\u00e9sultats sont fournis dans les 72 heures suivant la r\u00e9ception au laboratoire, ce qui vous permet d'obtenir rapidement des informations d\u00e9finitives sur la race sans longues p\u00e9riodes d'attente.<\/p>\n<p data-start=\"2080\" data-end=\"2448\"><strong data-start=\"2080\" data-end=\"2158\"><img decoding=\"async\" style=\"margin-right: 12px;\" src=\"https:\/\/www.quickdna.com\/wp-content\/uploads\/2026\/02\/Check.svg\" alt=\"\" width=\"18\" height=\"15\" \/>B\u00e9n\u00e9ficier de la technologie d'identification des races la plus efficace qui soit.<\/strong> Notre profil g\u00e9n\u00e9tique avanc\u00e9 analyse de nombreux marqueurs sp\u00e9cifiques \u00e0 la race afin de fournir une identification extr\u00eamement pr\u00e9cise. Qu'il s'agisse de confirmer une race enregistr\u00e9e, de v\u00e9rifier des croisements ou de d\u00e9couvrir des anc\u00eatres inattendus, notre test fournit la r\u00e9partition des races la plus efficace et la plus d\u00e9taill\u00e9e possible.<\/p>\n<p data-start=\"2452\" data-end=\"2802\"><strong data-start=\"2452\" data-end=\"2518\"><img decoding=\"async\" style=\"margin-right: 12px;\" src=\"https:\/\/www.quickdna.com\/wp-content\/uploads\/2026\/02\/Check.svg\" alt=\"\" width=\"18\" height=\"15\" \/>Le test ADN professionnel de race animale le moins cher du march\u00e9.<\/strong> Nous nous engageons \u00e0 offrir des tests g\u00e9n\u00e9tiques de haute qualit\u00e9 au prix le plus comp\u00e9titif. Gr\u00e2ce \u00e0 des processus de laboratoire optimis\u00e9s et \u00e0 une distribution directe, nous fournissons des analyses de qualit\u00e9 professionnelle au co\u00fbt le plus bas, garantissant ainsi une valeur exceptionnelle aux \u00e9leveurs, aux agriculteurs et aux propri\u00e9taires d'animaux de compagnie.<\/p>\n<p data-start=\"2806\" data-end=\"3057\"><strong data-start=\"2806\" data-end=\"2858\"><img decoding=\"async\" style=\"margin-right: 12px;\" src=\"https:\/\/www.quickdna.com\/wp-content\/uploads\/2026\/02\/Check.svg\" alt=\"\" width=\"18\" height=\"15\" \/>Livraison en 24 heures pour commencer les tests sans d\u00e9lai.<\/strong> Nous proposons toujours une livraison en 24 heures de votre kit de test ADN afin que vous puissiez commencer le processus d'\u00e9chantillonnage imm\u00e9diatement. La rapidit\u00e9 de l'exp\u00e9dition vous permet de pr\u00e9lever et de renvoyer rapidement les \u00e9chantillons pour une analyse rapide.<\/p>\n<p data-start=\"3061\" data-end=\"3462\"><strong data-start=\"3061\" data-end=\"3125\"><img decoding=\"async\" style=\"margin-right: 12px;\" src=\"https:\/\/www.quickdna.com\/wp-content\/uploads\/2026\/02\/Check.svg\" alt=\"\" width=\"18\" height=\"15\" \/>Am\u00e9liorer les d\u00e9cisions en mati\u00e8re d'\u00e9levage et les strat\u00e9gies de gestion des animaux.<\/strong> Conna\u00eetre la composition pr\u00e9cise de la race de votre animal favorise des programmes d'\u00e9levage responsables, aide \u00e0 pr\u00e9dire les traits comportementaux et peut donner des indications sur les caract\u00e9ristiques physiques. Pour les animaux d'\u00e9levage tels que les vaches, les chevaux, les poulets et les oiseaux, la v\u00e9rification de la race peut \u00e9galement contribuer \u00e0 la gestion du troupeau, \u00e0 la planification des performances et \u00e0 l'exactitude de la documentation.<\/p>\n<p data-start=\"3466\" data-end=\"3776\"><strong data-start=\"3466\" data-end=\"3519\"><img decoding=\"async\" style=\"margin-right: 12px;\" src=\"https:\/\/www.quickdna.com\/wp-content\/uploads\/2026\/02\/Check.svg\" alt=\"\" width=\"18\" height=\"15\" \/>Achat sans risque avec notre garantie de remboursement.<\/strong> Nous garantissons la fiabilit\u00e9 et le professionnalisme de nos tests ADN de races animales. Si vous n'\u00eates pas satisfait de notre service, nous vous offrons une garantie de remboursement. Votre achat est enti\u00e8rement prot\u00e9g\u00e9, ce qui vous permet de choisir en toute confiance notre solution de test.<\/p>\n<h2 data-section-id=\"1izj3ny\" data-start=\"3778\" data-end=\"3793\">Instructions<\/h2>\n<ul data-start=\"3795\" data-end=\"5258\" data-is-only-node=\"\" data-is-last-node=\"\">\n<li data-section-id=\"1tba8gz\" data-start=\"3795\" data-end=\"3888\">\n<p data-start=\"3797\" data-end=\"3888\">S\u00e9lectionnez votre esp\u00e8ce animale lors de votre commande : chien, chat, vache, cheval, oiseau ou poulet.<\/p>\n<\/li>\n<li data-section-id=\"o49p4x\" data-start=\"3890\" data-end=\"4009\">\n<p data-start=\"3892\" data-end=\"4009\">D\u00e8s r\u00e9ception du kit livr\u00e9 en 24 heures, lisez attentivement toutes les instructions incluses avant de pr\u00e9lever des \u00e9chantillons.<\/p>\n<\/li>\n<li data-section-id=\"1suktjl\" data-start=\"4011\" data-end=\"4247\">\n<p data-start=\"4013\" data-end=\"4247\">Utilisez les \u00e9couvillons st\u00e9riles fournis pour frotter doucement l'int\u00e9rieur de la bouche de votre animal pendant 30 \u00e0 60 secondes afin de recueillir suffisamment d'ADN.<\/p>\n<\/li>\n<li data-section-id=\"1mvxq8m\" data-start=\"4249\" data-end=\"4337\">\n<p data-start=\"4251\" data-end=\"4337\">Laissez les \u00e9couvillons s\u00e9cher compl\u00e8tement \u00e0 l'air libre avant de les placer dans les enveloppes pr\u00e9vues \u00e0 cet effet.<\/p>\n<\/li>\n<li data-section-id=\"wrop09\" data-start=\"4339\" data-end=\"4600\">\n<p data-start=\"4341\" data-end=\"4600\">Pour un \u00e9chantillonnage discret, collectez des mat\u00e9riaux appropri\u00e9s tels que des poils avec des racines visibles, des plumes avec des follicules intacts, des rognures d'ongles ou des objets contenant de l'ADN utilis\u00e9s exclusivement par l'animal. Veillez \u00e0 ce que les \u00e9chantillons soient propres et ne soient pas contamin\u00e9s par d'autres animaux.<\/p>\n<\/li>\n<li data-section-id=\"ru4eo6\" data-start=\"4602\" data-end=\"4702\">\n<p data-start=\"4604\" data-end=\"4702\">Placer chaque \u00e9chantillon dans un r\u00e9cipient ou une enveloppe propre et s\u00e9par\u00e9(e), comme indiqu\u00e9 dans les instructions du kit.<\/p>\n<\/li>\n<li data-section-id=\"1yomlap\" data-start=\"4704\" data-end=\"4838\">\n<p data-start=\"4706\" data-end=\"4838\">Remplir le formulaire d'identification avec pr\u00e9cision, en indiquant l'esp\u00e8ce, le nom et l'\u00e2ge de l'animal, ainsi que toute information relative \u00e0 sa race si elle est connue.<\/p>\n<\/li>\n<li data-section-id=\"tq9c5p\" data-start=\"4840\" data-end=\"4973\">\n<p data-start=\"4842\" data-end=\"4973\">Emballez soigneusement tous les \u00e9chantillons \u00e0 l'aide du mat\u00e9riel fourni et renvoyez-les au laboratoire en suivant les instructions d'exp\u00e9dition.<\/p>\n<\/li>\n<li data-section-id=\"1az2ol7\" data-start=\"4975\" data-end=\"5059\">\n<p data-start=\"4977\" data-end=\"5059\">Une fois que le laboratoire aura re\u00e7u les \u00e9chantillons, l'analyse g\u00e9n\u00e9tique commencera imm\u00e9diatement.<\/p>\n<\/li>\n<li data-section-id=\"1akddh7\" data-start=\"5061\" data-end=\"5258\" data-is-last-node=\"\">\n<p data-start=\"5063\" data-end=\"5258\" data-is-last-node=\"\">Les r\u00e9sultats seront fournis dans les 72 heures suivant la r\u00e9ception de l'\u00e9chantillon au laboratoire, par le biais de la m\u00e9thode de communication s\u00e9curis\u00e9e que vous aurez choisie, et fourniront une analyse d\u00e9taill\u00e9e de la composition de la race de votre animal.<\/p>\n<\/li>\n<\/ul>","protected":false},"excerpt":{"rendered":"<p>Identify your animal\u2019s true breed composition with advanced genetic precision. Our animal breed DNA test provides an in-depth genetic analysis to determine the breed composition of your dog, cat, cow, horse, bird, or chicken. Using high-resolution DNA markers and comprehensive breed reference databases, we accurately identify purebred lineage or mixed breed ancestry, giving you clear [&hellip;]<\/p>\n","protected":false},"featured_media":23010,"comment_status":"open","ping_status":"closed","template":"","meta":{"_uag_custom_page_level_css":"","site-sidebar-layout":"default","site-content-layout":"","ast-site-content-layout":"default","site-content-style":"default","site-sidebar-style":"default","ast-global-header-display":"","ast-banner-title-visibility":"","ast-main-header-display":"","ast-hfb-above-header-display":"","ast-hfb-below-header-display":"","ast-hfb-mobile-header-display":"","site-post-title":"","ast-breadcrumbs-content":"","ast-featured-img":"","footer-sml-layout":"","ast-disable-related-posts":"","theme-transparent-header-meta":"default","adv-header-id-meta":"","stick-header-meta":"","header-above-stick-meta":"","header-main-stick-meta":"","header-below-stick-meta":"","astra-migrate-meta-layouts":"set","ast-page-background-enabled":"default","ast-page-background-meta":{"desktop":{"background-color":"var(--ast-global-color-4)","background-image":"","background-repeat":"repeat","background-position":"center center","background-size":"auto","background-attachment":"scroll","background-type":"","background-media":"","overlay-type":"","overlay-color":"","overlay-opacity":"","overlay-gradient":""},"tablet":{"background-color":"","background-image":"","background-repeat":"repeat","background-position":"center center","background-size":"auto","background-attachment":"scroll","background-type":"","background-media":"","overlay-type":"","overlay-color":"","overlay-opacity":"","overlay-gradient":""},"mobile":{"background-color":"","background-image":"","background-repeat":"repeat","background-position":"center center","background-size":"auto","background-attachment":"scroll","background-type":"","background-media":"","overlay-type":"","overlay-color":"","overlay-opacity":"","overlay-gradient":""}},"ast-content-background-meta":{"desktop":{"background-color":"var(--ast-global-color-5)","background-image":"","background-repeat":"repeat","background-position":"center center","background-size":"auto","background-attachment":"scroll","background-type":"","background-media":"","overlay-type":"","overlay-color":"","overlay-opacity":"","overlay-gradient":""},"tablet":{"background-color":"var(--ast-global-color-5)","background-image":"","background-repeat":"repeat","background-position":"center center","background-size":"auto","background-attachment":"scroll","background-type":"","background-media":"","overlay-type":"","overlay-color":"","overlay-opacity":"","overlay-gradient":""},"mobile":{"background-color":"var(--ast-global-color-5)","background-image":"","background-repeat":"repeat","background-position":"center center","background-size":"auto","background-attachment":"scroll","background-type":"","background-media":"","overlay-type":"","overlay-color":"","overlay-opacity":"","overlay-gradient":""}}},"product_brand":[],"product_cat":[15],"product_tag":[],"class_list":{"0":"post-22992","1":"product","2":"type-product","3":"status-publish","4":"has-post-thumbnail","6":"product_cat-shop","7":"desktop-align-left","8":"tablet-align-left","9":"mobile-align-left","11":"first","12":"instock","13":"shipping-taxable","14":"purchasable","15":"product-type-variable"},"spectra_custom_meta":{"_visibility":["visible"],"_shopify_product_id":["7437956514024"],"_s2w_shopify_domain":["quickdna.myshopify.com"],"_shopify_variant_id":["42550065889512"],"_manage_stock":["no"],"total_sales":["202"],"_tax_status":["taxable"],"_tax_class":[""],"_backorders":["no"],"_sold_individually":["no"],"_virtual":["no"],"_downloadable":["no"],"_download_limit":["-1"],"_download_expiry":["-1"],"_stock":[null],"_stock_status":["instock"],"_wc_average_rating":["4.88"],"_wc_review_count":["113"],"_product_attributes":["a:1:{s:12:\"animal-specy\";a:6:{s:4:\"name\";s:12:\"Animal specy\";s:5:\"value\";s:40:\"Dog | Cat | Cow | Horse | Bird | Chicken\";s:8:\"position\";i:1;s:10:\"is_visible\";i:0;s:12:\"is_variation\";i:1;s:11:\"is_taxonomy\";i:0;}}"],"_product_version":["10.5.2"],"_thumbnail_id":["23010"],"_edit_last":["1"],"_wp_page_template":["default"],"_edit_lock":["1771524999:1"],"merchant-center-availability":["yes"],"merchant-center-category":["505293"],"merchant-center-id":["ANI"],"site-sidebar-layout":["default"],"ast-site-content-layout":["default"],"site-content-style":["default"],"site-sidebar-style":["default"],"theme-transparent-header-meta":["default"],"_wc_rating_count":["a:3:{i:3;i:2;i:4;i:10;i:5;i:101;}"],"_price":["99.90"],"astra-migrate-meta-layouts":["set"],"_uag_css_file_name":["uag-css-22992.css"],"_elementor_page_assets":["a:0:{}"],"_uag_page_assets":["a:9:{s:3:\"css\";s:7133:\".uag-blocks-common-selector{z-index:var(--z-index-desktop) !important}@media(max-width: 976px){.uag-blocks-common-selector{z-index:var(--z-index-tablet) !important}}@media(max-width: 767px){.uag-blocks-common-selector{z-index:var(--z-index-mobile) !important}}.wp-block-uagb-image{display:flex}.wp-block-uagb-image__figure{position:relative;display:flex;flex-direction:column;max-width:100%;height:auto;margin:0}.wp-block-uagb-image__figure img{height:auto;display:flex;max-width:100%;transition:box-shadow .2s ease}.wp-block-uagb-image__figure>a{display:inline-block}.wp-block-uagb-image__figure figcaption{text-align:center;margin-top:.5em;margin-bottom:1em}.wp-block-uagb-image .components-placeholder.block-editor-media-placeholder .components-placeholder__instructions{align-self:center}.wp-block-uagb-image--align-left{text-align:left}.wp-block-uagb-image--align-right{text-align:right}.wp-block-uagb-image--align-center{text-align:center}.wp-block-uagb-image--align-full .wp-block-uagb-image__figure{margin-left:calc(50% - 50vw);margin-right:calc(50% - 50vw);max-width:100vw;width:100vw;height:auto}.wp-block-uagb-image--align-full .wp-block-uagb-image__figure img{height:auto;width:100% !important}.wp-block-uagb-image--align-wide .wp-block-uagb-image__figure img{height:auto;width:100%}.wp-block-uagb-image--layout-overlay__color-wrapper{position:absolute;left:0;top:0;right:0;bottom:0;opacity:.2;background:rgba(0,0,0,.5);transition:opacity .35s ease-in-out}.wp-block-uagb-image--layout-overlay-link{position:absolute;left:0;right:0;bottom:0;top:0}.wp-block-uagb-image--layout-overlay .wp-block-uagb-image__figure:hover .wp-block-uagb-image--layout-overlay__color-wrapper{opacity:1}.wp-block-uagb-image--layout-overlay__inner{position:absolute;left:15px;right:15px;bottom:15px;top:15px;display:flex;align-items:center;justify-content:center;flex-direction:column;border-color:#fff;transition:.35s ease-in-out}.wp-block-uagb-image--layout-overlay__inner.top-left,.wp-block-uagb-image--layout-overlay__inner.top-center,.wp-block-uagb-image--layout-overlay__inner.top-right{justify-content:flex-start}.wp-block-uagb-image--layout-overlay__inner.bottom-left,.wp-block-uagb-image--layout-overlay__inner.bottom-center,.wp-block-uagb-image--layout-overlay__inner.bottom-right{justify-content:flex-end}.wp-block-uagb-image--layout-overlay__inner.top-left,.wp-block-uagb-image--layout-overlay__inner.center-left,.wp-block-uagb-image--layout-overlay__inner.bottom-left{align-items:flex-start}.wp-block-uagb-image--layout-overlay__inner.top-right,.wp-block-uagb-image--layout-overlay__inner.center-right,.wp-block-uagb-image--layout-overlay__inner.bottom-right{align-items:flex-end}.wp-block-uagb-image--layout-overlay__inner .uagb-image-heading{color:#fff;transition:transform .35s,opacity .35s ease-in-out;transform:translate3d(0, 24px, 0);margin:0;line-height:1em}.wp-block-uagb-image--layout-overlay__inner .uagb-image-separator{width:30%;border-top-width:2px;border-top-color:#fff;border-top-style:solid;margin-bottom:10px;opacity:0;transition:transform .4s,opacity .4s ease-in-out;transform:translate3d(0, 30px, 0)}.wp-block-uagb-image--layout-overlay__inner .uagb-image-caption{opacity:0;overflow:visible;color:#fff;transition:transform .45s,opacity .45s ease-in-out;transform:translate3d(0, 35px, 0)}.wp-block-uagb-image--layout-overlay__inner:hover .uagb-image-heading,.wp-block-uagb-image--layout-overlay__inner:hover .uagb-image-separator,.wp-block-uagb-image--layout-overlay__inner:hover .uagb-image-caption{opacity:1;transform:translate3d(0, 0, 0)}.wp-block-uagb-image--effect-zoomin .wp-block-uagb-image__figure img,.wp-block-uagb-image--effect-zoomin .wp-block-uagb-image__figure .wp-block-uagb-image--layout-overlay__color-wrapper{transform:scale(1);transition:transform .35s ease-in-out}.wp-block-uagb-image--effect-zoomin .wp-block-uagb-image__figure:hover img,.wp-block-uagb-image--effect-zoomin .wp-block-uagb-image__figure:hover .wp-block-uagb-image--layout-overlay__color-wrapper{transform:scale(1.05)}.wp-block-uagb-image--effect-slide .wp-block-uagb-image__figure img,.wp-block-uagb-image--effect-slide .wp-block-uagb-image__figure .wp-block-uagb-image--layout-overlay__color-wrapper{width:calc(100% + 40px) !important;max-width:none !important;transform:translate3d(-40px, 0, 0);transition:transform .35s ease-in-out}.wp-block-uagb-image--effect-slide .wp-block-uagb-image__figure:hover img,.wp-block-uagb-image--effect-slide .wp-block-uagb-image__figure:hover .wp-block-uagb-image--layout-overlay__color-wrapper{transform:translate3d(0, 0, 0)}.wp-block-uagb-image--effect-grayscale img{filter:grayscale(0%);transition:.35s ease-in-out}.wp-block-uagb-image--effect-grayscale:hover img{filter:grayscale(100%)}.wp-block-uagb-image--effect-blur img{filter:blur(0);transition:.35s ease-in-out}.wp-block-uagb-image--effect-blur:hover img{filter:blur(3px)}.uagb-block-e6f939b3.wp-block-uagb-image--layout-default figure img{box-shadow: 0px 0px 0 #00000070;}.uagb-block-e6f939b3.wp-block-uagb-image .wp-block-uagb-image__figure figcaption{font-style: normal;align-self: center;}.uagb-block-e6f939b3.wp-block-uagb-image--layout-overlay figure img{box-shadow: 0px 0px 0 #00000070;}.uagb-block-e6f939b3.wp-block-uagb-image--layout-overlay .wp-block-uagb-image--layout-overlay__color-wrapper{opacity: 0.2;}.uagb-block-e6f939b3.wp-block-uagb-image--layout-overlay .wp-block-uagb-image--layout-overlay__inner{left: 15px;right: 15px;top: 15px;bottom: 15px;}.uagb-block-e6f939b3.wp-block-uagb-image--layout-overlay .wp-block-uagb-image--layout-overlay__inner .uagb-image-heading{font-style: normal;color: #fff;opacity: 1;}.uagb-block-e6f939b3.wp-block-uagb-image--layout-overlay .wp-block-uagb-image--layout-overlay__inner .uagb-image-heading a{color: #fff;}.uagb-block-e6f939b3.wp-block-uagb-image--layout-overlay .wp-block-uagb-image--layout-overlay__inner .uagb-image-caption{opacity: 0;}.uagb-block-e6f939b3.wp-block-uagb-image--layout-overlay .wp-block-uagb-image__figure:hover .wp-block-uagb-image--layout-overlay__color-wrapper{opacity: 1;}.uagb-block-e6f939b3.wp-block-uagb-image .wp-block-uagb-image--layout-overlay__inner .uagb-image-separator{width: 30%;border-top-width: 2px;border-top-color: #fff;opacity: 0;}.uagb-block-e6f939b3.wp-block-uagb-image .wp-block-uagb-image__figure img{width: px;height: auto;}.uagb-block-e6f939b3.wp-block-uagb-image .wp-block-uagb-image__figure:hover .wp-block-uagb-image--layout-overlay__inner .uagb-image-caption{opacity: 1;}.uagb-block-e6f939b3.wp-block-uagb-image .wp-block-uagb-image__figure:hover .wp-block-uagb-image--layout-overlay__inner .uagb-image-separator{opacity: 1;}.uagb-block-e6f939b3.wp-block-uagb-image--layout-default figure:hover img{box-shadow: 0px 0px 0 #00000070;}.uagb-block-e6f939b3.wp-block-uagb-image--layout-overlay figure:hover img{box-shadow: 0px 0px 0 #00000070;}@media only screen and (max-width: 976px) {.uagb-block-e6f939b3.wp-block-uagb-image .wp-block-uagb-image__figure img{width: px;height: auto;}}@media only screen and (max-width: 767px) {.uagb-block-e6f939b3.wp-block-uagb-image .wp-block-uagb-image__figure img{width: px;height: auto;}}\";s:2:\"js\";s:0:\"\";s:18:\"current_block_list\";a:13:{i:0;s:11:\"core\/search\";i:1;s:10:\"core\/group\";i:2;s:12:\"core\/heading\";i:3;s:17:\"core\/latest-posts\";i:4;s:20:\"core\/latest-comments\";i:5;s:13:\"core\/archives\";i:6;s:15:\"core\/categories\";i:7;s:14:\"core\/paragraph\";i:8;s:10:\"uagb\/image\";i:9;s:11:\"core\/spacer\";i:10;s:30:\"woocommerce\/product-categories\";i:11;s:10:\"core\/image\";i:12;s:14:\"core\/shortcode\";}s:8:\"uag_flag\";b:1;s:11:\"uag_version\";s:10:\"1776847262\";s:6:\"gfonts\";a:0:{}s:10:\"gfonts_url\";s:0:\"\";s:12:\"gfonts_files\";a:0:{}s:14:\"uag_faq_layout\";b:0;}"]},"uagb_featured_image_src":{"full":["https:\/\/www.quickdna.com\/wp-content\/uploads\/2025\/06\/box_png_6.png",1000,1000,false],"thumbnail":["https:\/\/www.quickdna.com\/wp-content\/uploads\/2025\/06\/box_png_6-150x150.png",150,150,true],"medium":["https:\/\/www.quickdna.com\/wp-content\/uploads\/2025\/06\/box_png_6-300x300.png",300,300,true],"medium_large":["https:\/\/www.quickdna.com\/wp-content\/uploads\/2025\/06\/box_png_6-768x768.png",768,768,true],"large":["https:\/\/www.quickdna.com\/wp-content\/uploads\/2025\/06\/box_png_6.png",1000,1000,false],"1536x1536":["https:\/\/www.quickdna.com\/wp-content\/uploads\/2025\/06\/box_png_6.png",1000,1000,false],"2048x2048":["https:\/\/www.quickdna.com\/wp-content\/uploads\/2025\/06\/box_png_6.png",1000,1000,false],"trp-custom-language-flag":["https:\/\/www.quickdna.com\/wp-content\/uploads\/2025\/06\/box_png_6-12x12.png",12,12,true],"woocommerce_thumbnail":["https:\/\/www.quickdna.com\/wp-content\/uploads\/2025\/06\/box_png_6-300x300.png",300,300,true],"woocommerce_single":["https:\/\/www.quickdna.com\/wp-content\/uploads\/2025\/06\/box_png_6-600x600.png",600,600,true],"woocommerce_gallery_thumbnail":["https:\/\/www.quickdna.com\/wp-content\/uploads\/2025\/06\/box_png_6-100x100.png",100,100,true]},"uagb_author_info":{"display_name":"admin","author_link":"https:\/\/www.quickdna.com\/fr\/author\/"},"uagb_comment_info":113,"uagb_excerpt":"Identify your animal\u2019s true breed composition with advanced genetic precision. Our animal breed DNA test provides an in-depth genetic analysis to determine the breed composition of your dog, cat, cow, horse, bird, or chicken. Using high-resolution DNA markers and comprehensive breed reference databases, we accurately identify purebred lineage or mixed breed ancestry, giving you clear\u2026","_links":{"self":[{"href":"https:\/\/www.quickdna.com\/fr\/wp-json\/wp\/v2\/product\/22992","targetHints":{"allow":["GET"]}}],"collection":[{"href":"https:\/\/www.quickdna.com\/fr\/wp-json\/wp\/v2\/product"}],"about":[{"href":"https:\/\/www.quickdna.com\/fr\/wp-json\/wp\/v2\/types\/product"}],"replies":[{"embeddable":true,"href":"https:\/\/www.quickdna.com\/fr\/wp-json\/wp\/v2\/comments?post=22992"}],"version-history":[{"count":4,"href":"https:\/\/www.quickdna.com\/fr\/wp-json\/wp\/v2\/product\/22992\/revisions"}],"predecessor-version":[{"id":30178,"href":"https:\/\/www.quickdna.com\/fr\/wp-json\/wp\/v2\/product\/22992\/revisions\/30178"}],"wp:featuredmedia":[{"embeddable":true,"href":"https:\/\/www.quickdna.com\/fr\/wp-json\/wp\/v2\/media\/23010"}],"wp:attachment":[{"href":"https:\/\/www.quickdna.com\/fr\/wp-json\/wp\/v2\/media?parent=22992"}],"wp:term":[{"taxonomy":"product_brand","embeddable":true,"href":"https:\/\/www.quickdna.com\/fr\/wp-json\/wp\/v2\/product_brand?post=22992"},{"taxonomy":"product_cat","embeddable":true,"href":"https:\/\/www.quickdna.com\/fr\/wp-json\/wp\/v2\/product_cat?post=22992"},{"taxonomy":"product_tag","embeddable":true,"href":"https:\/\/www.quickdna.com\/fr\/wp-json\/wp\/v2\/product_tag?post=22992"}],"curies":[{"name":"wp","href":"https:\/\/api.w.org\/{rel}","templated":true}]}}