{"id":23006,"date":"2025-06-09T13:23:07","date_gmt":"2025-06-09T11:23:07","guid":{"rendered":"https:\/\/www.quickdna.com\/products\/dna-prenatal-test\/"},"modified":"2026-02-19T19:01:53","modified_gmt":"2026-02-19T18:01:53","slug":"dna-prenatal-test","status":"publish","type":"product","link":"https:\/\/www.quickdna.com\/fi\/products\/dna-prenatal-test\/","title":{"rendered":"DNA Prenataalinen isyystesti"},"content":{"rendered":"<p><strong><img decoding=\"async\" style=\"margin-right: 12px;\" src=\"https:\/\/www.quickdna.com\/wp-content\/uploads\/2026\/02\/Check.svg\" alt=\"\" width=\"18\" height=\"15\" \/>M\u00e4\u00e4rit\u00e4 isyys ennen syntym\u00e4\u00e4 kehittyneen synnytyst\u00e4 edelt\u00e4v\u00e4n DNA-analyysin avulla.<\/strong> Synnytyst\u00e4 edelt\u00e4v\u00e4n DNA-isyystestin avulla voit vahvistaa biologisen isyyden raskauden aikana huippuluokan geeniteknologian avulla. Testiss\u00e4 k\u00e4ytet\u00e4\u00e4n eritt\u00e4in herkki\u00e4 analyysitekniikoita, ja siin\u00e4 verrataan \u00e4idin veress\u00e4 olevaa siki\u00f6n DNA:ta oletetun is\u00e4n DNA:han, jolloin saadaan selke\u00e4t ja luotettavat vastaukset ennen lapsen syntym\u00e4\u00e4. T\u00e4m\u00e4 varhainen selvyys voi olla olennaista emotionaalisen, henkil\u00f6kohtaisen tai oikeudellisen valmistautumisen kannalta.<\/p>\n<p><strong><img decoding=\"async\" style=\"margin-right: 12px;\" src=\"https:\/\/www.quickdna.com\/wp-content\/uploads\/2026\/02\/Check.svg\" alt=\"\" width=\"18\" height=\"15\" \/>V\u00e4itetyn is\u00e4n tavanomainen tai huomaamaton n\u00e4ytteenottovaihtoehto.<\/strong> Tarjoamme joustavia ratkaisuja, jotka mukautuvat erityisiin olosuhteisiisi. Vakiovaihtoehdossa v\u00e4itetty is\u00e4 antaa yksinkertaiset poskipyyhk\u00e4isyn\u00e4ytteet hieromalla varovasti steriilej\u00e4 pyyhk\u00e4isypyyhkeit\u00e4 suuhun ja palauttamalla ne laboratorioon. Hienovaraisemmassa vaihtoehdossa voidaan toimittaa my\u00f6s muita v\u00e4itetyn is\u00e4n henkil\u00f6kohtaisia esineit\u00e4, kuten kynsi\u00e4, hiuksia, joissa on juuria, hammasharjoja, purukumia, tupakantumppeja tai k\u00e4ytettyj\u00e4 vanupuikkoja. N\u00e4in varmistetaan yksityisyys ja mukautuvuus samalla kun s\u00e4ilytet\u00e4\u00e4n analyyttinen tarkkuus.<\/p>\n<p><strong><img decoding=\"async\" style=\"margin-right: 12px;\" src=\"https:\/\/www.quickdna.com\/wp-content\/uploads\/2026\/02\/Check.svg\" alt=\"\" width=\"18\" height=\"15\" \/>Yksinkertainen ja turvallinen \u00e4idin n\u00e4ytteenotto verin\u00e4ytteen avulla.<\/strong> \u00c4iti antaa verin\u00e4ytteen, joka sis\u00e4lt\u00e4\u00e4 siki\u00f6n DNA:ta, jota luonnollisesti esiintyy raskauden aikana. T\u00e4m\u00e4 ei-invasiivinen l\u00e4hestymistapa v\u00e4ltt\u00e4\u00e4 siki\u00f6lle aiheutuvan riskin, ja se tehd\u00e4\u00e4n tavanomaisen verin\u00e4ytteenoton yhteydess\u00e4. T\u00e4m\u00e4n j\u00e4lkeen n\u00e4yte l\u00e4hetet\u00e4\u00e4n laboratorioomme, jossa sit\u00e4 verrataan tarkkaan geneettisesti v\u00e4itetyn is\u00e4n DNA-profiiliin.<\/p>\n<p><strong><img decoding=\"async\" style=\"margin-right: 12px;\" src=\"https:\/\/www.quickdna.com\/wp-content\/uploads\/2026\/02\/Check.svg\" alt=\"\" width=\"18\" height=\"15\" \/>Luottaa ISO 17025 -sertifioituun laboratorioon tieteellisen luotettavuuden varmistamiseksi.<\/strong> Kaikki analyysit tehd\u00e4\u00e4n ISO 17025 -sertifioidussa laboratoriossa, mik\u00e4 takaa kansainv\u00e4lisesti tunnustettujen testausosaamista ja laadunvalvontaa koskevien standardien tiukan noudattamisen. Sertifiointi takaa validoidut menettelyt, kalibroidut instrumentit ja asiantuntevat teknikot, mik\u00e4 takaa parhaan mahdollisen tarkkuuden ja luottamuksen tuloksiin.<\/p>\n<p><strong><img decoding=\"async\" style=\"margin-right: 12px;\" src=\"https:\/\/www.quickdna.com\/wp-content\/uploads\/2026\/02\/Check.svg\" alt=\"\" width=\"18\" height=\"15\" \/>Saat tulokset 72 tunnin kuluessa n\u00e4ytteen saapumisesta laboratorioon.<\/strong> Ymm\u00e4rr\u00e4mme, ett\u00e4 aika on kriittinen synnytyst\u00e4 edelt\u00e4viss\u00e4 tilanteissa. Kun laboratorio on saanut \u00e4idin verin\u00e4ytteen ja v\u00e4itetyn is\u00e4n DNA-n\u00e4ytteet, tulokset saadaan 72 tunnin kuluessa. Virtaviivaistettu laboratorion ty\u00f6nkulku takaa nopean k\u00e4sittelyn tieteellisest\u00e4 tarkkuudesta tinkim\u00e4tt\u00e4.<\/p>\n<p><strong><img decoding=\"async\" style=\"margin-right: 12px;\" src=\"https:\/\/www.quickdna.com\/wp-content\/uploads\/2026\/02\/Check.svg\" alt=\"\" width=\"18\" height=\"15\" \/>Hy\u00f6dy tehokkaimmasta saatavilla olevasta raskaudenaikaisesta isyystestausmenetelm\u00e4st\u00e4.<\/strong> Kehittynyt teknologiamme erist\u00e4\u00e4 ja analysoi siki\u00f6n DNA:n poikkeuksellisen tarkasti. Useiden geneettisten merkkiaineiden vertailu antaa eritt\u00e4in vakuuttavia tuloksia. Kun isyys vahvistetaan, todenn\u00e4k\u00f6isyys on yleens\u00e4 yli 99,9%, kun taas poissulkeminen on lopullista, jos v\u00e4itetty is\u00e4 ei ole biologisesti sukua. T\u00e4m\u00e4n tehokkuuden ansiosta testimme on yksi luotettavimmista saatavilla olevista raskaudenaikaisista ratkaisuista.<\/p>\n<p><strong><img decoding=\"async\" style=\"margin-right: 12px;\" src=\"https:\/\/www.quickdna.com\/wp-content\/uploads\/2026\/02\/Check.svg\" alt=\"\" width=\"18\" height=\"15\" \/>P\u00e4\u00e4set k\u00e4ytt\u00e4m\u00e4\u00e4n ensiluokkaisia laboratoriotestej\u00e4 mahdollisimman kilpailukykyiseen hintaan.<\/strong> Olemme sitoutuneet tarjoamaan markkinoiden edullisimman ja korkealaatuisimman synnytyst\u00e4 edelt\u00e4v\u00e4n DNA-isyystestin. Optimoitujen laboratorioprosessien ja tehokkaan logistiikan avulla v\u00e4henn\u00e4mme kustannuksia s\u00e4ilytt\u00e4en samalla poikkeukselliset standardit. N\u00e4in varmistamme, ett\u00e4 saat tarkat, sertifioidut testit parhaaseen mahdolliseen hintaan.<\/p>\n<p><strong><img decoding=\"async\" style=\"margin-right: 12px;\" src=\"https:\/\/www.quickdna.com\/wp-content\/uploads\/2026\/02\/Check.svg\" alt=\"\" width=\"18\" height=\"15\" \/>Nauti 24 tunnin toimituksesta, jotta prosessi voidaan aloittaa viipym\u00e4tt\u00e4.<\/strong> Toimitamme testipakkauksesi aina 24 tunnin kuluessa, joten voit aloittaa n\u00e4ytteenoton nopeasti. Nopea toimitus varmistaa, ett\u00e4 sek\u00e4 \u00e4idin verin\u00e4ytteenotto ett\u00e4 v\u00e4itetyn is\u00e4n n\u00e4ytteen toimittaminen voidaan aloittaa mahdollisimman pian.<\/p>\n<p><strong><img decoding=\"async\" style=\"margin-right: 12px;\" src=\"https:\/\/www.quickdna.com\/wp-content\/uploads\/2026\/02\/Check.svg\" alt=\"\" width=\"18\" height=\"15\" \/>T\u00e4ydellinen luottamuksellisuus ja tapauksesi hienovarainen k\u00e4sittely.<\/strong> K\u00e4sittelemme jokaista synnytyst\u00e4 edelt\u00e4v\u00e4\u00e4 isyystapausta ehdottoman luottamuksellisesti. Yksityisyytt\u00e4si kunnioitetaan kaikissa vaiheissa aina neutraalista pakkaamisesta ja turvallisesta dokumentoinnista tulosten suojattuun toimittamiseen. V\u00e4itetyn is\u00e4n huomaamaton n\u00e4ytteenottovaihtoehto lis\u00e4\u00e4 tarvittaessa luottamuksellisuutta entisest\u00e4\u00e4n.<\/p>\n<p><strong><img decoding=\"async\" style=\"margin-right: 12px;\" src=\"https:\/\/www.quickdna.com\/wp-content\/uploads\/2026\/02\/Check.svg\" alt=\"\" width=\"18\" height=\"15\" \/>Osta luottavaisin mielin rahat takaisin -takuun ansiosta.<\/strong> Seisomme t\u00e4ysin synnytyst\u00e4 edelt\u00e4v\u00e4n DNA-isyystestin luotettavuuden ja ammattimaisuuden takana. Jos et ole tyytyv\u00e4inen palveluumme, tarjoamme rahanpalautustakuun. T\u00e4m\u00e4 sitoumus varmistaa, ett\u00e4 p\u00e4\u00e4t\u00f6ksesi jatkaa on t\u00e4ysin riskit\u00f6n ja ett\u00e4 asiakastyytyv\u00e4isyytemme tukee sit\u00e4.<\/p>\n<h2><strong>Ohjeet<\/strong><\/h2>\n<ul>\n<li>Valitse tilausta tehdess\u00e4si oletetun is\u00e4n osalta haluamasi vaihtoehto: tavallinen poskipyyhk\u00e4isytesti tai huomaamaton n\u00e4ytteen toimittaminen.<\/li>\n<li>Kun olet vastaanottanut paketin 24 tunnin toimituksella, lue huolellisesti kaikki liitteen\u00e4 olevat ohjeet ennen n\u00e4ytteenottoa.<\/li>\n<li>J\u00e4rjest\u00e4 \u00e4idille verin\u00e4ytteen otto annettujen ohjeiden mukaisesti. Verin\u00e4yte on merkitt\u00e4v\u00e4 ja k\u00e4sitelt\u00e4v\u00e4 asianmukaisesti, jotta siki\u00f6n DNA-analyysi olisi tarkka.<\/li>\n<li>Varmista, ett\u00e4 \u00e4idin verin\u00e4yte ker\u00e4t\u00e4\u00e4n hygieenisten ja ammattimaisten menettelyjen mukaisesti ja pakataan ohjeiden mukaisesti laboratorioon kuljettamista varten.<\/li>\n<li>K\u00e4yt\u00e4 vakiomuotoista v\u00e4itetty\u00e4 is\u00e4testi\u00e4 varten mukana toimitettuja steriilej\u00e4 pyyhkeit\u00e4 ja hiero niit\u00e4 tiukasti posken sis\u00e4puolelle 30-60 sekunnin ajan pyyhett\u00e4 kohti. V\u00e4lt\u00e4 sy\u00f6mist\u00e4, juomista tai tupakointia v\u00e4hint\u00e4\u00e4n tuntiin ennen n\u00e4ytteenottoa.<\/li>\n<li>Anna poskipyyhkeiden kuivua kokonaan ennen niiden asettamista niille tarkoitettuihin kirjekuoriin, jotta ne eiv\u00e4t hajoa.<\/li>\n<li>Hienovaraisessa vaihtoehdossa (vain is\u00e4) ker\u00e4\u00e4 sopivia henkil\u00f6kohtaisia esineit\u00e4, kuten kynnet, hiukset, joissa on n\u00e4kyvi\u00e4 juuria, k\u00e4ytetty hammasharja, purukumi, tupakantumpit tai k\u00e4ytetyt pumpulipuikot. K\u00e4sittele n\u00e4ytteit\u00e4 varovasti kontaminaation v\u00e4ltt\u00e4miseksi ja laita jokainen esine erilliseen, puhtaaseen astiaan.<\/li>\n<li>T\u00e4yt\u00e4 kaikki vaaditut tunnistamislomakkeet tarkasti ja varmista, ett\u00e4 \u00e4idin ja v\u00e4itetyn is\u00e4n tiedot vastaavat toimitettuja n\u00e4ytteit\u00e4.<\/li>\n<li>Pakkaa \u00e4idin verin\u00e4yte ja v\u00e4itetyn is\u00e4n DNA-n\u00e4ytteet turvallisesti mukana toimitettujen materiaalien avulla ja palauta ne laboratorioon ohjeiden mukaisesti.<\/li>\n<li>Kun laboratorio on saanut kaikki tarvittavat n\u00e4ytteet, analyysi aloitetaan v\u00e4litt\u00f6m\u00e4sti. Tulokset toimitetaan 72 tunnin kuluessa niiden saapumisesta laboratorioon ja toimitetaan turvallisesti s\u00e4hk\u00f6postitse.<\/li>\n<\/ul>","protected":false},"excerpt":{"rendered":"<p>Determine paternity before birth with advanced prenatal DNA analysis. Our DNA prenatal paternity test allows you to establish biological fatherhood during pregnancy with cutting-edge genetic technology. Using highly sensitive analysis techniques, the test compares fetal DNA present in the mother\u2019s blood with the alleged father\u2019s DNA, providing clear and reliable answers before the child is [&hellip;]<\/p>\n","protected":false},"featured_media":23015,"comment_status":"open","ping_status":"closed","template":"","meta":{"_uag_custom_page_level_css":"","site-sidebar-layout":"default","site-content-layout":"","ast-site-content-layout":"default","site-content-style":"default","site-sidebar-style":"default","ast-global-header-display":"","ast-banner-title-visibility":"","ast-main-header-display":"","ast-hfb-above-header-display":"","ast-hfb-below-header-display":"","ast-hfb-mobile-header-display":"","site-post-title":"","ast-breadcrumbs-content":"","ast-featured-img":"","footer-sml-layout":"","ast-disable-related-posts":"","theme-transparent-header-meta":"default","adv-header-id-meta":"","stick-header-meta":"","header-above-stick-meta":"","header-main-stick-meta":"","header-below-stick-meta":"","astra-migrate-meta-layouts":"set","ast-page-background-enabled":"default","ast-page-background-meta":{"desktop":{"background-color":"var(--ast-global-color-4)","background-image":"","background-repeat":"repeat","background-position":"center center","background-size":"auto","background-attachment":"scroll","background-type":"","background-media":"","overlay-type":"","overlay-color":"","overlay-opacity":"","overlay-gradient":""},"tablet":{"background-color":"","background-image":"","background-repeat":"repeat","background-position":"center center","background-size":"auto","background-attachment":"scroll","background-type":"","background-media":"","overlay-type":"","overlay-color":"","overlay-opacity":"","overlay-gradient":""},"mobile":{"background-color":"","background-image":"","background-repeat":"repeat","background-position":"center center","background-size":"auto","background-attachment":"scroll","background-type":"","background-media":"","overlay-type":"","overlay-color":"","overlay-opacity":"","overlay-gradient":""}},"ast-content-background-meta":{"desktop":{"background-color":"var(--ast-global-color-5)","background-image":"","background-repeat":"repeat","background-position":"center center","background-size":"auto","background-attachment":"scroll","background-type":"","background-media":"","overlay-type":"","overlay-color":"","overlay-opacity":"","overlay-gradient":""},"tablet":{"background-color":"var(--ast-global-color-5)","background-image":"","background-repeat":"repeat","background-position":"center center","background-size":"auto","background-attachment":"scroll","background-type":"","background-media":"","overlay-type":"","overlay-color":"","overlay-opacity":"","overlay-gradient":""},"mobile":{"background-color":"var(--ast-global-color-5)","background-image":"","background-repeat":"repeat","background-position":"center center","background-size":"auto","background-attachment":"scroll","background-type":"","background-media":"","overlay-type":"","overlay-color":"","overlay-opacity":"","overlay-gradient":""}}},"product_brand":[],"product_cat":[15],"product_tag":[],"class_list":{"0":"post-23006","1":"product","2":"type-product","3":"status-publish","4":"has-post-thumbnail","6":"product_cat-shop","7":"desktop-align-left","8":"tablet-align-left","9":"mobile-align-left","11":"first","12":"instock","13":"taxable","14":"shipping-taxable","15":"purchasable","16":"product-type-variable","17":"has-default-attributes"},"spectra_custom_meta":{"_visibility":["visible"],"_shopify_product_id":["7904181256424"],"_s2w_shopify_domain":["quickdna.myshopify.com"],"_shopify_variant_id":["44228462936296"],"_manage_stock":["no"],"total_sales":["199"],"_tax_status":["taxable"],"_tax_class":[""],"_backorders":["no"],"_sold_individually":["no"],"_virtual":["no"],"_downloadable":["no"],"_download_limit":["-1"],"_download_expiry":["-1"],"_stock":[null],"_stock_status":["instock"],"_wc_average_rating":["4.91"],"_wc_review_count":["93"],"_product_attributes":["a:1:{s:13:\"discreet-test\";a:6:{s:4:\"name\";s:13:\"Discreet test\";s:5:\"value\";s:8:\"No | Yes\";s:8:\"position\";i:1;s:10:\"is_visible\";i:0;s:12:\"is_variation\";i:1;s:11:\"is_taxonomy\";i:0;}}"],"_product_version":["10.5.2"],"_thumbnail_id":["23015"],"_edit_last":["1"],"_wp_page_template":["default"],"_edit_lock":["1771523977:1"],"merchant-center-availability":["yes"],"merchant-center-category":["505293"],"site-sidebar-layout":["default"],"ast-site-content-layout":["default"],"site-content-style":["default"],"site-sidebar-style":["default"],"theme-transparent-header-meta":["default"],"_wc_rating_count":["a:3:{i:3;i:1;i:4;i:6;i:5;i:86;}"],"_default_attributes":["a:1:{s:13:\"discreet-test\";s:2:\"No\";}"],"_price":["299.90","359.90"],"merchant-center-id":["PRE"],"astra-migrate-meta-layouts":["set"],"_uag_css_file_name":["uag-css-23006.css"],"_elementor_page_assets":["a:0:{}"]},"uagb_featured_image_src":{"full":["https:\/\/www.quickdna.com\/wp-content\/uploads\/2025\/06\/Sans_titre__50_-removebg-preview.png",500,500,false],"thumbnail":["https:\/\/www.quickdna.com\/wp-content\/uploads\/2025\/06\/Sans_titre__50_-removebg-preview-150x150.png",150,150,true],"medium":["https:\/\/www.quickdna.com\/wp-content\/uploads\/2025\/06\/Sans_titre__50_-removebg-preview-300x300.png",300,300,true],"medium_large":["https:\/\/www.quickdna.com\/wp-content\/uploads\/2025\/06\/Sans_titre__50_-removebg-preview.png",500,500,false],"large":["https:\/\/www.quickdna.com\/wp-content\/uploads\/2025\/06\/Sans_titre__50_-removebg-preview.png",500,500,false],"1536x1536":["https:\/\/www.quickdna.com\/wp-content\/uploads\/2025\/06\/Sans_titre__50_-removebg-preview.png",500,500,false],"2048x2048":["https:\/\/www.quickdna.com\/wp-content\/uploads\/2025\/06\/Sans_titre__50_-removebg-preview.png",500,500,false],"trp-custom-language-flag":["https:\/\/www.quickdna.com\/wp-content\/uploads\/2025\/06\/Sans_titre__50_-removebg-preview-12x12.png",12,12,true],"woocommerce_thumbnail":["https:\/\/www.quickdna.com\/wp-content\/uploads\/2025\/06\/Sans_titre__50_-removebg-preview-300x300.png",300,300,true],"woocommerce_single":["https:\/\/www.quickdna.com\/wp-content\/uploads\/2025\/06\/Sans_titre__50_-removebg-preview.png",500,500,false],"woocommerce_gallery_thumbnail":["https:\/\/www.quickdna.com\/wp-content\/uploads\/2025\/06\/Sans_titre__50_-removebg-preview-100x100.png",100,100,true]},"uagb_author_info":{"display_name":"admin","author_link":"https:\/\/www.quickdna.com\/fi\/author\/"},"uagb_comment_info":93,"uagb_excerpt":"Determine paternity before birth with advanced prenatal DNA analysis. Our DNA prenatal paternity test allows you to establish biological fatherhood during pregnancy with cutting-edge genetic technology. Using highly sensitive analysis techniques, the test compares fetal DNA present in the mother\u2019s blood with the alleged father\u2019s DNA, providing clear and reliable answers before the child is&hellip;","_links":{"self":[{"href":"https:\/\/www.quickdna.com\/fi\/wp-json\/wp\/v2\/product\/23006","targetHints":{"allow":["GET"]}}],"collection":[{"href":"https:\/\/www.quickdna.com\/fi\/wp-json\/wp\/v2\/product"}],"about":[{"href":"https:\/\/www.quickdna.com\/fi\/wp-json\/wp\/v2\/types\/product"}],"replies":[{"embeddable":true,"href":"https:\/\/www.quickdna.com\/fi\/wp-json\/wp\/v2\/comments?post=23006"}],"version-history":[{"count":9,"href":"https:\/\/www.quickdna.com\/fi\/wp-json\/wp\/v2\/product\/23006\/revisions"}],"predecessor-version":[{"id":30174,"href":"https:\/\/www.quickdna.com\/fi\/wp-json\/wp\/v2\/product\/23006\/revisions\/30174"}],"wp:featuredmedia":[{"embeddable":true,"href":"https:\/\/www.quickdna.com\/fi\/wp-json\/wp\/v2\/media\/23015"}],"wp:attachment":[{"href":"https:\/\/www.quickdna.com\/fi\/wp-json\/wp\/v2\/media?parent=23006"}],"wp:term":[{"taxonomy":"product_brand","embeddable":true,"href":"https:\/\/www.quickdna.com\/fi\/wp-json\/wp\/v2\/product_brand?post=23006"},{"taxonomy":"product_cat","embeddable":true,"href":"https:\/\/www.quickdna.com\/fi\/wp-json\/wp\/v2\/product_cat?post=23006"},{"taxonomy":"product_tag","embeddable":true,"href":"https:\/\/www.quickdna.com\/fi\/wp-json\/wp\/v2\/product_tag?post=23006"}],"curies":[{"name":"wp","href":"https:\/\/api.w.org\/{rel}","templated":true}]}}