{"id":22999,"date":"2025-06-09T13:23:05","date_gmt":"2025-06-09T11:23:05","guid":{"rendered":"https:\/\/www.quickdna.com\/products\/dna-genetic-test\/"},"modified":"2026-02-19T19:13:08","modified_gmt":"2026-02-19T18:13:08","slug":"dna-genetic-test","status":"publish","type":"product","link":"https:\/\/www.quickdna.com\/fi\/products\/dna-genetic-test\/","title":{"rendered":"DNA-esivanhempaintesti"},"content":{"rendered":"<p><strong><img decoding=\"async\" style=\"margin-right: 12px;\" src=\"https:\/\/www.quickdna.com\/wp-content\/uploads\/2026\/02\/Check.svg\" alt=\"\" width=\"18\" height=\"15\" \/>Tutustu todelliseen alkuper\u00e4\u00e4si kehittyneen maailmanlaajuisen DNA-analyysin avulla.<\/strong> DNA-alkuper\u00e4testimme avaa geeneihisi kirjoitetun tarinan, jonka avulla voit tutkia etnist\u00e4 alkuper\u00e4\u00e4si kaikista maailman maista ja alueilta. Vertaamme DNA-profiiliasi korkearesoluutioisten geneettisten merkkiaineiden avulla laajoihin kansainv\u00e4lisiin vertailutietokantoihin ja saamme n\u00e4in yksityiskohtaisen erittelyn esi-isiesi taustasta, joka tarjoaa tietoa perheesi syvist\u00e4 maantieteellisist\u00e4 juurista ja muuttohistoriasta.<\/p>\n<p><strong><img decoding=\"async\" style=\"margin-right: 12px;\" src=\"https:\/\/www.quickdna.com\/wp-content\/uploads\/2026\/02\/Check.svg\" alt=\"\" width=\"18\" height=\"15\" \/>Ymm\u00e4rr\u00e4 farmakologinen yhteensopivuutesi yksil\u00f6llist\u00e4 hoitoa varten.<\/strong> DNA-alkuper\u00e4testimme sis\u00e4lt\u00e4\u00e4 farmakogeneettisen analyysin, jossa tutkitaan, miten geenisi voivat vaikuttaa vasteeseesi tietyille l\u00e4\u00e4kkeille. T\u00e4m\u00e4 tieto voi auttaa tunnistamaan mahdolliset herkkyydet tai vaihtelut l\u00e4\u00e4kkeiden aineenvaihdunnassa, mik\u00e4 auttaa tekem\u00e4\u00e4n turvallisempia ja yksil\u00f6llisempi\u00e4 terveydenhuoltop\u00e4\u00e4t\u00f6ksi\u00e4.<\/p>\n<p><strong><img decoding=\"async\" style=\"margin-right: 12px;\" src=\"https:\/\/www.quickdna.com\/wp-content\/uploads\/2026\/02\/Check.svg\" alt=\"\" width=\"18\" height=\"15\" \/>Optimoi el\u00e4m\u00e4ntapasi ravitsemus- ja liikuntagenetiikkaa koskevien tietojen avulla.<\/strong> Testiss\u00e4 analysoidaan, miten geeniperim\u00e4si vaikuttaa ruokavalioon, liikuntaan ja aineenvaihduntaan. Saat tietoa siit\u00e4, miten kehosi voi reagoida tiettyihin ravintoaineisiin, harjoituksen intensiteettiin, kest\u00e4vyysharjoitteluun ja palautumiseen, jolloin voit r\u00e4\u00e4t\u00e4l\u00f6id\u00e4 ravitsemus- ja kuntosuunnitelmasi geneettisen profiilisi mukaan.<\/p>\n<p><strong><img decoding=\"async\" style=\"margin-right: 12px;\" src=\"https:\/\/www.quickdna.com\/wp-content\/uploads\/2026\/02\/Check.svg\" alt=\"\" width=\"18\" height=\"15\" \/>Saat arvokasta tietoa terveydentilasta geneettisen tautiriskin havaitsemisen avulla.<\/strong> Sukutaustan lis\u00e4ksi testi tarjoaa analyysin geneettisist\u00e4 alttiuksista sairauksille, jotka todenn\u00e4k\u00f6isimmin esiintyv\u00e4t DNA-profiilisi perusteella. Tunnistamalla tiettyihin sairauksiin liittyv\u00e4t erityiset geneettiset variantit saat ennakoivaa tietoa, joka voi tukea tietoon perustuvia terveydenhuoltokeskusteluja ja ennaltaehk\u00e4isevi\u00e4 strategioita.<\/p>\n<p><strong><img decoding=\"async\" style=\"margin-right: 12px;\" src=\"https:\/\/www.quickdna.com\/wp-content\/uploads\/2026\/02\/Check.svg\" alt=\"\" width=\"18\" height=\"15\" \/>Tunnista sukulaiset ymp\u00e4ri maailmaa, joilla on sama DNA kuin sinulla.<\/strong> Kattavan tietokantamme avulla voit l\u00f6yt\u00e4\u00e4 geneettisi\u00e4 vastaavuuksia muiden henkil\u00f6iden kanssa, joilla on yhteisi\u00e4 DNA-segmenttej\u00e4 kanssasi. T\u00e4m\u00e4 ominaisuus auttaa sinua tunnistamaan mahdollisia sukulaisia eri puolilla mantereita, saamaan yhteyden laajennettuihin sukuhaaroihin ja luomaan selke\u00e4mm\u00e4n kuvan maailmanlaajuisesta sukuverkostostasi.<\/p>\n<p><strong><img decoding=\"async\" style=\"margin-right: 12px;\" src=\"https:\/\/www.quickdna.com\/wp-content\/uploads\/2026\/02\/Check.svg\" alt=\"\" width=\"18\" height=\"15\" \/>Valitse tarpeisiisi sopiva vakio- tai huomaamaton n\u00e4ytteenottovaihtoehto.<\/strong> Voit valita vakiotestin, jossa k\u00e4ytet\u00e4\u00e4n steriilej\u00e4 suun\u00e4ytteit\u00e4, jotka hierotaan varovasti posken sis\u00e4puolelle ja palautetaan laboratorioon, tai valita huomaamattoman testin, jos haluat vaihtoehtoisen n\u00e4ytteenoton. Hienovaraisessa vaihtoehdossa voit toimittaa kynnet, hiusten juuret, hammasharjat, purukumin, tupakantumpit tai k\u00e4ytetyt vanupuikot. T\u00e4m\u00e4 joustavuus takaa mukavuuden, yksityisyyden ja mukavuuden samalla kun s\u00e4ilyt\u00e4t luotettavan laboratorioanalyysin.<\/p>\n<p><strong><img decoding=\"async\" style=\"margin-right: 12px;\" src=\"https:\/\/www.quickdna.com\/wp-content\/uploads\/2026\/02\/Check.svg\" alt=\"\" width=\"18\" height=\"15\" \/>Tulokset k\u00e4sitell\u00e4\u00e4n ISO 17025 -sertifioidussa laboratoriossa.<\/strong> Kaikki DNA-n\u00e4ytteet analysoidaan ISO 17025 -standardien mukaisesti sertifioidussa laboratoriossa, mik\u00e4 takaa tiukan laadunvalvonnan, validoidut tieteelliset menetelm\u00e4t ja korkeasti koulutetut asiantuntijat. T\u00e4m\u00e4 kansainv\u00e4lisesti tunnustettu sertifiointi takaa tarkkuuden, luotettavuuden ja korkeimpien teknisten standardien noudattamisen koko testausprosessin ajan.<\/p>\n<p><strong><img decoding=\"async\" style=\"margin-right: 12px;\" src=\"https:\/\/www.quickdna.com\/wp-content\/uploads\/2026\/02\/Check.svg\" alt=\"\" width=\"18\" height=\"15\" \/>Saat nopeat tulokset 72 tunnin kuluessa laboratorion vastaanottamisesta.<\/strong> Kun n\u00e4ytteesi saapuvat laboratorioomme, analyysi alkaa v\u00e4litt\u00f6m\u00e4sti. Tulokset toimitetaan 72 tunnin kuluessa n\u00e4ytteen vastaanottamisesta, jolloin saat nopeasti ja ilman turhaa odottelua yksityiskohtaiset raportit syntyper\u00e4st\u00e4si, terveysalttiuksistasi ja geneettisist\u00e4 ominaisuuksistasi.<\/p>\n<p><strong><img decoding=\"async\" style=\"margin-right: 12px;\" src=\"https:\/\/www.quickdna.com\/wp-content\/uploads\/2026\/02\/Check.svg\" alt=\"\" width=\"18\" height=\"15\" \/>Hy\u00f6dy tehokkaimmasta ja edullisimmasta saatavilla olevasta DNA-alkuper\u00e4tutkimuksesta.<\/strong> Yhdist\u00e4mme huipputeknologian ja optimoidut toiminnot tarjotaksemme tehokkaimman analyysin markkinoiden halvimpaan hintaan. Kattava raportointimme, maailmanlaajuiset tietokantavertailut ja kehittyneet geneettiset oivallukset takaavat poikkeuksellisen arvon tieteellisest\u00e4 tarkkuudesta tinkim\u00e4tt\u00e4.<\/p>\n<p><strong><img decoding=\"async\" style=\"margin-right: 12px;\" src=\"https:\/\/www.quickdna.com\/wp-content\/uploads\/2026\/02\/Check.svg\" alt=\"\" width=\"18\" height=\"15\" \/>Tilaa luottavaisin mielin 24 tunnin toimituksen ja rahat takaisin -takuun ansiosta.<\/strong> Tarjoamme aina 24 tunnin toimituksen testipakkaukselle, jotta voit aloittaa heti. Lis\u00e4ksi tarjoamme t\u00e4yden rahanpalautustakuun, jos et ole tyytyv\u00e4inen palveluumme. Investointisi on t\u00e4ysin riskit\u00f6n, ja tyytyv\u00e4isyytesi on meille ensisijainen tavoite.<\/p>\n<h2><strong>Ohjeet<\/strong><\/h2>\n<ul>\n<li>Valitse tilausta tehdess\u00e4si haluamasi n\u00e4ytteenottovaihtoehto: tavallinen poskipyyhk\u00e4isytesti tai huomaamaton n\u00e4ytteenotto.<\/li>\n<li>Kun saat paketin 24 tunnin toimituksella, lue kaikki ohjeet huolellisesti ennen DNA-n\u00e4ytteiden ottamista.<\/li>\n<li>K\u00e4yt\u00e4 vakiotestiss\u00e4 mukana toimitettuja steriilej\u00e4 pyyhkeit\u00e4 ja hiero niit\u00e4 tiukasti posken sis\u00e4puolelle 30-60 sekunnin ajan pyyhett\u00e4 kohti. V\u00e4lt\u00e4 sy\u00f6mist\u00e4, juomista tai tupakointia v\u00e4hint\u00e4\u00e4n tuntiin ennen n\u00e4ytteenottoa.<\/li>\n<li>Anna pyyhk\u00e4isypyyhkeiden kuivua t\u00e4ysin ilmakuivaksi ennen niiden asettamista niille tarkoitettuihin kirjekuoriin kosteuden aiheuttaman hajoamisen est\u00e4miseksi.<\/li>\n<li>Ker\u00e4\u00e4 huomaamattomaan testiin sopivia esineit\u00e4, kuten kynnet, hiukset, joissa on n\u00e4kyvi\u00e4 juuria, k\u00e4ytetty hammasharja, purukumi, tupakantumpit tai k\u00e4ytetyt vanupuikot. Varmista, ett\u00e4 jokainen n\u00e4yte kuuluu yksinomaan testattavaan henkil\u00f6\u00f6n ja ett\u00e4 sit\u00e4 k\u00e4sitell\u00e4\u00e4n huolellisesti kontaminaation v\u00e4ltt\u00e4miseksi.<\/li>\n<li>Laita kukin huomaamaton n\u00e4yte puhtaaseen, erilliseen astiaan tai kirjekuoreen pakkauksessa annettujen ohjeiden mukaisesti.<\/li>\n<li>T\u00e4yt\u00e4 tunnistamis- ja suostumuslomakkeet t\u00e4sm\u00e4llisesti, jotta varmistetaan asianmukainen k\u00e4sittely ja raportointi.<\/li>\n<li>Pakkaa kaikki n\u00e4ytteet turvallisesti k\u00e4ytt\u00e4en mukana toimitettuja materiaaleja ja palauta ne laboratorioon ohjeiden mukaisesti.<\/li>\n<li>Kun laboratorio vastaanottaa n\u00e4ytteesi, analyysit alkavat v\u00e4litt\u00f6m\u00e4sti, mukaan lukien esi-isien erittely, sukulaisuussuhteiden vertailu, geneettisen terveysriskin arviointi, farmakologisen yhteensopivuuden analyysi sek\u00e4 ravitsemuksen ja liikuntavasteen arviointi.<\/li>\n<li>Tulokset toimitetaan 72 tunnin kuluessa niiden saapumisesta laboratorioon, jolloin voit tarkastella kattavaa geneettist\u00e4 raporttiasi yksityiskohtaisesti.<\/li>\n<\/ul>","protected":false},"excerpt":{"rendered":"<p>Discover your true origins with advanced global DNA analysis. Our DNA ancestry test unlocks the story written in your genes, allowing you to explore your ethnic origins across all countries and regions of the world. Using high-resolution genetic markers, we compare your DNA profile with extensive international reference databases to provide a detailed breakdown of [&hellip;]<\/p>\n","protected":false},"featured_media":23012,"comment_status":"open","ping_status":"closed","template":"","meta":{"_uag_custom_page_level_css":"","site-sidebar-layout":"default","site-content-layout":"","ast-site-content-layout":"default","site-content-style":"default","site-sidebar-style":"default","ast-global-header-display":"","ast-banner-title-visibility":"","ast-main-header-display":"","ast-hfb-above-header-display":"","ast-hfb-below-header-display":"","ast-hfb-mobile-header-display":"","site-post-title":"","ast-breadcrumbs-content":"","ast-featured-img":"","footer-sml-layout":"","ast-disable-related-posts":"","theme-transparent-header-meta":"default","adv-header-id-meta":"","stick-header-meta":"","header-above-stick-meta":"","header-main-stick-meta":"","header-below-stick-meta":"","astra-migrate-meta-layouts":"set","ast-page-background-enabled":"default","ast-page-background-meta":{"desktop":{"background-color":"var(--ast-global-color-4)","background-image":"","background-repeat":"repeat","background-position":"center center","background-size":"auto","background-attachment":"scroll","background-type":"","background-media":"","overlay-type":"","overlay-color":"","overlay-opacity":"","overlay-gradient":""},"tablet":{"background-color":"","background-image":"","background-repeat":"repeat","background-position":"center center","background-size":"auto","background-attachment":"scroll","background-type":"","background-media":"","overlay-type":"","overlay-color":"","overlay-opacity":"","overlay-gradient":""},"mobile":{"background-color":"","background-image":"","background-repeat":"repeat","background-position":"center center","background-size":"auto","background-attachment":"scroll","background-type":"","background-media":"","overlay-type":"","overlay-color":"","overlay-opacity":"","overlay-gradient":""}},"ast-content-background-meta":{"desktop":{"background-color":"var(--ast-global-color-5)","background-image":"","background-repeat":"repeat","background-position":"center center","background-size":"auto","background-attachment":"scroll","background-type":"","background-media":"","overlay-type":"","overlay-color":"","overlay-opacity":"","overlay-gradient":""},"tablet":{"background-color":"var(--ast-global-color-5)","background-image":"","background-repeat":"repeat","background-position":"center center","background-size":"auto","background-attachment":"scroll","background-type":"","background-media":"","overlay-type":"","overlay-color":"","overlay-opacity":"","overlay-gradient":""},"mobile":{"background-color":"var(--ast-global-color-5)","background-image":"","background-repeat":"repeat","background-position":"center center","background-size":"auto","background-attachment":"scroll","background-type":"","background-media":"","overlay-type":"","overlay-color":"","overlay-opacity":"","overlay-gradient":""}}},"product_brand":[],"product_cat":[15],"product_tag":[],"class_list":{"0":"post-22999","1":"product","2":"type-product","3":"status-publish","4":"has-post-thumbnail","6":"product_cat-shop","7":"desktop-align-left","8":"tablet-align-left","9":"mobile-align-left","11":"first","12":"instock","13":"taxable","14":"shipping-taxable","15":"purchasable","16":"product-type-variable","17":"has-default-attributes"},"spectra_custom_meta":{"_visibility":["visible"],"_shopify_product_id":["7437086130408"],"_s2w_shopify_domain":["quickdna.myshopify.com"],"_shopify_variant_id":["42550085877992"],"_manage_stock":["no"],"total_sales":["1011"],"_tax_status":["taxable"],"_tax_class":[""],"_backorders":["no"],"_sold_individually":["no"],"_virtual":["no"],"_downloadable":["no"],"_download_limit":["-1"],"_download_expiry":["-1"],"_stock":[null],"_stock_status":["instock"],"_wc_average_rating":["4.71"],"_wc_review_count":["97"],"_product_attributes":["a:1:{s:13:\"discreet-test\";a:6:{s:4:\"name\";s:13:\"Discreet test\";s:5:\"value\";s:8:\"No | Yes\";s:8:\"position\";i:1;s:10:\"is_visible\";i:0;s:12:\"is_variation\";i:1;s:11:\"is_taxonomy\";i:0;}}"],"_product_version":["10.5.2"],"_thumbnail_id":["23012"],"_edit_last":["1"],"_wp_page_template":["default"],"_edit_lock":["1777446229:588"],"merchant-center-availability":["yes"],"merchant-center-category":["505293"],"merchant-center-id":["ORI"],"site-sidebar-layout":["default"],"ast-site-content-layout":["default"],"site-content-style":["default"],"site-sidebar-style":["default"],"theme-transparent-header-meta":["default"],"_wc_rating_count":["a:3:{i:3;i:8;i:4;i:12;i:5;i:77;}"],"_default_attributes":["a:1:{s:13:\"discreet-test\";s:2:\"No\";}"],"_price":["99.90","159.90"],"astra-migrate-meta-layouts":["set"],"_uag_css_file_name":["uag-css-22999.css"],"_elementor_page_assets":["a:0:{}"],"_uag_page_assets":["a:9:{s:3:\"css\";s:7133:\".uag-blocks-common-selector{z-index:var(--z-index-desktop) !important}@media(max-width: 976px){.uag-blocks-common-selector{z-index:var(--z-index-tablet) !important}}@media(max-width: 767px){.uag-blocks-common-selector{z-index:var(--z-index-mobile) !important}}.wp-block-uagb-image{display:flex}.wp-block-uagb-image__figure{position:relative;display:flex;flex-direction:column;max-width:100%;height:auto;margin:0}.wp-block-uagb-image__figure img{height:auto;display:flex;max-width:100%;transition:box-shadow .2s ease}.wp-block-uagb-image__figure>a{display:inline-block}.wp-block-uagb-image__figure figcaption{text-align:center;margin-top:.5em;margin-bottom:1em}.wp-block-uagb-image .components-placeholder.block-editor-media-placeholder .components-placeholder__instructions{align-self:center}.wp-block-uagb-image--align-left{text-align:left}.wp-block-uagb-image--align-right{text-align:right}.wp-block-uagb-image--align-center{text-align:center}.wp-block-uagb-image--align-full .wp-block-uagb-image__figure{margin-left:calc(50% - 50vw);margin-right:calc(50% - 50vw);max-width:100vw;width:100vw;height:auto}.wp-block-uagb-image--align-full .wp-block-uagb-image__figure img{height:auto;width:100% !important}.wp-block-uagb-image--align-wide .wp-block-uagb-image__figure img{height:auto;width:100%}.wp-block-uagb-image--layout-overlay__color-wrapper{position:absolute;left:0;top:0;right:0;bottom:0;opacity:.2;background:rgba(0,0,0,.5);transition:opacity .35s ease-in-out}.wp-block-uagb-image--layout-overlay-link{position:absolute;left:0;right:0;bottom:0;top:0}.wp-block-uagb-image--layout-overlay .wp-block-uagb-image__figure:hover .wp-block-uagb-image--layout-overlay__color-wrapper{opacity:1}.wp-block-uagb-image--layout-overlay__inner{position:absolute;left:15px;right:15px;bottom:15px;top:15px;display:flex;align-items:center;justify-content:center;flex-direction:column;border-color:#fff;transition:.35s ease-in-out}.wp-block-uagb-image--layout-overlay__inner.top-left,.wp-block-uagb-image--layout-overlay__inner.top-center,.wp-block-uagb-image--layout-overlay__inner.top-right{justify-content:flex-start}.wp-block-uagb-image--layout-overlay__inner.bottom-left,.wp-block-uagb-image--layout-overlay__inner.bottom-center,.wp-block-uagb-image--layout-overlay__inner.bottom-right{justify-content:flex-end}.wp-block-uagb-image--layout-overlay__inner.top-left,.wp-block-uagb-image--layout-overlay__inner.center-left,.wp-block-uagb-image--layout-overlay__inner.bottom-left{align-items:flex-start}.wp-block-uagb-image--layout-overlay__inner.top-right,.wp-block-uagb-image--layout-overlay__inner.center-right,.wp-block-uagb-image--layout-overlay__inner.bottom-right{align-items:flex-end}.wp-block-uagb-image--layout-overlay__inner .uagb-image-heading{color:#fff;transition:transform .35s,opacity .35s ease-in-out;transform:translate3d(0, 24px, 0);margin:0;line-height:1em}.wp-block-uagb-image--layout-overlay__inner .uagb-image-separator{width:30%;border-top-width:2px;border-top-color:#fff;border-top-style:solid;margin-bottom:10px;opacity:0;transition:transform .4s,opacity .4s ease-in-out;transform:translate3d(0, 30px, 0)}.wp-block-uagb-image--layout-overlay__inner .uagb-image-caption{opacity:0;overflow:visible;color:#fff;transition:transform .45s,opacity .45s ease-in-out;transform:translate3d(0, 35px, 0)}.wp-block-uagb-image--layout-overlay__inner:hover .uagb-image-heading,.wp-block-uagb-image--layout-overlay__inner:hover .uagb-image-separator,.wp-block-uagb-image--layout-overlay__inner:hover .uagb-image-caption{opacity:1;transform:translate3d(0, 0, 0)}.wp-block-uagb-image--effect-zoomin .wp-block-uagb-image__figure img,.wp-block-uagb-image--effect-zoomin .wp-block-uagb-image__figure .wp-block-uagb-image--layout-overlay__color-wrapper{transform:scale(1);transition:transform .35s ease-in-out}.wp-block-uagb-image--effect-zoomin .wp-block-uagb-image__figure:hover img,.wp-block-uagb-image--effect-zoomin .wp-block-uagb-image__figure:hover .wp-block-uagb-image--layout-overlay__color-wrapper{transform:scale(1.05)}.wp-block-uagb-image--effect-slide .wp-block-uagb-image__figure img,.wp-block-uagb-image--effect-slide .wp-block-uagb-image__figure .wp-block-uagb-image--layout-overlay__color-wrapper{width:calc(100% + 40px) !important;max-width:none !important;transform:translate3d(-40px, 0, 0);transition:transform .35s ease-in-out}.wp-block-uagb-image--effect-slide .wp-block-uagb-image__figure:hover img,.wp-block-uagb-image--effect-slide .wp-block-uagb-image__figure:hover .wp-block-uagb-image--layout-overlay__color-wrapper{transform:translate3d(0, 0, 0)}.wp-block-uagb-image--effect-grayscale img{filter:grayscale(0%);transition:.35s ease-in-out}.wp-block-uagb-image--effect-grayscale:hover img{filter:grayscale(100%)}.wp-block-uagb-image--effect-blur img{filter:blur(0);transition:.35s ease-in-out}.wp-block-uagb-image--effect-blur:hover img{filter:blur(3px)}.uagb-block-e6f939b3.wp-block-uagb-image--layout-default figure img{box-shadow: 0px 0px 0 #00000070;}.uagb-block-e6f939b3.wp-block-uagb-image .wp-block-uagb-image__figure figcaption{font-style: normal;align-self: center;}.uagb-block-e6f939b3.wp-block-uagb-image--layout-overlay figure img{box-shadow: 0px 0px 0 #00000070;}.uagb-block-e6f939b3.wp-block-uagb-image--layout-overlay .wp-block-uagb-image--layout-overlay__color-wrapper{opacity: 0.2;}.uagb-block-e6f939b3.wp-block-uagb-image--layout-overlay .wp-block-uagb-image--layout-overlay__inner{left: 15px;right: 15px;top: 15px;bottom: 15px;}.uagb-block-e6f939b3.wp-block-uagb-image--layout-overlay .wp-block-uagb-image--layout-overlay__inner .uagb-image-heading{font-style: normal;color: #fff;opacity: 1;}.uagb-block-e6f939b3.wp-block-uagb-image--layout-overlay .wp-block-uagb-image--layout-overlay__inner .uagb-image-heading a{color: #fff;}.uagb-block-e6f939b3.wp-block-uagb-image--layout-overlay .wp-block-uagb-image--layout-overlay__inner .uagb-image-caption{opacity: 0;}.uagb-block-e6f939b3.wp-block-uagb-image--layout-overlay .wp-block-uagb-image__figure:hover .wp-block-uagb-image--layout-overlay__color-wrapper{opacity: 1;}.uagb-block-e6f939b3.wp-block-uagb-image .wp-block-uagb-image--layout-overlay__inner .uagb-image-separator{width: 30%;border-top-width: 2px;border-top-color: #fff;opacity: 0;}.uagb-block-e6f939b3.wp-block-uagb-image .wp-block-uagb-image__figure img{width: px;height: auto;}.uagb-block-e6f939b3.wp-block-uagb-image .wp-block-uagb-image__figure:hover .wp-block-uagb-image--layout-overlay__inner .uagb-image-caption{opacity: 1;}.uagb-block-e6f939b3.wp-block-uagb-image .wp-block-uagb-image__figure:hover .wp-block-uagb-image--layout-overlay__inner .uagb-image-separator{opacity: 1;}.uagb-block-e6f939b3.wp-block-uagb-image--layout-default figure:hover img{box-shadow: 0px 0px 0 #00000070;}.uagb-block-e6f939b3.wp-block-uagb-image--layout-overlay figure:hover img{box-shadow: 0px 0px 0 #00000070;}@media only screen and (max-width: 976px) {.uagb-block-e6f939b3.wp-block-uagb-image .wp-block-uagb-image__figure img{width: px;height: auto;}}@media only screen and (max-width: 767px) {.uagb-block-e6f939b3.wp-block-uagb-image .wp-block-uagb-image__figure img{width: px;height: auto;}}\";s:2:\"js\";s:0:\"\";s:18:\"current_block_list\";a:13:{i:0;s:11:\"core\/search\";i:1;s:10:\"core\/group\";i:2;s:12:\"core\/heading\";i:3;s:17:\"core\/latest-posts\";i:4;s:20:\"core\/latest-comments\";i:5;s:13:\"core\/archives\";i:6;s:15:\"core\/categories\";i:7;s:14:\"core\/paragraph\";i:8;s:10:\"uagb\/image\";i:9;s:11:\"core\/spacer\";i:10;s:30:\"woocommerce\/product-categories\";i:11;s:10:\"core\/image\";i:12;s:14:\"core\/shortcode\";}s:8:\"uag_flag\";b:1;s:11:\"uag_version\";s:10:\"1777481263\";s:6:\"gfonts\";a:0:{}s:10:\"gfonts_url\";s:0:\"\";s:12:\"gfonts_files\";a:0:{}s:14:\"uag_faq_layout\";b:0;}"]},"uagb_featured_image_src":{"full":["https:\/\/www.quickdna.com\/wp-content\/uploads\/2025\/06\/box_png_4.png",1000,1000,false],"thumbnail":["https:\/\/www.quickdna.com\/wp-content\/uploads\/2025\/06\/box_png_4-150x150.png",150,150,true],"medium":["https:\/\/www.quickdna.com\/wp-content\/uploads\/2025\/06\/box_png_4-300x300.png",300,300,true],"medium_large":["https:\/\/www.quickdna.com\/wp-content\/uploads\/2025\/06\/box_png_4-768x768.png",768,768,true],"large":["https:\/\/www.quickdna.com\/wp-content\/uploads\/2025\/06\/box_png_4.png",1000,1000,false],"1536x1536":["https:\/\/www.quickdna.com\/wp-content\/uploads\/2025\/06\/box_png_4.png",1000,1000,false],"2048x2048":["https:\/\/www.quickdna.com\/wp-content\/uploads\/2025\/06\/box_png_4.png",1000,1000,false],"trp-custom-language-flag":["https:\/\/www.quickdna.com\/wp-content\/uploads\/2025\/06\/box_png_4-12x12.png",12,12,true],"woocommerce_thumbnail":["https:\/\/www.quickdna.com\/wp-content\/uploads\/2025\/06\/box_png_4-300x300.png",300,300,true],"woocommerce_single":["https:\/\/www.quickdna.com\/wp-content\/uploads\/2025\/06\/box_png_4-600x600.png",600,600,true],"woocommerce_gallery_thumbnail":["https:\/\/www.quickdna.com\/wp-content\/uploads\/2025\/06\/box_png_4-100x100.png",100,100,true]},"uagb_author_info":{"display_name":"admin","author_link":"https:\/\/www.quickdna.com\/fi\/author\/"},"uagb_comment_info":97,"uagb_excerpt":"Discover your true origins with advanced global DNA analysis. Our DNA ancestry test unlocks the story written in your genes, allowing you to explore your ethnic origins across all countries and regions of the world. Using high-resolution genetic markers, we compare your DNA profile with extensive international reference databases to provide a detailed breakdown of&hellip;","_links":{"self":[{"href":"https:\/\/www.quickdna.com\/fi\/wp-json\/wp\/v2\/product\/22999","targetHints":{"allow":["GET"]}}],"collection":[{"href":"https:\/\/www.quickdna.com\/fi\/wp-json\/wp\/v2\/product"}],"about":[{"href":"https:\/\/www.quickdna.com\/fi\/wp-json\/wp\/v2\/types\/product"}],"replies":[{"embeddable":true,"href":"https:\/\/www.quickdna.com\/fi\/wp-json\/wp\/v2\/comments?post=22999"}],"version-history":[{"count":5,"href":"https:\/\/www.quickdna.com\/fi\/wp-json\/wp\/v2\/product\/22999\/revisions"}],"predecessor-version":[{"id":30176,"href":"https:\/\/www.quickdna.com\/fi\/wp-json\/wp\/v2\/product\/22999\/revisions\/30176"}],"wp:featuredmedia":[{"embeddable":true,"href":"https:\/\/www.quickdna.com\/fi\/wp-json\/wp\/v2\/media\/23012"}],"wp:attachment":[{"href":"https:\/\/www.quickdna.com\/fi\/wp-json\/wp\/v2\/media?parent=22999"}],"wp:term":[{"taxonomy":"product_brand","embeddable":true,"href":"https:\/\/www.quickdna.com\/fi\/wp-json\/wp\/v2\/product_brand?post=22999"},{"taxonomy":"product_cat","embeddable":true,"href":"https:\/\/www.quickdna.com\/fi\/wp-json\/wp\/v2\/product_cat?post=22999"},{"taxonomy":"product_tag","embeddable":true,"href":"https:\/\/www.quickdna.com\/fi\/wp-json\/wp\/v2\/product_tag?post=22999"}],"curies":[{"name":"wp","href":"https:\/\/api.w.org\/{rel}","templated":true}]}}