{"id":23006,"date":"2025-06-09T13:23:07","date_gmt":"2025-06-09T11:23:07","guid":{"rendered":"https:\/\/www.quickdna.com\/products\/dna-prenatal-test\/"},"modified":"2026-02-19T19:01:53","modified_gmt":"2026-02-19T18:01:53","slug":"dna-prenatal-test","status":"publish","type":"product","link":"https:\/\/www.quickdna.com\/ee\/products\/dna-prenatal-test\/","title":{"rendered":"DNA s\u00fcnnieelne isaduse test"},"content":{"rendered":"<p><strong><img decoding=\"async\" style=\"margin-right: 12px;\" src=\"https:\/\/www.quickdna.com\/wp-content\/uploads\/2026\/02\/Check.svg\" alt=\"\" width=\"18\" height=\"15\" \/>Isaduse kindlakstegemine enne s\u00fcndi t\u00e4iustatud s\u00fcnnieelse DNA-anal\u00fc\u00fcsi abil.<\/strong> Meie DNA s\u00fcnnieelne isadustest v\u00f5imaldab teil raseduse ajal tipptasemel geneetilise tehnoloogia abil kindlaks teha bioloogilise isaduse. Kasutades v\u00e4ga tundlikke anal\u00fc\u00fcsimeetodeid, v\u00f5rreldakse testis ema veres olevat loote DNA-d v\u00e4idetava isa DNA-ga, andes selged ja usaldusv\u00e4\u00e4rsed vastused enne lapse s\u00fcndi. Selline varajane selgus v\u00f5ib olla oluline emotsionaalseks, isiklikuks v\u00f5i \u00f5iguslikuks ettevalmistuseks.<\/p>\n<p><strong><img decoding=\"async\" style=\"margin-right: 12px;\" src=\"https:\/\/www.quickdna.com\/wp-content\/uploads\/2026\/02\/Check.svg\" alt=\"\" width=\"18\" height=\"15\" \/>V\u00e4idetavale isale m\u00f5eldud standardne v\u00f5i diskreetne prooviv\u00f5tuv\u00f5imalus.<\/strong> Pakume paindlikke lahendusi, et kohanduda teie konkreetsete oludega. Standardvaliku puhul annab v\u00e4idetav isa lihtsa p\u00f5seproovi, h\u00f5\u00f5rudes \u00f5rnalt steriilseid tampoone suus ja tagastades need laboratooriumisse. Suurema diskreetsuse tagamiseks v\u00f5imaldab diskreetne variant esitada alternatiivseid v\u00e4idetava isa isiklikke esemeid, n\u00e4iteks k\u00fc\u00fcned, juukseid koos juurtega, hambaharju, n\u00e4rimiskummi, sigaretipulki v\u00f5i kasutatud vatipulki. See tagab privaatsuse ja kohanemisv\u00f5ime, s\u00e4ilitades samas anal\u00fc\u00fctilise t\u00e4psuse.<\/p>\n<p><strong><img decoding=\"async\" style=\"margin-right: 12px;\" src=\"https:\/\/www.quickdna.com\/wp-content\/uploads\/2026\/02\/Check.svg\" alt=\"\" width=\"18\" height=\"15\" \/>Lihtne ja ohutu emade proovi kogumine vereproovi kaudu.<\/strong> Ema annab vereproovi, mis sisaldab loote DNA-d, mis on looduslikult olemas raseduse ajal. See mitteinvasiivne l\u00e4henemisviis v\u00e4ldib igasugust ohtu lootele ja seda tehakse tavalise vereanal\u00fc\u00fcsi teel. Seej\u00e4rel saadetakse proov meie laboratooriumisse, et v\u00f5rrelda seda t\u00e4pselt oletatava isa DNA-profiiliga.<\/p>\n<p><strong><img decoding=\"async\" style=\"margin-right: 12px;\" src=\"https:\/\/www.quickdna.com\/wp-content\/uploads\/2026\/02\/Check.svg\" alt=\"\" width=\"18\" height=\"15\" \/>Usaldage ISO 17025 sertifitseeritud laboratooriumi, et tagada maksimaalne teaduslik usaldusv\u00e4\u00e4rsus.<\/strong> K\u00f5ik anal\u00fc\u00fcsid viiakse l\u00e4bi ISO 17025 sertifitseeritud laboris, mis tagab rangelt rahvusvaheliselt tunnustatud testimisp\u00e4devuse ja kvaliteedikontrolli standardite j\u00e4rgimise. See sertifitseerimine tagab valideeritud protseduurid, kalibreeritud instrumendid ja asjatundlikud tehnikud, mis tagab k\u00f5rgeima t\u00e4psuse ja usalduse tulemuste suhtes.<\/p>\n<p><strong><img decoding=\"async\" style=\"margin-right: 12px;\" src=\"https:\/\/www.quickdna.com\/wp-content\/uploads\/2026\/02\/Check.svg\" alt=\"\" width=\"18\" height=\"15\" \/>Saate tulemused 72 tunni jooksul p\u00e4rast proovi laekumist laborisse.<\/strong> Me m\u00f5istame, et aeg on s\u00fcnnieelsetes olukordades kriitiline. Kui labor saab ema vereproovi ja v\u00e4idetava isa DNA-proovid, saadakse tulemused 72 tunni jooksul. Meie \u00fchtlustatud laboratooriumi t\u00f6\u00f6korraldus tagab kiire t\u00f6\u00f6tlemise, ilma et see kahjustaks teaduslikku rangust.<\/p>\n<p><strong><img decoding=\"async\" style=\"margin-right: 12px;\" src=\"https:\/\/www.quickdna.com\/wp-content\/uploads\/2026\/02\/Check.svg\" alt=\"\" width=\"18\" height=\"15\" \/>Kasuta k\u00f5ige t\u00f5husamat s\u00fcnnieelset isaduse testimise meetodit.<\/strong> Meie t\u00e4iustatud tehnoloogia isoleerib ja anal\u00fc\u00fcsib loote DNA-d erakordse t\u00e4psusega. Mitmete geneetiliste markerite v\u00f5rdlemine annab v\u00e4ga veenvaid tulemusi. Isaduse kinnitamisel on t\u00f5en\u00e4osus tavaliselt \u00fcle 99,9%, samas kui v\u00e4listamine on l\u00f5plik, kui v\u00e4idetav isa ei ole bioloogiliselt seotud. Selline t\u00f5hususe tase asetab meie testi k\u00f5ige usaldusv\u00e4\u00e4rsemate s\u00fcnnieelsete lahenduste hulka.<\/p>\n<p><strong><img decoding=\"async\" style=\"margin-right: 12px;\" src=\"https:\/\/www.quickdna.com\/wp-content\/uploads\/2026\/02\/Check.svg\" alt=\"\" width=\"18\" height=\"15\" \/>Juurdep\u00e4\u00e4s esmaklassilistele laboratoorsetele testidele k\u00f5ige konkurentsiv\u00f5imelisemate hindadega.<\/strong> Oleme p\u00fchendunud sellele, et pakkuda turul k\u00f5ige odavamat kvaliteetset s\u00fcnnieelset DNA-testimist. Optimeeritud laboriprotsesside ja t\u00f5husa logistika abil v\u00e4hendame kulusid, s\u00e4ilitades samal ajal erakordsed standardid. See tagab, et saate t\u00e4pse, sertifitseeritud testi parima v\u00f5imaliku hinnaga.<\/p>\n<p><strong><img decoding=\"async\" style=\"margin-right: 12px;\" src=\"https:\/\/www.quickdna.com\/wp-content\/uploads\/2026\/02\/Check.svg\" alt=\"\" width=\"18\" height=\"15\" \/>Nautige 24-tunnist kohaletoimetamist, et alustada protsessi viivitamatult.<\/strong> Pakume teile alati 24-tunnist tarnet, mis v\u00f5imaldab teil kiiresti alustada proovide kogumist. Kiire tarne tagab, et nii ema vere kogumine kui ka v\u00e4idetava isa proovi esitamine saab toimuda v\u00f5imalikult kiiresti.<\/p>\n<p><strong><img decoding=\"async\" style=\"margin-right: 12px;\" src=\"https:\/\/www.quickdna.com\/wp-content\/uploads\/2026\/02\/Check.svg\" alt=\"\" width=\"18\" height=\"15\" \/>Teie juhtumi t\u00e4ielik konfidentsiaalsus ja diskreetne k\u00e4sitlemine.<\/strong> Me k\u00e4sitleme iga s\u00fcnnieelset isaduse juhtumit rangelt konfidentsiaalselt. Alates neutraalsest pakendamisest ja turvalisest dokumentatsioonist kuni kaitstud tulemuste edastamiseni austame teie privaatsust igas etapis. V\u00e4idetava isa diskreetne prooviv\u00f5tu v\u00f5imalus suurendab vajadusel veelgi konfidentsiaalsust.<\/p>\n<p><strong><img decoding=\"async\" style=\"margin-right: 12px;\" src=\"https:\/\/www.quickdna.com\/wp-content\/uploads\/2026\/02\/Check.svg\" alt=\"\" width=\"18\" height=\"15\" \/>Ostke kindlalt t\u00e4nu meie raha-tagastamisgarantiile.<\/strong> Me seisame t\u00e4ielikult meie DNA s\u00fcnnieelse isaduse testi usaldusv\u00e4\u00e4rsuse ja professionaalsuse eest. Kui te ei ole meie teenusega rahul, pakume raha tagasi garantiid. See kohustus tagab, et teie otsus j\u00e4tkata on t\u00e4iesti riskivaba ja toetab meie p\u00fchendumust kliendi rahulolule.<\/p>\n<h2><strong>Juhised<\/strong><\/h2>\n<ul>\n<li>Tellimuse esitamisel valige v\u00e4idetava isa jaoks eelistatud variant: tavaline p\u00f5seproovi test v\u00f5i diskreetne proovi esitamine.<\/li>\n<li>P\u00e4rast komplekti k\u00e4ttesaamist 24-tunnise tarneajaga vaadake enne proovide v\u00f5tmist hoolikalt l\u00e4bi k\u00f5ik lisatud juhised.<\/li>\n<li>Korraldage emale vereproovi v\u00f5tmine vastavalt etteantud juhistele. Vereproov peab olema n\u00f5uetekohaselt m\u00e4rgistatud ja k\u00e4ideldud, et tagada t\u00e4pne loote DNA anal\u00fc\u00fcs.<\/li>\n<li>Veenduge, et ema vereproov kogutakse vastavalt h\u00fcgieenilistele ja professionaalsetele protseduuridele ning pakendatakse vastavalt juhistele, et seda saaks turvaliselt laborisse transportida.<\/li>\n<li>Standardse v\u00e4idetava isa testi tegemiseks kasutage kaasasolevaid steriilseid tampoone ja h\u00f5\u00f5ruge kindlalt p\u00f5se sisemusse 30-60 sekundit tampooni kohta. V\u00e4ltige s\u00f6\u00f6mist, joomist v\u00f5i suitsetamist v\u00e4hemalt \u00fcks tund enne proovi v\u00f5tmist.<\/li>\n<li>Laske tampoonidel t\u00e4ielikult kuivada enne nende paigutamist selleks etten\u00e4htud \u00fcmbrikutesse, et v\u00e4ltida nende lagunemist.<\/li>\n<li>Diskreetse variandi puhul (ainult isa) koguge sobivaid isiklikke esemeid, n\u00e4iteks k\u00fc\u00fcned, n\u00e4htava juurtega juuksed, kasutatud hambahari, n\u00e4rimiskummi, sigaretipuru v\u00f5i kasutatud vatitikud. K\u00e4sitsege proove ettevaatlikult, et v\u00e4ltida saastumist, ja pange iga ese eraldi puhtasse konteinerisse.<\/li>\n<li>T\u00e4itke k\u00f5ik n\u00f5utavad identifitseerimisvormid t\u00e4pselt, tagades, et ema ja v\u00e4idetava isa andmed vastavad esitatud proovidele.<\/li>\n<li>Pakendage ema vereproov ja v\u00e4idetava isa DNA-proovid turvaliselt, kasutades selleks etten\u00e4htud materjale, ja saatke need vastavalt juhistele laborisse.<\/li>\n<li>Kui labor saab k\u00f5ik n\u00f5utavad proovid, algab anal\u00fc\u00fcs kohe. Tulemused saadetakse 72 tunni jooksul p\u00e4rast nende laekumist laborisse ja edastatakse turvaliselt e-posti teel.<\/li>\n<\/ul>","protected":false},"excerpt":{"rendered":"<p>Determine paternity before birth with advanced prenatal DNA analysis. Our DNA prenatal paternity test allows you to establish biological fatherhood during pregnancy with cutting-edge genetic technology. Using highly sensitive analysis techniques, the test compares fetal DNA present in the mother\u2019s blood with the alleged father\u2019s DNA, providing clear and reliable answers before the child is [&hellip;]<\/p>\n","protected":false},"featured_media":23015,"comment_status":"open","ping_status":"closed","template":"","meta":{"_uag_custom_page_level_css":"","site-sidebar-layout":"default","site-content-layout":"","ast-site-content-layout":"default","site-content-style":"default","site-sidebar-style":"default","ast-global-header-display":"","ast-banner-title-visibility":"","ast-main-header-display":"","ast-hfb-above-header-display":"","ast-hfb-below-header-display":"","ast-hfb-mobile-header-display":"","site-post-title":"","ast-breadcrumbs-content":"","ast-featured-img":"","footer-sml-layout":"","ast-disable-related-posts":"","theme-transparent-header-meta":"default","adv-header-id-meta":"","stick-header-meta":"","header-above-stick-meta":"","header-main-stick-meta":"","header-below-stick-meta":"","astra-migrate-meta-layouts":"set","ast-page-background-enabled":"default","ast-page-background-meta":{"desktop":{"background-color":"var(--ast-global-color-4)","background-image":"","background-repeat":"repeat","background-position":"center center","background-size":"auto","background-attachment":"scroll","background-type":"","background-media":"","overlay-type":"","overlay-color":"","overlay-opacity":"","overlay-gradient":""},"tablet":{"background-color":"","background-image":"","background-repeat":"repeat","background-position":"center center","background-size":"auto","background-attachment":"scroll","background-type":"","background-media":"","overlay-type":"","overlay-color":"","overlay-opacity":"","overlay-gradient":""},"mobile":{"background-color":"","background-image":"","background-repeat":"repeat","background-position":"center center","background-size":"auto","background-attachment":"scroll","background-type":"","background-media":"","overlay-type":"","overlay-color":"","overlay-opacity":"","overlay-gradient":""}},"ast-content-background-meta":{"desktop":{"background-color":"var(--ast-global-color-5)","background-image":"","background-repeat":"repeat","background-position":"center center","background-size":"auto","background-attachment":"scroll","background-type":"","background-media":"","overlay-type":"","overlay-color":"","overlay-opacity":"","overlay-gradient":""},"tablet":{"background-color":"var(--ast-global-color-5)","background-image":"","background-repeat":"repeat","background-position":"center center","background-size":"auto","background-attachment":"scroll","background-type":"","background-media":"","overlay-type":"","overlay-color":"","overlay-opacity":"","overlay-gradient":""},"mobile":{"background-color":"var(--ast-global-color-5)","background-image":"","background-repeat":"repeat","background-position":"center center","background-size":"auto","background-attachment":"scroll","background-type":"","background-media":"","overlay-type":"","overlay-color":"","overlay-opacity":"","overlay-gradient":""}}},"product_brand":[],"product_cat":[15],"product_tag":[],"class_list":{"0":"post-23006","1":"product","2":"type-product","3":"status-publish","4":"has-post-thumbnail","6":"product_cat-shop","7":"desktop-align-left","8":"tablet-align-left","9":"mobile-align-left","11":"first","12":"instock","13":"taxable","14":"shipping-taxable","15":"purchasable","16":"product-type-variable","17":"has-default-attributes"},"spectra_custom_meta":{"_visibility":["visible"],"_shopify_product_id":["7904181256424"],"_s2w_shopify_domain":["quickdna.myshopify.com"],"_shopify_variant_id":["44228462936296"],"_manage_stock":["no"],"total_sales":["199"],"_tax_status":["taxable"],"_tax_class":[""],"_backorders":["no"],"_sold_individually":["no"],"_virtual":["no"],"_downloadable":["no"],"_download_limit":["-1"],"_download_expiry":["-1"],"_stock":[null],"_stock_status":["instock"],"_wc_average_rating":["4.91"],"_wc_review_count":["93"],"_product_attributes":["a:1:{s:13:\"discreet-test\";a:6:{s:4:\"name\";s:13:\"Discreet test\";s:5:\"value\";s:8:\"No | Yes\";s:8:\"position\";i:1;s:10:\"is_visible\";i:0;s:12:\"is_variation\";i:1;s:11:\"is_taxonomy\";i:0;}}"],"_product_version":["10.5.2"],"_thumbnail_id":["23015"],"_edit_last":["1"],"_wp_page_template":["default"],"_edit_lock":["1771523977:1"],"merchant-center-availability":["yes"],"merchant-center-category":["505293"],"site-sidebar-layout":["default"],"ast-site-content-layout":["default"],"site-content-style":["default"],"site-sidebar-style":["default"],"theme-transparent-header-meta":["default"],"_wc_rating_count":["a:3:{i:3;i:1;i:4;i:6;i:5;i:86;}"],"_default_attributes":["a:1:{s:13:\"discreet-test\";s:2:\"No\";}"],"_price":["299.90","359.90"],"merchant-center-id":["PRE"],"astra-migrate-meta-layouts":["set"],"_uag_css_file_name":["uag-css-23006.css"],"_elementor_page_assets":["a:0:{}"]},"uagb_featured_image_src":{"full":["https:\/\/www.quickdna.com\/wp-content\/uploads\/2025\/06\/Sans_titre__50_-removebg-preview.png",500,500,false],"thumbnail":["https:\/\/www.quickdna.com\/wp-content\/uploads\/2025\/06\/Sans_titre__50_-removebg-preview-150x150.png",150,150,true],"medium":["https:\/\/www.quickdna.com\/wp-content\/uploads\/2025\/06\/Sans_titre__50_-removebg-preview-300x300.png",300,300,true],"medium_large":["https:\/\/www.quickdna.com\/wp-content\/uploads\/2025\/06\/Sans_titre__50_-removebg-preview.png",500,500,false],"large":["https:\/\/www.quickdna.com\/wp-content\/uploads\/2025\/06\/Sans_titre__50_-removebg-preview.png",500,500,false],"1536x1536":["https:\/\/www.quickdna.com\/wp-content\/uploads\/2025\/06\/Sans_titre__50_-removebg-preview.png",500,500,false],"2048x2048":["https:\/\/www.quickdna.com\/wp-content\/uploads\/2025\/06\/Sans_titre__50_-removebg-preview.png",500,500,false],"trp-custom-language-flag":["https:\/\/www.quickdna.com\/wp-content\/uploads\/2025\/06\/Sans_titre__50_-removebg-preview-12x12.png",12,12,true],"woocommerce_thumbnail":["https:\/\/www.quickdna.com\/wp-content\/uploads\/2025\/06\/Sans_titre__50_-removebg-preview-300x300.png",300,300,true],"woocommerce_single":["https:\/\/www.quickdna.com\/wp-content\/uploads\/2025\/06\/Sans_titre__50_-removebg-preview.png",500,500,false],"woocommerce_gallery_thumbnail":["https:\/\/www.quickdna.com\/wp-content\/uploads\/2025\/06\/Sans_titre__50_-removebg-preview-100x100.png",100,100,true]},"uagb_author_info":{"display_name":"admin","author_link":"https:\/\/www.quickdna.com\/ee\/author\/"},"uagb_comment_info":93,"uagb_excerpt":"Determine paternity before birth with advanced prenatal DNA analysis. Our DNA prenatal paternity test allows you to establish biological fatherhood during pregnancy with cutting-edge genetic technology. Using highly sensitive analysis techniques, the test compares fetal DNA present in the mother\u2019s blood with the alleged father\u2019s DNA, providing clear and reliable answers before the child is&hellip;","_links":{"self":[{"href":"https:\/\/www.quickdna.com\/ee\/wp-json\/wp\/v2\/product\/23006","targetHints":{"allow":["GET"]}}],"collection":[{"href":"https:\/\/www.quickdna.com\/ee\/wp-json\/wp\/v2\/product"}],"about":[{"href":"https:\/\/www.quickdna.com\/ee\/wp-json\/wp\/v2\/types\/product"}],"replies":[{"embeddable":true,"href":"https:\/\/www.quickdna.com\/ee\/wp-json\/wp\/v2\/comments?post=23006"}],"version-history":[{"count":9,"href":"https:\/\/www.quickdna.com\/ee\/wp-json\/wp\/v2\/product\/23006\/revisions"}],"predecessor-version":[{"id":30174,"href":"https:\/\/www.quickdna.com\/ee\/wp-json\/wp\/v2\/product\/23006\/revisions\/30174"}],"wp:featuredmedia":[{"embeddable":true,"href":"https:\/\/www.quickdna.com\/ee\/wp-json\/wp\/v2\/media\/23015"}],"wp:attachment":[{"href":"https:\/\/www.quickdna.com\/ee\/wp-json\/wp\/v2\/media?parent=23006"}],"wp:term":[{"taxonomy":"product_brand","embeddable":true,"href":"https:\/\/www.quickdna.com\/ee\/wp-json\/wp\/v2\/product_brand?post=23006"},{"taxonomy":"product_cat","embeddable":true,"href":"https:\/\/www.quickdna.com\/ee\/wp-json\/wp\/v2\/product_cat?post=23006"},{"taxonomy":"product_tag","embeddable":true,"href":"https:\/\/www.quickdna.com\/ee\/wp-json\/wp\/v2\/product_tag?post=23006"}],"curies":[{"name":"wp","href":"https:\/\/api.w.org\/{rel}","templated":true}]}}