{"id":23003,"date":"2025-06-09T13:23:06","date_gmt":"2025-06-09T11:23:06","guid":{"rendered":"https:\/\/www.quickdna.com\/products\/dna-parentage-test\/"},"modified":"2026-02-19T18:44:25","modified_gmt":"2026-02-19T17:44:25","slug":"dna-parentage-test","status":"publish","type":"product","link":"https:\/\/www.quickdna.com\/ee\/products\/dna-parentage-test\/","title":{"rendered":"DNA isaduse test"},"content":{"rendered":"<p><strong><img decoding=\"async\" style=\"margin-right: 12px;\" src=\"https:\/\/www.quickdna.com\/wp-content\/uploads\/2026\/02\/Check.svg\" alt=\"\" width=\"18\" height=\"15\" \/>Saage selged ja usaldusv\u00e4\u00e4rsed vastused bioloogilise p\u00e4ritolu kohta laboratoorse t\u00e4psusega.<\/strong> Meie DNA-test annab teaduslikult kinnitatud tulemusi, mis m\u00e4\u00e4ravad bioloogilised suhted erakordse t\u00e4psusega, andes teile selgust ja meelerahu tundlikes olukordades. Kasutades t\u00e4iustatud geneetilist anal\u00fc\u00fcsi, v\u00f5rdleme v\u00e4idetava isa ja lapse vahelisi spetsiifilisi DNA-markereid, et teha \u00e4\u00e4rmiselt suure t\u00f5en\u00e4osusega kindlaks p\u00f5lvnemine, andes usaldusv\u00e4\u00e4rseid j\u00e4reldusi, mida v\u00f5ite usaldada.<\/p>\n<p><strong><img decoding=\"async\" style=\"margin-right: 12px;\" src=\"https:\/\/www.quickdna.com\/wp-content\/uploads\/2026\/02\/Check.svg\" alt=\"\" width=\"18\" height=\"15\" \/>Valige standardtest v\u00f5i diskreetne test, mis sobib teie olukorrale.<\/strong> Me m\u00f5istame, et iga juhtum on ainulaadne, mist\u00f5ttu pakume kahte paindlikku testimisv\u00f5imalust. Standardtest h\u00f5lmab steriilseid suumustikke, mis h\u00f5\u00f5rutakse \u00f5rnalt p\u00f5se sisemusse ja saadetakse tagasi meie laboratooriumisse. Suuremat diskreetsust n\u00f5udvate olukordade puhul v\u00f5ite valida diskreetse v\u00f5imaluse ja esitada alternatiivseid proove, n\u00e4iteks k\u00fc\u00fcned, juuksejuured, hambaharjad, n\u00e4rimiskummid, sigaretipungad v\u00f5i kasutatud vatitikud. Selline paindlikkus tagab, et saate j\u00e4tkata viisil, mis tundub teile mugav ja sobiv.<\/p>\n<p><strong><img decoding=\"async\" style=\"margin-right: 12px;\" src=\"https:\/\/www.quickdna.com\/wp-content\/uploads\/2026\/02\/Check.svg\" alt=\"\" width=\"18\" height=\"15\" \/>Usaldage ISO 17025 sertifitseeritud laboratooriumi, et saavutada maksimaalne t\u00e4psus.<\/strong> K\u00f5ik anal\u00fc\u00fcsid viiakse l\u00e4bi ISO 17025 standardite kohaselt sertifitseeritud laboris, mis tagab range kvaliteedikontrolli, valideeritud katsemeetodid, kalibreeritud seadmed ja k\u00f5rgelt koolitatud tehnilise personali. See rahvusvaheliselt tunnustatud sertifikaat tagab, et teie DNA- isadustest viiakse l\u00e4bi vastavalt rangetele teaduslikele ja tehnilistele standarditele, mis tagab k\u00f5rgeima usaldusv\u00e4\u00e4rsuse taseme tulemused.<\/p>\n<p><strong><img decoding=\"async\" style=\"margin-right: 12px;\" src=\"https:\/\/www.quickdna.com\/wp-content\/uploads\/2026\/02\/Check.svg\" alt=\"\" width=\"18\" height=\"15\" \/>Saate kiireid tulemusi 72 tunni jooksul p\u00e4rast seda, kui labor saab teie proovid k\u00e4tte.<\/strong> Me teame, et vastuste ootamine v\u00f5ib olla stressirohke, mist\u00f5ttu seame prioriteediks kiiruse, ilma et see kahjustaks t\u00e4psust. Kui teie proovid j\u00f5uavad meie laborisse, saadame tulemused 72 tunni jooksul. Selline kiire valmimisaeg v\u00f5imaldab teil kiiresti ja kindlalt edasi liikuda.<\/p>\n<p><strong><img decoding=\"async\" style=\"margin-right: 12px;\" src=\"https:\/\/www.quickdna.com\/wp-content\/uploads\/2026\/02\/Check.svg\" alt=\"\" width=\"18\" height=\"15\" \/>Kasuta k\u00f5ige t\u00f5husamat olemasolevat DNA-testimise protsessi.<\/strong> Meie t\u00e4iustatud geneetilise profiilianal\u00fc\u00fcsi meetodid anal\u00fc\u00fcsivad mitmeid DNA-markereid, et anda v\u00e4ga veenvaid tulemusi. Isaduse kinnitamisel on isaduse t\u00f5en\u00e4osus tavaliselt \u00fcle 99,9%, samas kui v\u00e4listamine on l\u00f5plik, kui v\u00e4idetav isa ei ole bioloogiliselt seotud. Selline t\u00f5hususe tase teeb meie DNA- isadustestist \u00fche k\u00f5ige usaldusv\u00e4\u00e4rsema lahenduse.<\/p>\n<p><strong><img decoding=\"async\" style=\"margin-right: 12px;\" src=\"https:\/\/www.quickdna.com\/wp-content\/uploads\/2026\/02\/Check.svg\" alt=\"\" width=\"18\" height=\"15\" \/>Kasutage \u00e4ra k\u00f5ige odavamat professionaalset DNA isadustest turul.<\/strong> Oleme p\u00fchendunud kvaliteetsete laboratoorsete testide pakkumisele k\u00f5ige konkurentsiv\u00f5imelisemate hindadega. Optimeerides oma logistika- ja laboriprotsesse, v\u00e4hendame \u00fcldkulusid ja anname kokkuhoiu otse teile edasi. See tagab, et saate professionaalse kvaliteediga geneetilise anal\u00fc\u00fcsi v\u00f5imalikult madala hinnaga, ilma et kannataksite kvaliteedi v\u00f5i usaldusv\u00e4\u00e4rsuse all.<\/p>\n<p><strong><img decoding=\"async\" style=\"margin-right: 12px;\" src=\"https:\/\/www.quickdna.com\/wp-content\/uploads\/2026\/02\/Check.svg\" alt=\"\" width=\"18\" height=\"15\" \/>Tellige juba t\u00e4na ja saate oma komplekti 24-tunnise tarneajaga.<\/strong> Pakume alati 24-tunnist kohaletoimetamist, et saaksite alustada testimisprotsessi viivitamatult. Olenemata sellest, kas valite standardse tampoonikomplekti v\u00f5i kavatsete esitada diskreetsed proovid, j\u00f5uab teie tellimus kiiresti kohale, mis v\u00f5imaldab teil kohe tegutseda.<\/p>\n<p><strong><img decoding=\"async\" style=\"margin-right: 12px;\" src=\"https:\/\/www.quickdna.com\/wp-content\/uploads\/2026\/02\/Check.svg\" alt=\"\" width=\"18\" height=\"15\" \/>Nautige t\u00e4ielikku konfidentsiaalsust ja privaatsust kogu protsessi v\u00e4ltel.<\/strong> Me k\u00e4sitleme k\u00f5iki juhtumeid rangelt konfidentsiaalselt. Alates diskreetsest pakendamisest kuni turvalise laboratoorse k\u00e4itlemise ja kaitstud tulemuste edastamiseni on teie isikuandmed ja testitulemused kaitstud igal etapil. Meie diskreetne testimisv\u00f5imalus suurendab veelgi privaatsust, v\u00f5imaldades esitada mitteinvasiivseid v\u00f5i igap\u00e4evaseid isiklikke esemeid.<\/p>\n<p><strong><img decoding=\"async\" style=\"margin-right: 12px;\" src=\"https:\/\/www.quickdna.com\/wp-content\/uploads\/2026\/02\/Check.svg\" alt=\"\" width=\"18\" height=\"15\" \/>Lihtne, mitteinvasiivne prooviv\u00f5tuprotsess.<\/strong> Standardne p\u00f5seproovi meetod on valutu ja kodus h\u00f5lpsasti teostatav. See n\u00f5uab vaid p\u00f5se sisek\u00fclje \u00f5rna h\u00f5\u00f5rumist m\u00f5ne sekundi jooksul, et koguda piisavalt geneetilist materjali. Isegi diskreetseid proove on lihtne koguda, j\u00e4rgides meie selgeid juhiseid, mis teeb kogu protsessi k\u00e4ttesaadavaks ja lihtsaks.<\/p>\n<p><strong><img decoding=\"async\" style=\"margin-right: 12px;\" src=\"https:\/\/www.quickdna.com\/wp-content\/uploads\/2026\/02\/Check.svg\" alt=\"\" width=\"18\" height=\"15\" \/>Riskivaba ost meie raha-tagasi garantiiga.<\/strong> Me seisame oma DNA-testide kvaliteedi ja usaldusv\u00e4\u00e4rsuse eest. Kui te ei ole meie teenusega rahul, pakume raha tagasi garantiid. Teie usaldus on meile oluline ja me oleme p\u00fchendunud sellele, et tagada teie t\u00e4ielik rahulolu alates tellimusest kuni tulemuseni.<\/p>\n<h2><strong>Juhised<\/strong><\/h2>\n<ul>\n<li>Tellimuse esitamisel valige eelistatud testimisviis: standardtest p\u00f5setampooniga v\u00f5i diskreetne test, milles kasutatakse alternatiivseid bioloogilisi proove.<\/li>\n<li>Kui olete saanud komplekti 24-tunnise tarneajaga, lugege hoolikalt lisatud juhiseid enne proovide v\u00f5tmist.<\/li>\n<li>Standardtesti jaoks kasutage kaasasolevaid steriilseid tampoone ja h\u00f5\u00f5ruge tugevalt p\u00f5se sisek\u00fcljele v\u00e4hemalt 30-60 sekundit, et tagada piisav DNA kogumine. V\u00e4ltige s\u00f6\u00f6mist, joomist v\u00f5i suitsetamist v\u00e4hemalt \u00fcks tund enne proovi v\u00f5tmist.<\/li>\n<li>Laske tampoonidel kuivada \u00f5hu k\u00e4es komplekti juhendis soovitatud aja jooksul enne nende paigutamist etten\u00e4htud \u00fcmbrikutesse.<\/li>\n<li>Diskreetse testi jaoks koguge sobivaid esemeid, n\u00e4iteks k\u00fc\u00fcned, n\u00e4htava juurega juuksed, kasutatud hambahari, n\u00e4rimiskumm, sigaretipulk v\u00f5i kasutatud vatitikud. Veenduge, et proove k\u00e4ideldakse ettevaatlikult ja pannakse saastumise v\u00e4ltimiseks puhastesse, eraldi anumatesse.<\/li>\n<li>Esitage ainult need proovid, mida on kasutanud ainult uuritav isik. Ristsaastumine teiste inimeste DNA-ga v\u00f5ib m\u00f5jutada anal\u00fc\u00fcsi.<\/li>\n<li>T\u00e4itke komplekti lisatud identifitseerimisvorm, esitades iga osaleja kohta t\u00e4psed andmed.<\/li>\n<li>Asetage k\u00f5ik proovid ja dokumendid etten\u00e4htud tagastamispakendisse ja saatke need vastavalt juhistele laborisse tagasi.<\/li>\n<li>Kui labor saab proovid k\u00e4tte, algab anal\u00fc\u00fcs kohe. Tulemused saadakse 72 tunni jooksul p\u00e4rast proovi laekumist laborisse.<\/li>\n<li>Tulemused edastatakse turvaliselt e-posti teel. Kui teil tekib protsessi k\u00e4igus k\u00fcsimusi, v\u00f5tke n\u00f5u ja abi saamiseks \u00fchendust meie klienditoe meeskonnaga.<\/li>\n<\/ul>","protected":false},"excerpt":{"rendered":"<p>Get clear and reliable answers about biological parentage with laboratory precision. Our DNA paternity test provides scientifically validated results that determine biological relationships with exceptional accuracy, giving you clarity and peace of mind in sensitive situations. Using advanced genetic analysis, we compare specific DNA markers between the alleged father and child to establish parentage with [&hellip;]<\/p>\n","protected":false},"featured_media":23013,"comment_status":"open","ping_status":"closed","template":"","meta":{"_uag_custom_page_level_css":"","site-sidebar-layout":"default","site-content-layout":"","ast-site-content-layout":"default","site-content-style":"default","site-sidebar-style":"default","ast-global-header-display":"","ast-banner-title-visibility":"","ast-main-header-display":"","ast-hfb-above-header-display":"","ast-hfb-below-header-display":"","ast-hfb-mobile-header-display":"","site-post-title":"","ast-breadcrumbs-content":"","ast-featured-img":"","footer-sml-layout":"","ast-disable-related-posts":"","theme-transparent-header-meta":"default","adv-header-id-meta":"","stick-header-meta":"","header-above-stick-meta":"","header-main-stick-meta":"","header-below-stick-meta":"","astra-migrate-meta-layouts":"set","ast-page-background-enabled":"default","ast-page-background-meta":{"desktop":{"background-color":"var(--ast-global-color-4)","background-image":"","background-repeat":"repeat","background-position":"center center","background-size":"auto","background-attachment":"scroll","background-type":"","background-media":"","overlay-type":"","overlay-color":"","overlay-opacity":"","overlay-gradient":""},"tablet":{"background-color":"","background-image":"","background-repeat":"repeat","background-position":"center center","background-size":"auto","background-attachment":"scroll","background-type":"","background-media":"","overlay-type":"","overlay-color":"","overlay-opacity":"","overlay-gradient":""},"mobile":{"background-color":"","background-image":"","background-repeat":"repeat","background-position":"center center","background-size":"auto","background-attachment":"scroll","background-type":"","background-media":"","overlay-type":"","overlay-color":"","overlay-opacity":"","overlay-gradient":""}},"ast-content-background-meta":{"desktop":{"background-color":"var(--ast-global-color-5)","background-image":"","background-repeat":"repeat","background-position":"center center","background-size":"auto","background-attachment":"scroll","background-type":"","background-media":"","overlay-type":"","overlay-color":"","overlay-opacity":"","overlay-gradient":""},"tablet":{"background-color":"var(--ast-global-color-5)","background-image":"","background-repeat":"repeat","background-position":"center center","background-size":"auto","background-attachment":"scroll","background-type":"","background-media":"","overlay-type":"","overlay-color":"","overlay-opacity":"","overlay-gradient":""},"mobile":{"background-color":"var(--ast-global-color-5)","background-image":"","background-repeat":"repeat","background-position":"center center","background-size":"auto","background-attachment":"scroll","background-type":"","background-media":"","overlay-type":"","overlay-color":"","overlay-opacity":"","overlay-gradient":""}}},"product_brand":[],"product_cat":[15],"product_tag":[],"class_list":{"0":"post-23003","1":"product","2":"type-product","3":"status-publish","4":"has-post-thumbnail","6":"product_cat-shop","7":"desktop-align-left","8":"tablet-align-left","9":"mobile-align-left","11":"first","12":"instock","13":"taxable","14":"shipping-taxable","15":"purchasable","16":"product-type-variable","17":"has-default-attributes"},"spectra_custom_meta":{"_visibility":["visible"],"_shopify_product_id":["7437934264552"],"_s2w_shopify_domain":["quickdna.myshopify.com"],"_shopify_variant_id":["42550069493992"],"_manage_stock":["no"],"total_sales":["1441"],"_tax_status":["taxable"],"_tax_class":[""],"_backorders":["no"],"_sold_individually":["no"],"_virtual":["no"],"_downloadable":["no"],"_download_limit":["-1"],"_download_expiry":["-1"],"_stock":[null],"_stock_status":["instock"],"_wc_average_rating":["4.73"],"_wc_review_count":["145"],"_product_attributes":["a:1:{s:13:\"discreet-test\";a:6:{s:4:\"name\";s:13:\"Discreet test\";s:5:\"value\";s:8:\"No | Yes\";s:8:\"position\";i:1;s:10:\"is_visible\";i:0;s:12:\"is_variation\";i:1;s:11:\"is_taxonomy\";i:0;}}"],"_product_version":["10.5.2"],"_thumbnail_id":["23013"],"_edit_last":["1"],"_wp_page_template":["default"],"_edit_lock":["1771525303:1"],"merchant-center-availability":["yes"],"merchant-center-category":["505293"],"merchant-center-id":["PAR"],"site-sidebar-layout":["default"],"ast-site-content-layout":["default"],"site-content-style":["default"],"site-sidebar-style":["default"],"theme-transparent-header-meta":["default"],"_wc_rating_count":["a:3:{i:3;i:8;i:4;i:23;i:5;i:114;}"],"_default_attributes":["a:1:{s:13:\"discreet-test\";s:2:\"No\";}"],"_price":["99.90","169.90"],"astra-migrate-meta-layouts":["set"],"_uag_css_file_name":["uag-css-23003.css"],"_elementor_page_assets":["a:0:{}"],"_uag_page_assets":["a:9:{s:3:\"css\";s:7133:\".uag-blocks-common-selector{z-index:var(--z-index-desktop) !important}@media(max-width: 976px){.uag-blocks-common-selector{z-index:var(--z-index-tablet) !important}}@media(max-width: 767px){.uag-blocks-common-selector{z-index:var(--z-index-mobile) !important}}.wp-block-uagb-image{display:flex}.wp-block-uagb-image__figure{position:relative;display:flex;flex-direction:column;max-width:100%;height:auto;margin:0}.wp-block-uagb-image__figure img{height:auto;display:flex;max-width:100%;transition:box-shadow .2s ease}.wp-block-uagb-image__figure>a{display:inline-block}.wp-block-uagb-image__figure figcaption{text-align:center;margin-top:.5em;margin-bottom:1em}.wp-block-uagb-image .components-placeholder.block-editor-media-placeholder .components-placeholder__instructions{align-self:center}.wp-block-uagb-image--align-left{text-align:left}.wp-block-uagb-image--align-right{text-align:right}.wp-block-uagb-image--align-center{text-align:center}.wp-block-uagb-image--align-full .wp-block-uagb-image__figure{margin-left:calc(50% - 50vw);margin-right:calc(50% - 50vw);max-width:100vw;width:100vw;height:auto}.wp-block-uagb-image--align-full .wp-block-uagb-image__figure img{height:auto;width:100% !important}.wp-block-uagb-image--align-wide .wp-block-uagb-image__figure img{height:auto;width:100%}.wp-block-uagb-image--layout-overlay__color-wrapper{position:absolute;left:0;top:0;right:0;bottom:0;opacity:.2;background:rgba(0,0,0,.5);transition:opacity .35s ease-in-out}.wp-block-uagb-image--layout-overlay-link{position:absolute;left:0;right:0;bottom:0;top:0}.wp-block-uagb-image--layout-overlay .wp-block-uagb-image__figure:hover .wp-block-uagb-image--layout-overlay__color-wrapper{opacity:1}.wp-block-uagb-image--layout-overlay__inner{position:absolute;left:15px;right:15px;bottom:15px;top:15px;display:flex;align-items:center;justify-content:center;flex-direction:column;border-color:#fff;transition:.35s ease-in-out}.wp-block-uagb-image--layout-overlay__inner.top-left,.wp-block-uagb-image--layout-overlay__inner.top-center,.wp-block-uagb-image--layout-overlay__inner.top-right{justify-content:flex-start}.wp-block-uagb-image--layout-overlay__inner.bottom-left,.wp-block-uagb-image--layout-overlay__inner.bottom-center,.wp-block-uagb-image--layout-overlay__inner.bottom-right{justify-content:flex-end}.wp-block-uagb-image--layout-overlay__inner.top-left,.wp-block-uagb-image--layout-overlay__inner.center-left,.wp-block-uagb-image--layout-overlay__inner.bottom-left{align-items:flex-start}.wp-block-uagb-image--layout-overlay__inner.top-right,.wp-block-uagb-image--layout-overlay__inner.center-right,.wp-block-uagb-image--layout-overlay__inner.bottom-right{align-items:flex-end}.wp-block-uagb-image--layout-overlay__inner .uagb-image-heading{color:#fff;transition:transform .35s,opacity .35s ease-in-out;transform:translate3d(0, 24px, 0);margin:0;line-height:1em}.wp-block-uagb-image--layout-overlay__inner .uagb-image-separator{width:30%;border-top-width:2px;border-top-color:#fff;border-top-style:solid;margin-bottom:10px;opacity:0;transition:transform .4s,opacity .4s ease-in-out;transform:translate3d(0, 30px, 0)}.wp-block-uagb-image--layout-overlay__inner .uagb-image-caption{opacity:0;overflow:visible;color:#fff;transition:transform .45s,opacity .45s ease-in-out;transform:translate3d(0, 35px, 0)}.wp-block-uagb-image--layout-overlay__inner:hover .uagb-image-heading,.wp-block-uagb-image--layout-overlay__inner:hover .uagb-image-separator,.wp-block-uagb-image--layout-overlay__inner:hover .uagb-image-caption{opacity:1;transform:translate3d(0, 0, 0)}.wp-block-uagb-image--effect-zoomin .wp-block-uagb-image__figure img,.wp-block-uagb-image--effect-zoomin .wp-block-uagb-image__figure .wp-block-uagb-image--layout-overlay__color-wrapper{transform:scale(1);transition:transform .35s ease-in-out}.wp-block-uagb-image--effect-zoomin .wp-block-uagb-image__figure:hover img,.wp-block-uagb-image--effect-zoomin .wp-block-uagb-image__figure:hover .wp-block-uagb-image--layout-overlay__color-wrapper{transform:scale(1.05)}.wp-block-uagb-image--effect-slide .wp-block-uagb-image__figure img,.wp-block-uagb-image--effect-slide .wp-block-uagb-image__figure .wp-block-uagb-image--layout-overlay__color-wrapper{width:calc(100% + 40px) !important;max-width:none !important;transform:translate3d(-40px, 0, 0);transition:transform .35s ease-in-out}.wp-block-uagb-image--effect-slide .wp-block-uagb-image__figure:hover img,.wp-block-uagb-image--effect-slide .wp-block-uagb-image__figure:hover .wp-block-uagb-image--layout-overlay__color-wrapper{transform:translate3d(0, 0, 0)}.wp-block-uagb-image--effect-grayscale img{filter:grayscale(0%);transition:.35s ease-in-out}.wp-block-uagb-image--effect-grayscale:hover img{filter:grayscale(100%)}.wp-block-uagb-image--effect-blur img{filter:blur(0);transition:.35s ease-in-out}.wp-block-uagb-image--effect-blur:hover img{filter:blur(3px)}.uagb-block-e6f939b3.wp-block-uagb-image--layout-default figure img{box-shadow: 0px 0px 0 #00000070;}.uagb-block-e6f939b3.wp-block-uagb-image .wp-block-uagb-image__figure figcaption{font-style: normal;align-self: center;}.uagb-block-e6f939b3.wp-block-uagb-image--layout-overlay figure img{box-shadow: 0px 0px 0 #00000070;}.uagb-block-e6f939b3.wp-block-uagb-image--layout-overlay .wp-block-uagb-image--layout-overlay__color-wrapper{opacity: 0.2;}.uagb-block-e6f939b3.wp-block-uagb-image--layout-overlay .wp-block-uagb-image--layout-overlay__inner{left: 15px;right: 15px;top: 15px;bottom: 15px;}.uagb-block-e6f939b3.wp-block-uagb-image--layout-overlay .wp-block-uagb-image--layout-overlay__inner .uagb-image-heading{font-style: normal;color: #fff;opacity: 1;}.uagb-block-e6f939b3.wp-block-uagb-image--layout-overlay .wp-block-uagb-image--layout-overlay__inner .uagb-image-heading a{color: #fff;}.uagb-block-e6f939b3.wp-block-uagb-image--layout-overlay .wp-block-uagb-image--layout-overlay__inner .uagb-image-caption{opacity: 0;}.uagb-block-e6f939b3.wp-block-uagb-image--layout-overlay .wp-block-uagb-image__figure:hover .wp-block-uagb-image--layout-overlay__color-wrapper{opacity: 1;}.uagb-block-e6f939b3.wp-block-uagb-image .wp-block-uagb-image--layout-overlay__inner .uagb-image-separator{width: 30%;border-top-width: 2px;border-top-color: #fff;opacity: 0;}.uagb-block-e6f939b3.wp-block-uagb-image .wp-block-uagb-image__figure img{width: px;height: auto;}.uagb-block-e6f939b3.wp-block-uagb-image .wp-block-uagb-image__figure:hover .wp-block-uagb-image--layout-overlay__inner .uagb-image-caption{opacity: 1;}.uagb-block-e6f939b3.wp-block-uagb-image .wp-block-uagb-image__figure:hover .wp-block-uagb-image--layout-overlay__inner .uagb-image-separator{opacity: 1;}.uagb-block-e6f939b3.wp-block-uagb-image--layout-default figure:hover img{box-shadow: 0px 0px 0 #00000070;}.uagb-block-e6f939b3.wp-block-uagb-image--layout-overlay figure:hover img{box-shadow: 0px 0px 0 #00000070;}@media only screen and (max-width: 976px) {.uagb-block-e6f939b3.wp-block-uagb-image .wp-block-uagb-image__figure img{width: px;height: auto;}}@media only screen and (max-width: 767px) {.uagb-block-e6f939b3.wp-block-uagb-image .wp-block-uagb-image__figure img{width: px;height: auto;}}\";s:2:\"js\";s:0:\"\";s:18:\"current_block_list\";a:13:{i:0;s:11:\"core\/search\";i:1;s:10:\"core\/group\";i:2;s:12:\"core\/heading\";i:3;s:17:\"core\/latest-posts\";i:4;s:20:\"core\/latest-comments\";i:5;s:13:\"core\/archives\";i:6;s:15:\"core\/categories\";i:7;s:14:\"core\/paragraph\";i:8;s:10:\"uagb\/image\";i:9;s:11:\"core\/spacer\";i:10;s:30:\"woocommerce\/product-categories\";i:11;s:10:\"core\/image\";i:12;s:14:\"core\/shortcode\";}s:8:\"uag_flag\";b:1;s:11:\"uag_version\";s:10:\"1777414933\";s:6:\"gfonts\";a:0:{}s:10:\"gfonts_url\";s:0:\"\";s:12:\"gfonts_files\";a:0:{}s:14:\"uag_faq_layout\";b:0;}"]},"uagb_featured_image_src":{"full":["https:\/\/www.quickdna.com\/wp-content\/uploads\/2025\/06\/box_png_5.png",1000,1000,false],"thumbnail":["https:\/\/www.quickdna.com\/wp-content\/uploads\/2025\/06\/box_png_5-150x150.png",150,150,true],"medium":["https:\/\/www.quickdna.com\/wp-content\/uploads\/2025\/06\/box_png_5-300x300.png",300,300,true],"medium_large":["https:\/\/www.quickdna.com\/wp-content\/uploads\/2025\/06\/box_png_5-768x768.png",768,768,true],"large":["https:\/\/www.quickdna.com\/wp-content\/uploads\/2025\/06\/box_png_5.png",1000,1000,false],"1536x1536":["https:\/\/www.quickdna.com\/wp-content\/uploads\/2025\/06\/box_png_5.png",1000,1000,false],"2048x2048":["https:\/\/www.quickdna.com\/wp-content\/uploads\/2025\/06\/box_png_5.png",1000,1000,false],"trp-custom-language-flag":["https:\/\/www.quickdna.com\/wp-content\/uploads\/2025\/06\/box_png_5-12x12.png",12,12,true],"woocommerce_thumbnail":["https:\/\/www.quickdna.com\/wp-content\/uploads\/2025\/06\/box_png_5-300x300.png",300,300,true],"woocommerce_single":["https:\/\/www.quickdna.com\/wp-content\/uploads\/2025\/06\/box_png_5-600x600.png",600,600,true],"woocommerce_gallery_thumbnail":["https:\/\/www.quickdna.com\/wp-content\/uploads\/2025\/06\/box_png_5-100x100.png",100,100,true]},"uagb_author_info":{"display_name":"admin","author_link":"https:\/\/www.quickdna.com\/ee\/author\/"},"uagb_comment_info":145,"uagb_excerpt":"Get clear and reliable answers about biological parentage with laboratory precision. Our DNA paternity test provides scientifically validated results that determine biological relationships with exceptional accuracy, giving you clarity and peace of mind in sensitive situations. Using advanced genetic analysis, we compare specific DNA markers between the alleged father and child to establish parentage with&hellip;","_links":{"self":[{"href":"https:\/\/www.quickdna.com\/ee\/wp-json\/wp\/v2\/product\/23003","targetHints":{"allow":["GET"]}}],"collection":[{"href":"https:\/\/www.quickdna.com\/ee\/wp-json\/wp\/v2\/product"}],"about":[{"href":"https:\/\/www.quickdna.com\/ee\/wp-json\/wp\/v2\/types\/product"}],"replies":[{"embeddable":true,"href":"https:\/\/www.quickdna.com\/ee\/wp-json\/wp\/v2\/comments?post=23003"}],"version-history":[{"count":7,"href":"https:\/\/www.quickdna.com\/ee\/wp-json\/wp\/v2\/product\/23003\/revisions"}],"predecessor-version":[{"id":30167,"href":"https:\/\/www.quickdna.com\/ee\/wp-json\/wp\/v2\/product\/23003\/revisions\/30167"}],"wp:featuredmedia":[{"embeddable":true,"href":"https:\/\/www.quickdna.com\/ee\/wp-json\/wp\/v2\/media\/23013"}],"wp:attachment":[{"href":"https:\/\/www.quickdna.com\/ee\/wp-json\/wp\/v2\/media?parent=23003"}],"wp:term":[{"taxonomy":"product_brand","embeddable":true,"href":"https:\/\/www.quickdna.com\/ee\/wp-json\/wp\/v2\/product_brand?post=23003"},{"taxonomy":"product_cat","embeddable":true,"href":"https:\/\/www.quickdna.com\/ee\/wp-json\/wp\/v2\/product_cat?post=23003"},{"taxonomy":"product_tag","embeddable":true,"href":"https:\/\/www.quickdna.com\/ee\/wp-json\/wp\/v2\/product_tag?post=23003"}],"curies":[{"name":"wp","href":"https:\/\/api.w.org\/{rel}","templated":true}]}}