{"id":23006,"date":"2025-06-09T13:23:07","date_gmt":"2025-06-09T11:23:07","guid":{"rendered":"https:\/\/www.quickdna.com\/products\/dna-prenatal-test\/"},"modified":"2026-02-19T19:01:53","modified_gmt":"2026-02-19T18:01:53","slug":"dna-prenatal-test","status":"publish","type":"product","link":"https:\/\/www.quickdna.com\/dk\/products\/dna-prenatal-test\/","title":{"rendered":"DNA-pr\u00e6natal faderskabstest"},"content":{"rendered":"<p><strong><img decoding=\"async\" style=\"margin-right: 12px;\" src=\"https:\/\/www.quickdna.com\/wp-content\/uploads\/2026\/02\/Check.svg\" alt=\"\" width=\"18\" height=\"15\" \/>Fastl\u00e6g faderskabet f\u00f8r f\u00f8dslen med avanceret pr\u00e6natal DNA-analyse.<\/strong> Vores DNA-pr\u00e6natale faderskabstest giver dig mulighed for at fastsl\u00e5 det biologiske faderskab under graviditeten med banebrydende genetisk teknologi. Ved hj\u00e6lp af meget f\u00f8lsomme analyseteknikker sammenligner testen fosterets DNA i moderens blod med den p\u00e5st\u00e5ede fars DNA, hvilket giver klare og p\u00e5lidelige svar, f\u00f8r barnet er f\u00f8dt. Denne tidlige klarhed kan v\u00e6re afg\u00f8rende for f\u00f8lelsesm\u00e6ssig, personlig eller juridisk forberedelse.<\/p>\n<p><strong><img decoding=\"async\" style=\"margin-right: 12px;\" src=\"https:\/\/www.quickdna.com\/wp-content\/uploads\/2026\/02\/Check.svg\" alt=\"\" width=\"18\" height=\"15\" \/>Mulighed for standard eller diskret pr\u00f8vetagning for den formodede far.<\/strong> Vi tilbyder fleksible l\u00f8sninger, der kan tilpasses dine specifikke omst\u00e6ndigheder. Med standardl\u00f8sningen giver den formodede far enkle kindpinde ved forsigtigt at gnide sterile pinde ind i munden og returnere dem til laboratoriet. For st\u00f8rre diskretion giver den diskrete l\u00f8sning mulighed for at indsende alternative personlige genstande, der tilh\u00f8rer den p\u00e5st\u00e5ede far, s\u00e5som fingernegle, h\u00e5r med r\u00f8dder, tandb\u00f8rster, tyggegummi, cigaretskodder eller brugte vatpinde. Dette sikrer privatlivets fred og tilpasningsevne, samtidig med at den analytiske n\u00f8jagtighed opretholdes.<\/p>\n<p><strong><img decoding=\"async\" style=\"margin-right: 12px;\" src=\"https:\/\/www.quickdna.com\/wp-content\/uploads\/2026\/02\/Check.svg\" alt=\"\" width=\"18\" height=\"15\" \/>Enkel og sikker indsamling af pr\u00f8ver fra moderen ved hj\u00e6lp af en blodpr\u00f8ve.<\/strong> Moderen giver en blodpr\u00f8ve, som indeholder cirkulerende f\u00f8talt DNA, der er naturligt til stede under graviditeten. Denne ikke-invasive tilgang undg\u00e5r enhver risiko for fosteret og udf\u00f8res gennem en standard blodpr\u00f8ve. Pr\u00f8ven sendes derefter til vores laboratorium til pr\u00e6cis genetisk sammenligning med den p\u00e5st\u00e5ede fars DNA-profil.<\/p>\n<p><strong><img decoding=\"async\" style=\"margin-right: 12px;\" src=\"https:\/\/www.quickdna.com\/wp-content\/uploads\/2026\/02\/Check.svg\" alt=\"\" width=\"18\" height=\"15\" \/>Stol p\u00e5 et ISO 17025-certificeret laboratorium for maksimal videnskabelig p\u00e5lidelighed.<\/strong> Alle analyser udf\u00f8res i et ISO 17025-certificeret laboratorium, hvilket sikrer streng overholdelse af internationalt anerkendte standarder for testkompetence og kvalitetskontrol. Denne certificering garanterer validerede procedurer, kalibrerede instrumenter og ekspertteknikere, hvilket giver den h\u00f8jeste grad af n\u00f8jagtighed og tillid til dine resultater.<\/p>\n<p><strong><img decoding=\"async\" style=\"margin-right: 12px;\" src=\"https:\/\/www.quickdna.com\/wp-content\/uploads\/2026\/02\/Check.svg\" alt=\"\" width=\"18\" height=\"15\" \/>Modtag resultater inden for 72 timer efter modtagelse af pr\u00f8ven p\u00e5 laboratoriet.<\/strong> Vi forst\u00e5r, at tiden er kritisk i pr\u00e6natale situationer. N\u00e5r laboratoriet har modtaget moderens blodpr\u00f8ve og den formodede fars DNA-pr\u00f8ver, leveres resultaterne inden for 72 timer. Vores str\u00f8mlinede laboratorieworkflow sikrer hurtig behandling uden at g\u00e5 p\u00e5 kompromis med den videnskabelige stringens.<\/p>\n<p><strong><img decoding=\"async\" style=\"margin-right: 12px;\" src=\"https:\/\/www.quickdna.com\/wp-content\/uploads\/2026\/02\/Check.svg\" alt=\"\" width=\"18\" height=\"15\" \/>Udnyt den mest effektive metode til pr\u00e6natal faderskabstest, der findes.<\/strong> Vores avancerede teknologi isolerer og analyserer foster-DNA med enest\u00e5ende pr\u00e6cision. Sammenligningen af flere genetiske mark\u00f8rer giver meget overbevisende resultater. N\u00e5r faderskabet bekr\u00e6ftes, overstiger sandsynligheden typisk 99,9%, mens udelukkelser er definitive, hvis den p\u00e5st\u00e5ede far ikke er biologisk besl\u00e6gtet. Dette effektivitetsniveau placerer vores test blandt de mest p\u00e5lidelige pr\u00e6natale l\u00f8sninger, der findes.<\/p>\n<p><strong><img decoding=\"async\" style=\"margin-right: 12px;\" src=\"https:\/\/www.quickdna.com\/wp-content\/uploads\/2026\/02\/Check.svg\" alt=\"\" width=\"18\" height=\"15\" \/>F\u00e5 adgang til f\u00f8rsteklasses laboratorietest til den mest konkurrencedygtige pris.<\/strong> Vi er forpligtet til at tilbyde den billigste DNA-faderskabstest af h\u00f8j kvalitet p\u00e5 markedet. Gennem optimerede laboratorieprocesser og effektiv logistik reducerer vi omkostningerne, samtidig med at vi opretholder enest\u00e5ende standarder. Det sikrer, at du f\u00e5r en n\u00f8jagtig, certificeret test til den bedst mulige pris.<\/p>\n<p><strong><img decoding=\"async\" style=\"margin-right: 12px;\" src=\"https:\/\/www.quickdna.com\/wp-content\/uploads\/2026\/02\/Check.svg\" alt=\"\" width=\"18\" height=\"15\" \/>Nyd godt af 24-timers levering, s\u00e5 du kan begynde processen uden forsinkelse.<\/strong> Vi leverer altid dit testkit inden for 24 timer, s\u00e5 du hurtigt kan komme i gang med at indsamle pr\u00f8ver. Hurtig forsendelse sikrer, at b\u00e5de moderens blodindsamling og den p\u00e5st\u00e5ede fars pr\u00f8veafgivelse kan forts\u00e6tte s\u00e5 hurtigt som muligt.<\/p>\n<p><strong><img decoding=\"async\" style=\"margin-right: 12px;\" src=\"https:\/\/www.quickdna.com\/wp-content\/uploads\/2026\/02\/Check.svg\" alt=\"\" width=\"18\" height=\"15\" \/>Fuld fortrolighed og diskret h\u00e5ndtering af din sag.<\/strong> Vi behandler alle faderskabssager med streng fortrolighed. Fra neutral indpakning og sikker dokumentation til beskyttet levering af resultater respekteres dit privatliv i alle faser. Den diskrete pr\u00f8vetagningsmulighed for den p\u00e5st\u00e5ede far forbedrer fortroligheden yderligere, n\u00e5r det er n\u00f8dvendigt.<\/p>\n<p><strong><img decoding=\"async\" style=\"margin-right: 12px;\" src=\"https:\/\/www.quickdna.com\/wp-content\/uploads\/2026\/02\/Check.svg\" alt=\"\" width=\"18\" height=\"15\" \/>K\u00f8b med tillid takket v\u00e6re vores pengene-tilbage-garanti.<\/strong> Vi st\u00e5r fuldt ud inde for p\u00e5lideligheden og professionalismen i vores DNA-faderskabstest. Hvis du ikke er tilfreds med vores service, tilbyder vi en pengene-tilbage-garanti. Denne forpligtelse sikrer, at din beslutning om at g\u00e5 videre er helt risikofri og underst\u00f8ttes af vores dedikation til kundetilfredshed.<\/p>\n<h2><strong>Instruktioner<\/strong><\/h2>\n<ul>\n<li>V\u00e6lg din foretrukne mulighed for den formodede far, n\u00e5r du afgiver din bestilling: standard kindpodningstest eller diskret indsendelse af pr\u00f8ve.<\/li>\n<li>N\u00e5r du modtager s\u00e6ttet med 24-timers levering, skal du omhyggeligt gennemg\u00e5 alle vedlagte instruktioner, f\u00f8r du indsamler pr\u00f8ver.<\/li>\n<li>S\u00f8rg for, at moderen f\u00e5r taget en blodpr\u00f8ve i henhold til de medf\u00f8lgende retningslinjer. Blodpr\u00f8ven skal m\u00e6rkes og h\u00e5ndteres korrekt for at sikre en n\u00f8jagtig f\u00f8tal DNA-analyse.<\/li>\n<li>S\u00f8rg for, at moderens blodpr\u00f8ve indsamles i henhold til hygiejniske og professionelle procedurer og pakkes som anvist til sikker transport til laboratoriet.<\/li>\n<li>Til standardtesten for p\u00e5st\u00e5ede f\u00e6dre skal du bruge de medf\u00f8lgende sterile vatpinde og gnide fast inde i kinden i 30 til 60 sekunder pr. vatpind. Undg\u00e5 at spise, drikke eller ryge i mindst en time f\u00f8r pr\u00f8vetagning.<\/li>\n<li>Lad kindpinde t\u00f8rre helt, f\u00f8r du l\u00e6gger dem i de dertil beregnede kuverter for at forhindre nedbrydning.<\/li>\n<li>Hvis du v\u00e6lger den diskrete l\u00f8sning (kun far), skal du indsamle passende personlige genstande som f.eks. fingernegle, h\u00e5r med synlige r\u00f8dder, en brugt tandb\u00f8rste, tyggegummi, cigaretskodder eller brugte vatpinde. H\u00e5ndter pr\u00f8verne forsigtigt for at undg\u00e5 kontaminering, og l\u00e6g hver genstand i en separat, ren beholder.<\/li>\n<li>Udfyld alle n\u00f8dvendige identifikationsformularer n\u00f8jagtigt, og s\u00f8rg for, at oplysningerne om moderen og den p\u00e5st\u00e5ede far stemmer overens med de indsendte pr\u00f8ver.<\/li>\n<li>Pak moderens blodpr\u00f8ve og den p\u00e5st\u00e5ede fars DNA-pr\u00f8ver forsvarligt ind ved hj\u00e6lp af det medf\u00f8lgende materiale, og send dem til laboratoriet som anvist.<\/li>\n<li>N\u00e5r laboratoriet har modtaget alle de n\u00f8dvendige pr\u00f8ver, begynder analysen med det samme. Resultaterne vil blive leveret inden for 72 timer efter modtagelse p\u00e5 laboratoriet og leveres sikkert via e-mail.<\/li>\n<\/ul>","protected":false},"excerpt":{"rendered":"<p>Determine paternity before birth with advanced prenatal DNA analysis. Our DNA prenatal paternity test allows you to establish biological fatherhood during pregnancy with cutting-edge genetic technology. Using highly sensitive analysis techniques, the test compares fetal DNA present in the mother\u2019s blood with the alleged father\u2019s DNA, providing clear and reliable answers before the child is [&hellip;]<\/p>\n","protected":false},"featured_media":23015,"comment_status":"open","ping_status":"closed","template":"","meta":{"_uag_custom_page_level_css":"","site-sidebar-layout":"default","site-content-layout":"","ast-site-content-layout":"default","site-content-style":"default","site-sidebar-style":"default","ast-global-header-display":"","ast-banner-title-visibility":"","ast-main-header-display":"","ast-hfb-above-header-display":"","ast-hfb-below-header-display":"","ast-hfb-mobile-header-display":"","site-post-title":"","ast-breadcrumbs-content":"","ast-featured-img":"","footer-sml-layout":"","ast-disable-related-posts":"","theme-transparent-header-meta":"default","adv-header-id-meta":"","stick-header-meta":"","header-above-stick-meta":"","header-main-stick-meta":"","header-below-stick-meta":"","astra-migrate-meta-layouts":"set","ast-page-background-enabled":"default","ast-page-background-meta":{"desktop":{"background-color":"var(--ast-global-color-4)","background-image":"","background-repeat":"repeat","background-position":"center center","background-size":"auto","background-attachment":"scroll","background-type":"","background-media":"","overlay-type":"","overlay-color":"","overlay-opacity":"","overlay-gradient":""},"tablet":{"background-color":"","background-image":"","background-repeat":"repeat","background-position":"center center","background-size":"auto","background-attachment":"scroll","background-type":"","background-media":"","overlay-type":"","overlay-color":"","overlay-opacity":"","overlay-gradient":""},"mobile":{"background-color":"","background-image":"","background-repeat":"repeat","background-position":"center center","background-size":"auto","background-attachment":"scroll","background-type":"","background-media":"","overlay-type":"","overlay-color":"","overlay-opacity":"","overlay-gradient":""}},"ast-content-background-meta":{"desktop":{"background-color":"var(--ast-global-color-5)","background-image":"","background-repeat":"repeat","background-position":"center center","background-size":"auto","background-attachment":"scroll","background-type":"","background-media":"","overlay-type":"","overlay-color":"","overlay-opacity":"","overlay-gradient":""},"tablet":{"background-color":"var(--ast-global-color-5)","background-image":"","background-repeat":"repeat","background-position":"center center","background-size":"auto","background-attachment":"scroll","background-type":"","background-media":"","overlay-type":"","overlay-color":"","overlay-opacity":"","overlay-gradient":""},"mobile":{"background-color":"var(--ast-global-color-5)","background-image":"","background-repeat":"repeat","background-position":"center center","background-size":"auto","background-attachment":"scroll","background-type":"","background-media":"","overlay-type":"","overlay-color":"","overlay-opacity":"","overlay-gradient":""}}},"product_brand":[],"product_cat":[15],"product_tag":[],"class_list":{"0":"post-23006","1":"product","2":"type-product","3":"status-publish","4":"has-post-thumbnail","6":"product_cat-shop","7":"desktop-align-left","8":"tablet-align-left","9":"mobile-align-left","11":"first","12":"instock","13":"taxable","14":"shipping-taxable","15":"purchasable","16":"product-type-variable","17":"has-default-attributes"},"spectra_custom_meta":{"_visibility":["visible"],"_shopify_product_id":["7904181256424"],"_s2w_shopify_domain":["quickdna.myshopify.com"],"_shopify_variant_id":["44228462936296"],"_manage_stock":["no"],"total_sales":["199"],"_tax_status":["taxable"],"_tax_class":[""],"_backorders":["no"],"_sold_individually":["no"],"_virtual":["no"],"_downloadable":["no"],"_download_limit":["-1"],"_download_expiry":["-1"],"_stock":[null],"_stock_status":["instock"],"_wc_average_rating":["4.91"],"_wc_review_count":["93"],"_product_attributes":["a:1:{s:13:\"discreet-test\";a:6:{s:4:\"name\";s:13:\"Discreet test\";s:5:\"value\";s:8:\"No | Yes\";s:8:\"position\";i:1;s:10:\"is_visible\";i:0;s:12:\"is_variation\";i:1;s:11:\"is_taxonomy\";i:0;}}"],"_product_version":["10.5.2"],"_thumbnail_id":["23015"],"_edit_last":["1"],"_wp_page_template":["default"],"_edit_lock":["1771523977:1"],"merchant-center-availability":["yes"],"merchant-center-category":["505293"],"site-sidebar-layout":["default"],"ast-site-content-layout":["default"],"site-content-style":["default"],"site-sidebar-style":["default"],"theme-transparent-header-meta":["default"],"_wc_rating_count":["a:3:{i:3;i:1;i:4;i:6;i:5;i:86;}"],"_default_attributes":["a:1:{s:13:\"discreet-test\";s:2:\"No\";}"],"_price":["299.90","359.90"],"merchant-center-id":["PRE"],"astra-migrate-meta-layouts":["set"],"_uag_css_file_name":["uag-css-23006.css"],"_elementor_page_assets":["a:0:{}"],"_uag_page_assets":["a:9:{s:3:\"css\";s:7133:\".uag-blocks-common-selector{z-index:var(--z-index-desktop) !important}@media(max-width: 976px){.uag-blocks-common-selector{z-index:var(--z-index-tablet) !important}}@media(max-width: 767px){.uag-blocks-common-selector{z-index:var(--z-index-mobile) !important}}.wp-block-uagb-image{display:flex}.wp-block-uagb-image__figure{position:relative;display:flex;flex-direction:column;max-width:100%;height:auto;margin:0}.wp-block-uagb-image__figure img{height:auto;display:flex;max-width:100%;transition:box-shadow .2s ease}.wp-block-uagb-image__figure>a{display:inline-block}.wp-block-uagb-image__figure figcaption{text-align:center;margin-top:.5em;margin-bottom:1em}.wp-block-uagb-image .components-placeholder.block-editor-media-placeholder .components-placeholder__instructions{align-self:center}.wp-block-uagb-image--align-left{text-align:left}.wp-block-uagb-image--align-right{text-align:right}.wp-block-uagb-image--align-center{text-align:center}.wp-block-uagb-image--align-full .wp-block-uagb-image__figure{margin-left:calc(50% - 50vw);margin-right:calc(50% - 50vw);max-width:100vw;width:100vw;height:auto}.wp-block-uagb-image--align-full .wp-block-uagb-image__figure img{height:auto;width:100% !important}.wp-block-uagb-image--align-wide .wp-block-uagb-image__figure img{height:auto;width:100%}.wp-block-uagb-image--layout-overlay__color-wrapper{position:absolute;left:0;top:0;right:0;bottom:0;opacity:.2;background:rgba(0,0,0,.5);transition:opacity .35s ease-in-out}.wp-block-uagb-image--layout-overlay-link{position:absolute;left:0;right:0;bottom:0;top:0}.wp-block-uagb-image--layout-overlay .wp-block-uagb-image__figure:hover .wp-block-uagb-image--layout-overlay__color-wrapper{opacity:1}.wp-block-uagb-image--layout-overlay__inner{position:absolute;left:15px;right:15px;bottom:15px;top:15px;display:flex;align-items:center;justify-content:center;flex-direction:column;border-color:#fff;transition:.35s ease-in-out}.wp-block-uagb-image--layout-overlay__inner.top-left,.wp-block-uagb-image--layout-overlay__inner.top-center,.wp-block-uagb-image--layout-overlay__inner.top-right{justify-content:flex-start}.wp-block-uagb-image--layout-overlay__inner.bottom-left,.wp-block-uagb-image--layout-overlay__inner.bottom-center,.wp-block-uagb-image--layout-overlay__inner.bottom-right{justify-content:flex-end}.wp-block-uagb-image--layout-overlay__inner.top-left,.wp-block-uagb-image--layout-overlay__inner.center-left,.wp-block-uagb-image--layout-overlay__inner.bottom-left{align-items:flex-start}.wp-block-uagb-image--layout-overlay__inner.top-right,.wp-block-uagb-image--layout-overlay__inner.center-right,.wp-block-uagb-image--layout-overlay__inner.bottom-right{align-items:flex-end}.wp-block-uagb-image--layout-overlay__inner .uagb-image-heading{color:#fff;transition:transform .35s,opacity .35s ease-in-out;transform:translate3d(0, 24px, 0);margin:0;line-height:1em}.wp-block-uagb-image--layout-overlay__inner .uagb-image-separator{width:30%;border-top-width:2px;border-top-color:#fff;border-top-style:solid;margin-bottom:10px;opacity:0;transition:transform .4s,opacity .4s ease-in-out;transform:translate3d(0, 30px, 0)}.wp-block-uagb-image--layout-overlay__inner .uagb-image-caption{opacity:0;overflow:visible;color:#fff;transition:transform .45s,opacity .45s ease-in-out;transform:translate3d(0, 35px, 0)}.wp-block-uagb-image--layout-overlay__inner:hover .uagb-image-heading,.wp-block-uagb-image--layout-overlay__inner:hover .uagb-image-separator,.wp-block-uagb-image--layout-overlay__inner:hover .uagb-image-caption{opacity:1;transform:translate3d(0, 0, 0)}.wp-block-uagb-image--effect-zoomin .wp-block-uagb-image__figure img,.wp-block-uagb-image--effect-zoomin .wp-block-uagb-image__figure .wp-block-uagb-image--layout-overlay__color-wrapper{transform:scale(1);transition:transform .35s ease-in-out}.wp-block-uagb-image--effect-zoomin .wp-block-uagb-image__figure:hover img,.wp-block-uagb-image--effect-zoomin .wp-block-uagb-image__figure:hover .wp-block-uagb-image--layout-overlay__color-wrapper{transform:scale(1.05)}.wp-block-uagb-image--effect-slide .wp-block-uagb-image__figure img,.wp-block-uagb-image--effect-slide .wp-block-uagb-image__figure .wp-block-uagb-image--layout-overlay__color-wrapper{width:calc(100% + 40px) !important;max-width:none !important;transform:translate3d(-40px, 0, 0);transition:transform .35s ease-in-out}.wp-block-uagb-image--effect-slide .wp-block-uagb-image__figure:hover img,.wp-block-uagb-image--effect-slide .wp-block-uagb-image__figure:hover .wp-block-uagb-image--layout-overlay__color-wrapper{transform:translate3d(0, 0, 0)}.wp-block-uagb-image--effect-grayscale img{filter:grayscale(0%);transition:.35s ease-in-out}.wp-block-uagb-image--effect-grayscale:hover img{filter:grayscale(100%)}.wp-block-uagb-image--effect-blur img{filter:blur(0);transition:.35s ease-in-out}.wp-block-uagb-image--effect-blur:hover img{filter:blur(3px)}.uagb-block-e6f939b3.wp-block-uagb-image--layout-default figure img{box-shadow: 0px 0px 0 #00000070;}.uagb-block-e6f939b3.wp-block-uagb-image .wp-block-uagb-image__figure figcaption{font-style: normal;align-self: center;}.uagb-block-e6f939b3.wp-block-uagb-image--layout-overlay figure img{box-shadow: 0px 0px 0 #00000070;}.uagb-block-e6f939b3.wp-block-uagb-image--layout-overlay .wp-block-uagb-image--layout-overlay__color-wrapper{opacity: 0.2;}.uagb-block-e6f939b3.wp-block-uagb-image--layout-overlay .wp-block-uagb-image--layout-overlay__inner{left: 15px;right: 15px;top: 15px;bottom: 15px;}.uagb-block-e6f939b3.wp-block-uagb-image--layout-overlay .wp-block-uagb-image--layout-overlay__inner .uagb-image-heading{font-style: normal;color: #fff;opacity: 1;}.uagb-block-e6f939b3.wp-block-uagb-image--layout-overlay .wp-block-uagb-image--layout-overlay__inner .uagb-image-heading a{color: #fff;}.uagb-block-e6f939b3.wp-block-uagb-image--layout-overlay .wp-block-uagb-image--layout-overlay__inner .uagb-image-caption{opacity: 0;}.uagb-block-e6f939b3.wp-block-uagb-image--layout-overlay .wp-block-uagb-image__figure:hover .wp-block-uagb-image--layout-overlay__color-wrapper{opacity: 1;}.uagb-block-e6f939b3.wp-block-uagb-image .wp-block-uagb-image--layout-overlay__inner .uagb-image-separator{width: 30%;border-top-width: 2px;border-top-color: #fff;opacity: 0;}.uagb-block-e6f939b3.wp-block-uagb-image .wp-block-uagb-image__figure img{width: px;height: auto;}.uagb-block-e6f939b3.wp-block-uagb-image .wp-block-uagb-image__figure:hover .wp-block-uagb-image--layout-overlay__inner .uagb-image-caption{opacity: 1;}.uagb-block-e6f939b3.wp-block-uagb-image .wp-block-uagb-image__figure:hover .wp-block-uagb-image--layout-overlay__inner .uagb-image-separator{opacity: 1;}.uagb-block-e6f939b3.wp-block-uagb-image--layout-default figure:hover img{box-shadow: 0px 0px 0 #00000070;}.uagb-block-e6f939b3.wp-block-uagb-image--layout-overlay figure:hover img{box-shadow: 0px 0px 0 #00000070;}@media only screen and (max-width: 976px) {.uagb-block-e6f939b3.wp-block-uagb-image .wp-block-uagb-image__figure img{width: px;height: auto;}}@media only screen and (max-width: 767px) {.uagb-block-e6f939b3.wp-block-uagb-image .wp-block-uagb-image__figure img{width: px;height: auto;}}\";s:2:\"js\";s:0:\"\";s:18:\"current_block_list\";a:13:{i:0;s:11:\"core\/search\";i:1;s:10:\"core\/group\";i:2;s:12:\"core\/heading\";i:3;s:17:\"core\/latest-posts\";i:4;s:20:\"core\/latest-comments\";i:5;s:13:\"core\/archives\";i:6;s:15:\"core\/categories\";i:7;s:14:\"core\/paragraph\";i:8;s:10:\"uagb\/image\";i:9;s:11:\"core\/spacer\";i:10;s:30:\"woocommerce\/product-categories\";i:11;s:10:\"core\/image\";i:12;s:14:\"core\/shortcode\";}s:8:\"uag_flag\";b:1;s:11:\"uag_version\";s:10:\"1777420348\";s:6:\"gfonts\";a:0:{}s:10:\"gfonts_url\";s:0:\"\";s:12:\"gfonts_files\";a:0:{}s:14:\"uag_faq_layout\";b:0;}"]},"uagb_featured_image_src":{"full":["https:\/\/www.quickdna.com\/wp-content\/uploads\/2025\/06\/Sans_titre__50_-removebg-preview.png",500,500,false],"thumbnail":["https:\/\/www.quickdna.com\/wp-content\/uploads\/2025\/06\/Sans_titre__50_-removebg-preview-150x150.png",150,150,true],"medium":["https:\/\/www.quickdna.com\/wp-content\/uploads\/2025\/06\/Sans_titre__50_-removebg-preview-300x300.png",300,300,true],"medium_large":["https:\/\/www.quickdna.com\/wp-content\/uploads\/2025\/06\/Sans_titre__50_-removebg-preview.png",500,500,false],"large":["https:\/\/www.quickdna.com\/wp-content\/uploads\/2025\/06\/Sans_titre__50_-removebg-preview.png",500,500,false],"1536x1536":["https:\/\/www.quickdna.com\/wp-content\/uploads\/2025\/06\/Sans_titre__50_-removebg-preview.png",500,500,false],"2048x2048":["https:\/\/www.quickdna.com\/wp-content\/uploads\/2025\/06\/Sans_titre__50_-removebg-preview.png",500,500,false],"trp-custom-language-flag":["https:\/\/www.quickdna.com\/wp-content\/uploads\/2025\/06\/Sans_titre__50_-removebg-preview-12x12.png",12,12,true],"woocommerce_thumbnail":["https:\/\/www.quickdna.com\/wp-content\/uploads\/2025\/06\/Sans_titre__50_-removebg-preview-300x300.png",300,300,true],"woocommerce_single":["https:\/\/www.quickdna.com\/wp-content\/uploads\/2025\/06\/Sans_titre__50_-removebg-preview.png",500,500,false],"woocommerce_gallery_thumbnail":["https:\/\/www.quickdna.com\/wp-content\/uploads\/2025\/06\/Sans_titre__50_-removebg-preview-100x100.png",100,100,true]},"uagb_author_info":{"display_name":"admin","author_link":"https:\/\/www.quickdna.com\/dk\/author\/"},"uagb_comment_info":93,"uagb_excerpt":"Determine paternity before birth with advanced prenatal DNA analysis. Our DNA prenatal paternity test allows you to establish biological fatherhood during pregnancy with cutting-edge genetic technology. Using highly sensitive analysis techniques, the test compares fetal DNA present in the mother\u2019s blood with the alleged father\u2019s DNA, providing clear and reliable answers before the child is&hellip;","_links":{"self":[{"href":"https:\/\/www.quickdna.com\/dk\/wp-json\/wp\/v2\/product\/23006","targetHints":{"allow":["GET"]}}],"collection":[{"href":"https:\/\/www.quickdna.com\/dk\/wp-json\/wp\/v2\/product"}],"about":[{"href":"https:\/\/www.quickdna.com\/dk\/wp-json\/wp\/v2\/types\/product"}],"replies":[{"embeddable":true,"href":"https:\/\/www.quickdna.com\/dk\/wp-json\/wp\/v2\/comments?post=23006"}],"version-history":[{"count":9,"href":"https:\/\/www.quickdna.com\/dk\/wp-json\/wp\/v2\/product\/23006\/revisions"}],"predecessor-version":[{"id":30174,"href":"https:\/\/www.quickdna.com\/dk\/wp-json\/wp\/v2\/product\/23006\/revisions\/30174"}],"wp:featuredmedia":[{"embeddable":true,"href":"https:\/\/www.quickdna.com\/dk\/wp-json\/wp\/v2\/media\/23015"}],"wp:attachment":[{"href":"https:\/\/www.quickdna.com\/dk\/wp-json\/wp\/v2\/media?parent=23006"}],"wp:term":[{"taxonomy":"product_brand","embeddable":true,"href":"https:\/\/www.quickdna.com\/dk\/wp-json\/wp\/v2\/product_brand?post=23006"},{"taxonomy":"product_cat","embeddable":true,"href":"https:\/\/www.quickdna.com\/dk\/wp-json\/wp\/v2\/product_cat?post=23006"},{"taxonomy":"product_tag","embeddable":true,"href":"https:\/\/www.quickdna.com\/dk\/wp-json\/wp\/v2\/product_tag?post=23006"}],"curies":[{"name":"wp","href":"https:\/\/api.w.org\/{rel}","templated":true}]}}