{"id":23003,"date":"2025-06-09T13:23:06","date_gmt":"2025-06-09T11:23:06","guid":{"rendered":"https:\/\/www.quickdna.com\/products\/dna-parentage-test\/"},"modified":"2026-02-19T18:44:25","modified_gmt":"2026-02-19T17:44:25","slug":"dna-parentage-test","status":"publish","type":"product","link":"https:\/\/www.quickdna.com\/dk\/products\/dna-parentage-test\/","title":{"rendered":"DNA-faderskabstest"},"content":{"rendered":"<p><strong><img decoding=\"async\" style=\"margin-right: 12px;\" src=\"https:\/\/www.quickdna.com\/wp-content\/uploads\/2026\/02\/Check.svg\" alt=\"\" width=\"18\" height=\"15\" \/>F\u00e5 klare og p\u00e5lidelige svar om biologisk sl\u00e6gtskab med laboratoriepr\u00e6cision.<\/strong> Vores DNA-faderskabstest giver videnskabeligt validerede resultater, der bestemmer biologiske forhold med enest\u00e5ende n\u00f8jagtighed, hvilket giver dig klarhed og ro i sindet i f\u00f8lsomme situationer. Ved hj\u00e6lp af avanceret genetisk analyse sammenligner vi specifikke DNA-mark\u00f8rer mellem den p\u00e5st\u00e5ede far og barnet for at fastsl\u00e5 sl\u00e6gtskabet med ekstremt stor sandsynlighed og levere p\u00e5lidelige konklusioner, du kan stole p\u00e5.<\/p>\n<p><strong><img decoding=\"async\" style=\"margin-right: 12px;\" src=\"https:\/\/www.quickdna.com\/wp-content\/uploads\/2026\/02\/Check.svg\" alt=\"\" width=\"18\" height=\"15\" \/>V\u00e6lg mellem en standardtest eller en diskret test, der passer til din situation.<\/strong> Vi forst\u00e5r, at hvert tilf\u00e6lde er unikt, og derfor tilbyder vi to fleksible testmuligheder. Standardtesten omfatter sterile mundpinde, der forsigtigt gnides ind i kinden og sendes tilbage til vores laboratorium. I situationer, der kr\u00e6ver st\u00f8rre diskretion, kan du v\u00e6lge den diskrete l\u00f8sning og indsende alternative pr\u00f8ver s\u00e5som fingernegle, h\u00e5r med r\u00f8dder, tandb\u00f8rster, tyggegummi, cigaretskodder eller brugte vatpinde. Denne fleksibilitet sikrer, at du kan forts\u00e6tte p\u00e5 en m\u00e5de, der f\u00f8les behagelig og passende.<\/p>\n<p><strong><img decoding=\"async\" style=\"margin-right: 12px;\" src=\"https:\/\/www.quickdna.com\/wp-content\/uploads\/2026\/02\/Check.svg\" alt=\"\" width=\"18\" height=\"15\" \/>Stol p\u00e5 et ISO 17025-certificeret laboratorium for maksimal n\u00f8jagtighed.<\/strong> Alle analyser udf\u00f8res i et laboratorium, der er certificeret i henhold til ISO 17025-standarder, hvilket garanterer streng kvalitetskontrol, validerede testmetoder, kalibreret udstyr og h\u00f8jtuddannet teknisk personale. Denne internationalt anerkendte certificering sikrer, at din DNA-faderskabstest udf\u00f8res i henhold til strenge videnskabelige og tekniske standarder, hvilket giver resultater, der opfylder de h\u00f8jeste niveauer af p\u00e5lidelighed.<\/p>\n<p><strong><img decoding=\"async\" style=\"margin-right: 12px;\" src=\"https:\/\/www.quickdna.com\/wp-content\/uploads\/2026\/02\/Check.svg\" alt=\"\" width=\"18\" height=\"15\" \/>Modtag hurtige resultater inden for 72 timer efter, at laboratoriet har modtaget dine pr\u00f8ver.<\/strong> Vi ved, at det kan v\u00e6re stressende at vente p\u00e5 svar, og derfor prioriterer vi hastighed uden at g\u00e5 p\u00e5 kompromis med pr\u00e6cisionen. N\u00e5r dine pr\u00f8ver ankommer til vores laboratorium, leveres resultaterne inden for 72 timer. Denne hurtige behandlingstid giver dig mulighed for at komme hurtigt videre med klarhed og selvtillid.<\/p>\n<p><strong><img decoding=\"async\" style=\"margin-right: 12px;\" src=\"https:\/\/www.quickdna.com\/wp-content\/uploads\/2026\/02\/Check.svg\" alt=\"\" width=\"18\" height=\"15\" \/>Udnyt den mest effektive DNA-testproces, der findes.<\/strong> Vores avancerede genetiske profileringsteknikker analyserer flere DNA-mark\u00f8rer for at levere meget overbevisende resultater. N\u00e5r faderskabet bekr\u00e6ftes, overstiger sandsynligheden for faderskab typisk 99,9%, mens udelukkelser er definitive, n\u00e5r den p\u00e5st\u00e5ede far ikke er biologisk besl\u00e6gtet. Dette effektivitetsniveau g\u00f8r vores DNA-faderskabstest til en af de mest p\u00e5lidelige l\u00f8sninger, der findes.<\/p>\n<p><strong><img decoding=\"async\" style=\"margin-right: 12px;\" src=\"https:\/\/www.quickdna.com\/wp-content\/uploads\/2026\/02\/Check.svg\" alt=\"\" width=\"18\" height=\"15\" \/>Udnyt den billigste professionelle DNA-faderskabstest p\u00e5 markedet.<\/strong> Vi er forpligtet til at tilbyde laboratorietest af h\u00f8j kvalitet til den mest konkurrencedygtige pris. Ved at optimere vores logistik- og laboratorieprocesser reducerer vi de faste omkostninger og sender besparelserne direkte videre til dig. Det sikrer, at du f\u00e5r genetiske analyser af professionel kvalitet til den lavest mulige pris uden at g\u00e5 p\u00e5 kompromis med kvalitet eller p\u00e5lidelighed.<\/p>\n<p><strong><img decoding=\"async\" style=\"margin-right: 12px;\" src=\"https:\/\/www.quickdna.com\/wp-content\/uploads\/2026\/02\/Check.svg\" alt=\"\" width=\"18\" height=\"15\" \/>Bestil i dag og modtag dit kit med 24-timers levering.<\/strong> Vi tilbyder altid 24-timers levering, s\u00e5 du kan begynde testprocessen uden forsinkelse. Uanset om du v\u00e6lger et standard swab-kit eller planl\u00e6gger at indsende diskrete pr\u00f8ver, vil din ordre ankomme hurtigt, s\u00e5 du kan handle med det samme.<\/p>\n<p><strong><img decoding=\"async\" style=\"margin-right: 12px;\" src=\"https:\/\/www.quickdna.com\/wp-content\/uploads\/2026\/02\/Check.svg\" alt=\"\" width=\"18\" height=\"15\" \/>Nyd fuldst\u00e6ndig fortrolighed og privatliv under hele processen.<\/strong> Vi behandler alle sager med streng fortrolighed. Fra diskret indpakning til sikker laboratorieh\u00e5ndtering og beskyttet levering af resultater er dine personlige oplysninger og testresultater beskyttet i hvert eneste trin. Vores diskrete testmulighed forbedrer privatlivets fred yderligere ved at g\u00f8re det muligt at indsende ikke-invasive eller dagligdags personlige genstande.<\/p>\n<p><strong><img decoding=\"async\" style=\"margin-right: 12px;\" src=\"https:\/\/www.quickdna.com\/wp-content\/uploads\/2026\/02\/Check.svg\" alt=\"\" width=\"18\" height=\"15\" \/>Enkel, ikke-invasiv pr\u00f8vetagningsproces.<\/strong> Standardmetoden med kindpinde er smertefri og nem at udf\u00f8re derhjemme. Det kr\u00e6ver kun, at man forsigtigt gnider indersiden af kinden i et par sekunder for at indsamle tilstr\u00e6kkeligt genetisk materiale. Selv diskrete pr\u00f8ver er nemme at indsamle ved at f\u00f8lge vores klare retningslinjer, hvilket g\u00f8r hele processen tilg\u00e6ngelig og ligetil.<\/p>\n<p><strong><img decoding=\"async\" style=\"margin-right: 12px;\" src=\"https:\/\/www.quickdna.com\/wp-content\/uploads\/2026\/02\/Check.svg\" alt=\"\" width=\"18\" height=\"15\" \/>Risikofrit k\u00f8b med vores pengene-tilbage-garanti.<\/strong> Vi st\u00e5r inde for kvaliteten og p\u00e5lideligheden af vores DNA-faderskabstest. Hvis du ikke er tilfreds med vores service, tilbyder vi en pengene-tilbage-garanti. Din tillid er vigtig for os, og vi er forpligtet til at sikre din fulde tilfredshed fra bestilling til resultat.<\/p>\n<h2><strong>Instruktioner<\/strong><\/h2>\n<ul>\n<li>V\u00e6lg din foretrukne testmulighed, n\u00e5r du afgiver din bestilling: standardtest med kindpinde eller diskret test med alternative biologiske pr\u00f8ver.<\/li>\n<li>N\u00e5r du modtager s\u00e6ttet med 24-timers levering, skal du omhyggeligt l\u00e6se de medf\u00f8lgende instruktioner, f\u00f8r du indsamler pr\u00f8ver.<\/li>\n<li>Til standardtesten skal du bruge de medf\u00f8lgende sterile vatpinde og gnide godt p\u00e5 indersiden af kinden i mindst 30 til 60 sekunder for at sikre tilstr\u00e6kkelig DNA-indsamling. Undg\u00e5 at spise, drikke eller ryge i mindst en time f\u00f8r pr\u00f8vetagning.<\/li>\n<li>Lad podepinde luftt\u00f8rre i den anbefalede tid, der er angivet i kittets instruktioner, f\u00f8r du l\u00e6gger dem i de dertil beregnede kuverter.<\/li>\n<li>Til den diskrete test skal du indsamle passende genstande s\u00e5som fingernegle, h\u00e5r med synlige r\u00f8dder, en brugt tandb\u00f8rste, tyggegummi, cigaretskod eller brugte vatpinde. S\u00f8rg for, at pr\u00f8verne h\u00e5ndteres forsigtigt og placeres i rene, separate beholdere for at undg\u00e5 kontaminering.<\/li>\n<li>Indsend kun pr\u00f8ver, der udelukkende er blevet brugt af den person, der skal testes. Krydskontaminering med andre personers DNA kan p\u00e5virke analysen.<\/li>\n<li>Udfyld identifikationsskemaet, der f\u00f8lger med kittet, med n\u00f8jagtige oplysninger om hver deltager.<\/li>\n<li>L\u00e6g alle pr\u00f8ver og al dokumentation i den medf\u00f8lgende returemballage, og send dem tilbage til laboratoriet som anvist.<\/li>\n<li>N\u00e5r laboratoriet har modtaget pr\u00f8verne, begynder analysen med det samme. Resultaterne leveres inden for 72 timer efter modtagelse p\u00e5 laboratoriet.<\/li>\n<li>Resultaterne vil blive leveret sikkert via e-mail. Hvis du har sp\u00f8rgsm\u00e5l i l\u00f8bet af processen, kan du kontakte vores kundesupportteam for at f\u00e5 vejledning og hj\u00e6lp.<\/li>\n<\/ul>","protected":false},"excerpt":{"rendered":"<p>Get clear and reliable answers about biological parentage with laboratory precision. Our DNA paternity test provides scientifically validated results that determine biological relationships with exceptional accuracy, giving you clarity and peace of mind in sensitive situations. Using advanced genetic analysis, we compare specific DNA markers between the alleged father and child to establish parentage with [&hellip;]<\/p>\n","protected":false},"featured_media":23013,"comment_status":"open","ping_status":"closed","template":"","meta":{"_uag_custom_page_level_css":"","site-sidebar-layout":"default","site-content-layout":"","ast-site-content-layout":"default","site-content-style":"default","site-sidebar-style":"default","ast-global-header-display":"","ast-banner-title-visibility":"","ast-main-header-display":"","ast-hfb-above-header-display":"","ast-hfb-below-header-display":"","ast-hfb-mobile-header-display":"","site-post-title":"","ast-breadcrumbs-content":"","ast-featured-img":"","footer-sml-layout":"","ast-disable-related-posts":"","theme-transparent-header-meta":"default","adv-header-id-meta":"","stick-header-meta":"","header-above-stick-meta":"","header-main-stick-meta":"","header-below-stick-meta":"","astra-migrate-meta-layouts":"set","ast-page-background-enabled":"default","ast-page-background-meta":{"desktop":{"background-color":"var(--ast-global-color-4)","background-image":"","background-repeat":"repeat","background-position":"center center","background-size":"auto","background-attachment":"scroll","background-type":"","background-media":"","overlay-type":"","overlay-color":"","overlay-opacity":"","overlay-gradient":""},"tablet":{"background-color":"","background-image":"","background-repeat":"repeat","background-position":"center center","background-size":"auto","background-attachment":"scroll","background-type":"","background-media":"","overlay-type":"","overlay-color":"","overlay-opacity":"","overlay-gradient":""},"mobile":{"background-color":"","background-image":"","background-repeat":"repeat","background-position":"center center","background-size":"auto","background-attachment":"scroll","background-type":"","background-media":"","overlay-type":"","overlay-color":"","overlay-opacity":"","overlay-gradient":""}},"ast-content-background-meta":{"desktop":{"background-color":"var(--ast-global-color-5)","background-image":"","background-repeat":"repeat","background-position":"center center","background-size":"auto","background-attachment":"scroll","background-type":"","background-media":"","overlay-type":"","overlay-color":"","overlay-opacity":"","overlay-gradient":""},"tablet":{"background-color":"var(--ast-global-color-5)","background-image":"","background-repeat":"repeat","background-position":"center center","background-size":"auto","background-attachment":"scroll","background-type":"","background-media":"","overlay-type":"","overlay-color":"","overlay-opacity":"","overlay-gradient":""},"mobile":{"background-color":"var(--ast-global-color-5)","background-image":"","background-repeat":"repeat","background-position":"center center","background-size":"auto","background-attachment":"scroll","background-type":"","background-media":"","overlay-type":"","overlay-color":"","overlay-opacity":"","overlay-gradient":""}}},"product_brand":[],"product_cat":[15],"product_tag":[],"class_list":{"0":"post-23003","1":"product","2":"type-product","3":"status-publish","4":"has-post-thumbnail","6":"product_cat-shop","7":"desktop-align-left","8":"tablet-align-left","9":"mobile-align-left","11":"first","12":"instock","13":"taxable","14":"shipping-taxable","15":"purchasable","16":"product-type-variable","17":"has-default-attributes"},"spectra_custom_meta":{"_visibility":["visible"],"_shopify_product_id":["7437934264552"],"_s2w_shopify_domain":["quickdna.myshopify.com"],"_shopify_variant_id":["42550069493992"],"_manage_stock":["no"],"total_sales":["1441"],"_tax_status":["taxable"],"_tax_class":[""],"_backorders":["no"],"_sold_individually":["no"],"_virtual":["no"],"_downloadable":["no"],"_download_limit":["-1"],"_download_expiry":["-1"],"_stock":[null],"_stock_status":["instock"],"_wc_average_rating":["4.73"],"_wc_review_count":["145"],"_product_attributes":["a:1:{s:13:\"discreet-test\";a:6:{s:4:\"name\";s:13:\"Discreet test\";s:5:\"value\";s:8:\"No | Yes\";s:8:\"position\";i:1;s:10:\"is_visible\";i:0;s:12:\"is_variation\";i:1;s:11:\"is_taxonomy\";i:0;}}"],"_product_version":["10.5.2"],"_thumbnail_id":["23013"],"_edit_last":["1"],"_wp_page_template":["default"],"_edit_lock":["1771525303:1"],"merchant-center-availability":["yes"],"merchant-center-category":["505293"],"merchant-center-id":["PAR"],"site-sidebar-layout":["default"],"ast-site-content-layout":["default"],"site-content-style":["default"],"site-sidebar-style":["default"],"theme-transparent-header-meta":["default"],"_wc_rating_count":["a:3:{i:3;i:8;i:4;i:23;i:5;i:114;}"],"_default_attributes":["a:1:{s:13:\"discreet-test\";s:2:\"No\";}"],"_price":["99.90","169.90"],"astra-migrate-meta-layouts":["set"],"_uag_css_file_name":["uag-css-23003.css"],"_elementor_page_assets":["a:0:{}"],"_uag_page_assets":["a:9:{s:3:\"css\";s:7133:\".uag-blocks-common-selector{z-index:var(--z-index-desktop) !important}@media(max-width: 976px){.uag-blocks-common-selector{z-index:var(--z-index-tablet) !important}}@media(max-width: 767px){.uag-blocks-common-selector{z-index:var(--z-index-mobile) !important}}.wp-block-uagb-image{display:flex}.wp-block-uagb-image__figure{position:relative;display:flex;flex-direction:column;max-width:100%;height:auto;margin:0}.wp-block-uagb-image__figure img{height:auto;display:flex;max-width:100%;transition:box-shadow .2s ease}.wp-block-uagb-image__figure>a{display:inline-block}.wp-block-uagb-image__figure figcaption{text-align:center;margin-top:.5em;margin-bottom:1em}.wp-block-uagb-image .components-placeholder.block-editor-media-placeholder .components-placeholder__instructions{align-self:center}.wp-block-uagb-image--align-left{text-align:left}.wp-block-uagb-image--align-right{text-align:right}.wp-block-uagb-image--align-center{text-align:center}.wp-block-uagb-image--align-full .wp-block-uagb-image__figure{margin-left:calc(50% - 50vw);margin-right:calc(50% - 50vw);max-width:100vw;width:100vw;height:auto}.wp-block-uagb-image--align-full .wp-block-uagb-image__figure img{height:auto;width:100% !important}.wp-block-uagb-image--align-wide .wp-block-uagb-image__figure img{height:auto;width:100%}.wp-block-uagb-image--layout-overlay__color-wrapper{position:absolute;left:0;top:0;right:0;bottom:0;opacity:.2;background:rgba(0,0,0,.5);transition:opacity .35s ease-in-out}.wp-block-uagb-image--layout-overlay-link{position:absolute;left:0;right:0;bottom:0;top:0}.wp-block-uagb-image--layout-overlay .wp-block-uagb-image__figure:hover .wp-block-uagb-image--layout-overlay__color-wrapper{opacity:1}.wp-block-uagb-image--layout-overlay__inner{position:absolute;left:15px;right:15px;bottom:15px;top:15px;display:flex;align-items:center;justify-content:center;flex-direction:column;border-color:#fff;transition:.35s ease-in-out}.wp-block-uagb-image--layout-overlay__inner.top-left,.wp-block-uagb-image--layout-overlay__inner.top-center,.wp-block-uagb-image--layout-overlay__inner.top-right{justify-content:flex-start}.wp-block-uagb-image--layout-overlay__inner.bottom-left,.wp-block-uagb-image--layout-overlay__inner.bottom-center,.wp-block-uagb-image--layout-overlay__inner.bottom-right{justify-content:flex-end}.wp-block-uagb-image--layout-overlay__inner.top-left,.wp-block-uagb-image--layout-overlay__inner.center-left,.wp-block-uagb-image--layout-overlay__inner.bottom-left{align-items:flex-start}.wp-block-uagb-image--layout-overlay__inner.top-right,.wp-block-uagb-image--layout-overlay__inner.center-right,.wp-block-uagb-image--layout-overlay__inner.bottom-right{align-items:flex-end}.wp-block-uagb-image--layout-overlay__inner .uagb-image-heading{color:#fff;transition:transform .35s,opacity .35s ease-in-out;transform:translate3d(0, 24px, 0);margin:0;line-height:1em}.wp-block-uagb-image--layout-overlay__inner .uagb-image-separator{width:30%;border-top-width:2px;border-top-color:#fff;border-top-style:solid;margin-bottom:10px;opacity:0;transition:transform .4s,opacity .4s ease-in-out;transform:translate3d(0, 30px, 0)}.wp-block-uagb-image--layout-overlay__inner .uagb-image-caption{opacity:0;overflow:visible;color:#fff;transition:transform .45s,opacity .45s ease-in-out;transform:translate3d(0, 35px, 0)}.wp-block-uagb-image--layout-overlay__inner:hover .uagb-image-heading,.wp-block-uagb-image--layout-overlay__inner:hover .uagb-image-separator,.wp-block-uagb-image--layout-overlay__inner:hover .uagb-image-caption{opacity:1;transform:translate3d(0, 0, 0)}.wp-block-uagb-image--effect-zoomin .wp-block-uagb-image__figure img,.wp-block-uagb-image--effect-zoomin .wp-block-uagb-image__figure .wp-block-uagb-image--layout-overlay__color-wrapper{transform:scale(1);transition:transform .35s ease-in-out}.wp-block-uagb-image--effect-zoomin .wp-block-uagb-image__figure:hover img,.wp-block-uagb-image--effect-zoomin .wp-block-uagb-image__figure:hover .wp-block-uagb-image--layout-overlay__color-wrapper{transform:scale(1.05)}.wp-block-uagb-image--effect-slide .wp-block-uagb-image__figure img,.wp-block-uagb-image--effect-slide .wp-block-uagb-image__figure .wp-block-uagb-image--layout-overlay__color-wrapper{width:calc(100% + 40px) !important;max-width:none !important;transform:translate3d(-40px, 0, 0);transition:transform .35s ease-in-out}.wp-block-uagb-image--effect-slide .wp-block-uagb-image__figure:hover img,.wp-block-uagb-image--effect-slide .wp-block-uagb-image__figure:hover .wp-block-uagb-image--layout-overlay__color-wrapper{transform:translate3d(0, 0, 0)}.wp-block-uagb-image--effect-grayscale img{filter:grayscale(0%);transition:.35s ease-in-out}.wp-block-uagb-image--effect-grayscale:hover img{filter:grayscale(100%)}.wp-block-uagb-image--effect-blur img{filter:blur(0);transition:.35s ease-in-out}.wp-block-uagb-image--effect-blur:hover img{filter:blur(3px)}.uagb-block-e6f939b3.wp-block-uagb-image--layout-default figure img{box-shadow: 0px 0px 0 #00000070;}.uagb-block-e6f939b3.wp-block-uagb-image .wp-block-uagb-image__figure figcaption{font-style: normal;align-self: center;}.uagb-block-e6f939b3.wp-block-uagb-image--layout-overlay figure img{box-shadow: 0px 0px 0 #00000070;}.uagb-block-e6f939b3.wp-block-uagb-image--layout-overlay .wp-block-uagb-image--layout-overlay__color-wrapper{opacity: 0.2;}.uagb-block-e6f939b3.wp-block-uagb-image--layout-overlay .wp-block-uagb-image--layout-overlay__inner{left: 15px;right: 15px;top: 15px;bottom: 15px;}.uagb-block-e6f939b3.wp-block-uagb-image--layout-overlay .wp-block-uagb-image--layout-overlay__inner .uagb-image-heading{font-style: normal;color: #fff;opacity: 1;}.uagb-block-e6f939b3.wp-block-uagb-image--layout-overlay .wp-block-uagb-image--layout-overlay__inner .uagb-image-heading a{color: #fff;}.uagb-block-e6f939b3.wp-block-uagb-image--layout-overlay .wp-block-uagb-image--layout-overlay__inner .uagb-image-caption{opacity: 0;}.uagb-block-e6f939b3.wp-block-uagb-image--layout-overlay .wp-block-uagb-image__figure:hover .wp-block-uagb-image--layout-overlay__color-wrapper{opacity: 1;}.uagb-block-e6f939b3.wp-block-uagb-image .wp-block-uagb-image--layout-overlay__inner .uagb-image-separator{width: 30%;border-top-width: 2px;border-top-color: #fff;opacity: 0;}.uagb-block-e6f939b3.wp-block-uagb-image .wp-block-uagb-image__figure img{width: px;height: auto;}.uagb-block-e6f939b3.wp-block-uagb-image .wp-block-uagb-image__figure:hover .wp-block-uagb-image--layout-overlay__inner .uagb-image-caption{opacity: 1;}.uagb-block-e6f939b3.wp-block-uagb-image .wp-block-uagb-image__figure:hover .wp-block-uagb-image--layout-overlay__inner .uagb-image-separator{opacity: 1;}.uagb-block-e6f939b3.wp-block-uagb-image--layout-default figure:hover img{box-shadow: 0px 0px 0 #00000070;}.uagb-block-e6f939b3.wp-block-uagb-image--layout-overlay figure:hover img{box-shadow: 0px 0px 0 #00000070;}@media only screen and (max-width: 976px) {.uagb-block-e6f939b3.wp-block-uagb-image .wp-block-uagb-image__figure img{width: px;height: auto;}}@media only screen and (max-width: 767px) {.uagb-block-e6f939b3.wp-block-uagb-image .wp-block-uagb-image__figure img{width: px;height: auto;}}\";s:2:\"js\";s:0:\"\";s:18:\"current_block_list\";a:13:{i:0;s:11:\"core\/search\";i:1;s:10:\"core\/group\";i:2;s:12:\"core\/heading\";i:3;s:17:\"core\/latest-posts\";i:4;s:20:\"core\/latest-comments\";i:5;s:13:\"core\/archives\";i:6;s:15:\"core\/categories\";i:7;s:14:\"core\/paragraph\";i:8;s:10:\"uagb\/image\";i:9;s:11:\"core\/spacer\";i:10;s:30:\"woocommerce\/product-categories\";i:11;s:10:\"core\/image\";i:12;s:14:\"core\/shortcode\";}s:8:\"uag_flag\";b:1;s:11:\"uag_version\";s:10:\"1777394548\";s:6:\"gfonts\";a:0:{}s:10:\"gfonts_url\";s:0:\"\";s:12:\"gfonts_files\";a:0:{}s:14:\"uag_faq_layout\";b:0;}"]},"uagb_featured_image_src":{"full":["https:\/\/www.quickdna.com\/wp-content\/uploads\/2025\/06\/box_png_5.png",1000,1000,false],"thumbnail":["https:\/\/www.quickdna.com\/wp-content\/uploads\/2025\/06\/box_png_5-150x150.png",150,150,true],"medium":["https:\/\/www.quickdna.com\/wp-content\/uploads\/2025\/06\/box_png_5-300x300.png",300,300,true],"medium_large":["https:\/\/www.quickdna.com\/wp-content\/uploads\/2025\/06\/box_png_5-768x768.png",768,768,true],"large":["https:\/\/www.quickdna.com\/wp-content\/uploads\/2025\/06\/box_png_5.png",1000,1000,false],"1536x1536":["https:\/\/www.quickdna.com\/wp-content\/uploads\/2025\/06\/box_png_5.png",1000,1000,false],"2048x2048":["https:\/\/www.quickdna.com\/wp-content\/uploads\/2025\/06\/box_png_5.png",1000,1000,false],"trp-custom-language-flag":["https:\/\/www.quickdna.com\/wp-content\/uploads\/2025\/06\/box_png_5-12x12.png",12,12,true],"woocommerce_thumbnail":["https:\/\/www.quickdna.com\/wp-content\/uploads\/2025\/06\/box_png_5-300x300.png",300,300,true],"woocommerce_single":["https:\/\/www.quickdna.com\/wp-content\/uploads\/2025\/06\/box_png_5-600x600.png",600,600,true],"woocommerce_gallery_thumbnail":["https:\/\/www.quickdna.com\/wp-content\/uploads\/2025\/06\/box_png_5-100x100.png",100,100,true]},"uagb_author_info":{"display_name":"admin","author_link":"https:\/\/www.quickdna.com\/dk\/author\/"},"uagb_comment_info":145,"uagb_excerpt":"Get clear and reliable answers about biological parentage with laboratory precision. Our DNA paternity test provides scientifically validated results that determine biological relationships with exceptional accuracy, giving you clarity and peace of mind in sensitive situations. Using advanced genetic analysis, we compare specific DNA markers between the alleged father and child to establish parentage with&hellip;","_links":{"self":[{"href":"https:\/\/www.quickdna.com\/dk\/wp-json\/wp\/v2\/product\/23003","targetHints":{"allow":["GET"]}}],"collection":[{"href":"https:\/\/www.quickdna.com\/dk\/wp-json\/wp\/v2\/product"}],"about":[{"href":"https:\/\/www.quickdna.com\/dk\/wp-json\/wp\/v2\/types\/product"}],"replies":[{"embeddable":true,"href":"https:\/\/www.quickdna.com\/dk\/wp-json\/wp\/v2\/comments?post=23003"}],"version-history":[{"count":7,"href":"https:\/\/www.quickdna.com\/dk\/wp-json\/wp\/v2\/product\/23003\/revisions"}],"predecessor-version":[{"id":30167,"href":"https:\/\/www.quickdna.com\/dk\/wp-json\/wp\/v2\/product\/23003\/revisions\/30167"}],"wp:featuredmedia":[{"embeddable":true,"href":"https:\/\/www.quickdna.com\/dk\/wp-json\/wp\/v2\/media\/23013"}],"wp:attachment":[{"href":"https:\/\/www.quickdna.com\/dk\/wp-json\/wp\/v2\/media?parent=23003"}],"wp:term":[{"taxonomy":"product_brand","embeddable":true,"href":"https:\/\/www.quickdna.com\/dk\/wp-json\/wp\/v2\/product_brand?post=23003"},{"taxonomy":"product_cat","embeddable":true,"href":"https:\/\/www.quickdna.com\/dk\/wp-json\/wp\/v2\/product_cat?post=23003"},{"taxonomy":"product_tag","embeddable":true,"href":"https:\/\/www.quickdna.com\/dk\/wp-json\/wp\/v2\/product_tag?post=23003"}],"curies":[{"name":"wp","href":"https:\/\/api.w.org\/{rel}","templated":true}]}}