{"id":22999,"date":"2025-06-09T13:23:05","date_gmt":"2025-06-09T11:23:05","guid":{"rendered":"https:\/\/www.quickdna.com\/products\/dna-genetic-test\/"},"modified":"2026-02-19T19:13:08","modified_gmt":"2026-02-19T18:13:08","slug":"dna-genetic-test","status":"publish","type":"product","link":"https:\/\/www.quickdna.com\/dk\/products\/dna-genetic-test\/","title":{"rendered":"DNA-afstamningstest"},"content":{"rendered":"<p><strong><img decoding=\"async\" style=\"margin-right: 12px;\" src=\"https:\/\/www.quickdna.com\/wp-content\/uploads\/2026\/02\/Check.svg\" alt=\"\" width=\"18\" height=\"15\" \/>Opdag din sande oprindelse med avanceret global DNA-analyse.<\/strong> Vores DNA-afstamningstest \u00e5bner op for den historie, der er skrevet i dine gener, og giver dig mulighed for at udforske din etniske oprindelse p\u00e5 tv\u00e6rs af alle lande og regioner i verden. Ved hj\u00e6lp af genetiske mark\u00f8rer i h\u00f8j opl\u00f8sning sammenligner vi din DNA-profil med omfattende internationale referencedatabaser for at give en detaljeret oversigt over dine forf\u00e6dres baggrund, hvilket giver indsigt i din families dybe geografiske r\u00f8dder og migrationshistorie.<\/p>\n<p><strong><img decoding=\"async\" style=\"margin-right: 12px;\" src=\"https:\/\/www.quickdna.com\/wp-content\/uploads\/2026\/02\/Check.svg\" alt=\"\" width=\"18\" height=\"15\" \/>Forst\u00e5 din farmakologiske kompatibilitet for personlig behandling.<\/strong> Vores DNA-afstamningstest omfatter farmakogenetisk analyse, som unders\u00f8ger, hvordan dine gener kan p\u00e5virke din reaktion p\u00e5 visse typer medicin. Disse oplysninger kan hj\u00e6lpe med at identificere potentielle f\u00f8lsomheder eller variationer i l\u00e6gemiddelmetabolismen, hvilket bidrager til sikrere og mere personlige sundhedsbeslutninger.<\/p>\n<p><strong><img decoding=\"async\" style=\"margin-right: 12px;\" src=\"https:\/\/www.quickdna.com\/wp-content\/uploads\/2026\/02\/Check.svg\" alt=\"\" width=\"18\" height=\"15\" \/>Optimer din livsstil med indsigt i ern\u00e6ring og tr\u00e6ningsgenetik.<\/strong> Testen analyserer, hvordan din genetiske sammens\u00e6tning interagerer med kost, fysisk aktivitet og stofskifte. Du f\u00e5r oplysninger om, hvordan din krop reagerer p\u00e5 specifikke n\u00e6ringsstoffer, tr\u00e6ningsintensitet, udholdenhedstr\u00e6ning og restitution, s\u00e5 du kan skr\u00e6ddersy din ern\u00e6rings- og fitnessplan i henhold til din genetiske profil.<\/p>\n<p><strong><img decoding=\"async\" style=\"margin-right: 12px;\" src=\"https:\/\/www.quickdna.com\/wp-content\/uploads\/2026\/02\/Check.svg\" alt=\"\" width=\"18\" height=\"15\" \/>F\u00e5 v\u00e6rdifuld indsigt i dit helbred ved at opdage genetiske sygdomsrisici.<\/strong> Ud over afstamning giver testen en analyse af genetiske dispositioner for sygdomme, der mest sandsynligt vil opst\u00e5 baseret p\u00e5 din DNA-profil. Ved at identificere specifikke genetiske varianter, der er forbundet med bestemte tilstande, f\u00e5r du proaktiv viden, der kan underst\u00f8tte informerede sundhedsdiskussioner og forebyggende strategier.<\/p>\n<p><strong><img decoding=\"async\" style=\"margin-right: 12px;\" src=\"https:\/\/www.quickdna.com\/wp-content\/uploads\/2026\/02\/Check.svg\" alt=\"\" width=\"18\" height=\"15\" \/>Identificer sl\u00e6gtninge rundt om i verden, som deler dit DNA.<\/strong> Vores omfattende database giver dig mulighed for at finde genetiske matches med andre personer, der deler DNA-segmenter med dig. Denne funktion hj\u00e6lper dig med at identificere potentielle sl\u00e6gtninge p\u00e5 tv\u00e6rs af kontinenter, genoprette forbindelsen med udvidede familiegrene og opbygge et klarere billede af dit globale familienetv\u00e6rk.<\/p>\n<p><strong><img decoding=\"async\" style=\"margin-right: 12px;\" src=\"https:\/\/www.quickdna.com\/wp-content\/uploads\/2026\/02\/Check.svg\" alt=\"\" width=\"18\" height=\"15\" \/>V\u00e6lg mellem en standard eller diskret pr\u00f8veudtagning, der passer til dine behov.<\/strong> Du kan v\u00e6lge standardtesten, som omfatter sterile mundpinde, der forsigtigt gnides ind i kinden og returneres til laboratoriet, eller v\u00e6lge den diskrete test, hvis du foretr\u00e6kker alternativ pr\u00f8vetagning. I den diskrete l\u00f8sning kan du indsende fingernegle, h\u00e5r med r\u00f8dder, tandb\u00f8rster, tyggegummi, cigaretskodder eller brugte vatpinde. Denne fleksibilitet sikrer komfort, privatliv og bekvemmelighed, samtidig med at laboratoriets analyse er p\u00e5lidelig.<\/p>\n<p><strong><img decoding=\"async\" style=\"margin-right: 12px;\" src=\"https:\/\/www.quickdna.com\/wp-content\/uploads\/2026\/02\/Check.svg\" alt=\"\" width=\"18\" height=\"15\" \/>Resultaterne behandles i et ISO 17025-certificeret laboratorium.<\/strong> Alle DNA-pr\u00f8ver analyseres i et laboratorium, der er certificeret i henhold til ISO 17025-standarder, hvilket sikrer streng kvalitetskontrol, validerede videnskabelige metoder og h\u00f8jtuddannede specialister. Denne internationalt anerkendte certificering garanterer n\u00f8jagtighed, p\u00e5lidelighed og overholdelse af de h\u00f8jeste tekniske standarder i hele testprocessen.<\/p>\n<p><strong><img decoding=\"async\" style=\"margin-right: 12px;\" src=\"https:\/\/www.quickdna.com\/wp-content\/uploads\/2026\/02\/Check.svg\" alt=\"\" width=\"18\" height=\"15\" \/>Modtag hurtige resultater inden for 72 timer efter laboratoriets modtagelse.<\/strong> N\u00e5r dine pr\u00f8ver ankommer til vores laboratorium, g\u00e5r analysen i gang med det samme. Resultaterne leveres inden for 72 timer efter modtagelse af pr\u00f8ven, s\u00e5 du hurtigt kan f\u00e5 adgang til detaljerede rapporter om dine forf\u00e6dre, helbredsm\u00e6ssige dispositioner og genetiske tr\u00e6k uden un\u00f8dig ventetid.<\/p>\n<p><strong><img decoding=\"async\" style=\"margin-right: 12px;\" src=\"https:\/\/www.quickdna.com\/wp-content\/uploads\/2026\/02\/Check.svg\" alt=\"\" width=\"18\" height=\"15\" \/>Drag fordel af den mest effektive og prisbillige DNA-afstamningstest, der findes.<\/strong> Vi kombinerer avanceret teknologi med optimeret drift for at levere den mest effektive analyse til den billigste pris p\u00e5 markedet. Vores omfattende rapportering, globale databasesammenligninger og avancerede genetiske indsigt sikrer enest\u00e5ende v\u00e6rdi uden at g\u00e5 p\u00e5 kompromis med den videnskabelige stringens.<\/p>\n<p><strong><img decoding=\"async\" style=\"margin-right: 12px;\" src=\"https:\/\/www.quickdna.com\/wp-content\/uploads\/2026\/02\/Check.svg\" alt=\"\" width=\"18\" height=\"15\" \/>Bestil trygt takket v\u00e6re 24-timers levering og vores pengene-tilbage-garanti.<\/strong> Vi tilbyder altid 24-timers levering af dit testkit, s\u00e5 du kan komme i gang med det samme. Derudover giver vi en fuld pengene-tilbage-garanti, hvis du ikke er tilfreds med vores service. Din investering er helt risikofri, og din tilfredshed er vores prioritet.<\/p>\n<h2><strong>Instruktioner<\/strong><\/h2>\n<ul>\n<li>V\u00e6lg din foretrukne pr\u00f8vetagningsmulighed, n\u00e5r du afgiver din bestilling: standard kindpodningstest eller diskret indsendelse af pr\u00f8ve.<\/li>\n<li>N\u00e5r du modtager s\u00e6ttet med 24-timers levering, skal du l\u00e6se alle instruktioner omhyggeligt, f\u00f8r du indsamler DNA-pr\u00f8ver.<\/li>\n<li>Til standardtesten skal du bruge de medf\u00f8lgende sterile vatpinde og gnide godt p\u00e5 indersiden af kinden i 30 til 60 sekunder pr. vatpind. Undg\u00e5 at spise, drikke eller ryge i mindst en time f\u00f8r pr\u00f8vetagning.<\/li>\n<li>Lad podepinde luftt\u00f8rre helt, f\u00f8r du l\u00e6gger dem i de dertil beregnede kuverter for at forhindre fugtrelateret nedbrydning.<\/li>\n<li>Til den diskrete test skal du indsamle passende genstande s\u00e5som fingernegle, h\u00e5r med synlige r\u00f8dder, en brugt tandb\u00f8rste, tyggegummi, cigaretskod eller brugte vatpinde. S\u00f8rg for, at hver pr\u00f8ve udelukkende tilh\u00f8rer den person, der testes, og at den h\u00e5ndteres omhyggeligt for at undg\u00e5 kontaminering.<\/li>\n<li>L\u00e6g hver enkelt pr\u00f8ve i en ren, separat beholder eller kuvert som anvist i kittet.<\/li>\n<li>Udfyld identifikations- og samtykkeformularerne n\u00f8jagtigt for at sikre korrekt behandling og rapportering.<\/li>\n<li>Pak alle pr\u00f8ver forsvarligt ind med de medf\u00f8lgende materialer, og send dem tilbage til laboratoriet i henhold til anvisningerne.<\/li>\n<li>N\u00e5r laboratoriet har modtaget dine pr\u00f8ver, begynder analysen med det samme, herunder opdeling af afstamning, matchning af sl\u00e6gtninge, vurdering af genetisk sundhedsrisiko, analyse af farmakologisk kompatibilitet og evaluering af ern\u00e6ring og tr\u00e6ningsrespons.<\/li>\n<li>Resultaterne leveres inden for 72 timer efter modtagelse p\u00e5 laboratoriet, s\u00e5 du kan gennemg\u00e5 din omfattende genetiske rapport i detaljer.<\/li>\n<\/ul>","protected":false},"excerpt":{"rendered":"<p>Discover your true origins with advanced global DNA analysis. Our DNA ancestry test unlocks the story written in your genes, allowing you to explore your ethnic origins across all countries and regions of the world. Using high-resolution genetic markers, we compare your DNA profile with extensive international reference databases to provide a detailed breakdown of [&hellip;]<\/p>\n","protected":false},"featured_media":23012,"comment_status":"open","ping_status":"closed","template":"","meta":{"_uag_custom_page_level_css":"","site-sidebar-layout":"default","site-content-layout":"","ast-site-content-layout":"default","site-content-style":"default","site-sidebar-style":"default","ast-global-header-display":"","ast-banner-title-visibility":"","ast-main-header-display":"","ast-hfb-above-header-display":"","ast-hfb-below-header-display":"","ast-hfb-mobile-header-display":"","site-post-title":"","ast-breadcrumbs-content":"","ast-featured-img":"","footer-sml-layout":"","ast-disable-related-posts":"","theme-transparent-header-meta":"default","adv-header-id-meta":"","stick-header-meta":"","header-above-stick-meta":"","header-main-stick-meta":"","header-below-stick-meta":"","astra-migrate-meta-layouts":"set","ast-page-background-enabled":"default","ast-page-background-meta":{"desktop":{"background-color":"var(--ast-global-color-4)","background-image":"","background-repeat":"repeat","background-position":"center center","background-size":"auto","background-attachment":"scroll","background-type":"","background-media":"","overlay-type":"","overlay-color":"","overlay-opacity":"","overlay-gradient":""},"tablet":{"background-color":"","background-image":"","background-repeat":"repeat","background-position":"center center","background-size":"auto","background-attachment":"scroll","background-type":"","background-media":"","overlay-type":"","overlay-color":"","overlay-opacity":"","overlay-gradient":""},"mobile":{"background-color":"","background-image":"","background-repeat":"repeat","background-position":"center center","background-size":"auto","background-attachment":"scroll","background-type":"","background-media":"","overlay-type":"","overlay-color":"","overlay-opacity":"","overlay-gradient":""}},"ast-content-background-meta":{"desktop":{"background-color":"var(--ast-global-color-5)","background-image":"","background-repeat":"repeat","background-position":"center center","background-size":"auto","background-attachment":"scroll","background-type":"","background-media":"","overlay-type":"","overlay-color":"","overlay-opacity":"","overlay-gradient":""},"tablet":{"background-color":"var(--ast-global-color-5)","background-image":"","background-repeat":"repeat","background-position":"center center","background-size":"auto","background-attachment":"scroll","background-type":"","background-media":"","overlay-type":"","overlay-color":"","overlay-opacity":"","overlay-gradient":""},"mobile":{"background-color":"var(--ast-global-color-5)","background-image":"","background-repeat":"repeat","background-position":"center center","background-size":"auto","background-attachment":"scroll","background-type":"","background-media":"","overlay-type":"","overlay-color":"","overlay-opacity":"","overlay-gradient":""}}},"product_brand":[],"product_cat":[15],"product_tag":[],"class_list":{"0":"post-22999","1":"product","2":"type-product","3":"status-publish","4":"has-post-thumbnail","6":"product_cat-shop","7":"desktop-align-left","8":"tablet-align-left","9":"mobile-align-left","11":"first","12":"instock","13":"taxable","14":"shipping-taxable","15":"purchasable","16":"product-type-variable","17":"has-default-attributes"},"spectra_custom_meta":{"_visibility":["visible"],"_shopify_product_id":["7437086130408"],"_s2w_shopify_domain":["quickdna.myshopify.com"],"_shopify_variant_id":["42550085877992"],"_manage_stock":["no"],"total_sales":["1011"],"_tax_status":["taxable"],"_tax_class":[""],"_backorders":["no"],"_sold_individually":["no"],"_virtual":["no"],"_downloadable":["no"],"_download_limit":["-1"],"_download_expiry":["-1"],"_stock":[null],"_stock_status":["instock"],"_wc_average_rating":["4.71"],"_wc_review_count":["97"],"_product_attributes":["a:1:{s:13:\"discreet-test\";a:6:{s:4:\"name\";s:13:\"Discreet test\";s:5:\"value\";s:8:\"No | Yes\";s:8:\"position\";i:1;s:10:\"is_visible\";i:0;s:12:\"is_variation\";i:1;s:11:\"is_taxonomy\";i:0;}}"],"_product_version":["10.5.2"],"_thumbnail_id":["23012"],"_edit_last":["1"],"_wp_page_template":["default"],"_edit_lock":["1777446229:588"],"merchant-center-availability":["yes"],"merchant-center-category":["505293"],"merchant-center-id":["ORI"],"site-sidebar-layout":["default"],"ast-site-content-layout":["default"],"site-content-style":["default"],"site-sidebar-style":["default"],"theme-transparent-header-meta":["default"],"_wc_rating_count":["a:3:{i:3;i:8;i:4;i:12;i:5;i:77;}"],"_default_attributes":["a:1:{s:13:\"discreet-test\";s:2:\"No\";}"],"_price":["99.90","159.90"],"astra-migrate-meta-layouts":["set"],"_uag_css_file_name":["uag-css-22999.css"],"_elementor_page_assets":["a:0:{}"],"_uag_page_assets":["a:9:{s:3:\"css\";s:7133:\".uag-blocks-common-selector{z-index:var(--z-index-desktop) !important}@media(max-width: 976px){.uag-blocks-common-selector{z-index:var(--z-index-tablet) !important}}@media(max-width: 767px){.uag-blocks-common-selector{z-index:var(--z-index-mobile) !important}}.wp-block-uagb-image{display:flex}.wp-block-uagb-image__figure{position:relative;display:flex;flex-direction:column;max-width:100%;height:auto;margin:0}.wp-block-uagb-image__figure img{height:auto;display:flex;max-width:100%;transition:box-shadow .2s ease}.wp-block-uagb-image__figure>a{display:inline-block}.wp-block-uagb-image__figure figcaption{text-align:center;margin-top:.5em;margin-bottom:1em}.wp-block-uagb-image .components-placeholder.block-editor-media-placeholder .components-placeholder__instructions{align-self:center}.wp-block-uagb-image--align-left{text-align:left}.wp-block-uagb-image--align-right{text-align:right}.wp-block-uagb-image--align-center{text-align:center}.wp-block-uagb-image--align-full .wp-block-uagb-image__figure{margin-left:calc(50% - 50vw);margin-right:calc(50% - 50vw);max-width:100vw;width:100vw;height:auto}.wp-block-uagb-image--align-full .wp-block-uagb-image__figure img{height:auto;width:100% !important}.wp-block-uagb-image--align-wide .wp-block-uagb-image__figure img{height:auto;width:100%}.wp-block-uagb-image--layout-overlay__color-wrapper{position:absolute;left:0;top:0;right:0;bottom:0;opacity:.2;background:rgba(0,0,0,.5);transition:opacity .35s ease-in-out}.wp-block-uagb-image--layout-overlay-link{position:absolute;left:0;right:0;bottom:0;top:0}.wp-block-uagb-image--layout-overlay .wp-block-uagb-image__figure:hover .wp-block-uagb-image--layout-overlay__color-wrapper{opacity:1}.wp-block-uagb-image--layout-overlay__inner{position:absolute;left:15px;right:15px;bottom:15px;top:15px;display:flex;align-items:center;justify-content:center;flex-direction:column;border-color:#fff;transition:.35s ease-in-out}.wp-block-uagb-image--layout-overlay__inner.top-left,.wp-block-uagb-image--layout-overlay__inner.top-center,.wp-block-uagb-image--layout-overlay__inner.top-right{justify-content:flex-start}.wp-block-uagb-image--layout-overlay__inner.bottom-left,.wp-block-uagb-image--layout-overlay__inner.bottom-center,.wp-block-uagb-image--layout-overlay__inner.bottom-right{justify-content:flex-end}.wp-block-uagb-image--layout-overlay__inner.top-left,.wp-block-uagb-image--layout-overlay__inner.center-left,.wp-block-uagb-image--layout-overlay__inner.bottom-left{align-items:flex-start}.wp-block-uagb-image--layout-overlay__inner.top-right,.wp-block-uagb-image--layout-overlay__inner.center-right,.wp-block-uagb-image--layout-overlay__inner.bottom-right{align-items:flex-end}.wp-block-uagb-image--layout-overlay__inner .uagb-image-heading{color:#fff;transition:transform .35s,opacity .35s ease-in-out;transform:translate3d(0, 24px, 0);margin:0;line-height:1em}.wp-block-uagb-image--layout-overlay__inner .uagb-image-separator{width:30%;border-top-width:2px;border-top-color:#fff;border-top-style:solid;margin-bottom:10px;opacity:0;transition:transform .4s,opacity .4s ease-in-out;transform:translate3d(0, 30px, 0)}.wp-block-uagb-image--layout-overlay__inner .uagb-image-caption{opacity:0;overflow:visible;color:#fff;transition:transform .45s,opacity .45s ease-in-out;transform:translate3d(0, 35px, 0)}.wp-block-uagb-image--layout-overlay__inner:hover .uagb-image-heading,.wp-block-uagb-image--layout-overlay__inner:hover .uagb-image-separator,.wp-block-uagb-image--layout-overlay__inner:hover .uagb-image-caption{opacity:1;transform:translate3d(0, 0, 0)}.wp-block-uagb-image--effect-zoomin .wp-block-uagb-image__figure img,.wp-block-uagb-image--effect-zoomin .wp-block-uagb-image__figure .wp-block-uagb-image--layout-overlay__color-wrapper{transform:scale(1);transition:transform .35s ease-in-out}.wp-block-uagb-image--effect-zoomin .wp-block-uagb-image__figure:hover img,.wp-block-uagb-image--effect-zoomin .wp-block-uagb-image__figure:hover .wp-block-uagb-image--layout-overlay__color-wrapper{transform:scale(1.05)}.wp-block-uagb-image--effect-slide .wp-block-uagb-image__figure img,.wp-block-uagb-image--effect-slide .wp-block-uagb-image__figure .wp-block-uagb-image--layout-overlay__color-wrapper{width:calc(100% + 40px) !important;max-width:none !important;transform:translate3d(-40px, 0, 0);transition:transform .35s ease-in-out}.wp-block-uagb-image--effect-slide .wp-block-uagb-image__figure:hover img,.wp-block-uagb-image--effect-slide .wp-block-uagb-image__figure:hover .wp-block-uagb-image--layout-overlay__color-wrapper{transform:translate3d(0, 0, 0)}.wp-block-uagb-image--effect-grayscale img{filter:grayscale(0%);transition:.35s ease-in-out}.wp-block-uagb-image--effect-grayscale:hover img{filter:grayscale(100%)}.wp-block-uagb-image--effect-blur img{filter:blur(0);transition:.35s ease-in-out}.wp-block-uagb-image--effect-blur:hover img{filter:blur(3px)}.uagb-block-e6f939b3.wp-block-uagb-image--layout-default figure img{box-shadow: 0px 0px 0 #00000070;}.uagb-block-e6f939b3.wp-block-uagb-image .wp-block-uagb-image__figure figcaption{font-style: normal;align-self: center;}.uagb-block-e6f939b3.wp-block-uagb-image--layout-overlay figure img{box-shadow: 0px 0px 0 #00000070;}.uagb-block-e6f939b3.wp-block-uagb-image--layout-overlay .wp-block-uagb-image--layout-overlay__color-wrapper{opacity: 0.2;}.uagb-block-e6f939b3.wp-block-uagb-image--layout-overlay .wp-block-uagb-image--layout-overlay__inner{left: 15px;right: 15px;top: 15px;bottom: 15px;}.uagb-block-e6f939b3.wp-block-uagb-image--layout-overlay .wp-block-uagb-image--layout-overlay__inner .uagb-image-heading{font-style: normal;color: #fff;opacity: 1;}.uagb-block-e6f939b3.wp-block-uagb-image--layout-overlay .wp-block-uagb-image--layout-overlay__inner .uagb-image-heading a{color: #fff;}.uagb-block-e6f939b3.wp-block-uagb-image--layout-overlay .wp-block-uagb-image--layout-overlay__inner .uagb-image-caption{opacity: 0;}.uagb-block-e6f939b3.wp-block-uagb-image--layout-overlay .wp-block-uagb-image__figure:hover .wp-block-uagb-image--layout-overlay__color-wrapper{opacity: 1;}.uagb-block-e6f939b3.wp-block-uagb-image .wp-block-uagb-image--layout-overlay__inner .uagb-image-separator{width: 30%;border-top-width: 2px;border-top-color: #fff;opacity: 0;}.uagb-block-e6f939b3.wp-block-uagb-image .wp-block-uagb-image__figure img{width: px;height: auto;}.uagb-block-e6f939b3.wp-block-uagb-image .wp-block-uagb-image__figure:hover .wp-block-uagb-image--layout-overlay__inner .uagb-image-caption{opacity: 1;}.uagb-block-e6f939b3.wp-block-uagb-image .wp-block-uagb-image__figure:hover .wp-block-uagb-image--layout-overlay__inner .uagb-image-separator{opacity: 1;}.uagb-block-e6f939b3.wp-block-uagb-image--layout-default figure:hover img{box-shadow: 0px 0px 0 #00000070;}.uagb-block-e6f939b3.wp-block-uagb-image--layout-overlay figure:hover img{box-shadow: 0px 0px 0 #00000070;}@media only screen and (max-width: 976px) {.uagb-block-e6f939b3.wp-block-uagb-image .wp-block-uagb-image__figure img{width: px;height: auto;}}@media only screen and (max-width: 767px) {.uagb-block-e6f939b3.wp-block-uagb-image .wp-block-uagb-image__figure img{width: px;height: auto;}}\";s:2:\"js\";s:0:\"\";s:18:\"current_block_list\";a:13:{i:0;s:11:\"core\/search\";i:1;s:10:\"core\/group\";i:2;s:12:\"core\/heading\";i:3;s:17:\"core\/latest-posts\";i:4;s:20:\"core\/latest-comments\";i:5;s:13:\"core\/archives\";i:6;s:15:\"core\/categories\";i:7;s:14:\"core\/paragraph\";i:8;s:10:\"uagb\/image\";i:9;s:11:\"core\/spacer\";i:10;s:30:\"woocommerce\/product-categories\";i:11;s:10:\"core\/image\";i:12;s:14:\"core\/shortcode\";}s:8:\"uag_flag\";b:1;s:11:\"uag_version\";s:10:\"1777481263\";s:6:\"gfonts\";a:0:{}s:10:\"gfonts_url\";s:0:\"\";s:12:\"gfonts_files\";a:0:{}s:14:\"uag_faq_layout\";b:0;}"]},"uagb_featured_image_src":{"full":["https:\/\/www.quickdna.com\/wp-content\/uploads\/2025\/06\/box_png_4.png",1000,1000,false],"thumbnail":["https:\/\/www.quickdna.com\/wp-content\/uploads\/2025\/06\/box_png_4-150x150.png",150,150,true],"medium":["https:\/\/www.quickdna.com\/wp-content\/uploads\/2025\/06\/box_png_4-300x300.png",300,300,true],"medium_large":["https:\/\/www.quickdna.com\/wp-content\/uploads\/2025\/06\/box_png_4-768x768.png",768,768,true],"large":["https:\/\/www.quickdna.com\/wp-content\/uploads\/2025\/06\/box_png_4.png",1000,1000,false],"1536x1536":["https:\/\/www.quickdna.com\/wp-content\/uploads\/2025\/06\/box_png_4.png",1000,1000,false],"2048x2048":["https:\/\/www.quickdna.com\/wp-content\/uploads\/2025\/06\/box_png_4.png",1000,1000,false],"trp-custom-language-flag":["https:\/\/www.quickdna.com\/wp-content\/uploads\/2025\/06\/box_png_4-12x12.png",12,12,true],"woocommerce_thumbnail":["https:\/\/www.quickdna.com\/wp-content\/uploads\/2025\/06\/box_png_4-300x300.png",300,300,true],"woocommerce_single":["https:\/\/www.quickdna.com\/wp-content\/uploads\/2025\/06\/box_png_4-600x600.png",600,600,true],"woocommerce_gallery_thumbnail":["https:\/\/www.quickdna.com\/wp-content\/uploads\/2025\/06\/box_png_4-100x100.png",100,100,true]},"uagb_author_info":{"display_name":"admin","author_link":"https:\/\/www.quickdna.com\/dk\/author\/"},"uagb_comment_info":97,"uagb_excerpt":"Discover your true origins with advanced global DNA analysis. Our DNA ancestry test unlocks the story written in your genes, allowing you to explore your ethnic origins across all countries and regions of the world. Using high-resolution genetic markers, we compare your DNA profile with extensive international reference databases to provide a detailed breakdown of&hellip;","_links":{"self":[{"href":"https:\/\/www.quickdna.com\/dk\/wp-json\/wp\/v2\/product\/22999","targetHints":{"allow":["GET"]}}],"collection":[{"href":"https:\/\/www.quickdna.com\/dk\/wp-json\/wp\/v2\/product"}],"about":[{"href":"https:\/\/www.quickdna.com\/dk\/wp-json\/wp\/v2\/types\/product"}],"replies":[{"embeddable":true,"href":"https:\/\/www.quickdna.com\/dk\/wp-json\/wp\/v2\/comments?post=22999"}],"version-history":[{"count":5,"href":"https:\/\/www.quickdna.com\/dk\/wp-json\/wp\/v2\/product\/22999\/revisions"}],"predecessor-version":[{"id":30176,"href":"https:\/\/www.quickdna.com\/dk\/wp-json\/wp\/v2\/product\/22999\/revisions\/30176"}],"wp:featuredmedia":[{"embeddable":true,"href":"https:\/\/www.quickdna.com\/dk\/wp-json\/wp\/v2\/media\/23012"}],"wp:attachment":[{"href":"https:\/\/www.quickdna.com\/dk\/wp-json\/wp\/v2\/media?parent=22999"}],"wp:term":[{"taxonomy":"product_brand","embeddable":true,"href":"https:\/\/www.quickdna.com\/dk\/wp-json\/wp\/v2\/product_brand?post=22999"},{"taxonomy":"product_cat","embeddable":true,"href":"https:\/\/www.quickdna.com\/dk\/wp-json\/wp\/v2\/product_cat?post=22999"},{"taxonomy":"product_tag","embeddable":true,"href":"https:\/\/www.quickdna.com\/dk\/wp-json\/wp\/v2\/product_tag?post=22999"}],"curies":[{"name":"wp","href":"https:\/\/api.w.org\/{rel}","templated":true}]}}