{"id":23006,"date":"2025-06-09T13:23:07","date_gmt":"2025-06-09T11:23:07","guid":{"rendered":"https:\/\/www.quickdna.com\/products\/dna-prenatal-test\/"},"modified":"2026-02-19T19:01:53","modified_gmt":"2026-02-19T18:01:53","slug":"dna-prenatal-test","status":"publish","type":"product","link":"https:\/\/www.quickdna.com\/cz\/products\/dna-prenatal-test\/","title":{"rendered":"Prenat\u00e1ln\u00ed DNA test otcovstv\u00ed"},"content":{"rendered":"<p><strong><img decoding=\"async\" style=\"margin-right: 12px;\" src=\"https:\/\/www.quickdna.com\/wp-content\/uploads\/2026\/02\/Check.svg\" alt=\"\" width=\"18\" height=\"15\" \/>Ur\u010dete otcovstv\u00ed je\u0161t\u011b p\u0159ed narozen\u00edm pomoc\u00ed pokro\u010dil\u00e9 prenat\u00e1ln\u00ed anal\u00fdzy DNA.<\/strong> N\u00e1\u0161 prenat\u00e1ln\u00ed test otcovstv\u00ed DNA v\u00e1m umo\u017en\u00ed zjistit biologick\u00e9 otcovstv\u00ed b\u011bhem t\u011bhotenstv\u00ed pomoc\u00ed nejmodern\u011bj\u0161\u00ed genetick\u00e9 technologie. Pomoc\u00ed vysoce citliv\u00fdch analytick\u00fdch technik test porovn\u00e1v\u00e1 DNA plodu obsa\u017eenou v krvi matky s DNA \u00fadajn\u00e9ho otce a poskytuje tak jasn\u00e9 a spolehliv\u00e9 odpov\u011bdi je\u0161t\u011b p\u0159ed narozen\u00edm d\u00edt\u011bte. Toto v\u010dasn\u00e9 objasn\u011bn\u00ed m\u016f\u017ee b\u00fdt z\u00e1sadn\u00ed pro emocion\u00e1ln\u00ed, osobn\u00ed nebo pr\u00e1vn\u00ed p\u0159\u00edpravu.<\/p>\n<p><strong><img decoding=\"async\" style=\"margin-right: 12px;\" src=\"https:\/\/www.quickdna.com\/wp-content\/uploads\/2026\/02\/Check.svg\" alt=\"\" width=\"18\" height=\"15\" \/>Standardn\u00ed nebo diskr\u00e9tn\u00ed mo\u017enost odb\u011bru vzorku \u00fadajn\u00e9ho otce.<\/strong> Nab\u00edz\u00edme flexibiln\u00ed \u0159e\u0161en\u00ed, kter\u00e1 se p\u0159izp\u016fsob\u00ed va\u0161im konkr\u00e9tn\u00edm podm\u00ednk\u00e1m. P\u0159i standardn\u00ed variant\u011b \u00fadajn\u00fd otec prov\u00e1d\u00ed jednoduch\u00e9 st\u011bry z tv\u00e1\u0159\u00ed tak, \u017ee jemn\u011b vet\u0159e steriln\u00ed tampony do \u00fast a vr\u00e1t\u00ed je do laborato\u0159e. Pro v\u011bt\u0161\u00ed diskr\u00e9tnost umo\u017e\u0148uje diskr\u00e9tn\u00ed varianta p\u0159edlo\u017een\u00ed alternativn\u00edch osobn\u00edch p\u0159edm\u011bt\u016f pat\u0159\u00edc\u00edch \u00fadajn\u00e9mu otci, jako jsou nehty, vlasy s ko\u0159\u00ednky, zubn\u00ed kart\u00e1\u010dky, \u017ev\u00fdka\u010dky, nedopalky cigaret nebo pou\u017eit\u00e9 vatov\u00e9 ty\u010dinky. T\u00edm je zaji\u0161t\u011bno soukrom\u00ed a p\u0159izp\u016fsobivost p\u0159i zachov\u00e1n\u00ed analytick\u00e9 p\u0159esnosti.<\/p>\n<p><strong><img decoding=\"async\" style=\"margin-right: 12px;\" src=\"https:\/\/www.quickdna.com\/wp-content\/uploads\/2026\/02\/Check.svg\" alt=\"\" width=\"18\" height=\"15\" \/>Jednoduch\u00fd a bezpe\u010dn\u00fd odb\u011br vzorku matky prost\u0159ednictv\u00edm vzorku krve.<\/strong> Matka poskytne vzorek krve, kter\u00fd obsahuje cirkuluj\u00edc\u00ed DNA plodu p\u0159irozen\u011b p\u0159\u00edtomnou b\u011bhem t\u011bhotenstv\u00ed. Tento neinvazivn\u00ed p\u0159\u00edstup zabra\u0148uje jak\u00e9mukoli riziku pro plod a prov\u00e1d\u00ed se standardn\u00edm odb\u011brem krve. Vzorek je pot\u00e9 odesl\u00e1n do na\u0161\u00ed laborato\u0159e k p\u0159esn\u00e9mu genetick\u00e9mu porovn\u00e1n\u00ed s profilem DNA \u00fadajn\u00e9ho otce.<\/p>\n<p><strong><img decoding=\"async\" style=\"margin-right: 12px;\" src=\"https:\/\/www.quickdna.com\/wp-content\/uploads\/2026\/02\/Check.svg\" alt=\"\" width=\"18\" height=\"15\" \/>Spolehn\u011bte se na laborato\u0159 certifikovanou podle normy ISO 17025, kter\u00e1 zaru\u010duje maxim\u00e1ln\u00ed v\u011bdeckou spolehlivost.<\/strong> V\u0161echny anal\u00fdzy se prov\u00e1d\u011bj\u00ed v laborato\u0159i certifikovan\u00e9 podle normy ISO 17025, co\u017e zaji\u0161\u0165uje p\u0159\u00edsn\u00e9 dodr\u017eov\u00e1n\u00ed mezin\u00e1rodn\u011b uzn\u00e1van\u00fdch norem zp\u016fsobilosti a kontroly kvality. Tato certifikace zaru\u010duje ov\u011b\u0159en\u00e9 postupy, kalibrovan\u00e9 p\u0159\u00edstroje a odborn\u00e9 techniky, co\u017e poskytuje nejvy\u0161\u0161\u00ed \u00farove\u0148 p\u0159esnosti a d\u016fv\u011bry ve va\u0161e v\u00fdsledky.<\/p>\n<p><strong><img decoding=\"async\" style=\"margin-right: 12px;\" src=\"https:\/\/www.quickdna.com\/wp-content\/uploads\/2026\/02\/Check.svg\" alt=\"\" width=\"18\" height=\"15\" \/>V\u00fdsledky obdr\u017e\u00edte do 72 hodin od p\u0159ijet\u00ed vzorku v laborato\u0159i.<\/strong> Ch\u00e1peme, \u017ee v prenat\u00e1ln\u00edch situac\u00edch je \u010das rozhoduj\u00edc\u00ed. Jakmile laborato\u0159 obdr\u017e\u00ed vzorek krve matky a vzorky DNA domn\u011bl\u00e9ho otce, v\u00fdsledky jsou dod\u00e1ny do 72 hodin. N\u00e1\u0161 zjednodu\u0161en\u00fd laboratorn\u00ed pracovn\u00ed postup zaji\u0161\u0165uje rychl\u00e9 zpracov\u00e1n\u00ed, ani\u017e by byla ohro\u017eena v\u011bdeck\u00e1 p\u0159\u00edsnost.<\/p>\n<p><strong><img decoding=\"async\" style=\"margin-right: 12px;\" src=\"https:\/\/www.quickdna.com\/wp-content\/uploads\/2026\/02\/Check.svg\" alt=\"\" width=\"18\" height=\"15\" \/>Vyu\u017eijte nej\u00fa\u010dinn\u011bj\u0161\u00ed dostupnou metodu prenat\u00e1ln\u00edho testov\u00e1n\u00ed otcovstv\u00ed.<\/strong> Na\u0161e pokro\u010dil\u00e1 technologie izoluje a analyzuje DNA plodu s mimo\u0159\u00e1dnou p\u0159esnost\u00ed. Porovn\u00e1n\u00ed v\u00edce genetick\u00fdch marker\u016f poskytuje vysoce pr\u016fkazn\u00e9 v\u00fdsledky. Pokud je otcovstv\u00ed potvrzeno, pravd\u011bpodobnost obvykle p\u0159esahuje 99,9%, zat\u00edmco vylou\u010den\u00ed je definitivn\u00ed, pokud \u00fadajn\u00fd otec nen\u00ed biologicky p\u0159\u00edbuzn\u00fd. Tato \u00farove\u0148 \u00fa\u010dinnosti \u0159ad\u00ed n\u00e1\u0161 test mezi nejspolehliv\u011bj\u0161\u00ed dostupn\u00e1 prenat\u00e1ln\u00ed \u0159e\u0161en\u00ed.<\/p>\n<p><strong><img decoding=\"async\" style=\"margin-right: 12px;\" src=\"https:\/\/www.quickdna.com\/wp-content\/uploads\/2026\/02\/Check.svg\" alt=\"\" width=\"18\" height=\"15\" \/>Z\u00edskejte p\u0159\u00edstup k prvot\u0159\u00eddn\u00edm laboratorn\u00edm test\u016fm za nejv\u00fdhodn\u011bj\u0161\u00ed cenu.<\/strong> Sna\u017e\u00edme se nab\u00edzet nejlevn\u011bj\u0161\u00ed vysoce kvalitn\u00ed prenat\u00e1ln\u00ed test otcovstv\u00ed DNA na trhu. D\u00edky optimalizovan\u00fdm laboratorn\u00edm proces\u016fm a efektivn\u00ed logistice sni\u017eujeme n\u00e1klady p\u0159i zachov\u00e1n\u00ed v\u00fdjime\u010dn\u00fdch standard\u016f. D\u00edky tomu z\u00edsk\u00e1te p\u0159esn\u00e9 a certifikovan\u00e9 testy za nejlep\u0161\u00ed mo\u017enou cenu.<\/p>\n<p><strong><img decoding=\"async\" style=\"margin-right: 12px;\" src=\"https:\/\/www.quickdna.com\/wp-content\/uploads\/2026\/02\/Check.svg\" alt=\"\" width=\"18\" height=\"15\" \/>Vyu\u017eijte 24hodinov\u00e9 doru\u010den\u00ed a za\u010dn\u011bte s procesem bez prodlen\u00ed.<\/strong> Testovac\u00ed soupravu v\u00e1m v\u017edy doru\u010d\u00edme do 24 hodin, tak\u017ee m\u016f\u017eete rychle zah\u00e1jit odb\u011br vzork\u016f. Rychl\u00e9 zasl\u00e1n\u00ed zaji\u0161\u0165uje, \u017ee odb\u011br krve matky i pod\u00e1n\u00ed vzorku \u00fadajn\u00e9ho otce m\u016f\u017ee prob\u011bhnout co nejd\u0159\u00edve.<\/p>\n<p><strong><img decoding=\"async\" style=\"margin-right: 12px;\" src=\"https:\/\/www.quickdna.com\/wp-content\/uploads\/2026\/02\/Check.svg\" alt=\"\" width=\"18\" height=\"15\" \/>Naprost\u00e1 d\u016fv\u011brnost a diskr\u00e9tn\u00ed vy\u0159izov\u00e1n\u00ed va\u0161eho p\u0159\u00edpadu.<\/strong> Ke ka\u017ed\u00e9mu p\u0159\u00edpadu prenat\u00e1ln\u00edho otcovstv\u00ed p\u0159istupujeme s p\u0159\u00edsnou d\u016fv\u011brnost\u00ed. Va\u0161e soukrom\u00ed je respektov\u00e1no v ka\u017ed\u00e9 f\u00e1zi, od neutr\u00e1ln\u00edho balen\u00ed a bezpe\u010dn\u00e9 dokumentace a\u017e po chr\u00e1n\u011bn\u00e9 doru\u010den\u00ed v\u00fdsledk\u016f. Mo\u017enost diskr\u00e9tn\u00edho odb\u011bru vzork\u016f pro \u00fadajn\u00e9ho otce v p\u0159\u00edpad\u011b pot\u0159eby d\u00e1le zvy\u0161uje d\u016fv\u011brnost.<\/p>\n<p><strong><img decoding=\"async\" style=\"margin-right: 12px;\" src=\"https:\/\/www.quickdna.com\/wp-content\/uploads\/2026\/02\/Check.svg\" alt=\"\" width=\"18\" height=\"15\" \/>Nakupujte s jistotou d\u00edky na\u0161\u00ed z\u00e1ruce vr\u00e1cen\u00ed pen\u011bz.<\/strong> Za spolehlivost\u00ed a profesionalitou na\u0161eho prenat\u00e1ln\u00edho testu otcovstv\u00ed DNA si pln\u011b stoj\u00edme. Pokud nebudete s na\u0161imi slu\u017ebami spokojeni, nab\u00edz\u00edme z\u00e1ruku vr\u00e1cen\u00ed pen\u011bz. Tento z\u00e1vazek zaji\u0161\u0165uje, \u017ee va\u0161e rozhodnut\u00ed pokra\u010dovat v testu je zcela bez rizika a je podpo\u0159eno na\u0161\u00edm odhodl\u00e1n\u00edm ke spokojenosti z\u00e1kazn\u00edk\u016f.<\/p>\n<h2><strong>Pokyny<\/strong><\/h2>\n<ul>\n<li>P\u0159i zad\u00e1v\u00e1n\u00ed objedn\u00e1vky vyberte preferovanou mo\u017enost pro \u00fadajn\u00e9ho otce: standardn\u00ed test l\u00edcn\u00edm st\u011brem nebo diskr\u00e9tn\u00ed pod\u00e1n\u00ed vzorku.<\/li>\n<li>Po obdr\u017een\u00ed soupravy s 24hodinovou dod\u00e1vkou si p\u0159ed odb\u011brem vzork\u016f pe\u010dliv\u011b prostudujte v\u0161echny p\u0159ilo\u017een\u00e9 pokyny.<\/li>\n<li>U matky zajist\u011bte odb\u011br vzorku krve podle poskytnut\u00fdch pokyn\u016f. Vzorek krve mus\u00ed b\u00fdt \u0159\u00e1dn\u011b ozna\u010den a mus\u00ed se s n\u00edm spr\u00e1vn\u011b manipulovat, aby byla zaji\u0161t\u011bna p\u0159esn\u00e1 anal\u00fdza DNA plodu.<\/li>\n<li>Zajist\u011bte, aby byl vzorek krve matky odebr\u00e1n podle hygienick\u00fdch a odborn\u00fdch postup\u016f a zabalen podle pokyn\u016f pro bezpe\u010dn\u00fd transport do laborato\u0159e.<\/li>\n<li>Pro standardn\u00ed test \u00fadajn\u00e9ho otce pou\u017eijte p\u0159ilo\u017een\u00e9 steriln\u00ed tampony a ka\u017ed\u00fd tampon pevn\u011b t\u0159ete do vnit\u0159n\u00ed strany tv\u00e1\u0159e po dobu 30 a\u017e 60 sekund. Nejm\u00e9n\u011b jednu hodinu p\u0159ed odb\u011brem nejezte, nepijte a neku\u0159te.<\/li>\n<li>P\u0159ed vlo\u017een\u00edm do ur\u010den\u00fdch ob\u00e1lek nechte l\u00edcn\u00ed tampony zcela vyschnout, aby nedo\u0161lo k jejich znehodnocen\u00ed.<\/li>\n<li>V p\u0159\u00edpad\u011b diskr\u00e9tn\u00ed varianty (pouze otec) sb\u00edrejte vhodn\u00e9 osobn\u00ed p\u0159edm\u011bty, jako jsou nehty, vlasy s viditeln\u00fdmi ko\u0159\u00ednky, pou\u017eit\u00fd zubn\u00ed kart\u00e1\u010dek, \u017ev\u00fdka\u010dky, nedopalky cigaret nebo pou\u017eit\u00e9 vatov\u00e9 ty\u010dinky. Se vzorky zach\u00e1zejte opatrn\u011b, aby nedo\u0161lo ke kontaminaci, a ka\u017ed\u00fd p\u0159edm\u011bt vlo\u017ete do samostatn\u00e9 \u010dist\u00e9 n\u00e1doby.<\/li>\n<li>P\u0159esn\u011b vypl\u0148te v\u0161echny po\u017eadovan\u00e9 identifika\u010dn\u00ed formul\u00e1\u0159e a ujist\u011bte se, \u017ee \u00fadaje o matce a \u00fadajn\u00e9m otci odpov\u00eddaj\u00ed p\u0159edlo\u017een\u00fdm vzork\u016fm.<\/li>\n<li>Vzorek krve matky a vzorky DNA \u00fadajn\u00e9ho otce bezpe\u010dn\u011b zabalte pomoc\u00ed dodan\u00fdch materi\u00e1l\u016f a podle pokyn\u016f je odevzdejte do laborato\u0159e.<\/li>\n<li>Jakmile laborato\u0159 obdr\u017e\u00ed v\u0161echny po\u017eadovan\u00e9 vzorky, okam\u017eit\u011b zah\u00e1j\u00ed anal\u00fdzu. V\u00fdsledky budou poskytnuty do 72 hodin od p\u0159ijet\u00ed v laborato\u0159i a bezpe\u010dn\u011b doru\u010deny e-mailem.<\/li>\n<\/ul>","protected":false},"excerpt":{"rendered":"<p>Determine paternity before birth with advanced prenatal DNA analysis. Our DNA prenatal paternity test allows you to establish biological fatherhood during pregnancy with cutting-edge genetic technology. Using highly sensitive analysis techniques, the test compares fetal DNA present in the mother\u2019s blood with the alleged father\u2019s DNA, providing clear and reliable answers before the child is [&hellip;]<\/p>\n","protected":false},"featured_media":23015,"comment_status":"open","ping_status":"closed","template":"","meta":{"_uag_custom_page_level_css":"","site-sidebar-layout":"default","site-content-layout":"","ast-site-content-layout":"default","site-content-style":"default","site-sidebar-style":"default","ast-global-header-display":"","ast-banner-title-visibility":"","ast-main-header-display":"","ast-hfb-above-header-display":"","ast-hfb-below-header-display":"","ast-hfb-mobile-header-display":"","site-post-title":"","ast-breadcrumbs-content":"","ast-featured-img":"","footer-sml-layout":"","ast-disable-related-posts":"","theme-transparent-header-meta":"default","adv-header-id-meta":"","stick-header-meta":"","header-above-stick-meta":"","header-main-stick-meta":"","header-below-stick-meta":"","astra-migrate-meta-layouts":"set","ast-page-background-enabled":"default","ast-page-background-meta":{"desktop":{"background-color":"var(--ast-global-color-4)","background-image":"","background-repeat":"repeat","background-position":"center center","background-size":"auto","background-attachment":"scroll","background-type":"","background-media":"","overlay-type":"","overlay-color":"","overlay-opacity":"","overlay-gradient":""},"tablet":{"background-color":"","background-image":"","background-repeat":"repeat","background-position":"center center","background-size":"auto","background-attachment":"scroll","background-type":"","background-media":"","overlay-type":"","overlay-color":"","overlay-opacity":"","overlay-gradient":""},"mobile":{"background-color":"","background-image":"","background-repeat":"repeat","background-position":"center center","background-size":"auto","background-attachment":"scroll","background-type":"","background-media":"","overlay-type":"","overlay-color":"","overlay-opacity":"","overlay-gradient":""}},"ast-content-background-meta":{"desktop":{"background-color":"var(--ast-global-color-5)","background-image":"","background-repeat":"repeat","background-position":"center center","background-size":"auto","background-attachment":"scroll","background-type":"","background-media":"","overlay-type":"","overlay-color":"","overlay-opacity":"","overlay-gradient":""},"tablet":{"background-color":"var(--ast-global-color-5)","background-image":"","background-repeat":"repeat","background-position":"center center","background-size":"auto","background-attachment":"scroll","background-type":"","background-media":"","overlay-type":"","overlay-color":"","overlay-opacity":"","overlay-gradient":""},"mobile":{"background-color":"var(--ast-global-color-5)","background-image":"","background-repeat":"repeat","background-position":"center center","background-size":"auto","background-attachment":"scroll","background-type":"","background-media":"","overlay-type":"","overlay-color":"","overlay-opacity":"","overlay-gradient":""}}},"product_brand":[],"product_cat":[15],"product_tag":[],"class_list":{"0":"post-23006","1":"product","2":"type-product","3":"status-publish","4":"has-post-thumbnail","6":"product_cat-shop","7":"desktop-align-left","8":"tablet-align-left","9":"mobile-align-left","11":"first","12":"instock","13":"taxable","14":"shipping-taxable","15":"purchasable","16":"product-type-variable","17":"has-default-attributes"},"spectra_custom_meta":{"_visibility":["visible"],"_shopify_product_id":["7904181256424"],"_s2w_shopify_domain":["quickdna.myshopify.com"],"_shopify_variant_id":["44228462936296"],"_manage_stock":["no"],"total_sales":["199"],"_tax_status":["taxable"],"_tax_class":[""],"_backorders":["no"],"_sold_individually":["no"],"_virtual":["no"],"_downloadable":["no"],"_download_limit":["-1"],"_download_expiry":["-1"],"_stock":[null],"_stock_status":["instock"],"_wc_average_rating":["4.91"],"_wc_review_count":["93"],"_product_attributes":["a:1:{s:13:\"discreet-test\";a:6:{s:4:\"name\";s:13:\"Discreet test\";s:5:\"value\";s:8:\"No | Yes\";s:8:\"position\";i:1;s:10:\"is_visible\";i:0;s:12:\"is_variation\";i:1;s:11:\"is_taxonomy\";i:0;}}"],"_product_version":["10.5.2"],"_thumbnail_id":["23015"],"_edit_last":["1"],"_wp_page_template":["default"],"_edit_lock":["1771523977:1"],"merchant-center-availability":["yes"],"merchant-center-category":["505293"],"site-sidebar-layout":["default"],"ast-site-content-layout":["default"],"site-content-style":["default"],"site-sidebar-style":["default"],"theme-transparent-header-meta":["default"],"_wc_rating_count":["a:3:{i:3;i:1;i:4;i:6;i:5;i:86;}"],"_default_attributes":["a:1:{s:13:\"discreet-test\";s:2:\"No\";}"],"_price":["299.90","359.90"],"merchant-center-id":["PRE"],"astra-migrate-meta-layouts":["set"],"_uag_css_file_name":["uag-css-23006.css"],"_elementor_page_assets":["a:0:{}"]},"uagb_featured_image_src":{"full":["https:\/\/www.quickdna.com\/wp-content\/uploads\/2025\/06\/Sans_titre__50_-removebg-preview.png",500,500,false],"thumbnail":["https:\/\/www.quickdna.com\/wp-content\/uploads\/2025\/06\/Sans_titre__50_-removebg-preview-150x150.png",150,150,true],"medium":["https:\/\/www.quickdna.com\/wp-content\/uploads\/2025\/06\/Sans_titre__50_-removebg-preview-300x300.png",300,300,true],"medium_large":["https:\/\/www.quickdna.com\/wp-content\/uploads\/2025\/06\/Sans_titre__50_-removebg-preview.png",500,500,false],"large":["https:\/\/www.quickdna.com\/wp-content\/uploads\/2025\/06\/Sans_titre__50_-removebg-preview.png",500,500,false],"1536x1536":["https:\/\/www.quickdna.com\/wp-content\/uploads\/2025\/06\/Sans_titre__50_-removebg-preview.png",500,500,false],"2048x2048":["https:\/\/www.quickdna.com\/wp-content\/uploads\/2025\/06\/Sans_titre__50_-removebg-preview.png",500,500,false],"trp-custom-language-flag":["https:\/\/www.quickdna.com\/wp-content\/uploads\/2025\/06\/Sans_titre__50_-removebg-preview-12x12.png",12,12,true],"woocommerce_thumbnail":["https:\/\/www.quickdna.com\/wp-content\/uploads\/2025\/06\/Sans_titre__50_-removebg-preview-300x300.png",300,300,true],"woocommerce_single":["https:\/\/www.quickdna.com\/wp-content\/uploads\/2025\/06\/Sans_titre__50_-removebg-preview.png",500,500,false],"woocommerce_gallery_thumbnail":["https:\/\/www.quickdna.com\/wp-content\/uploads\/2025\/06\/Sans_titre__50_-removebg-preview-100x100.png",100,100,true]},"uagb_author_info":{"display_name":"admin","author_link":"https:\/\/www.quickdna.com\/cz\/author\/"},"uagb_comment_info":93,"uagb_excerpt":"Determine paternity before birth with advanced prenatal DNA analysis. Our DNA prenatal paternity test allows you to establish biological fatherhood during pregnancy with cutting-edge genetic technology. Using highly sensitive analysis techniques, the test compares fetal DNA present in the mother\u2019s blood with the alleged father\u2019s DNA, providing clear and reliable answers before the child is&hellip;","_links":{"self":[{"href":"https:\/\/www.quickdna.com\/cz\/wp-json\/wp\/v2\/product\/23006","targetHints":{"allow":["GET"]}}],"collection":[{"href":"https:\/\/www.quickdna.com\/cz\/wp-json\/wp\/v2\/product"}],"about":[{"href":"https:\/\/www.quickdna.com\/cz\/wp-json\/wp\/v2\/types\/product"}],"replies":[{"embeddable":true,"href":"https:\/\/www.quickdna.com\/cz\/wp-json\/wp\/v2\/comments?post=23006"}],"version-history":[{"count":9,"href":"https:\/\/www.quickdna.com\/cz\/wp-json\/wp\/v2\/product\/23006\/revisions"}],"predecessor-version":[{"id":30174,"href":"https:\/\/www.quickdna.com\/cz\/wp-json\/wp\/v2\/product\/23006\/revisions\/30174"}],"wp:featuredmedia":[{"embeddable":true,"href":"https:\/\/www.quickdna.com\/cz\/wp-json\/wp\/v2\/media\/23015"}],"wp:attachment":[{"href":"https:\/\/www.quickdna.com\/cz\/wp-json\/wp\/v2\/media?parent=23006"}],"wp:term":[{"taxonomy":"product_brand","embeddable":true,"href":"https:\/\/www.quickdna.com\/cz\/wp-json\/wp\/v2\/product_brand?post=23006"},{"taxonomy":"product_cat","embeddable":true,"href":"https:\/\/www.quickdna.com\/cz\/wp-json\/wp\/v2\/product_cat?post=23006"},{"taxonomy":"product_tag","embeddable":true,"href":"https:\/\/www.quickdna.com\/cz\/wp-json\/wp\/v2\/product_tag?post=23006"}],"curies":[{"name":"wp","href":"https:\/\/api.w.org\/{rel}","templated":true}]}}