{"id":22999,"date":"2025-06-09T13:23:05","date_gmt":"2025-06-09T11:23:05","guid":{"rendered":"https:\/\/www.quickdna.com\/products\/dna-genetic-test\/"},"modified":"2026-02-19T19:13:08","modified_gmt":"2026-02-19T18:13:08","slug":"dna-genetic-test","status":"publish","type":"product","link":"https:\/\/www.quickdna.com\/cz\/products\/dna-genetic-test\/","title":{"rendered":"DNA test p\u016fvodu"},"content":{"rendered":"<p><strong><img decoding=\"async\" style=\"margin-right: 12px;\" src=\"https:\/\/www.quickdna.com\/wp-content\/uploads\/2026\/02\/Check.svg\" alt=\"\" width=\"18\" height=\"15\" \/>Objevte sv\u016fj skute\u010dn\u00fd p\u016fvod pomoc\u00ed pokro\u010dil\u00e9 glob\u00e1ln\u00ed anal\u00fdzy DNA.<\/strong> N\u00e1\u0161 test DNA odhal\u00ed p\u0159\u00edb\u011bh zapsan\u00fd ve va\u0161ich genech a umo\u017en\u00ed v\u00e1m prozkoumat v\u00e1\u0161 etnick\u00fd p\u016fvod ve v\u0161ech zem\u00edch a oblastech sv\u011bta. Pomoc\u00ed genetick\u00fdch marker\u016f s vysok\u00fdm rozli\u0161en\u00edm porovn\u00e1me v\u00e1\u0161 profil DNA s rozs\u00e1hl\u00fdmi mezin\u00e1rodn\u00edmi referen\u010dn\u00edmi datab\u00e1zemi a z\u00edsk\u00e1me podrobn\u00fd rozpis va\u0161eho p\u016fvodu, kter\u00fd v\u00e1m nab\u00eddne pohled na hlubok\u00e9 geografick\u00e9 ko\u0159eny a migra\u010dn\u00ed historii va\u0161\u00ed rodiny.<\/p>\n<p><strong><img decoding=\"async\" style=\"margin-right: 12px;\" src=\"https:\/\/www.quickdna.com\/wp-content\/uploads\/2026\/02\/Check.svg\" alt=\"\" width=\"18\" height=\"15\" \/>Pochopte svou farmakologickou kompatibilitu pro individu\u00e1ln\u00ed l\u00e9\u010dbu.<\/strong> N\u00e1\u0161 test DNA p\u0159edk\u016f zahrnuje farmakogenetickou anal\u00fdzu, kter\u00e1 zkoum\u00e1, jak mohou va\u0161e geny ovliv\u0148ovat va\u0161i reakci na ur\u010dit\u00e9 l\u00e9ky. Tyto informace mohou pomoci identifikovat potenci\u00e1ln\u00ed citlivost nebo odchylky v metabolismu l\u00e9k\u016f, co\u017e p\u0159isp\u00edv\u00e1 k bezpe\u010dn\u011bj\u0161\u00edmu a personalizovan\u011bj\u0161\u00edmu rozhodov\u00e1n\u00ed o zdravotn\u00ed p\u00e9\u010di.<\/p>\n<p><strong><img decoding=\"async\" style=\"margin-right: 12px;\" src=\"https:\/\/www.quickdna.com\/wp-content\/uploads\/2026\/02\/Check.svg\" alt=\"\" width=\"18\" height=\"15\" \/>Optimalizujte sv\u016fj \u017eivotn\u00ed styl pomoc\u00ed informac\u00ed o v\u00fd\u017eiv\u011b a genetice cvi\u010den\u00ed.<\/strong> Test analyzuje interakci va\u0161\u00ed genetick\u00e9 v\u00fdbavy se stravou, fyzickou aktivitou a metabolismem. Z\u00edsk\u00e1te informace o tom, jak m\u016f\u017ee va\u0161e t\u011blo reagovat na konkr\u00e9tn\u00ed \u017eiviny, intenzitu cvi\u010den\u00ed, vytrvalostn\u00ed tr\u00e9nink a regeneraci, co\u017e v\u00e1m umo\u017en\u00ed p\u0159izp\u016fsobit sv\u016fj v\u00fd\u017eivov\u00fd a kondi\u010dn\u00ed pl\u00e1n podle va\u0161eho genetick\u00e9ho profilu.<\/p>\n<p><strong><img decoding=\"async\" style=\"margin-right: 12px;\" src=\"https:\/\/www.quickdna.com\/wp-content\/uploads\/2026\/02\/Check.svg\" alt=\"\" width=\"18\" height=\"15\" \/>Z\u00edskejte cenn\u00e9 poznatky o zdrav\u00ed prost\u0159ednictv\u00edm detekce genetick\u00e9ho rizika onemocn\u011bn\u00ed.<\/strong> Krom\u011b p\u016fvodu poskytuje test tak\u00e9 anal\u00fdzu genetick\u00fdch predispozic k nemocem, kter\u00e9 se na z\u00e1klad\u011b va\u0161eho profilu DNA mohou s nejv\u011bt\u0161\u00ed pravd\u011bpodobnost\u00ed vyskytnout. Identifikac\u00ed konkr\u00e9tn\u00edch genetick\u00fdch variant spojen\u00fdch s ur\u010dit\u00fdmi stavy z\u00edsk\u00e1te proaktivn\u00ed znalosti, kter\u00e9 mohou podpo\u0159it informovan\u00e9 diskuse o zdravotn\u00ed p\u00e9\u010di a preventivn\u00ed strategie.<\/p>\n<p><strong><img decoding=\"async\" style=\"margin-right: 12px;\" src=\"https:\/\/www.quickdna.com\/wp-content\/uploads\/2026\/02\/Check.svg\" alt=\"\" width=\"18\" height=\"15\" \/>Identifikujte p\u0159\u00edbuzn\u00e9 po cel\u00e9m sv\u011bt\u011b, kte\u0159\u00ed maj\u00ed stejnou DNA.<\/strong> Na\u0161e rozs\u00e1hl\u00e1 datab\u00e1ze v\u00e1m umo\u017en\u00ed zjistit genetick\u00e9 shody s dal\u0161\u00edmi osobami, kter\u00e9 s v\u00e1mi sd\u00edlej\u00ed segmenty DNA. Tato funkce v\u00e1m pom\u016f\u017ee identifikovat potenci\u00e1ln\u00ed p\u0159\u00edbuzn\u00e9 nap\u0159\u00ed\u010d kontinenty, znovu se spojit s roz\u0161\u00ed\u0159en\u00fdmi rodinn\u00fdmi v\u011btvemi a vytvo\u0159it si jasn\u011bj\u0161\u00ed obr\u00e1zek o sv\u00e9 glob\u00e1ln\u00ed rodinn\u00e9 s\u00edti.<\/p>\n<p><strong><img decoding=\"async\" style=\"margin-right: 12px;\" src=\"https:\/\/www.quickdna.com\/wp-content\/uploads\/2026\/02\/Check.svg\" alt=\"\" width=\"18\" height=\"15\" \/>Vyberte si standardn\u00ed nebo diskr\u00e9tn\u00ed mo\u017enost odb\u011bru vzork\u016f podle sv\u00fdch pot\u0159eb.<\/strong> M\u016f\u017eete si vybrat standardn\u00ed test, kter\u00fd zahrnuje steriln\u00ed st\u011bry z \u00fast, kter\u00e9 se jemn\u011b ot\u0159ou do tv\u00e1\u0159e a ode\u0161lou do laborato\u0159e, nebo se rozhodnout pro diskr\u00e9tn\u00ed test, pokud d\u00e1v\u00e1te p\u0159ednost alternativn\u00edmu odb\u011bru vzork\u016f. P\u0159i diskr\u00e9tn\u00ed variant\u011b m\u016f\u017eete p\u0159edlo\u017eit nehty, vlasy s ko\u0159\u00ednky, zubn\u00ed kart\u00e1\u010dky, \u017ev\u00fdka\u010dky, cigaretov\u00e9 nedopalky nebo pou\u017eit\u00e9 vatov\u00e9 ty\u010dinky. Tato flexibilita zaji\u0161\u0165uje komfort, soukrom\u00ed a pohodl\u00ed p\u0159i zachov\u00e1n\u00ed spolehliv\u00e9 laboratorn\u00ed anal\u00fdzy.<\/p>\n<p><strong><img decoding=\"async\" style=\"margin-right: 12px;\" src=\"https:\/\/www.quickdna.com\/wp-content\/uploads\/2026\/02\/Check.svg\" alt=\"\" width=\"18\" height=\"15\" \/>V\u00fdsledky se zpracov\u00e1vaj\u00ed v laborato\u0159i certifikovan\u00e9 podle normy ISO 17025.<\/strong> V\u0161echny vzorky DNA jsou analyzov\u00e1ny v laborato\u0159i certifikovan\u00e9 podle norem ISO 17025, co\u017e zaji\u0161\u0165uje p\u0159\u00edsnou kontrolu kvality, ov\u011b\u0159en\u00e9 v\u011bdeck\u00e9 metody a vysoce kvalifikovan\u00e9 odborn\u00edky. Tato mezin\u00e1rodn\u011b uzn\u00e1van\u00e1 certifikace zaru\u010duje p\u0159esnost, spolehlivost a dodr\u017eov\u00e1n\u00ed nejvy\u0161\u0161\u00edch technick\u00fdch standard\u016f v cel\u00e9m procesu testov\u00e1n\u00ed.<\/p>\n<p><strong><img decoding=\"async\" style=\"margin-right: 12px;\" src=\"https:\/\/www.quickdna.com\/wp-content\/uploads\/2026\/02\/Check.svg\" alt=\"\" width=\"18\" height=\"15\" \/>Obdr\u017ete rychl\u00e9 v\u00fdsledky do 72 hodin od obdr\u017een\u00ed laboratorn\u00edch v\u00fdsledk\u016f.<\/strong> Jakmile va\u0161e vzorky doraz\u00ed do na\u0161\u00ed laborato\u0159e, okam\u017eit\u011b se zah\u00e1j\u00ed anal\u00fdza. V\u00fdsledky jsou doru\u010deny do 72 hodin od p\u0159ijet\u00ed vzorku, co\u017e v\u00e1m umo\u017en\u00ed rychl\u00fd p\u0159\u00edstup k podrobn\u00fdm zpr\u00e1v\u00e1m o va\u0161em p\u016fvodu, zdravotn\u00edch predispozic\u00edch a genetick\u00fdch vlastnostech bez zbyte\u010dn\u00e9ho \u010dek\u00e1n\u00ed.<\/p>\n<p><strong><img decoding=\"async\" style=\"margin-right: 12px;\" src=\"https:\/\/www.quickdna.com\/wp-content\/uploads\/2026\/02\/Check.svg\" alt=\"\" width=\"18\" height=\"15\" \/>Vyu\u017eijte nejefektivn\u011bj\u0161\u00ed a cenov\u011b nejdostupn\u011bj\u0161\u00ed test DNA p\u0159edk\u016f.<\/strong> Kombinujeme nejmodern\u011bj\u0161\u00ed technologie s optimalizovan\u00fdmi operacemi, abychom poskytli nejefektivn\u011bj\u0161\u00ed anal\u00fdzu za nejni\u017e\u0161\u00ed cenu na trhu. N\u00e1\u0161 komplexn\u00ed reporting, glob\u00e1ln\u00ed porovn\u00e1v\u00e1n\u00ed datab\u00e1z\u00ed a pokro\u010dil\u00e9 genetick\u00e9 poznatky zaji\u0161\u0165uj\u00ed v\u00fdjime\u010dnou hodnotu, ani\u017e by byla ohro\u017eena v\u011bdeck\u00e1 p\u0159\u00edsnost.<\/p>\n<p><strong><img decoding=\"async\" style=\"margin-right: 12px;\" src=\"https:\/\/www.quickdna.com\/wp-content\/uploads\/2026\/02\/Check.svg\" alt=\"\" width=\"18\" height=\"15\" \/>Objedn\u00e1vejte s jistotou d\u00edky doru\u010den\u00ed do 24 hodin a z\u00e1ruce vr\u00e1cen\u00ed pen\u011bz.<\/strong> Testovac\u00ed soupravu v\u00e1m v\u017edy doru\u010d\u00edme do 24 hodin, tak\u017ee m\u016f\u017eete za\u010d\u00edt ihned. Nav\u00edc poskytujeme plnou z\u00e1ruku vr\u00e1cen\u00ed pen\u011bz, pokud nebudete s na\u0161imi slu\u017ebami spokojeni. Va\u0161e investice je zcela bez rizika a va\u0161e spokojenost z\u016fst\u00e1v\u00e1 na\u0161\u00ed prioritou.<\/p>\n<h2><strong>Pokyny<\/strong><\/h2>\n<ul>\n<li>P\u0159i zad\u00e1v\u00e1n\u00ed objedn\u00e1vky vyberte preferovanou mo\u017enost odb\u011bru vzorku: standardn\u00ed test l\u00edcn\u00edm st\u011brem nebo diskr\u00e9tn\u00ed pod\u00e1n\u00ed vzorku.<\/li>\n<li>Po obdr\u017een\u00ed soupravy s 24hodinovou dod\u00e1vkou si p\u0159ed odb\u011brem vzork\u016f DNA pe\u010dliv\u011b p\u0159e\u010dt\u011bte v\u0161echny pokyny.<\/li>\n<li>Pro standardn\u00ed test pou\u017eijte p\u0159ilo\u017een\u00e9 steriln\u00ed tampony a ka\u017ed\u00fd tampon pevn\u011b t\u0159ete do vnit\u0159n\u00ed strany tv\u00e1\u0159e po dobu 30 a\u017e 60 sekund. Nejm\u00e9n\u011b jednu hodinu p\u0159ed odb\u011brem nejezte, nepijte a neku\u0159te.<\/li>\n<li>P\u0159ed vlo\u017een\u00edm do ur\u010den\u00fdch ob\u00e1lek nechte tampony zcela vyschnout, aby se zabr\u00e1nilo jejich znehodnocen\u00ed vlivem vlhkosti.<\/li>\n<li>Pro diskr\u00e9tn\u00ed test sb\u00edrejte vhodn\u00e9 p\u0159edm\u011bty, jako jsou nehty, vlasy s viditeln\u00fdmi ko\u0159\u00ednky, pou\u017eit\u00fd zubn\u00ed kart\u00e1\u010dek, \u017ev\u00fdka\u010dky, nedopalky cigaret nebo pou\u017eit\u00e9 vatov\u00e9 ty\u010dinky. Zajist\u011bte, aby ka\u017ed\u00fd vzorek pat\u0159il v\u00fdhradn\u011b testovan\u00e9 osob\u011b a aby se s n\u00edm zach\u00e1zelo opatrn\u011b, aby nedo\u0161lo ke kontaminaci.<\/li>\n<li>Ka\u017ed\u00fd diskr\u00e9tn\u00ed vzorek vlo\u017ete do \u010dist\u00e9 samostatn\u00e9 n\u00e1doby nebo ob\u00e1lky podle pokyn\u016f v souprav\u011b.<\/li>\n<li>P\u0159esn\u011b vypl\u0148te identifika\u010dn\u00ed formul\u00e1\u0159e a formul\u00e1\u0159e souhlasu, aby bylo zaji\u0161t\u011bno spr\u00e1vn\u00e9 zpracov\u00e1n\u00ed a vykazov\u00e1n\u00ed.<\/li>\n<li>V\u0161echny vzorky bezpe\u010dn\u011b zabalte pomoc\u00ed dodan\u00fdch materi\u00e1l\u016f a vra\u0165te je do laborato\u0159e podle pokyn\u016f.<\/li>\n<li>Jakmile laborato\u0159 obdr\u017e\u00ed va\u0161e vzorky, okam\u017eit\u011b zah\u00e1j\u00ed anal\u00fdzu, kter\u00e1 zahrnuje rozd\u011blen\u00ed podle p\u016fvodu, porovn\u00e1n\u00ed p\u0159\u00edbuzn\u00fdch, posouzen\u00ed genetick\u00fdch zdravotn\u00edch rizik, anal\u00fdzu farmakologick\u00e9 kompatibility a vyhodnocen\u00ed v\u00fd\u017eivy a reakce na cvi\u010den\u00ed.<\/li>\n<li>V\u00fdsledky v\u00e1m budou doru\u010deny do 72 hodin od jejich obdr\u017een\u00ed v laborato\u0159i, co\u017e v\u00e1m umo\u017en\u00ed podrobn\u011b si prohl\u00e9dnout komplexn\u00ed genetickou zpr\u00e1vu.<\/li>\n<\/ul>","protected":false},"excerpt":{"rendered":"<p>Discover your true origins with advanced global DNA analysis. Our DNA ancestry test unlocks the story written in your genes, allowing you to explore your ethnic origins across all countries and regions of the world. Using high-resolution genetic markers, we compare your DNA profile with extensive international reference databases to provide a detailed breakdown of [&hellip;]<\/p>\n","protected":false},"featured_media":23012,"comment_status":"open","ping_status":"closed","template":"","meta":{"_uag_custom_page_level_css":"","site-sidebar-layout":"default","site-content-layout":"","ast-site-content-layout":"default","site-content-style":"default","site-sidebar-style":"default","ast-global-header-display":"","ast-banner-title-visibility":"","ast-main-header-display":"","ast-hfb-above-header-display":"","ast-hfb-below-header-display":"","ast-hfb-mobile-header-display":"","site-post-title":"","ast-breadcrumbs-content":"","ast-featured-img":"","footer-sml-layout":"","ast-disable-related-posts":"","theme-transparent-header-meta":"default","adv-header-id-meta":"","stick-header-meta":"","header-above-stick-meta":"","header-main-stick-meta":"","header-below-stick-meta":"","astra-migrate-meta-layouts":"set","ast-page-background-enabled":"default","ast-page-background-meta":{"desktop":{"background-color":"var(--ast-global-color-4)","background-image":"","background-repeat":"repeat","background-position":"center center","background-size":"auto","background-attachment":"scroll","background-type":"","background-media":"","overlay-type":"","overlay-color":"","overlay-opacity":"","overlay-gradient":""},"tablet":{"background-color":"","background-image":"","background-repeat":"repeat","background-position":"center center","background-size":"auto","background-attachment":"scroll","background-type":"","background-media":"","overlay-type":"","overlay-color":"","overlay-opacity":"","overlay-gradient":""},"mobile":{"background-color":"","background-image":"","background-repeat":"repeat","background-position":"center center","background-size":"auto","background-attachment":"scroll","background-type":"","background-media":"","overlay-type":"","overlay-color":"","overlay-opacity":"","overlay-gradient":""}},"ast-content-background-meta":{"desktop":{"background-color":"var(--ast-global-color-5)","background-image":"","background-repeat":"repeat","background-position":"center center","background-size":"auto","background-attachment":"scroll","background-type":"","background-media":"","overlay-type":"","overlay-color":"","overlay-opacity":"","overlay-gradient":""},"tablet":{"background-color":"var(--ast-global-color-5)","background-image":"","background-repeat":"repeat","background-position":"center center","background-size":"auto","background-attachment":"scroll","background-type":"","background-media":"","overlay-type":"","overlay-color":"","overlay-opacity":"","overlay-gradient":""},"mobile":{"background-color":"var(--ast-global-color-5)","background-image":"","background-repeat":"repeat","background-position":"center center","background-size":"auto","background-attachment":"scroll","background-type":"","background-media":"","overlay-type":"","overlay-color":"","overlay-opacity":"","overlay-gradient":""}}},"product_brand":[],"product_cat":[15],"product_tag":[],"class_list":{"0":"post-22999","1":"product","2":"type-product","3":"status-publish","4":"has-post-thumbnail","6":"product_cat-shop","7":"desktop-align-left","8":"tablet-align-left","9":"mobile-align-left","11":"first","12":"instock","13":"taxable","14":"shipping-taxable","15":"purchasable","16":"product-type-variable","17":"has-default-attributes"},"spectra_custom_meta":{"_visibility":["visible"],"_shopify_product_id":["7437086130408"],"_s2w_shopify_domain":["quickdna.myshopify.com"],"_shopify_variant_id":["42550085877992"],"_manage_stock":["no"],"total_sales":["1009"],"_tax_status":["taxable"],"_tax_class":[""],"_backorders":["no"],"_sold_individually":["no"],"_virtual":["no"],"_downloadable":["no"],"_download_limit":["-1"],"_download_expiry":["-1"],"_stock":[null],"_stock_status":["instock"],"_wc_average_rating":["4.71"],"_wc_review_count":["97"],"_product_attributes":["a:1:{s:13:\"discreet-test\";a:6:{s:4:\"name\";s:13:\"Discreet test\";s:5:\"value\";s:8:\"No | Yes\";s:8:\"position\";i:1;s:10:\"is_visible\";i:0;s:12:\"is_variation\";i:1;s:11:\"is_taxonomy\";i:0;}}"],"_product_version":["10.5.2"],"_thumbnail_id":["23012"],"_edit_last":["1"],"_wp_page_template":["default"],"_edit_lock":["1771524862:1"],"merchant-center-availability":["yes"],"merchant-center-category":["505293"],"merchant-center-id":["ORI"],"site-sidebar-layout":["default"],"ast-site-content-layout":["default"],"site-content-style":["default"],"site-sidebar-style":["default"],"theme-transparent-header-meta":["default"],"_wc_rating_count":["a:3:{i:3;i:8;i:4;i:12;i:5;i:77;}"],"_default_attributes":["a:1:{s:13:\"discreet-test\";s:2:\"No\";}"],"_price":["99.90","159.90"],"astra-migrate-meta-layouts":["set"],"_uag_css_file_name":["uag-css-22999.css"],"_elementor_page_assets":["a:0:{}"],"_uag_page_assets":["a:9:{s:3:\"css\";s:7133:\".uag-blocks-common-selector{z-index:var(--z-index-desktop) !important}@media(max-width: 976px){.uag-blocks-common-selector{z-index:var(--z-index-tablet) !important}}@media(max-width: 767px){.uag-blocks-common-selector{z-index:var(--z-index-mobile) !important}}.wp-block-uagb-image{display:flex}.wp-block-uagb-image__figure{position:relative;display:flex;flex-direction:column;max-width:100%;height:auto;margin:0}.wp-block-uagb-image__figure img{height:auto;display:flex;max-width:100%;transition:box-shadow .2s ease}.wp-block-uagb-image__figure>a{display:inline-block}.wp-block-uagb-image__figure figcaption{text-align:center;margin-top:.5em;margin-bottom:1em}.wp-block-uagb-image .components-placeholder.block-editor-media-placeholder .components-placeholder__instructions{align-self:center}.wp-block-uagb-image--align-left{text-align:left}.wp-block-uagb-image--align-right{text-align:right}.wp-block-uagb-image--align-center{text-align:center}.wp-block-uagb-image--align-full .wp-block-uagb-image__figure{margin-left:calc(50% - 50vw);margin-right:calc(50% - 50vw);max-width:100vw;width:100vw;height:auto}.wp-block-uagb-image--align-full .wp-block-uagb-image__figure img{height:auto;width:100% !important}.wp-block-uagb-image--align-wide .wp-block-uagb-image__figure img{height:auto;width:100%}.wp-block-uagb-image--layout-overlay__color-wrapper{position:absolute;left:0;top:0;right:0;bottom:0;opacity:.2;background:rgba(0,0,0,.5);transition:opacity .35s ease-in-out}.wp-block-uagb-image--layout-overlay-link{position:absolute;left:0;right:0;bottom:0;top:0}.wp-block-uagb-image--layout-overlay .wp-block-uagb-image__figure:hover .wp-block-uagb-image--layout-overlay__color-wrapper{opacity:1}.wp-block-uagb-image--layout-overlay__inner{position:absolute;left:15px;right:15px;bottom:15px;top:15px;display:flex;align-items:center;justify-content:center;flex-direction:column;border-color:#fff;transition:.35s ease-in-out}.wp-block-uagb-image--layout-overlay__inner.top-left,.wp-block-uagb-image--layout-overlay__inner.top-center,.wp-block-uagb-image--layout-overlay__inner.top-right{justify-content:flex-start}.wp-block-uagb-image--layout-overlay__inner.bottom-left,.wp-block-uagb-image--layout-overlay__inner.bottom-center,.wp-block-uagb-image--layout-overlay__inner.bottom-right{justify-content:flex-end}.wp-block-uagb-image--layout-overlay__inner.top-left,.wp-block-uagb-image--layout-overlay__inner.center-left,.wp-block-uagb-image--layout-overlay__inner.bottom-left{align-items:flex-start}.wp-block-uagb-image--layout-overlay__inner.top-right,.wp-block-uagb-image--layout-overlay__inner.center-right,.wp-block-uagb-image--layout-overlay__inner.bottom-right{align-items:flex-end}.wp-block-uagb-image--layout-overlay__inner .uagb-image-heading{color:#fff;transition:transform .35s,opacity .35s ease-in-out;transform:translate3d(0, 24px, 0);margin:0;line-height:1em}.wp-block-uagb-image--layout-overlay__inner .uagb-image-separator{width:30%;border-top-width:2px;border-top-color:#fff;border-top-style:solid;margin-bottom:10px;opacity:0;transition:transform .4s,opacity .4s ease-in-out;transform:translate3d(0, 30px, 0)}.wp-block-uagb-image--layout-overlay__inner .uagb-image-caption{opacity:0;overflow:visible;color:#fff;transition:transform .45s,opacity .45s ease-in-out;transform:translate3d(0, 35px, 0)}.wp-block-uagb-image--layout-overlay__inner:hover .uagb-image-heading,.wp-block-uagb-image--layout-overlay__inner:hover .uagb-image-separator,.wp-block-uagb-image--layout-overlay__inner:hover .uagb-image-caption{opacity:1;transform:translate3d(0, 0, 0)}.wp-block-uagb-image--effect-zoomin .wp-block-uagb-image__figure img,.wp-block-uagb-image--effect-zoomin .wp-block-uagb-image__figure .wp-block-uagb-image--layout-overlay__color-wrapper{transform:scale(1);transition:transform .35s ease-in-out}.wp-block-uagb-image--effect-zoomin .wp-block-uagb-image__figure:hover img,.wp-block-uagb-image--effect-zoomin .wp-block-uagb-image__figure:hover .wp-block-uagb-image--layout-overlay__color-wrapper{transform:scale(1.05)}.wp-block-uagb-image--effect-slide .wp-block-uagb-image__figure img,.wp-block-uagb-image--effect-slide .wp-block-uagb-image__figure .wp-block-uagb-image--layout-overlay__color-wrapper{width:calc(100% + 40px) !important;max-width:none !important;transform:translate3d(-40px, 0, 0);transition:transform .35s ease-in-out}.wp-block-uagb-image--effect-slide .wp-block-uagb-image__figure:hover img,.wp-block-uagb-image--effect-slide .wp-block-uagb-image__figure:hover .wp-block-uagb-image--layout-overlay__color-wrapper{transform:translate3d(0, 0, 0)}.wp-block-uagb-image--effect-grayscale img{filter:grayscale(0%);transition:.35s ease-in-out}.wp-block-uagb-image--effect-grayscale:hover img{filter:grayscale(100%)}.wp-block-uagb-image--effect-blur img{filter:blur(0);transition:.35s ease-in-out}.wp-block-uagb-image--effect-blur:hover img{filter:blur(3px)}.uagb-block-e6f939b3.wp-block-uagb-image--layout-default figure img{box-shadow: 0px 0px 0 #00000070;}.uagb-block-e6f939b3.wp-block-uagb-image .wp-block-uagb-image__figure figcaption{font-style: normal;align-self: center;}.uagb-block-e6f939b3.wp-block-uagb-image--layout-overlay figure img{box-shadow: 0px 0px 0 #00000070;}.uagb-block-e6f939b3.wp-block-uagb-image--layout-overlay .wp-block-uagb-image--layout-overlay__color-wrapper{opacity: 0.2;}.uagb-block-e6f939b3.wp-block-uagb-image--layout-overlay .wp-block-uagb-image--layout-overlay__inner{left: 15px;right: 15px;top: 15px;bottom: 15px;}.uagb-block-e6f939b3.wp-block-uagb-image--layout-overlay .wp-block-uagb-image--layout-overlay__inner .uagb-image-heading{font-style: normal;color: #fff;opacity: 1;}.uagb-block-e6f939b3.wp-block-uagb-image--layout-overlay .wp-block-uagb-image--layout-overlay__inner .uagb-image-heading a{color: #fff;}.uagb-block-e6f939b3.wp-block-uagb-image--layout-overlay .wp-block-uagb-image--layout-overlay__inner .uagb-image-caption{opacity: 0;}.uagb-block-e6f939b3.wp-block-uagb-image--layout-overlay .wp-block-uagb-image__figure:hover .wp-block-uagb-image--layout-overlay__color-wrapper{opacity: 1;}.uagb-block-e6f939b3.wp-block-uagb-image .wp-block-uagb-image--layout-overlay__inner .uagb-image-separator{width: 30%;border-top-width: 2px;border-top-color: #fff;opacity: 0;}.uagb-block-e6f939b3.wp-block-uagb-image .wp-block-uagb-image__figure img{width: px;height: auto;}.uagb-block-e6f939b3.wp-block-uagb-image .wp-block-uagb-image__figure:hover .wp-block-uagb-image--layout-overlay__inner .uagb-image-caption{opacity: 1;}.uagb-block-e6f939b3.wp-block-uagb-image .wp-block-uagb-image__figure:hover .wp-block-uagb-image--layout-overlay__inner .uagb-image-separator{opacity: 1;}.uagb-block-e6f939b3.wp-block-uagb-image--layout-default figure:hover img{box-shadow: 0px 0px 0 #00000070;}.uagb-block-e6f939b3.wp-block-uagb-image--layout-overlay figure:hover img{box-shadow: 0px 0px 0 #00000070;}@media only screen and (max-width: 976px) {.uagb-block-e6f939b3.wp-block-uagb-image .wp-block-uagb-image__figure img{width: px;height: auto;}}@media only screen and (max-width: 767px) {.uagb-block-e6f939b3.wp-block-uagb-image .wp-block-uagb-image__figure img{width: px;height: auto;}}\";s:2:\"js\";s:0:\"\";s:18:\"current_block_list\";a:13:{i:0;s:11:\"core\/search\";i:1;s:10:\"core\/group\";i:2;s:12:\"core\/heading\";i:3;s:17:\"core\/latest-posts\";i:4;s:20:\"core\/latest-comments\";i:5;s:13:\"core\/archives\";i:6;s:15:\"core\/categories\";i:7;s:14:\"core\/paragraph\";i:8;s:10:\"uagb\/image\";i:9;s:11:\"core\/spacer\";i:10;s:30:\"woocommerce\/product-categories\";i:11;s:10:\"core\/image\";i:12;s:14:\"core\/shortcode\";}s:8:\"uag_flag\";b:1;s:11:\"uag_version\";s:10:\"1777420426\";s:6:\"gfonts\";a:0:{}s:10:\"gfonts_url\";s:0:\"\";s:12:\"gfonts_files\";a:0:{}s:14:\"uag_faq_layout\";b:0;}"]},"uagb_featured_image_src":{"full":["https:\/\/www.quickdna.com\/wp-content\/uploads\/2025\/06\/box_png_4.png",1000,1000,false],"thumbnail":["https:\/\/www.quickdna.com\/wp-content\/uploads\/2025\/06\/box_png_4-150x150.png",150,150,true],"medium":["https:\/\/www.quickdna.com\/wp-content\/uploads\/2025\/06\/box_png_4-300x300.png",300,300,true],"medium_large":["https:\/\/www.quickdna.com\/wp-content\/uploads\/2025\/06\/box_png_4-768x768.png",768,768,true],"large":["https:\/\/www.quickdna.com\/wp-content\/uploads\/2025\/06\/box_png_4.png",1000,1000,false],"1536x1536":["https:\/\/www.quickdna.com\/wp-content\/uploads\/2025\/06\/box_png_4.png",1000,1000,false],"2048x2048":["https:\/\/www.quickdna.com\/wp-content\/uploads\/2025\/06\/box_png_4.png",1000,1000,false],"trp-custom-language-flag":["https:\/\/www.quickdna.com\/wp-content\/uploads\/2025\/06\/box_png_4-12x12.png",12,12,true],"woocommerce_thumbnail":["https:\/\/www.quickdna.com\/wp-content\/uploads\/2025\/06\/box_png_4-300x300.png",300,300,true],"woocommerce_single":["https:\/\/www.quickdna.com\/wp-content\/uploads\/2025\/06\/box_png_4-600x600.png",600,600,true],"woocommerce_gallery_thumbnail":["https:\/\/www.quickdna.com\/wp-content\/uploads\/2025\/06\/box_png_4-100x100.png",100,100,true]},"uagb_author_info":{"display_name":"admin","author_link":"https:\/\/www.quickdna.com\/cz\/author\/"},"uagb_comment_info":97,"uagb_excerpt":"Discover your true origins with advanced global DNA analysis. Our DNA ancestry test unlocks the story written in your genes, allowing you to explore your ethnic origins across all countries and regions of the world. Using high-resolution genetic markers, we compare your DNA profile with extensive international reference databases to provide a detailed breakdown of&hellip;","_links":{"self":[{"href":"https:\/\/www.quickdna.com\/cz\/wp-json\/wp\/v2\/product\/22999","targetHints":{"allow":["GET"]}}],"collection":[{"href":"https:\/\/www.quickdna.com\/cz\/wp-json\/wp\/v2\/product"}],"about":[{"href":"https:\/\/www.quickdna.com\/cz\/wp-json\/wp\/v2\/types\/product"}],"replies":[{"embeddable":true,"href":"https:\/\/www.quickdna.com\/cz\/wp-json\/wp\/v2\/comments?post=22999"}],"version-history":[{"count":5,"href":"https:\/\/www.quickdna.com\/cz\/wp-json\/wp\/v2\/product\/22999\/revisions"}],"predecessor-version":[{"id":30176,"href":"https:\/\/www.quickdna.com\/cz\/wp-json\/wp\/v2\/product\/22999\/revisions\/30176"}],"wp:featuredmedia":[{"embeddable":true,"href":"https:\/\/www.quickdna.com\/cz\/wp-json\/wp\/v2\/media\/23012"}],"wp:attachment":[{"href":"https:\/\/www.quickdna.com\/cz\/wp-json\/wp\/v2\/media?parent=22999"}],"wp:term":[{"taxonomy":"product_brand","embeddable":true,"href":"https:\/\/www.quickdna.com\/cz\/wp-json\/wp\/v2\/product_brand?post=22999"},{"taxonomy":"product_cat","embeddable":true,"href":"https:\/\/www.quickdna.com\/cz\/wp-json\/wp\/v2\/product_cat?post=22999"},{"taxonomy":"product_tag","embeddable":true,"href":"https:\/\/www.quickdna.com\/cz\/wp-json\/wp\/v2\/product_tag?post=22999"}],"curies":[{"name":"wp","href":"https:\/\/api.w.org\/{rel}","templated":true}]}}