{"id":22992,"date":"2025-06-09T13:23:04","date_gmt":"2025-06-09T11:23:04","guid":{"rendered":"https:\/\/www.quickdna.com\/products\/animal-breed-animal-test\/"},"modified":"2026-02-19T19:18:18","modified_gmt":"2026-02-19T18:18:18","slug":"animal-breed-animal-test","status":"publish","type":"product","link":"https:\/\/www.quickdna.com\/cz\/products\/animal-breed-animal-test\/","title":{"rendered":"DNA test plemene zv\u00ed\u0159ete"},"content":{"rendered":"<p data-start=\"2\" data-end=\"444\"><strong data-start=\"2\" data-end=\"84\"><img decoding=\"async\" style=\"margin-right: 12px;\" src=\"https:\/\/www.quickdna.com\/wp-content\/uploads\/2026\/02\/Check.svg\" alt=\"\" width=\"18\" height=\"15\" \/>Ur\u010dete skute\u010dn\u00e9 slo\u017een\u00ed plemene va\u0161eho zv\u00ed\u0159ete s pokro\u010dilou genetickou p\u0159esnost\u00ed.<\/strong> N\u00e1\u0161 test DNA plemen zv\u00ed\u0159at poskytuje hloubkovou genetickou anal\u00fdzu, kter\u00e1 ur\u010d\u00ed plemenn\u00e9 slo\u017een\u00ed va\u0161eho psa, ko\u010dky, kr\u00e1vy, kon\u011b, pt\u00e1ka nebo ku\u0159ete. Pomoc\u00ed marker\u016f DNA s vysok\u00fdm rozli\u0161en\u00edm a rozs\u00e1hl\u00fdch referen\u010dn\u00edch datab\u00e1z\u00ed plemen p\u0159esn\u011b ur\u010d\u00edme \u010distokrevn\u00fd p\u016fvod nebo p\u016fvod sm\u00ed\u0161en\u00fdch plemen a poskytneme v\u00e1m jasn\u00e9 a v\u011bdecky ov\u011b\u0159en\u00e9 v\u00fdsledky, kter\u00fdm m\u016f\u017eete v\u011b\u0159it.<\/p>\n<p data-start=\"448\" data-end=\"861\"><strong data-start=\"448\" data-end=\"538\"><img decoding=\"async\" style=\"margin-right: 12px;\" src=\"https:\/\/www.quickdna.com\/wp-content\/uploads\/2026\/02\/Check.svg\" alt=\"\" width=\"18\" height=\"15\" \/>Vhodn\u00e9 pro v\u00edce druh\u016f zv\u00ed\u0159at v\u010detn\u011b ps\u016f, ko\u010dek, krav, kon\u00ed, pt\u00e1k\u016f a ku\u0159at.<\/strong> Tento univerz\u00e1ln\u00ed test DNA je speci\u00e1ln\u011b navr\u017een tak, aby pokryl \u0161irokou \u0161k\u00e1lu dom\u00e1c\u00edch a hospod\u00e1\u0159sk\u00fdch zv\u00ed\u0159at. A\u0165 u\u017e jste majitelem dom\u00e1c\u00edho mazl\u00ed\u010dka, kter\u00e9ho zaj\u00edm\u00e1 p\u016fvod va\u0161eho spole\u010dn\u00edka, nebo chovatelem, kter\u00fd chce potvrdit p\u016fvod, n\u00e1\u0161 test poskytuje spolehlivou identifikaci plemene u v\u0161ech druh\u016f se stejn\u00fdmi p\u0159\u00edsn\u00fdmi laboratorn\u00edmi standardy.<\/p>\n<p data-start=\"1373\" data-end=\"1767\"><strong data-start=\"1373\" data-end=\"1448\"><img decoding=\"async\" style=\"margin-right: 12px;\" src=\"https:\/\/www.quickdna.com\/wp-content\/uploads\/2026\/02\/Check.svg\" alt=\"\" width=\"18\" height=\"15\" \/>Zpracov\u00e1no v laborato\u0159i s certifikac\u00ed ISO 17025 pro zaru\u010denou p\u0159esnost.<\/strong> V\u0161echny anal\u00fdzy se prov\u00e1d\u011bj\u00ed v laborato\u0159i certifikovan\u00e9 podle normy ISO 17025, kter\u00e1 zaji\u0161\u0165uje p\u0159\u00edsn\u00e9 \u0159\u00edzen\u00ed kvality, validovan\u00e9 testovac\u00ed metody, kalibrovan\u00e9 vybaven\u00ed a vysoce kvalifikovan\u00e9 genetick\u00e9 specialisty. Tato mezin\u00e1rodn\u011b uzn\u00e1van\u00e1 certifikace zaru\u010duje p\u0159esnost, konzistenci a spolehliv\u00e9 v\u00fdsledky u ka\u017ed\u00e9ho testovan\u00e9ho zv\u00ed\u0159ete.<\/p>\n<p data-start=\"1771\" data-end=\"2076\"><strong data-start=\"1771\" data-end=\"1833\"><img decoding=\"async\" style=\"margin-right: 12px;\" src=\"https:\/\/www.quickdna.com\/wp-content\/uploads\/2026\/02\/Check.svg\" alt=\"\" width=\"18\" height=\"15\" \/>Rychl\u00e9 v\u00fdsledky z\u00edsk\u00e1te do 72 hodin po p\u0159\u00edchodu vzorku.<\/strong> Jakmile laborato\u0159 obdr\u017e\u00ed vzorky DNA va\u0161eho zv\u00ed\u0159ete, okam\u017eit\u011b zah\u00e1j\u00ed anal\u00fdzu. V\u00fdsledky jsou doru\u010deny do 72 hodin od p\u0159ijet\u00ed do laborato\u0159e, co\u017e v\u00e1m umo\u017en\u00ed rychle z\u00edskat definitivn\u00ed informace o plemeni bez dlouh\u00e9ho \u010dek\u00e1n\u00ed.<\/p>\n<p data-start=\"2080\" data-end=\"2448\"><strong data-start=\"2080\" data-end=\"2158\"><img decoding=\"async\" style=\"margin-right: 12px;\" src=\"https:\/\/www.quickdna.com\/wp-content\/uploads\/2026\/02\/Check.svg\" alt=\"\" width=\"18\" height=\"15\" \/>Vyu\u017eijte nej\u00fa\u010dinn\u011bj\u0161\u00ed dostupnou technologii identifikace plemene.<\/strong> Na\u0161e pokro\u010dil\u00e9 genetick\u00e9 profilov\u00e1n\u00ed analyzuje \u0159adu marker\u016f specifick\u00fdch pro plemeno a umo\u017e\u0148uje tak velmi p\u0159esnou identifikaci. A\u0165 u\u017e jde o potvrzen\u00ed registrovan\u00e9ho plemene, ov\u011b\u0159en\u00ed k\u0159\u00ed\u017een\u00ed nebo odhalen\u00ed ne\u010dekan\u00e9ho p\u016fvodu, n\u00e1\u0161 test poskytuje nejefektivn\u011bj\u0161\u00ed a nejpodrobn\u011bj\u0161\u00ed mo\u017en\u00fd rozpis plemene.<\/p>\n<p data-start=\"2452\" data-end=\"2802\"><strong data-start=\"2452\" data-end=\"2518\"><img decoding=\"async\" style=\"margin-right: 12px;\" src=\"https:\/\/www.quickdna.com\/wp-content\/uploads\/2026\/02\/Check.svg\" alt=\"\" width=\"18\" height=\"15\" \/>Nejlevn\u011bj\u0161\u00ed profesion\u00e1ln\u00ed test DNA plemen zv\u00ed\u0159at na trhu.<\/strong> Sna\u017e\u00edme se nab\u00edzet vysoce kvalitn\u00ed genetick\u00e9 testy za nejv\u00fdhodn\u011bj\u0161\u00ed cenu. D\u00edky optimalizovan\u00fdm laboratorn\u00edm proces\u016fm a p\u0159\u00edm\u00e9 distribuci poskytujeme profesion\u00e1ln\u00ed anal\u00fdzu za nejni\u017e\u0161\u00ed cenu, \u010d\u00edm\u017e zaji\u0161\u0165ujeme v\u00fdjime\u010dnou hodnotu pro chovatele, farm\u00e1\u0159e i majitele dom\u00e1c\u00edch zv\u00ed\u0159at.<\/p>\n<p data-start=\"2806\" data-end=\"3057\"><strong data-start=\"2806\" data-end=\"2858\"><img decoding=\"async\" style=\"margin-right: 12px;\" src=\"https:\/\/www.quickdna.com\/wp-content\/uploads\/2026\/02\/Check.svg\" alt=\"\" width=\"18\" height=\"15\" \/>Dod\u00e1n\u00ed do 24 hodin pro neprodlen\u00e9 zah\u00e1jen\u00ed testov\u00e1n\u00ed.<\/strong> Testovac\u00ed soupravu DNA v\u00e1m v\u017edy doru\u010d\u00edme do 24 hodin, tak\u017ee m\u016f\u017eete okam\u017eit\u011b zah\u00e1jit proces odb\u011bru vzork\u016f. Rychl\u00e1 p\u0159eprava zaji\u0161\u0165uje, \u017ee m\u016f\u017eete rychle odebrat a vr\u00e1tit vzorky k rychl\u00e9 anal\u00fdze.<\/p>\n<p data-start=\"3061\" data-end=\"3462\"><strong data-start=\"3061\" data-end=\"3125\"><img decoding=\"async\" style=\"margin-right: 12px;\" src=\"https:\/\/www.quickdna.com\/wp-content\/uploads\/2026\/02\/Check.svg\" alt=\"\" width=\"18\" height=\"15\" \/>Zlep\u0161en\u00ed chovatelsk\u00fdch rozhodnut\u00ed a strategi\u00ed \u0159\u00edzen\u00ed zv\u00ed\u0159at.<\/strong> Znalost p\u0159esn\u00e9ho plemenn\u00e9ho slo\u017een\u00ed zv\u00ed\u0159ete podporuje zodpov\u011bdn\u00e9 chovatelsk\u00e9 programy, pom\u00e1h\u00e1 p\u0159edv\u00eddat vlastnosti chov\u00e1n\u00ed a m\u016f\u017ee poskytnout informace o fyzick\u00fdch vlastnostech. U hospod\u00e1\u0159sk\u00fdch zv\u00ed\u0159at, jako jsou kr\u00e1vy, kon\u011b, ku\u0159ata a pt\u00e1ci, m\u016f\u017ee ov\u011b\u0159en\u00ed plemene podpo\u0159it tak\u00e9 \u0159\u00edzen\u00ed st\u00e1da, pl\u00e1nov\u00e1n\u00ed u\u017eitkovosti a p\u0159esnost dokumentace.<\/p>\n<p data-start=\"3466\" data-end=\"3776\"><strong data-start=\"3466\" data-end=\"3519\"><img decoding=\"async\" style=\"margin-right: 12px;\" src=\"https:\/\/www.quickdna.com\/wp-content\/uploads\/2026\/02\/Check.svg\" alt=\"\" width=\"18\" height=\"15\" \/>N\u00e1kup bez rizika se z\u00e1rukou vr\u00e1cen\u00ed pen\u011bz.<\/strong> Za spolehlivost\u00ed a profesionalitou na\u0161eho testu DNA zv\u00ed\u0159ec\u00edch plemen si stoj\u00edme. Pokud nebudete s na\u0161imi slu\u017ebami spokojeni, nab\u00edz\u00edme z\u00e1ruku vr\u00e1cen\u00ed pen\u011bz. V\u00e1\u0161 n\u00e1kup je pln\u011b chr\u00e1n\u011bn, co\u017e v\u00e1m d\u00e1v\u00e1 naprostou jistotu p\u0159i v\u00fdb\u011bru na\u0161eho testovac\u00edho \u0159e\u0161en\u00ed.<\/p>\n<h2 data-section-id=\"1izj3ny\" data-start=\"3778\" data-end=\"3793\">Pokyny<\/h2>\n<ul data-start=\"3795\" data-end=\"5258\" data-is-only-node=\"\" data-is-last-node=\"\">\n<li data-section-id=\"1tba8gz\" data-start=\"3795\" data-end=\"3888\">\n<p data-start=\"3797\" data-end=\"3888\">P\u0159i objedn\u00e1vce vyberte druh zv\u00ed\u0159ete: pes, ko\u010dka, kr\u00e1va, k\u016f\u0148, pt\u00e1k nebo ku\u0159e.<\/p>\n<\/li>\n<li data-section-id=\"o49p4x\" data-start=\"3890\" data-end=\"4009\">\n<p data-start=\"3892\" data-end=\"4009\">Po obdr\u017een\u00ed soupravy s 24hodinovou dod\u00e1vkou si p\u0159ed odb\u011brem vzork\u016f pe\u010dliv\u011b p\u0159e\u010dt\u011bte v\u0161echny p\u0159ilo\u017een\u00e9 pokyny.<\/p>\n<\/li>\n<li data-section-id=\"1suktjl\" data-start=\"4011\" data-end=\"4247\">\n<p data-start=\"4013\" data-end=\"4247\">Pomoc\u00ed p\u0159ilo\u017een\u00fdch steriln\u00edch tampon\u016f jemn\u011b t\u0159ete vnit\u0159ek tlamy zv\u00ed\u0159ete po dobu 30 a\u017e 60 sekund, abyste z\u00edskali dostate\u010dn\u00e9 mno\u017estv\u00ed DNA.<\/p>\n<\/li>\n<li data-section-id=\"1mvxq8m\" data-start=\"4249\" data-end=\"4337\">\n<p data-start=\"4251\" data-end=\"4337\">P\u0159ed vlo\u017een\u00edm do ur\u010den\u00fdch ob\u00e1lek nechte tampony zcela vyschnout.<\/p>\n<\/li>\n<li data-section-id=\"wrop09\" data-start=\"4339\" data-end=\"4600\">\n<p data-start=\"4341\" data-end=\"4600\">Pro diskr\u00e9tn\u00ed odb\u011br vzork\u016f sb\u00edrejte vhodn\u00fd materi\u00e1l, jako jsou chlupy s viditeln\u00fdmi ko\u0159\u00ednky, pe\u0159\u00ed s neporu\u0161en\u00fdmi folikuly, od\u0159ezky neht\u016f nebo p\u0159edm\u011bty obsahuj\u00edc\u00ed DNA, kter\u00e9 zv\u00ed\u0159e v\u00fdhradn\u011b pou\u017e\u00edv\u00e1. Zajist\u011bte, aby vzorky byly \u010dist\u00e9 a nebyly kontaminov\u00e1ny jin\u00fdmi zv\u00ed\u0159aty.<\/p>\n<\/li>\n<li data-section-id=\"ru4eo6\" data-start=\"4602\" data-end=\"4702\">\n<p data-start=\"4604\" data-end=\"4702\">Ka\u017ed\u00fd vzorek vlo\u017ete do samostatn\u00e9, \u010dist\u00e9 n\u00e1doby nebo ob\u00e1lky, jak je uvedeno v n\u00e1vodu k pou\u017eit\u00ed soupravy.<\/p>\n<\/li>\n<li data-section-id=\"1yomlap\" data-start=\"4704\" data-end=\"4838\">\n<p data-start=\"4706\" data-end=\"4838\">P\u0159esn\u011b vypl\u0148te identifika\u010dn\u00ed formul\u00e1\u0159 a uve\u010fte druh zv\u00ed\u0159ete, jeho jm\u00e9no, st\u00e1\u0159\u00ed a p\u0159\u00edpadn\u00e9 informace o plemeni, pokud jsou zn\u00e1my.<\/p>\n<\/li>\n<li data-section-id=\"tq9c5p\" data-start=\"4840\" data-end=\"4973\">\n<p data-start=\"4842\" data-end=\"4973\">V\u0161echny vzorky bezpe\u010dn\u011b zabalte s pou\u017eit\u00edm dodan\u00fdch materi\u00e1l\u016f a vra\u0165te je do laborato\u0159e podle p\u0159epravn\u00edch pokyn\u016f.<\/p>\n<\/li>\n<li data-section-id=\"1az2ol7\" data-start=\"4975\" data-end=\"5059\">\n<p data-start=\"4977\" data-end=\"5059\">Jakmile laborato\u0159 obdr\u017e\u00ed vzorky, okam\u017eit\u011b zah\u00e1j\u00ed genetickou anal\u00fdzu.<\/p>\n<\/li>\n<li data-section-id=\"1akddh7\" data-start=\"5061\" data-end=\"5258\" data-is-last-node=\"\">\n<p data-start=\"5063\" data-end=\"5258\" data-is-last-node=\"\">V\u00fdsledky budou doru\u010deny do 72 hodin od p\u0159ijet\u00ed vzorku v laborato\u0159i prost\u0159ednictv\u00edm v\u00e1mi zvolen\u00e9ho zabezpe\u010den\u00e9ho zp\u016fsobu komunikace a poskytnou podrobn\u00fd rozpis slo\u017een\u00ed plemene va\u0161eho zv\u00ed\u0159ete.<\/p>\n<\/li>\n<\/ul>","protected":false},"excerpt":{"rendered":"<p>Identify your animal\u2019s true breed composition with advanced genetic precision. Our animal breed DNA test provides an in-depth genetic analysis to determine the breed composition of your dog, cat, cow, horse, bird, or chicken. Using high-resolution DNA markers and comprehensive breed reference databases, we accurately identify purebred lineage or mixed breed ancestry, giving you clear [&hellip;]<\/p>\n","protected":false},"featured_media":23010,"comment_status":"open","ping_status":"closed","template":"","meta":{"_uag_custom_page_level_css":"","site-sidebar-layout":"default","site-content-layout":"","ast-site-content-layout":"default","site-content-style":"default","site-sidebar-style":"default","ast-global-header-display":"","ast-banner-title-visibility":"","ast-main-header-display":"","ast-hfb-above-header-display":"","ast-hfb-below-header-display":"","ast-hfb-mobile-header-display":"","site-post-title":"","ast-breadcrumbs-content":"","ast-featured-img":"","footer-sml-layout":"","ast-disable-related-posts":"","theme-transparent-header-meta":"default","adv-header-id-meta":"","stick-header-meta":"","header-above-stick-meta":"","header-main-stick-meta":"","header-below-stick-meta":"","astra-migrate-meta-layouts":"set","ast-page-background-enabled":"default","ast-page-background-meta":{"desktop":{"background-color":"var(--ast-global-color-4)","background-image":"","background-repeat":"repeat","background-position":"center center","background-size":"auto","background-attachment":"scroll","background-type":"","background-media":"","overlay-type":"","overlay-color":"","overlay-opacity":"","overlay-gradient":""},"tablet":{"background-color":"","background-image":"","background-repeat":"repeat","background-position":"center center","background-size":"auto","background-attachment":"scroll","background-type":"","background-media":"","overlay-type":"","overlay-color":"","overlay-opacity":"","overlay-gradient":""},"mobile":{"background-color":"","background-image":"","background-repeat":"repeat","background-position":"center center","background-size":"auto","background-attachment":"scroll","background-type":"","background-media":"","overlay-type":"","overlay-color":"","overlay-opacity":"","overlay-gradient":""}},"ast-content-background-meta":{"desktop":{"background-color":"var(--ast-global-color-5)","background-image":"","background-repeat":"repeat","background-position":"center center","background-size":"auto","background-attachment":"scroll","background-type":"","background-media":"","overlay-type":"","overlay-color":"","overlay-opacity":"","overlay-gradient":""},"tablet":{"background-color":"var(--ast-global-color-5)","background-image":"","background-repeat":"repeat","background-position":"center center","background-size":"auto","background-attachment":"scroll","background-type":"","background-media":"","overlay-type":"","overlay-color":"","overlay-opacity":"","overlay-gradient":""},"mobile":{"background-color":"var(--ast-global-color-5)","background-image":"","background-repeat":"repeat","background-position":"center center","background-size":"auto","background-attachment":"scroll","background-type":"","background-media":"","overlay-type":"","overlay-color":"","overlay-opacity":"","overlay-gradient":""}}},"product_brand":[],"product_cat":[15],"product_tag":[],"class_list":{"0":"post-22992","1":"product","2":"type-product","3":"status-publish","4":"has-post-thumbnail","6":"product_cat-shop","7":"desktop-align-left","8":"tablet-align-left","9":"mobile-align-left","11":"first","12":"instock","13":"taxable","14":"shipping-taxable","15":"purchasable","16":"product-type-variable"},"spectra_custom_meta":{"_visibility":["visible"],"_shopify_product_id":["7437956514024"],"_s2w_shopify_domain":["quickdna.myshopify.com"],"_shopify_variant_id":["42550065889512"],"_manage_stock":["no"],"total_sales":["204"],"_tax_status":["taxable"],"_tax_class":[""],"_backorders":["no"],"_sold_individually":["no"],"_virtual":["no"],"_downloadable":["no"],"_download_limit":["-1"],"_download_expiry":["-1"],"_stock":[null],"_stock_status":["instock"],"_wc_average_rating":["4.88"],"_wc_review_count":["113"],"_product_attributes":["a:1:{s:12:\"animal-specy\";a:6:{s:4:\"name\";s:12:\"Animal specy\";s:5:\"value\";s:40:\"Dog | Cat | Cow | Horse | Bird | Chicken\";s:8:\"position\";i:1;s:10:\"is_visible\";i:0;s:12:\"is_variation\";i:1;s:11:\"is_taxonomy\";i:0;}}"],"_product_version":["10.5.2"],"_thumbnail_id":["23010"],"_edit_last":["1"],"_wp_page_template":["default"],"_edit_lock":["1771524999:1"],"merchant-center-availability":["yes"],"merchant-center-category":["505293"],"merchant-center-id":["ANI"],"site-sidebar-layout":["default"],"ast-site-content-layout":["default"],"site-content-style":["default"],"site-sidebar-style":["default"],"theme-transparent-header-meta":["default"],"_wc_rating_count":["a:3:{i:3;i:2;i:4;i:10;i:5;i:101;}"],"_price":["99.90"],"astra-migrate-meta-layouts":["set"],"_uag_css_file_name":["uag-css-22992.css"],"_elementor_page_assets":["a:0:{}"],"_uag_page_assets":["a:9:{s:3:\"css\";s:6873:\".wp-block-uagb-image{display:flex}.wp-block-uagb-image__figure{position:relative;display:flex;flex-direction:column;max-width:100%;height:auto;margin:0}.wp-block-uagb-image__figure img{height:auto;display:flex;max-width:100%;transition:box-shadow .2s ease}.wp-block-uagb-image__figure>a{display:inline-block}.wp-block-uagb-image__figure figcaption{text-align:center;margin-top:.5em;margin-bottom:1em}.wp-block-uagb-image .components-placeholder.block-editor-media-placeholder .components-placeholder__instructions{align-self:center}.wp-block-uagb-image--align-left{text-align:left}.wp-block-uagb-image--align-right{text-align:right}.wp-block-uagb-image--align-center{text-align:center}.wp-block-uagb-image--align-full .wp-block-uagb-image__figure{margin-left:calc(50% - 50vw);margin-right:calc(50% - 50vw);max-width:100vw;width:100vw;height:auto}.wp-block-uagb-image--align-full .wp-block-uagb-image__figure img{height:auto;width:100% !important}.wp-block-uagb-image--align-wide .wp-block-uagb-image__figure img{height:auto;width:100%}.wp-block-uagb-image--layout-overlay__color-wrapper{position:absolute;left:0;top:0;right:0;bottom:0;opacity:.2;background:rgba(0,0,0,.5);transition:opacity .35s ease-in-out}.wp-block-uagb-image--layout-overlay-link{position:absolute;left:0;right:0;bottom:0;top:0}.wp-block-uagb-image--layout-overlay .wp-block-uagb-image__figure:hover .wp-block-uagb-image--layout-overlay__color-wrapper{opacity:1}.wp-block-uagb-image--layout-overlay__inner{position:absolute;left:15px;right:15px;bottom:15px;top:15px;display:flex;align-items:center;justify-content:center;flex-direction:column;border-color:#fff;transition:.35s ease-in-out}.wp-block-uagb-image--layout-overlay__inner.top-left,.wp-block-uagb-image--layout-overlay__inner.top-center,.wp-block-uagb-image--layout-overlay__inner.top-right{justify-content:flex-start}.wp-block-uagb-image--layout-overlay__inner.bottom-left,.wp-block-uagb-image--layout-overlay__inner.bottom-center,.wp-block-uagb-image--layout-overlay__inner.bottom-right{justify-content:flex-end}.wp-block-uagb-image--layout-overlay__inner.top-left,.wp-block-uagb-image--layout-overlay__inner.center-left,.wp-block-uagb-image--layout-overlay__inner.bottom-left{align-items:flex-start}.wp-block-uagb-image--layout-overlay__inner.top-right,.wp-block-uagb-image--layout-overlay__inner.center-right,.wp-block-uagb-image--layout-overlay__inner.bottom-right{align-items:flex-end}.wp-block-uagb-image--layout-overlay__inner .uagb-image-heading{color:#fff;transition:transform .35s,opacity .35s ease-in-out;transform:translate3d(0, 24px, 0);margin:0;line-height:1em}.wp-block-uagb-image--layout-overlay__inner .uagb-image-separator{width:30%;border-top-width:2px;border-top-color:#fff;border-top-style:solid;margin-bottom:10px;opacity:0;transition:transform .4s,opacity .4s ease-in-out;transform:translate3d(0, 30px, 0)}.wp-block-uagb-image--layout-overlay__inner .uagb-image-caption{opacity:0;overflow:visible;color:#fff;transition:transform .45s,opacity .45s ease-in-out;transform:translate3d(0, 35px, 0)}.wp-block-uagb-image--layout-overlay__inner:hover .uagb-image-heading,.wp-block-uagb-image--layout-overlay__inner:hover .uagb-image-separator,.wp-block-uagb-image--layout-overlay__inner:hover .uagb-image-caption{opacity:1;transform:translate3d(0, 0, 0)}.wp-block-uagb-image--effect-zoomin .wp-block-uagb-image__figure img,.wp-block-uagb-image--effect-zoomin .wp-block-uagb-image__figure .wp-block-uagb-image--layout-overlay__color-wrapper{transform:scale(1);transition:transform .35s ease-in-out}.wp-block-uagb-image--effect-zoomin .wp-block-uagb-image__figure:hover img,.wp-block-uagb-image--effect-zoomin .wp-block-uagb-image__figure:hover .wp-block-uagb-image--layout-overlay__color-wrapper{transform:scale(1.05)}.wp-block-uagb-image--effect-slide .wp-block-uagb-image__figure img,.wp-block-uagb-image--effect-slide .wp-block-uagb-image__figure .wp-block-uagb-image--layout-overlay__color-wrapper{width:calc(100% + 40px) !important;max-width:none !important;transform:translate3d(-40px, 0, 0);transition:transform .35s ease-in-out}.wp-block-uagb-image--effect-slide .wp-block-uagb-image__figure:hover img,.wp-block-uagb-image--effect-slide .wp-block-uagb-image__figure:hover .wp-block-uagb-image--layout-overlay__color-wrapper{transform:translate3d(0, 0, 0)}.wp-block-uagb-image--effect-grayscale img{filter:grayscale(0%);transition:.35s ease-in-out}.wp-block-uagb-image--effect-grayscale:hover img{filter:grayscale(100%)}.wp-block-uagb-image--effect-blur img{filter:blur(0);transition:.35s ease-in-out}.wp-block-uagb-image--effect-blur:hover img{filter:blur(3px)}.uagb-block-e6f939b3.wp-block-uagb-image--layout-default figure img{box-shadow: 0px 0px 0 #00000070;}.uagb-block-e6f939b3.wp-block-uagb-image .wp-block-uagb-image__figure figcaption{font-style: normal;align-self: center;}.uagb-block-e6f939b3.wp-block-uagb-image--layout-overlay figure img{box-shadow: 0px 0px 0 #00000070;}.uagb-block-e6f939b3.wp-block-uagb-image--layout-overlay .wp-block-uagb-image--layout-overlay__color-wrapper{opacity: 0.2;}.uagb-block-e6f939b3.wp-block-uagb-image--layout-overlay .wp-block-uagb-image--layout-overlay__inner{left: 15px;right: 15px;top: 15px;bottom: 15px;}.uagb-block-e6f939b3.wp-block-uagb-image--layout-overlay .wp-block-uagb-image--layout-overlay__inner .uagb-image-heading{font-style: normal;color: #fff;opacity: 1;}.uagb-block-e6f939b3.wp-block-uagb-image--layout-overlay .wp-block-uagb-image--layout-overlay__inner .uagb-image-heading a{color: #fff;}.uagb-block-e6f939b3.wp-block-uagb-image--layout-overlay .wp-block-uagb-image--layout-overlay__inner .uagb-image-caption{opacity: 0;}.uagb-block-e6f939b3.wp-block-uagb-image--layout-overlay .wp-block-uagb-image__figure:hover .wp-block-uagb-image--layout-overlay__color-wrapper{opacity: 1;}.uagb-block-e6f939b3.wp-block-uagb-image .wp-block-uagb-image--layout-overlay__inner .uagb-image-separator{width: 30%;border-top-width: 2px;border-top-color: #fff;opacity: 0;}.uagb-block-e6f939b3.wp-block-uagb-image .wp-block-uagb-image__figure img{width: px;height: auto;}.uagb-block-e6f939b3.wp-block-uagb-image .wp-block-uagb-image__figure:hover .wp-block-uagb-image--layout-overlay__inner .uagb-image-caption{opacity: 1;}.uagb-block-e6f939b3.wp-block-uagb-image .wp-block-uagb-image__figure:hover .wp-block-uagb-image--layout-overlay__inner .uagb-image-separator{opacity: 1;}.uagb-block-e6f939b3.wp-block-uagb-image--layout-default figure:hover img{box-shadow: 0px 0px 0 #00000070;}.uagb-block-e6f939b3.wp-block-uagb-image--layout-overlay figure:hover img{box-shadow: 0px 0px 0 #00000070;}@media only screen and (max-width: 976px) {.uagb-block-e6f939b3.wp-block-uagb-image .wp-block-uagb-image__figure img{width: px;height: auto;}}@media only screen and (max-width: 767px) {.uagb-block-e6f939b3.wp-block-uagb-image .wp-block-uagb-image__figure img{width: px;height: auto;}}\";s:2:\"js\";s:0:\"\";s:18:\"current_block_list\";a:13:{i:0;s:11:\"core\/search\";i:1;s:10:\"core\/group\";i:2;s:12:\"core\/heading\";i:3;s:17:\"core\/latest-posts\";i:4;s:20:\"core\/latest-comments\";i:5;s:13:\"core\/archives\";i:6;s:15:\"core\/categories\";i:7;s:14:\"core\/paragraph\";i:8;s:10:\"uagb\/image\";i:9;s:11:\"core\/spacer\";i:10;s:30:\"woocommerce\/product-categories\";i:11;s:10:\"core\/image\";i:12;s:14:\"core\/shortcode\";}s:8:\"uag_flag\";b:1;s:11:\"uag_version\";s:10:\"1777398756\";s:6:\"gfonts\";a:0:{}s:10:\"gfonts_url\";s:0:\"\";s:12:\"gfonts_files\";a:0:{}s:14:\"uag_faq_layout\";b:0;}"]},"uagb_featured_image_src":{"full":["https:\/\/www.quickdna.com\/wp-content\/uploads\/2025\/06\/box_png_6.png",1000,1000,false],"thumbnail":["https:\/\/www.quickdna.com\/wp-content\/uploads\/2025\/06\/box_png_6-150x150.png",150,150,true],"medium":["https:\/\/www.quickdna.com\/wp-content\/uploads\/2025\/06\/box_png_6-300x300.png",300,300,true],"medium_large":["https:\/\/www.quickdna.com\/wp-content\/uploads\/2025\/06\/box_png_6-768x768.png",768,768,true],"large":["https:\/\/www.quickdna.com\/wp-content\/uploads\/2025\/06\/box_png_6.png",1000,1000,false],"1536x1536":["https:\/\/www.quickdna.com\/wp-content\/uploads\/2025\/06\/box_png_6.png",1000,1000,false],"2048x2048":["https:\/\/www.quickdna.com\/wp-content\/uploads\/2025\/06\/box_png_6.png",1000,1000,false],"trp-custom-language-flag":["https:\/\/www.quickdna.com\/wp-content\/uploads\/2025\/06\/box_png_6-12x12.png",12,12,true],"woocommerce_thumbnail":["https:\/\/www.quickdna.com\/wp-content\/uploads\/2025\/06\/box_png_6-300x300.png",300,300,true],"woocommerce_single":["https:\/\/www.quickdna.com\/wp-content\/uploads\/2025\/06\/box_png_6-600x600.png",600,600,true],"woocommerce_gallery_thumbnail":["https:\/\/www.quickdna.com\/wp-content\/uploads\/2025\/06\/box_png_6-100x100.png",100,100,true]},"uagb_author_info":{"display_name":"admin","author_link":"https:\/\/www.quickdna.com\/cz\/author\/"},"uagb_comment_info":113,"uagb_excerpt":"Identify your animal\u2019s true breed composition with advanced genetic precision. Our animal breed DNA test provides an in-depth genetic analysis to determine the breed composition of your dog, cat, cow, horse, bird, or chicken. Using high-resolution DNA markers and comprehensive breed reference databases, we accurately identify purebred lineage or mixed breed ancestry, giving you clear&hellip;","_links":{"self":[{"href":"https:\/\/www.quickdna.com\/cz\/wp-json\/wp\/v2\/product\/22992","targetHints":{"allow":["GET"]}}],"collection":[{"href":"https:\/\/www.quickdna.com\/cz\/wp-json\/wp\/v2\/product"}],"about":[{"href":"https:\/\/www.quickdna.com\/cz\/wp-json\/wp\/v2\/types\/product"}],"replies":[{"embeddable":true,"href":"https:\/\/www.quickdna.com\/cz\/wp-json\/wp\/v2\/comments?post=22992"}],"version-history":[{"count":4,"href":"https:\/\/www.quickdna.com\/cz\/wp-json\/wp\/v2\/product\/22992\/revisions"}],"predecessor-version":[{"id":30178,"href":"https:\/\/www.quickdna.com\/cz\/wp-json\/wp\/v2\/product\/22992\/revisions\/30178"}],"wp:featuredmedia":[{"embeddable":true,"href":"https:\/\/www.quickdna.com\/cz\/wp-json\/wp\/v2\/media\/23010"}],"wp:attachment":[{"href":"https:\/\/www.quickdna.com\/cz\/wp-json\/wp\/v2\/media?parent=22992"}],"wp:term":[{"taxonomy":"product_brand","embeddable":true,"href":"https:\/\/www.quickdna.com\/cz\/wp-json\/wp\/v2\/product_brand?post=22992"},{"taxonomy":"product_cat","embeddable":true,"href":"https:\/\/www.quickdna.com\/cz\/wp-json\/wp\/v2\/product_cat?post=22992"},{"taxonomy":"product_tag","embeddable":true,"href":"https:\/\/www.quickdna.com\/cz\/wp-json\/wp\/v2\/product_tag?post=22992"}],"curies":[{"name":"wp","href":"https:\/\/api.w.org\/{rel}","templated":true}]}}